{"id":113,"date":"2024-11-13T13:27:06","date_gmt":"2024-11-13T12:27:06","guid":{"rendered":"https:\/\/laolladechile.com\/farmacia\/?post_type=product&#038;p=113"},"modified":"2024-11-13T13:27:06","modified_gmt":"2024-11-13T12:27:06","slug":"normaten","status":"publish","type":"product","link":"http:\/\/laolladechile.com\/farmacia\/normaten","title":{"rendered":"Normaten"},"content":{"rendered":"<h2><b>\u00bfPara qu\u00e9 sirven las c\u00e1psulas Normaten Chile?<\/b><\/h2>\n<p><img loading=\"lazy\" decoding=\"async\" class=\"aligncenter size-full wp-image-119\" src=\"http:\/\/laolladechile.com\/farmacia\/wp-content\/uploads\/2024\/11\/Normaten-5.jpg\" alt=\"Normaten donde lo venden\" width=\"500\" height=\"360\" srcset=\"https:\/\/laolladechile.com\/farmacia\/wp-content\/uploads\/2024\/11\/Normaten-5.jpg 500w, https:\/\/laolladechile.com\/farmacia\/wp-content\/uploads\/2024\/11\/Normaten-5-300x216.jpg 300w\" sizes=\"(max-width: 500px) 100vw, 500px\" \/><\/p>\n<p><span style=\"font-weight: 400;\">En insuficiencia card\u00edaca aguda, hipertensi\u00f3n, angina de pecho, los m\u00e9dicos a menudo prescriben Normaten Chile para la hipertensi\u00f3n. La droga en forma de tabletas se remonta a finales del siglo pasado, pero no ha perdido su relevancia en la actualidad. Funciona mucho m\u00e1s eficientemente que muchos an\u00e1logos.<\/span><\/p>\n<p><span style=\"font-weight: 400;\">Los expertos a menudo lo llaman una droga que prolonga la vida, retrasa la vejez. Hace frente a los efectos del estr\u00e9s, restaura y protege los ri\u00f1ones y el h\u00edgado, previene enfermedades de la vejez como la aterosclerosis, osteoporosis, reumatismo, enfermedades del coraz\u00f3n y enfermedades del cerebro.<\/span><\/p>\n<p><span style=\"font-weight: 400;\">El medicamento Normaten Chile tiene un n\u00famero de registro en el registro, ha pasado muchas pruebas en pacientes y ha demostrado su eficacia en el transcurso de muchos a\u00f1os de uso.<\/span><\/p>\n<p><span style=\"font-weight: 400;\">Las tabletas Normaten para que sirve son bloqueadores alfa y beta. El principio activo principal es carvedilol. Cada comprimido puede contener 12,5 o 25 mg.<\/span><\/p>\n<p><span style=\"font-weight: 400;\">Producido en muchos pa\u00edses.<\/span><\/p>\n<p><span style=\"font-weight: 400;\">Se aplica a:<\/span><\/p>\n<ul>\n<li style=\"font-weight: 400;\" aria-level=\"1\"><span style=\"font-weight: 400;\">hipertensi\u00f3n;<\/span><\/li>\n<li style=\"font-weight: 400;\" aria-level=\"1\"><span style=\"font-weight: 400;\">angina de pecho;<\/span><\/li>\n<li style=\"font-weight: 400;\" aria-level=\"1\"><span style=\"font-weight: 400;\">insuficiencia card\u00edaca cr\u00f3nica.<\/span><\/li>\n<\/ul>\n<p><span style=\"font-weight: 400;\">La concentraci\u00f3n m\u00e1xima en la sangre alcanza despu\u00e9s de 1 hora de uso. Se excreta naturalmente, con orina y bilis.<\/span><\/p>\n<h2><b>Problema de alta presion<\/b><\/h2>\n<p><span style=\"font-weight: 400;\">Un aumento de la presi\u00f3n arterial en una persona sana es una reacci\u00f3n natural al estr\u00e9s y al ejercicio. Se dice que la presencia de un problema es, si ya con tres medidas de control, la presi\u00f3n arterial supera 140\/90. Entonces el diagn\u00f3stico es probable: hipertensi\u00f3n.<\/span><\/p>\n<p><span style=\"font-weight: 400;\">Para la mayor\u00eda de las personas, la enfermedad no causa s\u00edntomas, de ah\u00ed su segundo nombre: el asesino silencioso o invisible. Los primeros s\u00edntomas aparecen cuando el cuerpo deja de soportar tal carga por s\u00ed solo y se producen cambios cr\u00edticos en los vasos. Los primeros signos son:<\/span><\/p>\n<ul>\n<li style=\"font-weight: 400;\" aria-level=\"1\"><span style=\"font-weight: 400;\">Aumento de la ansiedad.<\/span><\/li>\n<li style=\"font-weight: 400;\" aria-level=\"1\"><span style=\"font-weight: 400;\">Cardiopalmo.<\/span><\/li>\n<li style=\"font-weight: 400;\" aria-level=\"1\"><span style=\"font-weight: 400;\">Enrojecimiento de la cara.<\/span><\/li>\n<li style=\"font-weight: 400;\" aria-level=\"1\"><span style=\"font-weight: 400;\">Dificultad para respirar y mareos.<\/span><\/li>\n<li style=\"font-weight: 400;\" aria-level=\"1\"><span style=\"font-weight: 400;\">Dolor de cabeza y sensaci\u00f3n de presi\u00f3n en las sienes.<\/span><\/li>\n<li style=\"font-weight: 400;\" aria-level=\"1\"><span style=\"font-weight: 400;\">Dolor en el pecho en la regi\u00f3n del coraz\u00f3n.<\/span><\/li>\n<li style=\"font-weight: 400;\" aria-level=\"1\"><span style=\"font-weight: 400;\">Disminuci\u00f3n de la agudeza visual.<\/span><\/li>\n<\/ul>\n<p><span style=\"font-weight: 400;\">La fatiga, similar a la aparici\u00f3n de un resfriado, tambi\u00e9n es un s\u00edntoma caracter\u00edstico. Acompa\u00f1ado de enrojecimiento de los ojos, somnolencia e irritabilidad. Si la presi\u00f3n al mismo tiempo se acerca a la marca extrema, esta es una ocasi\u00f3n para consultar a un m\u00e9dico.<\/span><\/p>\n<p><span style=\"font-weight: 400;\">La presi\u00f3n arterial alta se divide en dos categor\u00edas: hipertensi\u00f3n primaria (esencial) y sintom\u00e1tica. El primero es un proceso cr\u00f3nico, que se caracteriza por una presi\u00f3n arterial alta constante. El segundo es un s\u00edntoma de otras enfermedades del cuerpo humano.<\/span><\/p>\n<h2><b>Beneficios de las c\u00e1psulas para la hipertensi\u00f3n Normaten<\/b><\/h2>\n<p><img loading=\"lazy\" decoding=\"async\" class=\"aligncenter size-full wp-image-118\" src=\"http:\/\/laolladechile.com\/farmacia\/wp-content\/uploads\/2024\/11\/Normaten-4.jpg\" alt=\"Normaten precio\" width=\"500\" height=\"246\" srcset=\"https:\/\/laolladechile.com\/farmacia\/wp-content\/uploads\/2024\/11\/Normaten-4.jpg 500w, https:\/\/laolladechile.com\/farmacia\/wp-content\/uploads\/2024\/11\/Normaten-4-300x148.jpg 300w\" sizes=\"(max-width: 500px) 100vw, 500px\" \/><\/p>\n<p><span style=\"font-weight: 400;\">Las tabletas Normaten resultados reales no solo estabilizan y apoyan el trabajo del sistema cardiovascular, sino que tambi\u00e9n mejoran la memoria, la atenci\u00f3n, la concentraci\u00f3n y previenen patolog\u00edas del sistema musculoesquel\u00e9tico. Casi sin contraindicaciones y efectos secundarios, el resultado es excelente, especialmente en violaci\u00f3n del ritmo card\u00edaco.<\/span><\/p>\n<p><span style=\"font-weight: 400;\">Diferencias Normaten precio farmacia del ahorro de an\u00e1logos y ventajas:<\/span><\/p>\n<ul>\n<li style=\"font-weight: 400;\" aria-level=\"1\"><span style=\"font-weight: 400;\">vida \u00fatil 3 a\u00f1os;<\/span><\/li>\n<li style=\"font-weight: 400;\" aria-level=\"1\"><span style=\"font-weight: 400;\">producido en diferentes pa\u00edses del mundo, hay una opci\u00f3n;<\/span><\/li>\n<li style=\"font-weight: 400;\" aria-level=\"1\"><span style=\"font-weight: 400;\">bien tolerado por el cuerpo;<\/span><\/li>\n<li style=\"font-weight: 400;\" aria-level=\"1\"><span style=\"font-weight: 400;\">los efectos secundarios son extremadamente raros;<\/span><\/li>\n<li style=\"font-weight: 400;\" aria-level=\"1\"><span style=\"font-weight: 400;\">apto para cualquier edad, especialmente eficaz en la vejez;<\/span><\/li>\n<li style=\"font-weight: 400;\" aria-level=\"1\"><span style=\"font-weight: 400;\">caracterizado por un efecto complejo en el cuerpo.<\/span><\/li>\n<\/ul>\n<h2><b>Pros y contras de las c\u00e1psulas Normaten precio en Chile<\/b><\/h2>\n<p><span style=\"font-weight: 400;\">Durante d\u00e9cadas, el f\u00e1rmaco walmart Normaten precio farmacia similares ha demostrado ser, en muchos casos, incluso m\u00e1s efectivo que muchos an\u00e1logos modernos, especialmente en la lucha contra la insuficiencia card\u00edaca aguda. Pero debe tomarse en combinaci\u00f3n con otras drogas para lograr el efecto deseado. Desafortunadamente, a\u00fan no se ha establecido el lanzamiento de tabletas que tendr\u00edan las propiedades de varios medicamentos al mismo tiempo.<\/span><\/p>\n<h2><b>C\u00f3mo funcionan las c\u00e1psulas para la hipertensi\u00f3n Normaten es bueno o malo<\/b><\/h2>\n<p><img loading=\"lazy\" decoding=\"async\" class=\"aligncenter size-full wp-image-117\" src=\"http:\/\/laolladechile.com\/farmacia\/wp-content\/uploads\/2024\/11\/Normaten-3.jpg\" alt=\"Normaten precio farmacia similares\" width=\"500\" height=\"347\" srcset=\"https:\/\/laolladechile.com\/farmacia\/wp-content\/uploads\/2024\/11\/Normaten-3.jpg 500w, https:\/\/laolladechile.com\/farmacia\/wp-content\/uploads\/2024\/11\/Normaten-3-300x208.jpg 300w\" sizes=\"(max-width: 500px) 100vw, 500px\" \/><\/p>\n<p><span style=\"font-weight: 400;\">Normaten efectos secundarios las principales acciones son:<\/span><\/p>\n<ul>\n<li style=\"font-weight: 400;\" aria-level=\"1\"><span style=\"font-weight: 400;\">bajar la presi\u00f3n arterial a los indicadores de edad normales, su estabilizaci\u00f3n;<\/span><\/li>\n<li style=\"font-weight: 400;\" aria-level=\"1\"><span style=\"font-weight: 400;\">alivio de los ataques de angina: ocurren con menos frecuencia, con menos intensidad;<\/span><\/li>\n<li style=\"font-weight: 400;\" aria-level=\"1\"><span style=\"font-weight: 400;\">expansi\u00f3n de los vasos sangu\u00edneos, aumento del flujo sangu\u00edneo;<\/span><\/li>\n<li style=\"font-weight: 400;\" aria-level=\"1\"><span style=\"font-weight: 400;\">reduciendo la acci\u00f3n de los radicales libres de ox\u00edgeno, as\u00ed como acciones antioxidantes y depurativas;<\/span><\/li>\n<li style=\"font-weight: 400;\" aria-level=\"1\"><span style=\"font-weight: 400;\">disminuci\u00f3n de la frecuencia card\u00edaca;<\/span><\/li>\n<li style=\"font-weight: 400;\" aria-level=\"1\"><span style=\"font-weight: 400;\">prevenci\u00f3n del deterioro de la funci\u00f3n renal.<\/span><\/li>\n<\/ul>\n<p><span style=\"font-weight: 400;\">Adem\u00e1s, el medicamento Normaten como se usa el\u00a0 no elimina los microelementos \u00fatiles del cuerpo: potasio, magnesio, sodio y reduce la sensibilidad del cuerpo a la producci\u00f3n de adrenalina, lo que protege contra el estr\u00e9s y evita que el cuerpo envejezca.<\/span><\/p>\n<h2><b>C\u00f3mo usar las c\u00e1psulas Normaten como se aplica<\/b><\/h2>\n<p><span style=\"font-weight: 400;\">De acuerdo con las instrucciones de uso, las tabletas Normaten funciona deben tomarse con las comidas. Beba agua corriente. Hay muchos esquemas que dependen de la patolog\u00eda, el bienestar del paciente, sus indicadores f\u00edsicos individuales. El tratamiento es prescrito estrictamente por el m\u00e9dico tratante. Hay contraindicaciones y efectos secundarios.<\/span><\/p>\n<h2><b>Composici\u00f3n y principales componentes de las c\u00e1psulas para la hipertensi\u00f3n Normaten<\/b><\/h2>\n<p><img loading=\"lazy\" decoding=\"async\" class=\"aligncenter size-full wp-image-116\" src=\"http:\/\/laolladechile.com\/farmacia\/wp-content\/uploads\/2024\/11\/Normaten-2.jpg\" alt=\"Normaten precio farmacia del ahorro\" width=\"500\" height=\"335\" srcset=\"https:\/\/laolladechile.com\/farmacia\/wp-content\/uploads\/2024\/11\/Normaten-2.jpg 500w, https:\/\/laolladechile.com\/farmacia\/wp-content\/uploads\/2024\/11\/Normaten-2-300x201.jpg 300w\" sizes=\"(max-width: 500px) 100vw, 500px\" \/><\/p>\n<p><span style=\"font-weight: 400;\">El principal ingrediente activo de Normaten confiable, que tiene un efecto vasodilatador, es el adrenobloqueante carvedilol. Auxiliar en la composici\u00f3n:<\/span><\/p>\n<ul>\n<li><b>celulosa;<\/b><\/li>\n<li><b>lactosa;<\/b><\/li>\n<li><b>maicena;<\/b><\/li>\n<li><b>talco;<\/b><\/li>\n<li><b>estearato de magnesio;<\/b><\/li>\n<li><b>s\u00edlice.<\/b><\/li>\n<\/ul>\n<p><span style=\"font-weight: 400;\">Se permite el almacenamiento a una temperatura que no exceda los 20 grados en lugares protegidos de la luz e inaccesibles para los ni\u00f1os.<\/span><\/p>\n<h2><b>Opiniones de clientes de c\u00e1psulas Normaten &#8211; medicamento opiniones<\/b><\/h2>\n<p>&nbsp;<\/p>\n<blockquote><p><b>Marcela<\/b><\/p>\n<p><span style=\"font-weight: 400;\">Con miocarditis ayud\u00f3 r\u00e1pidamente. d reducida presi\u00f3n y pulso, elimin\u00f3 el dolor de cabeza y muscular.<\/span><\/p><\/blockquote>\n<p>&nbsp;<\/p>\n<blockquote><p><b>Leonardo<\/b><\/p>\n<p><span style=\"font-weight: 400;\">Definitivamente, los beneficios de Normaten farmacia del ahorro son mucho mayores que los efectos secundarios. No hay somnolencia, y esto es muy importante.<\/span><\/p><\/blockquote>\n<p>&nbsp;<\/p>\n<blockquote><p><b>Diogo<\/b><\/p>\n<p><span style=\"font-weight: 400;\">Tom\u00f3 Normaten donde lo puedo conseguir durante 2 meses. Normaliz\u00f3 no solo la presi\u00f3n, sino tambi\u00e9n la potencia.<\/span><\/p><\/blockquote>\n<p>&nbsp;<\/p>\n<blockquote><p><b>Meylin<\/b><\/p>\n<p><span style=\"font-weight: 400;\">He estado tomando tabletas Normaten farmacias durante mucho tiempo, estoy muy satisfecho con el resultado. Reducen la presi\u00f3n y ayudan a mantenerla durante mucho tiempo.<\/span><\/p><\/blockquote>\n<h2><b>\u00bfD\u00f3nde comprar c\u00e1psulas Normaten donde lo venden?<\/b><\/h2>\n<p><img loading=\"lazy\" decoding=\"async\" class=\"aligncenter size-full wp-image-115\" src=\"http:\/\/laolladechile.com\/farmacia\/wp-content\/uploads\/2024\/11\/Normaten-1.jpg\" alt=\"Normaten donde comprar\" width=\"342\" height=\"512\" srcset=\"https:\/\/laolladechile.com\/farmacia\/wp-content\/uploads\/2024\/11\/Normaten-1.jpg 342w, https:\/\/laolladechile.com\/farmacia\/wp-content\/uploads\/2024\/11\/Normaten-1-200x300.jpg 200w\" sizes=\"(max-width: 342px) 100vw, 342px\" \/><\/p>\n<p><span style=\"font-weight: 400;\">Todav\u00eda no es posible comprar un medicamento certificado para la hipertensi\u00f3n Normaten donde lo venden en una farmacia. Esto se debe a los largos procedimientos para la admisi\u00f3n de medicamentos a la producci\u00f3n y venta en masa. Sin embargo, los pacientes hipertensos no necesitan esperar hasta que finalice el per\u00edodo de aprobaci\u00f3n. Para comprar el Normaten precio original, debe realizar un pedido en el sitio web oficial del fabricante. En este caso, recibir\u00e1 el medicamento directamente de los fabricantes y estar\u00e1 100% seguro de la autenticidad del medicamento y su calidad.<\/span><\/p>\n<p><span style=\"font-weight: 400;\">Para pedir Normaten precio al fabricante, se deben cumplir los siguientes requisitos:<\/span><\/p>\n<ul>\n<li style=\"font-weight: 400;\" aria-level=\"1\"><span style=\"font-weight: 400;\">siga el enlace al portal de la empresa;<\/span><\/li>\n<li style=\"font-weight: 400;\" aria-level=\"1\"><span style=\"font-weight: 400;\">llenar una solicitud con la informaci\u00f3n requerida;<\/span><\/li>\n<li style=\"font-weight: 400;\" aria-level=\"1\"><span style=\"font-weight: 400;\">espere una llamada del operador y acuerde los t\u00e9rminos de entrega del producto.<\/span><\/li>\n<\/ul>\n<p><span style=\"font-weight: 400;\">La ventaja de un pedido directo es un precio favorable para Normaten donde comprar de hipertensi\u00f3n sin pago por adelantado.<\/span><\/p>\n","protected":false},"excerpt":{"rendered":"<div class=\"flex max-w-full flex-col flex-grow\">\n<div class=\"min-h-8 text-message flex w-full flex-col items-end gap-2 whitespace-normal break-words [.text-message+&amp;]:mt-5\" dir=\"auto\" data-message-author-role=\"assistant\" data-message-id=\"fdf80b9a-1f28-4146-bdf5-730af36d2aaf\" data-message-model-slug=\"gpt-4o-mini\">\n<div class=\"flex w-full flex-col gap-1 empty:hidden first:pt-[3px]\">\n<div class=\"markdown prose w-full break-words dark:prose-invert light\">\n<p>Las c\u00e1psulas Normaten est\u00e1n indicadas para tratar la hipertensi\u00f3n, angina de pecho e insuficiencia card\u00edaca cr\u00f3nica. Su f\u00f3rmula, con carvedilol como ingrediente activo, ayuda a mejorar la funci\u00f3n card\u00edaca, protege los ri\u00f1ones y el h\u00edgado, y previene enfermedades relacionadas con la edad.<\/p>\n<\/div>\n<\/div>\n<\/div>\n<\/div>\n<div class=\"mb-2 flex gap-3 empty:hidden -ml-2\">\n<div class=\"items-center justify-start rounded-xl p-1 flex\">\n<div class=\"flex items-center\">\n<div class=\"flex\"><\/div>\n<div class=\"flex items-center pb-0\"><\/div>\n<\/div>\n<\/div>\n<\/div>\n","protected":false},"featured_media":114,"comment_status":"open","ping_status":"closed","template":"","meta":[],"product_cat":[15],"product_tag":[],"yoast_head":"<!-- This site is optimized with the Yoast SEO plugin v23.8 - https:\/\/yoast.com\/wordpress\/plugins\/seo\/ -->\n<title>Normaten comprar c\u00e1psulas para la hipertensi\u00f3n en La Olla de Chile<\/title>\n<meta name=\"robots\" content=\"index, follow, max-snippet:-1, max-image-preview:large, max-video-preview:-1\" \/>\n<link rel=\"canonical\" href=\"http:\/\/laolladechile.com\/farmacia\/normaten\" \/>\n<meta property=\"og:locale\" content=\"es_ES\" \/>\n<meta property=\"og:type\" content=\"article\" \/>\n<meta property=\"og:title\" content=\"Normaten comprar c\u00e1psulas para la hipertensi\u00f3n en La Olla de Chile\" \/>\n<meta property=\"og:description\" content=\"Las c\u00e1psulas Normaten est\u00e1n indicadas para tratar la hipertensi\u00f3n, angina de pecho e insuficiencia card\u00edaca cr\u00f3nica. Su f\u00f3rmula, con carvedilol como ingrediente activo, ayuda a mejorar la funci\u00f3n card\u00edaca, protege los ri\u00f1ones y el h\u00edgado, y previene enfermedades relacionadas con la edad.\" \/>\n<meta property=\"og:url\" content=\"http:\/\/laolladechile.com\/farmacia\/normaten\" \/>\n<meta property=\"og:site_name\" content=\"La Olla de Chile Farmacia\" \/>\n<meta property=\"og:image\" content=\"http:\/\/laolladechile.com\/farmacia\/wp-content\/uploads\/2024\/11\/Normaten.jpg\" \/>\n\t<meta property=\"og:image:width\" content=\"235\" \/>\n\t<meta property=\"og:image:height\" content=\"350\" \/>\n\t<meta property=\"og:image:type\" content=\"image\/jpeg\" \/>\n<meta name=\"twitter:card\" content=\"summary_large_image\" \/>\n<meta name=\"twitter:label1\" content=\"Tiempo de lectura\" \/>\n\t<meta name=\"twitter:data1\" content=\"6 minutos\" \/>\n<script type=\"application\/ld+json\" class=\"yoast-schema-graph\">{\"@context\":\"https:\/\/schema.org\",\"@graph\":[{\"@type\":\"WebPage\",\"@id\":\"http:\/\/laolladechile.com\/farmacia\/normaten\",\"url\":\"http:\/\/laolladechile.com\/farmacia\/normaten\",\"name\":\"Normaten comprar c\u00e1psulas para la hipertensi\u00f3n en La Olla de Chile\",\"isPartOf\":{\"@id\":\"https:\/\/laolladechile.com\/farmacia\/#website\"},\"primaryImageOfPage\":{\"@id\":\"http:\/\/laolladechile.com\/farmacia\/normaten#primaryimage\"},\"image\":{\"@id\":\"http:\/\/laolladechile.com\/farmacia\/normaten#primaryimage\"},\"thumbnailUrl\":\"https:\/\/laolladechile.com\/farmacia\/wp-content\/uploads\/2024\/11\/Normaten.jpg\",\"datePublished\":\"2024-11-13T12:27:06+00:00\",\"dateModified\":\"2024-11-13T12:27:06+00:00\",\"breadcrumb\":{\"@id\":\"http:\/\/laolladechile.com\/farmacia\/normaten#breadcrumb\"},\"inLanguage\":\"es\",\"potentialAction\":[{\"@type\":\"ReadAction\",\"target\":[\"http:\/\/laolladechile.com\/farmacia\/normaten\"]}]},{\"@type\":\"ImageObject\",\"inLanguage\":\"es\",\"@id\":\"http:\/\/laolladechile.com\/farmacia\/normaten#primaryimage\",\"url\":\"https:\/\/laolladechile.com\/farmacia\/wp-content\/uploads\/2024\/11\/Normaten.jpg\",\"contentUrl\":\"https:\/\/laolladechile.com\/farmacia\/wp-content\/uploads\/2024\/11\/Normaten.jpg\",\"width\":235,\"height\":350,\"caption\":\"Normaten\"},{\"@type\":\"BreadcrumbList\",\"@id\":\"http:\/\/laolladechile.com\/farmacia\/normaten#breadcrumb\",\"itemListElement\":[{\"@type\":\"ListItem\",\"position\":1,\"name\":\"Home\",\"item\":\"https:\/\/laolladechile.com\/farmacia\/\"},{\"@type\":\"ListItem\",\"position\":2,\"name\":\"Normaten\"}]},{\"@type\":\"WebSite\",\"@id\":\"https:\/\/laolladechile.com\/farmacia\/#website\",\"url\":\"https:\/\/laolladechile.com\/farmacia\/\",\"name\":\"La Olla de Chile Farmacia\",\"description\":\"\",\"publisher\":{\"@id\":\"https:\/\/laolladechile.com\/farmacia\/#organization\"},\"potentialAction\":[{\"@type\":\"SearchAction\",\"target\":{\"@type\":\"EntryPoint\",\"urlTemplate\":\"https:\/\/laolladechile.com\/farmacia\/?s={search_term_string}\"},\"query-input\":{\"@type\":\"PropertyValueSpecification\",\"valueRequired\":true,\"valueName\":\"search_term_string\"}}],\"inLanguage\":\"es\"},{\"@type\":\"Organization\",\"@id\":\"https:\/\/laolladechile.com\/farmacia\/#organization\",\"name\":\"La Olla de Chile Farmacia\",\"url\":\"https:\/\/laolladechile.com\/farmacia\/\",\"logo\":{\"@type\":\"ImageObject\",\"inLanguage\":\"es\",\"@id\":\"https:\/\/laolladechile.com\/farmacia\/#\/schema\/logo\/image\/\",\"url\":\"https:\/\/laolladechile.com\/farmacia\/wp-content\/uploads\/2024\/11\/logo-la-olla.jpg\",\"contentUrl\":\"https:\/\/laolladechile.com\/farmacia\/wp-content\/uploads\/2024\/11\/logo-la-olla.jpg\",\"width\":261,\"height\":62,\"caption\":\"La Olla de Chile Farmacia\"},\"image\":{\"@id\":\"https:\/\/laolladechile.com\/farmacia\/#\/schema\/logo\/image\/\"}}]}<\/script>\n<!-- \/ Yoast SEO plugin. -->","yoast_head_json":{"title":"Normaten comprar c\u00e1psulas para la hipertensi\u00f3n en La Olla de Chile","robots":{"index":"index","follow":"follow","max-snippet":"max-snippet:-1","max-image-preview":"max-image-preview:large","max-video-preview":"max-video-preview:-1"},"canonical":"http:\/\/laolladechile.com\/farmacia\/normaten","og_locale":"es_ES","og_type":"article","og_title":"Normaten comprar c\u00e1psulas para la hipertensi\u00f3n en La Olla de Chile","og_description":"Las c\u00e1psulas Normaten est\u00e1n indicadas para tratar la hipertensi\u00f3n, angina de pecho e insuficiencia card\u00edaca cr\u00f3nica. Su f\u00f3rmula, con carvedilol como ingrediente activo, ayuda a mejorar la funci\u00f3n card\u00edaca, protege los ri\u00f1ones y el h\u00edgado, y previene enfermedades relacionadas con la edad.","og_url":"http:\/\/laolladechile.com\/farmacia\/normaten","og_site_name":"La Olla de Chile Farmacia","og_image":[{"width":235,"height":350,"url":"http:\/\/laolladechile.com\/farmacia\/wp-content\/uploads\/2024\/11\/Normaten.jpg","type":"image\/jpeg"}],"twitter_card":"summary_large_image","twitter_misc":{"Tiempo de lectura":"6 minutos"},"schema":{"@context":"https:\/\/schema.org","@graph":[{"@type":"WebPage","@id":"http:\/\/laolladechile.com\/farmacia\/normaten","url":"http:\/\/laolladechile.com\/farmacia\/normaten","name":"Normaten comprar c\u00e1psulas para la hipertensi\u00f3n en La Olla de Chile","isPartOf":{"@id":"https:\/\/laolladechile.com\/farmacia\/#website"},"primaryImageOfPage":{"@id":"http:\/\/laolladechile.com\/farmacia\/normaten#primaryimage"},"image":{"@id":"http:\/\/laolladechile.com\/farmacia\/normaten#primaryimage"},"thumbnailUrl":"https:\/\/laolladechile.com\/farmacia\/wp-content\/uploads\/2024\/11\/Normaten.jpg","datePublished":"2024-11-13T12:27:06+00:00","dateModified":"2024-11-13T12:27:06+00:00","breadcrumb":{"@id":"http:\/\/laolladechile.com\/farmacia\/normaten#breadcrumb"},"inLanguage":"es","potentialAction":[{"@type":"ReadAction","target":["http:\/\/laolladechile.com\/farmacia\/normaten"]}]},{"@type":"ImageObject","inLanguage":"es","@id":"http:\/\/laolladechile.com\/farmacia\/normaten#primaryimage","url":"https:\/\/laolladechile.com\/farmacia\/wp-content\/uploads\/2024\/11\/Normaten.jpg","contentUrl":"https:\/\/laolladechile.com\/farmacia\/wp-content\/uploads\/2024\/11\/Normaten.jpg","width":235,"height":350,"caption":"Normaten"},{"@type":"BreadcrumbList","@id":"http:\/\/laolladechile.com\/farmacia\/normaten#breadcrumb","itemListElement":[{"@type":"ListItem","position":1,"name":"Home","item":"https:\/\/laolladechile.com\/farmacia\/"},{"@type":"ListItem","position":2,"name":"Normaten"}]},{"@type":"WebSite","@id":"https:\/\/laolladechile.com\/farmacia\/#website","url":"https:\/\/laolladechile.com\/farmacia\/","name":"La Olla de Chile Farmacia","description":"","publisher":{"@id":"https:\/\/laolladechile.com\/farmacia\/#organization"},"potentialAction":[{"@type":"SearchAction","target":{"@type":"EntryPoint","urlTemplate":"https:\/\/laolladechile.com\/farmacia\/?s={search_term_string}"},"query-input":{"@type":"PropertyValueSpecification","valueRequired":true,"valueName":"search_term_string"}}],"inLanguage":"es"},{"@type":"Organization","@id":"https:\/\/laolladechile.com\/farmacia\/#organization","name":"La Olla de Chile Farmacia","url":"https:\/\/laolladechile.com\/farmacia\/","logo":{"@type":"ImageObject","inLanguage":"es","@id":"https:\/\/laolladechile.com\/farmacia\/#\/schema\/logo\/image\/","url":"https:\/\/laolladechile.com\/farmacia\/wp-content\/uploads\/2024\/11\/logo-la-olla.jpg","contentUrl":"https:\/\/laolladechile.com\/farmacia\/wp-content\/uploads\/2024\/11\/logo-la-olla.jpg","width":261,"height":62,"caption":"La Olla de Chile Farmacia"},"image":{"@id":"https:\/\/laolladechile.com\/farmacia\/#\/schema\/logo\/image\/"}}]}},"_links":{"self":[{"href":"https:\/\/laolladechile.com\/farmacia\/index.php?rest_route=\/wp\/v2\/product\/113"}],"collection":[{"href":"https:\/\/laolladechile.com\/farmacia\/index.php?rest_route=\/wp\/v2\/product"}],"about":[{"href":"https:\/\/laolladechile.com\/farmacia\/index.php?rest_route=\/wp\/v2\/types\/product"}],"replies":[{"embeddable":true,"href":"https:\/\/laolladechile.com\/farmacia\/index.php?rest_route=%2Fwp%2Fv2%2Fcomments&post=113"}],"wp:featuredmedia":[{"embeddable":true,"href":"https:\/\/laolladechile.com\/farmacia\/index.php?rest_route=\/wp\/v2\/media\/114"}],"wp:attachment":[{"href":"https:\/\/laolladechile.com\/farmacia\/index.php?rest_route=%2Fwp%2Fv2%2Fmedia&parent=113"}],"wp:term":[{"taxonomy":"product_cat","embeddable":true,"href":"https:\/\/laolladechile.com\/farmacia\/index.php?rest_route=%2Fwp%2Fv2%2Fproduct_cat&post=113"},{"taxonomy":"product_tag","embeddable":true,"href":"https:\/\/laolladechile.com\/farmacia\/index.php?rest_route=%2Fwp%2Fv2%2Fproduct_tag&post=113"}],"curies":[{"name":"wp","href":"https:\/\/api.w.org\/{rel}","templated":true}]}}