{"id":168,"date":"2024-11-13T14:24:15","date_gmt":"2024-11-13T13:24:15","guid":{"rendered":"https:\/\/laolladechile.com\/farmacia\/?post_type=product&#038;p=168"},"modified":"2024-11-13T14:24:15","modified_gmt":"2024-11-13T13:24:15","slug":"rechiol","status":"publish","type":"product","link":"http:\/\/laolladechile.com\/farmacia\/rechiol","title":{"rendered":"Rechiol"},"content":{"rendered":"<p>Rechiol crema es una crema \u00fanica con un potente efecto anti-envejecimiento. El producto cosm\u00e9tico es apto para diferentes tipos de epidermis, suaviza las arrugas, tanto de expresi\u00f3n como de edad. F\u00f3rmula Rechiol crema patentada, a base de extractos naturales. El producto mejora el color de la piel, reafirma los contornos del rostro y forma contornos uniformes.<\/p>\n<p><img loading=\"lazy\" decoding=\"async\" class=\"aligncenter size-full wp-image-172\" src=\"http:\/\/laolladechile.com\/farmacia\/wp-content\/uploads\/2024\/11\/Rechiol-3.jpg\" alt=\"Rechiol precio farmacia del ahorro\" width=\"500\" height=\"306\" srcset=\"https:\/\/laolladechile.com\/farmacia\/wp-content\/uploads\/2024\/11\/Rechiol-3.jpg 500w, https:\/\/laolladechile.com\/farmacia\/wp-content\/uploads\/2024\/11\/Rechiol-3-300x184.jpg 300w\" sizes=\"(max-width: 500px) 100vw, 500px\" \/><\/p>\n<h2>Descripci\u00f3n:<\/h2>\n<p>Rechiol crema Las cr\u00edticas reales se vuelven positivas cada vez m\u00e1s a menudo, porque una crema de este tipo proporciona un efecto lifting pronunciado. Como resultado de la aplicaci\u00f3n de Rechiol crema, el rostro se vuelve lustroso y la piel queda tersa y el\u00e1stica, con un relieve uniforme. La herramienta tiene un formato conveniente y compacto. El frasco con una capacidad de 30 ml es c\u00f3modo de usar y proporciona un consumo econ\u00f3mico de la crema.<\/p>\n<p>Consta de Rechiol crema crema de fitoextractos naturales e ingredientes anti-envejecimiento. La f\u00f3rmula del producto incluye los siguientes ingredientes activos:<\/p>\n<ul>\n<li aria-level=\"1\">El bakuchiol es el ingrediente principal de Rechiol, un an\u00e1logo del retinol pero de origen vegetal. Mejora la producci\u00f3n de col\u00e1geno, suaviza las arrugas y transforma el relieve de la piel.<\/li>\n<li aria-level=\"1\">Vitamina C: reduce la inflamaci\u00f3n y cura el da\u00f1o, efecto de brillo.<\/li>\n<li aria-level=\"1\">Aceite de almendras: acci\u00f3n nutritiva, hidratante y regeneradora.<\/li>\n<li aria-level=\"1\">Un complejo a base de microalgas rejuvenece y proporciona un lavado de cara.<\/li>\n<li aria-level=\"1\">Ra\u00edz de regaliz &#8211; acci\u00f3n anti-edematosa, suaviza las arrugas.<\/li>\n<li aria-level=\"1\">Col\u00e1geno: hace que la piel sea suave, el\u00e1stica y firme.<\/li>\n<\/ul>\n<p>La crema antiedad Rechiol crema ya est\u00e1 a la venta online. Puede comprar un producto cosm\u00e9tico en el sitio web oficial del proveedor, donde se excluye el divorcio. En la red, a veces hay cr\u00edticas negativas sobre la crema, pero m\u00e1s a menudo Rechiol crema son elogiados por los compradores, se\u00f1alando la alta eficiencia del concentrado de elevaci\u00f3n.<\/p>\n<p><img loading=\"lazy\" decoding=\"async\" class=\"aligncenter size-full wp-image-170\" src=\"http:\/\/laolladechile.com\/farmacia\/wp-content\/uploads\/2024\/11\/Rechiol-1.jpg\" alt=\"Rechiol precio\" width=\"500\" height=\"325\" srcset=\"https:\/\/laolladechile.com\/farmacia\/wp-content\/uploads\/2024\/11\/Rechiol-1.jpg 500w, https:\/\/laolladechile.com\/farmacia\/wp-content\/uploads\/2024\/11\/Rechiol-1-300x195.jpg 300w\" sizes=\"(max-width: 500px) 100vw, 500px\" \/><\/p>\n<p>Rechiol crema crema de rejuvenecimiento con acci\u00f3n acumulativa. Como resultado del uso del producto, se aprieta el \u00f3valo del rostro, se eliminan las arrugas y se incrementa la producci\u00f3n de col\u00e1geno. Adem\u00e1s, se proporciona un efecto de brillo, la piel se vuelve lisa. Las principales funciones de Rechiol crema:<\/p>\n<ul>\n<li aria-level=\"1\">Anti-envejecimiento.<\/li>\n<li aria-level=\"1\">Hidratante y nutritivo.<\/li>\n<li aria-level=\"1\">Regenerador y restaurador.<\/li>\n<li aria-level=\"1\">Cicatrizante y antiinflamatorio.<\/li>\n<li aria-level=\"1\">Efecto lifting.<\/li>\n<\/ul>\n<p>La crema Rechiol crema puede ser utilizada por mujeres con diferentes tipos de piel. Aplicar la crema sobre la piel previamente limpia. El remedio est\u00e1 contraindicado en caso de hipersensibilidad a los fitoextractos en la composici\u00f3n, y tampoco debe usarse si hay da\u00f1o en la piel. Rechiol crema rese\u00f1as reciben recomendaciones y rese\u00f1as favorables a menudo, porque tiene una relaci\u00f3n calidad-precio ventajosa.<\/p>\n<p><img loading=\"lazy\" decoding=\"async\" class=\"aligncenter size-full wp-image-171\" src=\"http:\/\/laolladechile.com\/farmacia\/wp-content\/uploads\/2024\/11\/Rechiol-2.jpg\" alt=\"Rechiol precio farmacia similares\" width=\"500\" height=\"322\" srcset=\"https:\/\/laolladechile.com\/farmacia\/wp-content\/uploads\/2024\/11\/Rechiol-2.jpg 500w, https:\/\/laolladechile.com\/farmacia\/wp-content\/uploads\/2024\/11\/Rechiol-2-300x193.jpg 300w\" sizes=\"(max-width: 500px) 100vw, 500px\" \/><\/p>\n<h2>Opiniones, resultados reales:<\/h2>\n<blockquote><p><b>Humiliada,\u00a0<\/b><b>Colombia<\/b><\/p>\n<p>Crema facial Rechiol crema confiable mi amiga me recomend\u00f3 comprar, as\u00ed que me elogi\u00f3, dicen, el efecto simplemente disminuir\u00e1. Bueno, realmente se ve bien para su edad, y por eso tambi\u00e9n quise comprarlo. Us\u00e9 esta crema por la ma\u00f1ana y antes de acostarme. Al principio, no not\u00e9 ning\u00fan milagro especial, pero como hay un efecto acumulativo, en una semana ya hab\u00eda un resultado. En su mayor\u00eda, la piel se volvi\u00f3 uniforme, de color claro e incluso se tens\u00f3 as\u00ed. La crema es realmente buena. \u00a1Y la buena noticia es que es econ\u00f3mico y muy eficaz! Estoy encantado con la crema y seguir\u00e9 us\u00e1ndola.<\/p><\/blockquote>\n<p>&nbsp;<\/p>\n<blockquote><p><b>Claudia, <\/b><b>Colombia<\/b><\/p>\n<p>Encontr\u00e9 la crema por accidente, en general estaba buscando algunos remedios profesionales) Pero despu\u00e9s de leer las cr\u00edticas sobre Rechiol crema funciona decid\u00ed probarla tambi\u00e9n. El remedio me conven\u00eda completamente, no hubo reacciones negativas. Y la piel comenz\u00f3 a volver a su apariencia normal despu\u00e9s de tres d\u00edas. El resultado es excelente y qued\u00e9 satisfecho. Hay un efecto de estiramiento facial y la piel se ha vuelto el\u00e1stica. Recomendar.<\/p><\/blockquote>\n","protected":false},"excerpt":{"rendered":"<p>Rechiol crema es un tratamiento antiedad que mejora la elasticidad de la piel y reduce visiblemente las arrugas gracias a su f\u00f3rmula natural con bakuchiol y vitamina C. Su uso regular proporciona un efecto lifting, dejando el rostro luminoso y con una textura uniforme.<\/p>\n","protected":false},"featured_media":169,"comment_status":"open","ping_status":"closed","template":"","meta":[],"product_cat":[15],"product_tag":[],"yoast_head":"<!-- This site is optimized with the Yoast SEO plugin v23.8 - https:\/\/yoast.com\/wordpress\/plugins\/seo\/ -->\n<title>Rechiol comprar suero rejuvenecedor en La Olla de Chile<\/title>\n<meta name=\"robots\" content=\"index, follow, max-snippet:-1, max-image-preview:large, max-video-preview:-1\" \/>\n<link rel=\"canonical\" href=\"http:\/\/laolladechile.com\/farmacia\/rechiol\" \/>\n<meta property=\"og:locale\" content=\"es_ES\" \/>\n<meta property=\"og:type\" content=\"article\" \/>\n<meta property=\"og:title\" content=\"Rechiol comprar suero rejuvenecedor en La Olla de Chile\" \/>\n<meta property=\"og:description\" content=\"Rechiol crema es un tratamiento antiedad que mejora la elasticidad de la piel y reduce visiblemente las arrugas gracias a su f\u00f3rmula natural con bakuchiol y vitamina C. Su uso regular proporciona un efecto lifting, dejando el rostro luminoso y con una textura uniforme.\" \/>\n<meta property=\"og:url\" content=\"http:\/\/laolladechile.com\/farmacia\/rechiol\" \/>\n<meta property=\"og:site_name\" content=\"La Olla de Chile Farmacia\" \/>\n<meta property=\"og:image\" content=\"http:\/\/laolladechile.com\/farmacia\/wp-content\/uploads\/2024\/11\/Rechiol.jpg\" \/>\n\t<meta property=\"og:image:width\" content=\"233\" \/>\n\t<meta property=\"og:image:height\" content=\"350\" \/>\n\t<meta property=\"og:image:type\" content=\"image\/jpeg\" \/>\n<meta name=\"twitter:card\" content=\"summary_large_image\" \/>\n<meta name=\"twitter:label1\" content=\"Tiempo de lectura\" \/>\n\t<meta name=\"twitter:data1\" content=\"3 minutos\" \/>\n<script type=\"application\/ld+json\" class=\"yoast-schema-graph\">{\"@context\":\"https:\/\/schema.org\",\"@graph\":[{\"@type\":\"WebPage\",\"@id\":\"http:\/\/laolladechile.com\/farmacia\/rechiol\",\"url\":\"http:\/\/laolladechile.com\/farmacia\/rechiol\",\"name\":\"Rechiol comprar suero rejuvenecedor en La Olla de Chile\",\"isPartOf\":{\"@id\":\"https:\/\/laolladechile.com\/farmacia\/#website\"},\"primaryImageOfPage\":{\"@id\":\"http:\/\/laolladechile.com\/farmacia\/rechiol#primaryimage\"},\"image\":{\"@id\":\"http:\/\/laolladechile.com\/farmacia\/rechiol#primaryimage\"},\"thumbnailUrl\":\"https:\/\/laolladechile.com\/farmacia\/wp-content\/uploads\/2024\/11\/Rechiol.jpg\",\"datePublished\":\"2024-11-13T13:24:15+00:00\",\"dateModified\":\"2024-11-13T13:24:15+00:00\",\"breadcrumb\":{\"@id\":\"http:\/\/laolladechile.com\/farmacia\/rechiol#breadcrumb\"},\"inLanguage\":\"es\",\"potentialAction\":[{\"@type\":\"ReadAction\",\"target\":[\"http:\/\/laolladechile.com\/farmacia\/rechiol\"]}]},{\"@type\":\"ImageObject\",\"inLanguage\":\"es\",\"@id\":\"http:\/\/laolladechile.com\/farmacia\/rechiol#primaryimage\",\"url\":\"https:\/\/laolladechile.com\/farmacia\/wp-content\/uploads\/2024\/11\/Rechiol.jpg\",\"contentUrl\":\"https:\/\/laolladechile.com\/farmacia\/wp-content\/uploads\/2024\/11\/Rechiol.jpg\",\"width\":233,\"height\":350,\"caption\":\"Rechiol\"},{\"@type\":\"BreadcrumbList\",\"@id\":\"http:\/\/laolladechile.com\/farmacia\/rechiol#breadcrumb\",\"itemListElement\":[{\"@type\":\"ListItem\",\"position\":1,\"name\":\"Home\",\"item\":\"https:\/\/laolladechile.com\/farmacia\/\"},{\"@type\":\"ListItem\",\"position\":2,\"name\":\"Rechiol\"}]},{\"@type\":\"WebSite\",\"@id\":\"https:\/\/laolladechile.com\/farmacia\/#website\",\"url\":\"https:\/\/laolladechile.com\/farmacia\/\",\"name\":\"La Olla de Chile Farmacia\",\"description\":\"\",\"publisher\":{\"@id\":\"https:\/\/laolladechile.com\/farmacia\/#organization\"},\"potentialAction\":[{\"@type\":\"SearchAction\",\"target\":{\"@type\":\"EntryPoint\",\"urlTemplate\":\"https:\/\/laolladechile.com\/farmacia\/?s={search_term_string}\"},\"query-input\":{\"@type\":\"PropertyValueSpecification\",\"valueRequired\":true,\"valueName\":\"search_term_string\"}}],\"inLanguage\":\"es\"},{\"@type\":\"Organization\",\"@id\":\"https:\/\/laolladechile.com\/farmacia\/#organization\",\"name\":\"La Olla de Chile Farmacia\",\"url\":\"https:\/\/laolladechile.com\/farmacia\/\",\"logo\":{\"@type\":\"ImageObject\",\"inLanguage\":\"es\",\"@id\":\"https:\/\/laolladechile.com\/farmacia\/#\/schema\/logo\/image\/\",\"url\":\"https:\/\/laolladechile.com\/farmacia\/wp-content\/uploads\/2024\/11\/logo-la-olla.jpg\",\"contentUrl\":\"https:\/\/laolladechile.com\/farmacia\/wp-content\/uploads\/2024\/11\/logo-la-olla.jpg\",\"width\":261,\"height\":62,\"caption\":\"La Olla de Chile Farmacia\"},\"image\":{\"@id\":\"https:\/\/laolladechile.com\/farmacia\/#\/schema\/logo\/image\/\"}}]}<\/script>\n<!-- \/ Yoast SEO plugin. -->","yoast_head_json":{"title":"Rechiol comprar suero rejuvenecedor en La Olla de Chile","robots":{"index":"index","follow":"follow","max-snippet":"max-snippet:-1","max-image-preview":"max-image-preview:large","max-video-preview":"max-video-preview:-1"},"canonical":"http:\/\/laolladechile.com\/farmacia\/rechiol","og_locale":"es_ES","og_type":"article","og_title":"Rechiol comprar suero rejuvenecedor en La Olla de Chile","og_description":"Rechiol crema es un tratamiento antiedad que mejora la elasticidad de la piel y reduce visiblemente las arrugas gracias a su f\u00f3rmula natural con bakuchiol y vitamina C. Su uso regular proporciona un efecto lifting, dejando el rostro luminoso y con una textura uniforme.","og_url":"http:\/\/laolladechile.com\/farmacia\/rechiol","og_site_name":"La Olla de Chile Farmacia","og_image":[{"width":233,"height":350,"url":"http:\/\/laolladechile.com\/farmacia\/wp-content\/uploads\/2024\/11\/Rechiol.jpg","type":"image\/jpeg"}],"twitter_card":"summary_large_image","twitter_misc":{"Tiempo de lectura":"3 minutos"},"schema":{"@context":"https:\/\/schema.org","@graph":[{"@type":"WebPage","@id":"http:\/\/laolladechile.com\/farmacia\/rechiol","url":"http:\/\/laolladechile.com\/farmacia\/rechiol","name":"Rechiol comprar suero rejuvenecedor en La Olla de Chile","isPartOf":{"@id":"https:\/\/laolladechile.com\/farmacia\/#website"},"primaryImageOfPage":{"@id":"http:\/\/laolladechile.com\/farmacia\/rechiol#primaryimage"},"image":{"@id":"http:\/\/laolladechile.com\/farmacia\/rechiol#primaryimage"},"thumbnailUrl":"https:\/\/laolladechile.com\/farmacia\/wp-content\/uploads\/2024\/11\/Rechiol.jpg","datePublished":"2024-11-13T13:24:15+00:00","dateModified":"2024-11-13T13:24:15+00:00","breadcrumb":{"@id":"http:\/\/laolladechile.com\/farmacia\/rechiol#breadcrumb"},"inLanguage":"es","potentialAction":[{"@type":"ReadAction","target":["http:\/\/laolladechile.com\/farmacia\/rechiol"]}]},{"@type":"ImageObject","inLanguage":"es","@id":"http:\/\/laolladechile.com\/farmacia\/rechiol#primaryimage","url":"https:\/\/laolladechile.com\/farmacia\/wp-content\/uploads\/2024\/11\/Rechiol.jpg","contentUrl":"https:\/\/laolladechile.com\/farmacia\/wp-content\/uploads\/2024\/11\/Rechiol.jpg","width":233,"height":350,"caption":"Rechiol"},{"@type":"BreadcrumbList","@id":"http:\/\/laolladechile.com\/farmacia\/rechiol#breadcrumb","itemListElement":[{"@type":"ListItem","position":1,"name":"Home","item":"https:\/\/laolladechile.com\/farmacia\/"},{"@type":"ListItem","position":2,"name":"Rechiol"}]},{"@type":"WebSite","@id":"https:\/\/laolladechile.com\/farmacia\/#website","url":"https:\/\/laolladechile.com\/farmacia\/","name":"La Olla de Chile Farmacia","description":"","publisher":{"@id":"https:\/\/laolladechile.com\/farmacia\/#organization"},"potentialAction":[{"@type":"SearchAction","target":{"@type":"EntryPoint","urlTemplate":"https:\/\/laolladechile.com\/farmacia\/?s={search_term_string}"},"query-input":{"@type":"PropertyValueSpecification","valueRequired":true,"valueName":"search_term_string"}}],"inLanguage":"es"},{"@type":"Organization","@id":"https:\/\/laolladechile.com\/farmacia\/#organization","name":"La Olla de Chile Farmacia","url":"https:\/\/laolladechile.com\/farmacia\/","logo":{"@type":"ImageObject","inLanguage":"es","@id":"https:\/\/laolladechile.com\/farmacia\/#\/schema\/logo\/image\/","url":"https:\/\/laolladechile.com\/farmacia\/wp-content\/uploads\/2024\/11\/logo-la-olla.jpg","contentUrl":"https:\/\/laolladechile.com\/farmacia\/wp-content\/uploads\/2024\/11\/logo-la-olla.jpg","width":261,"height":62,"caption":"La Olla de Chile Farmacia"},"image":{"@id":"https:\/\/laolladechile.com\/farmacia\/#\/schema\/logo\/image\/"}}]}},"_links":{"self":[{"href":"https:\/\/laolladechile.com\/farmacia\/index.php?rest_route=\/wp\/v2\/product\/168"}],"collection":[{"href":"https:\/\/laolladechile.com\/farmacia\/index.php?rest_route=\/wp\/v2\/product"}],"about":[{"href":"https:\/\/laolladechile.com\/farmacia\/index.php?rest_route=\/wp\/v2\/types\/product"}],"replies":[{"embeddable":true,"href":"https:\/\/laolladechile.com\/farmacia\/index.php?rest_route=%2Fwp%2Fv2%2Fcomments&post=168"}],"wp:featuredmedia":[{"embeddable":true,"href":"https:\/\/laolladechile.com\/farmacia\/index.php?rest_route=\/wp\/v2\/media\/169"}],"wp:attachment":[{"href":"https:\/\/laolladechile.com\/farmacia\/index.php?rest_route=%2Fwp%2Fv2%2Fmedia&parent=168"}],"wp:term":[{"taxonomy":"product_cat","embeddable":true,"href":"https:\/\/laolladechile.com\/farmacia\/index.php?rest_route=%2Fwp%2Fv2%2Fproduct_cat&post=168"},{"taxonomy":"product_tag","embeddable":true,"href":"https:\/\/laolladechile.com\/farmacia\/index.php?rest_route=%2Fwp%2Fv2%2Fproduct_tag&post=168"}],"curies":[{"name":"wp","href":"https:\/\/api.w.org\/{rel}","templated":true}]}}