{"id":19,"date":"2024-07-26T14:23:54","date_gmt":"2024-07-26T12:23:54","guid":{"rendered":"http:\/\/laolladechile.com\/farmacia\/?post_type=product&#038;p=19"},"modified":"2024-07-26T14:23:54","modified_gmt":"2024-07-26T12:23:54","slug":"matcha-suri","status":"publish","type":"product","link":"http:\/\/laolladechile.com\/farmacia\/matcha-suri","title":{"rendered":"Matcha Suri"},"content":{"rendered":"<table>\n<tbody>\n<tr>\n<td>Sitio web<\/td>\n<td>MatchaSuri.es<\/td>\n<\/tr>\n<tr>\n<td>Acci\u00f3n<\/td>\n<td>\u2714 Normaliza el funcionamiento del sistema endocrino;<br \/>\n\u2714 Reduce el apetito, elimina los antojos de alimentos nocivos;<br \/>\n\u2714 Promueve la p\u00e9rdida de peso al convertir los dep\u00f3sitos de grasa en energ\u00eda;<br \/>\n\u2714 Elimina desechos, toxinas y exceso de agua del cuerpo.<\/td>\n<\/tr>\n<tr>\n<td>Componentes<\/td>\n<td>\u2714 Extracto de t\u00e9 verde;<br \/>\n\u2714 Quelpo;<br \/>\n\u2714 Extracto de jengibre;<br \/>\n\u2714 L-glutamina.<\/td>\n<\/tr>\n<tr>\n<td>Instrucciones de uso<\/td>\n<td>El fabricante aconseja tomar 5 gramos al d\u00eda durante el tiempo necesario para conseguir el resultado deseado.<\/td>\n<\/tr>\n<tr>\n<td>Volumen<\/td>\n<td>100 g<\/td>\n<\/tr>\n<tr>\n<td>Precio<\/td>\n<td>\ud83d\uded1 790 MXN<\/td>\n<\/tr>\n<tr>\n<td>Entrega<\/td>\n<td>hasta una semana<\/td>\n<\/tr>\n<\/tbody>\n<\/table>\n<h2><b>Matcha Suri: \u00bfEs realmente posible acelerar el metabolismo y favorecer la p\u00e9rdida de peso?<\/b><\/h2>\n<p><img loading=\"lazy\" decoding=\"async\" class=\"aligncenter size-full wp-image-31\" src=\"http:\/\/laolladechile.com\/farmacia\/wp-content\/uploads\/2024\/07\/Matcha-Suri-5.jpg\" alt=\"Matcha Suri para que sirve\" width=\"500\" height=\"376\" srcset=\"https:\/\/laolladechile.com\/farmacia\/wp-content\/uploads\/2024\/07\/Matcha-Suri-5.jpg 500w, https:\/\/laolladechile.com\/farmacia\/wp-content\/uploads\/2024\/07\/Matcha-Suri-5-300x226.jpg 300w\" sizes=\"(max-width: 500px) 100vw, 500px\" \/><\/p>\n<p>Para qu\u00e9 sirve Matcha Suri es el nombre de un nuevo polvo elaborado a partir de una f\u00f3rmula natural que ayuda al cuerpo a acelerar el metabolismo y quemar grasas. La composici\u00f3n de la droga natural est\u00e1 inspirada en la ahora famosa dieta cetog\u00e9nica, que se sabe que ha ayudado a muchas personas en todo el mundo a alcanzar la forma y el peso deseados. Seg\u00fan numerosas rese\u00f1as y opiniones, el aspecto que distingue a este producto de todos los productos similares del mercado es la alta pureza de los ingredientes de su formulaci\u00f3n. \u00bfAfirma el fabricante que se trata de uno de los productos de modelismo m\u00e1s potentes del mercado? \u00bfPero es todo esto cierto? \u00bfMatcha Suri realmente produce resultados comparables a la dieta cetog\u00e9nica? \u00bfQu\u00e9 ingredientes contiene? \u00bfCu\u00e1l es tu flujo? \u00bfEs seguro de usar?<\/p>\n<p>Intentamos responder todas estas preguntas en esta revisi\u00f3n detallada.<\/p>\n<h2><b>\u00bfQu\u00e9 es la dieta cetog\u00e9nica? \u00bfC\u00f3mo adelgazar con ella?<\/b><\/h2>\n<p>Abreviatura de \u201cdieta cetog\u00e9nica\u201d, este plan de alimentaci\u00f3n consiste en minimizar los carbohidratos y aumentar la quema de grasas para obligar al cuerpo a utilizar la grasa como fuente de energ\u00eda.<\/p>\n<p>Aunque el cuerpo y las necesidades de cada persona son diferentes, esto suele dar como resultado una dieta que incluya:<\/p>\n<ol>\n<li aria-level=\"1\">El 60-75% de las calor\u00edas provienen de las grasas;<\/li>\n<li aria-level=\"1\">15-30% de las calor\u00edas provienen de prote\u00ednas;<\/li>\n<li aria-level=\"1\">Entre el 5 y el 10% de las calor\u00edas provienen de los carbohidratos.<\/li>\n<\/ol>\n<p>Por lo general, esto significa comer no m\u00e1s de 50 gramos de carbohidratos por d\u00eda (algunas revisiones de seguidores cetog\u00e9nicos m\u00e1s estrictos dicen hasta 20 gramos por d\u00eda).<\/p>\n<p>Despu\u00e9s de seguir la dieta cetog\u00e9nica durante 2 a 7 d\u00edas, el cuerpo entra en lo que se llama cetosis, un estado en el que entra cuando no tiene suficientes carbohidratos para producir energ\u00eda. Luego comienza a producir cetonas o compuestos org\u00e1nicos, que el cuerpo utiliza para reemplazar los carbohidratos faltantes. En este punto, seg\u00fan muchos expertos y cient\u00edficos, el cuerpo tambi\u00e9n comienza a quemar grasas para obtener m\u00e1s energ\u00eda.<\/p>\n<p>Mucha gente no lo sabe, pero la dieta cetog\u00e9nica se dise\u00f1\u00f3 originalmente para ayudar a las personas con convulsiones, no para ayudarlas a perder peso. Esto se debe a que tanto las cetonas como otra sustancia qu\u00edmica producida en la dieta llamada betahidroxibutirato pueden ayudar a minimizar los calambres.<\/p>\n<p>En ese momento, quienes comenzaron a seguir la dieta keto notaron una importante p\u00e9rdida de peso, la cual se debe a que cuando ingerimos carbohidratos, nuestro cuerpo retiene l\u00edquido para almacenar y producir energ\u00eda (si la necesita). Al reducir la ingesta de carbohidratos, se reduce el peso del agua. A esto se suma el hecho de que la cetosis estimula al cuerpo a quemar grasas, lo que incluso favorece una p\u00e9rdida importante de peso.<\/p>\n<p>La cetosis es un proceso natural que puede acelerarse mediante determinadas situaciones y la ingesta de determinadas sustancias, que a menudo se encuentran en los suplementos, que s\u00f3lo potencian y aceleran el efecto.<\/p>\n<h2><b>Matcha Suri: preparado natural para la dieta cetog\u00e9nica<\/b><\/h2>\n<p><img loading=\"lazy\" decoding=\"async\" class=\"aligncenter size-full wp-image-30\" src=\"http:\/\/laolladechile.com\/farmacia\/wp-content\/uploads\/2024\/07\/Matcha-Suri-4.jpg\" alt=\"Matcha Suri donde lo venden\" width=\"500\" height=\"348\" srcset=\"https:\/\/laolladechile.com\/farmacia\/wp-content\/uploads\/2024\/07\/Matcha-Suri-4.jpg 500w, https:\/\/laolladechile.com\/farmacia\/wp-content\/uploads\/2024\/07\/Matcha-Suri-4-300x209.jpg 300w\" sizes=\"(max-width: 500px) 100vw, 500px\" \/><\/p>\n<p>Seg\u00fan el equipo de expertos que cre\u00f3 el producto de composici\u00f3n natural, su finalidad ser\u00e1 ayudar y apoyar los mecanismos que llevan al organismo a la cetosis.<\/p>\n<p>Una especie de refuerzo para mejorar y acelerar los resultados de la dieta cetog\u00e9nica, que a su vez puede tener un efecto similar. Todo esto sucede gracias a la acci\u00f3n de componentes activos que, tras su absorci\u00f3n en el organismo, estimulan las funciones que conducen a la quema de grasas.<\/p>\n<p>Matcha Suri &#8211; un producto recomendado para hombres y mujeres de cualquier edad, no es un medicamento y puede adquirirse sin receta m\u00e9dica.<\/p>\n<h2><b>\u00bfCu\u00e1les son los beneficios de tomar Matcha Suri polvo?<\/b><\/h2>\n<p>Matcha Suri resultados reales tiene muchas ventajas. Por eso, cada vez es m\u00e1s popular:<\/p>\n<ul>\n<li aria-level=\"1\">normaliza el funcionamiento del sistema endocrino;<\/li>\n<li aria-level=\"1\">reduce el apetito, elimina los antojos de alimentos no saludables;<\/li>\n<li aria-level=\"1\">promueve la p\u00e9rdida de peso al convertir los dep\u00f3sitos de grasa en energ\u00eda;<\/li>\n<li aria-level=\"1\">elimina desechos, toxinas y exceso de agua del cuerpo.<\/li>\n<\/ul>\n<p>Despu\u00e9s del tratamiento, la mayor\u00eda de las personas notan que su apariencia se ha vuelto m\u00e1s atractiva. Llama la atenci\u00f3n un cuerpo esbelto y una silueta tonificada. En un mes, las preferencias gustativas cambian y desaparece el deseo de comer alimentos en grandes porciones. El apetito disminuye de forma natural.<\/p>\n<p>Despu\u00e9s de completar el tratamiento, no es necesario seguir una dieta estricta. El cuerpo tiene un metabolismo acelerado y un sistema endocrino sano. Gracias a esto, el cuerpo no acumula grasa.<\/p>\n<h2><b>Matcha Suri: c\u00f3mo funciona es bueno o malo<\/b><\/h2>\n<p><img loading=\"lazy\" decoding=\"async\" class=\"aligncenter size-full wp-image-29\" src=\"http:\/\/laolladechile.com\/farmacia\/wp-content\/uploads\/2024\/07\/Matcha-Suri-3.jpg\" alt=\"Matcha Suri precio\" width=\"500\" height=\"315\" srcset=\"https:\/\/laolladechile.com\/farmacia\/wp-content\/uploads\/2024\/07\/Matcha-Suri-3.jpg 500w, https:\/\/laolladechile.com\/farmacia\/wp-content\/uploads\/2024\/07\/Matcha-Suri-3-300x189.jpg 300w\" sizes=\"(max-width: 500px) 100vw, 500px\" \/><\/p>\n<p>El medicamento adelgaza a la persona, independientemente de la cantidad de exceso de grasa. D\u00eda tras d\u00eda, sus componentes convierten la grasa en energ\u00eda y hacen que la persona est\u00e9 en\u00e9rgica y saludable. Despu\u00e9s de una semana de tratamiento, se nota que se est\u00e1 produciendo una p\u00e9rdida de peso.<\/p>\n<p>La acci\u00f3n principal est\u00e1 dirigida a normalizar el funcionamiento del sistema endocrino. Los componentes penetran en el cuerpo y curan gradualmente todos los sistemas del cuerpo.<\/p>\n<p>Paralelamente a la normalizaci\u00f3n del sistema endocrino, el f\u00e1rmaco para bajar de peso reduce el apetito. Desaparece el deseo de comer alimentos grasos y poco saludables. En cambio, la dieta de una persona est\u00e1 repleta de alimentos saludables: verduras, frutas y cereales. Adem\u00e1s, esto pasa completamente desapercibido para los humanos.<\/p>\n<p>Se forma el h\u00e1bito de comer sano y en peque\u00f1as porciones. En consecuencia, incluso despu\u00e9s de dejar de tomar el medicamento, La p\u00e9rdida de peso contin\u00faa, pero el cuerpo ya se las arregla solo.<\/p>\n<p>La tercera direcci\u00f3n de acci\u00f3n del medicamento es la quema gradual de grasa. Durante el tratamiento, la persona adelgaza notablemente. El exceso de grasa se convierte en energ\u00eda. Se previene la recuperaci\u00f3n del peso corporal.<\/p>\n<h2><b>\u00bfCu\u00e1les son los ingredientes de Matcha Suri? \u00bfC\u00f3mo trabajan?<\/b><\/h2>\n<p>Matcha Suri act\u00faa aprovechando las propiedades naturales de sus ingredientes para potenciar los procesos de transformaci\u00f3n del organismo. Se sabe que muchos de sus ingredientes promueven la p\u00e9rdida de peso mientras mantienen altos los niveles de energ\u00eda y mantienen la masa muscular. Adem\u00e1s, todos los ingredientes Matcha Suri son de origen biol\u00f3gico, y las rese\u00f1as de quienes lo han probado lo definen como un producto hipoalerg\u00e9nico. Los principales componentes de la f\u00f3rmula Matcha Suri:<\/p>\n<ol>\n<li aria-level=\"1\"><b>El extracto de t\u00e9 verde<\/b> es un poderoso antioxidante que estimula los procesos metab\u00f3licos y ayuda al organismo a eliminar toxinas. Tambi\u00e9n es una excelente bebida energ\u00e9tica y se sabe que promueve las funciones transformadoras naturales del cuerpo.<\/li>\n<li aria-level=\"1\"><b>Kelp (alga negra):<\/b> este extracto puede ayudar a desarrollar masa muscular mientras estimula la quema de grasa. Tambi\u00e9n es un valioso antioxidante.<\/li>\n<li aria-level=\"1\"><b>El extracto de jengibre <\/b>es una sustancia particularmente popular porque puede aumentar la energ\u00eda y mejorar el rendimiento f\u00edsico. Esto puede relajar la mente y reducir el estr\u00e9s, que a menudo es la causa del aumento de peso.<\/li>\n<li aria-level=\"1\"><b>L-Glutamina <\/b>\u2013 Cuando nuestro cuerpo entra en cetosis, los procesos metab\u00f3licos mejoran, pero al mismo tiempo la concentraci\u00f3n puede disminuir. La L-glutamina asume el papel de aumentar la energ\u00eda y las capacidades cognitivas sin interrumpir el proceso de formaci\u00f3n.<\/li>\n<\/ol>\n<p>Seg\u00fan muchos expertos, ninguno de estos ingredientes puede provocar contraindicaciones o efectos secundarios si se utiliza correctamente.<\/p>\n<h2><b>Contraindicaciones<\/b><\/h2>\n<p><img loading=\"lazy\" decoding=\"async\" class=\"aligncenter size-full wp-image-28\" src=\"http:\/\/laolladechile.com\/farmacia\/wp-content\/uploads\/2024\/07\/Matcha-Suri-2.jpg\" alt=\"Matcha Suri precio farmacia similares\" width=\"500\" height=\"502\" srcset=\"https:\/\/laolladechile.com\/farmacia\/wp-content\/uploads\/2024\/07\/Matcha-Suri-2.jpg 500w, https:\/\/laolladechile.com\/farmacia\/wp-content\/uploads\/2024\/07\/Matcha-Suri-2-300x300.jpg 300w, https:\/\/laolladechile.com\/farmacia\/wp-content\/uploads\/2024\/07\/Matcha-Suri-2-150x150.jpg 150w, https:\/\/laolladechile.com\/farmacia\/wp-content\/uploads\/2024\/07\/Matcha-Suri-2-100x100.jpg 100w\" sizes=\"(max-width: 500px) 100vw, 500px\" \/><\/p>\n<p>Matcha Suri es seguro ya que se basa en ingredientes naturales. A algunos de ellos, en casos raros, se les presenta intolerancia. Si se detecta una reacci\u00f3n al\u00e9rgica, no se recomienda tomar el medicamento. Es posible volver a tomarlo al cabo de unos d\u00edas, y si se vuelve a detectar alergia no se puede tomar el medicamento.<\/p>\n<p>Las contraindicaciones incluyen per\u00edodos de exacerbaci\u00f3n de enfermedades del est\u00f3mago, intestinos, embarazo y lactancia. Los ni\u00f1os y la vejez tambi\u00e9n son contraindicaciones para el tratamiento. Hay revisiones sobre las c\u00e1psulas de dieta Keto de diferente contenido, pero no se producen efectos secundarios al tomar el medicamento.<\/p>\n<h2><b>\u00bfQu\u00e9 opiniones sobre la eficacia del polvo Matcha Suri quedan en los foros?<\/b><\/h2>\n<p>Si es Matcha Suri, confiable entonces no se puede negar que las opiniones de los usuarios existentes en los foros hablan m\u00e1s que positivamente al respecto. Adem\u00e1s de la composici\u00f3n natural, merece la pena valorar especialmente la relaci\u00f3n calidad-precio. Entre los comentarios m\u00e1s comunes se encuentran aquellos que sugieren que este producto puede favorecer la p\u00e9rdida de peso desde los primeros d\u00edas de uso manteniendo altos niveles de energ\u00eda.<\/p>\n<blockquote><p><b>Mariam<\/b><\/p>\n<p>La p\u00e9rdida de peso gracias a donde comprar\u00a0 Matcha Suri se produjo de forma suave y no afect\u00f3 negativamente a mi bienestar. La fuerza ha aumentado. Not\u00e9 una p\u00e9rdida de peso despu\u00e9s de una semana: mis jeans se volvieron demasiado grandes. El apetito ha disminuido. Ahora no hay antojos de alimentos y dulces poco saludables. Un producto realmente bueno y el precio es bajo para tales resultados.<\/p><\/blockquote>\n<p>&nbsp;<\/p>\n<blockquote><p><b>Hillary<\/b><\/p>\n<p>Me recomend\u00f3 Matcha Suri farmacia del ahorro un nutricionista con muy buena reputaci\u00f3n. El medicamento ayuda a eliminar el problema de la obesidad. El cuerpo vuelve gradualmente a la normalidad, incluso cuando se consumen los mismos alimentos.<\/p>\n<p>En la primera semana perd\u00ed 5 kg; para el segundo 5 kg; para el tercero y el cuarto otros 5 kg, el apetito disminuy\u00f3. Empec\u00e9 a parecer m\u00e1s joven y gan\u00e9 confianza en m\u00ed mismo.<\/p><\/blockquote>\n<p>&nbsp;<\/p>\n<blockquote><p><b>Gabriela<\/b><\/p>\n<p>Lo compr\u00e9 Matcha Suri donde lo puedo conseguir para m\u00ed y lo tom\u00e9 seg\u00fan las instrucciones. En cuatro semanas perd\u00ed 10 kg de grasa, aunque com\u00ed los mismos alimentos de siempre. Ya no enfrento el problema del exceso de peso. Compr\u00e9 algunos paquetes m\u00e1s para las vacaciones.<\/p><\/blockquote>\n<h2><b>\u00bfC\u00f3mo tomar Matcha Suri polvo? \u00bfEste producto es un medicamento y c\u00f3mo se aplica?<\/b><\/h2>\n<p>Matcha Suri no es un medicamento y por lo tanto no requiere receta m\u00e9dica para su compra. Las instrucciones para una administraci\u00f3n adecuada se pueden encontrar en el Folleto de informaci\u00f3n para el paciente en el envase original que contiene 100 gramos de polvo. El fabricante aconseja tomar 5 gramos al d\u00eda durante el tiempo necesario para conseguir el resultado deseado.<\/p>\n<h2><b>\u00bfPrecio del polvo Matcha Suri? \u00bfC\u00f3mo conseguir un art\u00edculo a precio reducido?<\/b><\/h2>\n<p><img loading=\"lazy\" decoding=\"async\" class=\"aligncenter size-full wp-image-27\" src=\"http:\/\/laolladechile.com\/farmacia\/wp-content\/uploads\/2024\/07\/Matcha-Suri-1.jpg\" alt=\"Matcha Suri precio farmacia del ahorro\" width=\"500\" height=\"323\" srcset=\"https:\/\/laolladechile.com\/farmacia\/wp-content\/uploads\/2024\/07\/Matcha-Suri-1.jpg 500w, https:\/\/laolladechile.com\/farmacia\/wp-content\/uploads\/2024\/07\/Matcha-Suri-1-300x194.jpg 300w\" sizes=\"(max-width: 500px) 100vw, 500px\" \/><\/p>\n<p>Ordene y reciba como se usa el Matcha Suri directamente en su casa al mejor precio: es r\u00e1pido y f\u00e1cil. Este producto natural se ofrece en el sitio web oficial. Para \u00e9l es importante que el polvo no se encuentre en las grandes plataformas comerciales. El fabricante decidi\u00f3 distribuir directamente para poder controlar calidad y precio farmacia del ahorro Matcha Suri.<\/p>\n<p>Si desea comprar el producto a un precio con descuento, visite el sitio web oficial de walmart Matcha Suri. All\u00ed s\u00f3lo tendr\u00e1s que rellenar el formulario de pedido, indicando tu nombre y n\u00famero de tel\u00e9fono, y esperar una llamada del distribuidor oficial para confirmar la entrega.<\/p>\n<p>Adem\u00e1s del precio reducido, al realizar un pedido en la web oficial de donde lo venden Matcha Suri tambi\u00e9n tienes derecho a env\u00edo gratuito y a la posibilidad de entrega del polvo. El precio farmacia similares Matcha Suri es el mismo en todos los pa\u00edses europeos.<\/p>\n<h2><b>Beber mucha agua<\/b><\/h2>\n<p>Mantenerse hidratado es importante depende de la dieta que elijas, pero debes tener especial cuidado al seguir una dieta cetog\u00e9nica. Esto se debe a que el cuerpo libera m\u00e1s agua cuando consumimos menos carbohidratos. El consejo es beber al menos dos litros de agua al d\u00eda. Aseg\u00farese de beber m\u00e1s cuando sude, como en los d\u00edas calurosos de verano o despu\u00e9s de un ejercicio intenso.<\/p>\n<p>Matcha Suri debe considerarse como un producto que puede estimular o estimular los procesos que llevan al cuerpo a entrar en cetosis. Este es un producto natural, su uso es absolutamente seguro y muchos consideran que la relaci\u00f3n calidad-precio es realmente excelente. Seg\u00fan muchos seguidores de la dieta keto, es el mejor aliado de la dieta.<\/p>\n","protected":false},"excerpt":{"rendered":"<p>Matcha Suri es un nuevo polvo natural que ayuda al cuerpo a acelerar el metabolismo y quemar grasas. Est\u00e1 inspirado en la dieta cetog\u00e9nica y destaca por la alta pureza de sus ingredientes.<\/p>\n","protected":false},"featured_media":26,"comment_status":"open","ping_status":"closed","template":"","meta":[],"product_cat":[15],"product_tag":[],"yoast_head":"<!-- This site is optimized with the Yoast SEO plugin v23.8 - https:\/\/yoast.com\/wordpress\/plugins\/seo\/ -->\n<title>Matcha Suri - La Olla de Chile Farmacia<\/title>\n<meta name=\"robots\" content=\"index, follow, max-snippet:-1, max-image-preview:large, max-video-preview:-1\" \/>\n<link rel=\"canonical\" href=\"http:\/\/laolladechile.com\/farmacia\/matcha-suri\" \/>\n<meta property=\"og:locale\" content=\"es_ES\" \/>\n<meta property=\"og:type\" content=\"article\" \/>\n<meta property=\"og:title\" content=\"Matcha Suri - La Olla de Chile Farmacia\" \/>\n<meta property=\"og:description\" content=\"Matcha Suri es un nuevo polvo natural que ayuda al cuerpo a acelerar el metabolismo y quemar grasas. Est\u00e1 inspirado en la dieta cetog\u00e9nica y destaca por la alta pureza de sus ingredientes.\" \/>\n<meta property=\"og:url\" content=\"http:\/\/laolladechile.com\/farmacia\/matcha-suri\" \/>\n<meta property=\"og:site_name\" content=\"La Olla de Chile Farmacia\" \/>\n<meta property=\"og:image\" content=\"http:\/\/laolladechile.com\/farmacia\/wp-content\/uploads\/2024\/07\/Matcha-Suri.jpg\" \/>\n\t<meta property=\"og:image:width\" content=\"248\" \/>\n\t<meta property=\"og:image:height\" content=\"340\" \/>\n\t<meta property=\"og:image:type\" content=\"image\/jpeg\" \/>\n<meta name=\"twitter:card\" content=\"summary_large_image\" \/>\n<meta name=\"twitter:label1\" content=\"Tiempo de lectura\" \/>\n\t<meta name=\"twitter:data1\" content=\"11 minutos\" \/>\n<script type=\"application\/ld+json\" class=\"yoast-schema-graph\">{\"@context\":\"https:\/\/schema.org\",\"@graph\":[{\"@type\":\"WebPage\",\"@id\":\"http:\/\/laolladechile.com\/farmacia\/matcha-suri\",\"url\":\"http:\/\/laolladechile.com\/farmacia\/matcha-suri\",\"name\":\"Matcha Suri - La Olla de Chile Farmacia\",\"isPartOf\":{\"@id\":\"https:\/\/laolladechile.com\/farmacia\/#website\"},\"primaryImageOfPage\":{\"@id\":\"http:\/\/laolladechile.com\/farmacia\/matcha-suri#primaryimage\"},\"image\":{\"@id\":\"http:\/\/laolladechile.com\/farmacia\/matcha-suri#primaryimage\"},\"thumbnailUrl\":\"https:\/\/laolladechile.com\/farmacia\/wp-content\/uploads\/2024\/07\/Matcha-Suri.jpg\",\"datePublished\":\"2024-07-26T12:23:54+00:00\",\"dateModified\":\"2024-07-26T12:23:54+00:00\",\"breadcrumb\":{\"@id\":\"http:\/\/laolladechile.com\/farmacia\/matcha-suri#breadcrumb\"},\"inLanguage\":\"es\",\"potentialAction\":[{\"@type\":\"ReadAction\",\"target\":[\"http:\/\/laolladechile.com\/farmacia\/matcha-suri\"]}]},{\"@type\":\"ImageObject\",\"inLanguage\":\"es\",\"@id\":\"http:\/\/laolladechile.com\/farmacia\/matcha-suri#primaryimage\",\"url\":\"https:\/\/laolladechile.com\/farmacia\/wp-content\/uploads\/2024\/07\/Matcha-Suri.jpg\",\"contentUrl\":\"https:\/\/laolladechile.com\/farmacia\/wp-content\/uploads\/2024\/07\/Matcha-Suri.jpg\",\"width\":248,\"height\":340,\"caption\":\"Matcha Suri\"},{\"@type\":\"BreadcrumbList\",\"@id\":\"http:\/\/laolladechile.com\/farmacia\/matcha-suri#breadcrumb\",\"itemListElement\":[{\"@type\":\"ListItem\",\"position\":1,\"name\":\"Home\",\"item\":\"https:\/\/laolladechile.com\/farmacia\/\"},{\"@type\":\"ListItem\",\"position\":2,\"name\":\"Matcha Suri\"}]},{\"@type\":\"WebSite\",\"@id\":\"https:\/\/laolladechile.com\/farmacia\/#website\",\"url\":\"https:\/\/laolladechile.com\/farmacia\/\",\"name\":\"La Olla de Chile Farmacia\",\"description\":\"\",\"publisher\":{\"@id\":\"https:\/\/laolladechile.com\/farmacia\/#organization\"},\"potentialAction\":[{\"@type\":\"SearchAction\",\"target\":{\"@type\":\"EntryPoint\",\"urlTemplate\":\"https:\/\/laolladechile.com\/farmacia\/?s={search_term_string}\"},\"query-input\":{\"@type\":\"PropertyValueSpecification\",\"valueRequired\":true,\"valueName\":\"search_term_string\"}}],\"inLanguage\":\"es\"},{\"@type\":\"Organization\",\"@id\":\"https:\/\/laolladechile.com\/farmacia\/#organization\",\"name\":\"La Olla de Chile Farmacia\",\"url\":\"https:\/\/laolladechile.com\/farmacia\/\",\"logo\":{\"@type\":\"ImageObject\",\"inLanguage\":\"es\",\"@id\":\"https:\/\/laolladechile.com\/farmacia\/#\/schema\/logo\/image\/\",\"url\":\"https:\/\/laolladechile.com\/farmacia\/wp-content\/uploads\/2024\/11\/logo-la-olla.jpg\",\"contentUrl\":\"https:\/\/laolladechile.com\/farmacia\/wp-content\/uploads\/2024\/11\/logo-la-olla.jpg\",\"width\":261,\"height\":62,\"caption\":\"La Olla de Chile Farmacia\"},\"image\":{\"@id\":\"https:\/\/laolladechile.com\/farmacia\/#\/schema\/logo\/image\/\"}}]}<\/script>\n<!-- \/ Yoast SEO plugin. -->","yoast_head_json":{"title":"Matcha Suri - La Olla de Chile Farmacia","robots":{"index":"index","follow":"follow","max-snippet":"max-snippet:-1","max-image-preview":"max-image-preview:large","max-video-preview":"max-video-preview:-1"},"canonical":"http:\/\/laolladechile.com\/farmacia\/matcha-suri","og_locale":"es_ES","og_type":"article","og_title":"Matcha Suri - La Olla de Chile Farmacia","og_description":"Matcha Suri es un nuevo polvo natural que ayuda al cuerpo a acelerar el metabolismo y quemar grasas. Est\u00e1 inspirado en la dieta cetog\u00e9nica y destaca por la alta pureza de sus ingredientes.","og_url":"http:\/\/laolladechile.com\/farmacia\/matcha-suri","og_site_name":"La Olla de Chile Farmacia","og_image":[{"width":248,"height":340,"url":"http:\/\/laolladechile.com\/farmacia\/wp-content\/uploads\/2024\/07\/Matcha-Suri.jpg","type":"image\/jpeg"}],"twitter_card":"summary_large_image","twitter_misc":{"Tiempo de lectura":"11 minutos"},"schema":{"@context":"https:\/\/schema.org","@graph":[{"@type":"WebPage","@id":"http:\/\/laolladechile.com\/farmacia\/matcha-suri","url":"http:\/\/laolladechile.com\/farmacia\/matcha-suri","name":"Matcha Suri - La Olla de Chile Farmacia","isPartOf":{"@id":"https:\/\/laolladechile.com\/farmacia\/#website"},"primaryImageOfPage":{"@id":"http:\/\/laolladechile.com\/farmacia\/matcha-suri#primaryimage"},"image":{"@id":"http:\/\/laolladechile.com\/farmacia\/matcha-suri#primaryimage"},"thumbnailUrl":"https:\/\/laolladechile.com\/farmacia\/wp-content\/uploads\/2024\/07\/Matcha-Suri.jpg","datePublished":"2024-07-26T12:23:54+00:00","dateModified":"2024-07-26T12:23:54+00:00","breadcrumb":{"@id":"http:\/\/laolladechile.com\/farmacia\/matcha-suri#breadcrumb"},"inLanguage":"es","potentialAction":[{"@type":"ReadAction","target":["http:\/\/laolladechile.com\/farmacia\/matcha-suri"]}]},{"@type":"ImageObject","inLanguage":"es","@id":"http:\/\/laolladechile.com\/farmacia\/matcha-suri#primaryimage","url":"https:\/\/laolladechile.com\/farmacia\/wp-content\/uploads\/2024\/07\/Matcha-Suri.jpg","contentUrl":"https:\/\/laolladechile.com\/farmacia\/wp-content\/uploads\/2024\/07\/Matcha-Suri.jpg","width":248,"height":340,"caption":"Matcha Suri"},{"@type":"BreadcrumbList","@id":"http:\/\/laolladechile.com\/farmacia\/matcha-suri#breadcrumb","itemListElement":[{"@type":"ListItem","position":1,"name":"Home","item":"https:\/\/laolladechile.com\/farmacia\/"},{"@type":"ListItem","position":2,"name":"Matcha Suri"}]},{"@type":"WebSite","@id":"https:\/\/laolladechile.com\/farmacia\/#website","url":"https:\/\/laolladechile.com\/farmacia\/","name":"La Olla de Chile Farmacia","description":"","publisher":{"@id":"https:\/\/laolladechile.com\/farmacia\/#organization"},"potentialAction":[{"@type":"SearchAction","target":{"@type":"EntryPoint","urlTemplate":"https:\/\/laolladechile.com\/farmacia\/?s={search_term_string}"},"query-input":{"@type":"PropertyValueSpecification","valueRequired":true,"valueName":"search_term_string"}}],"inLanguage":"es"},{"@type":"Organization","@id":"https:\/\/laolladechile.com\/farmacia\/#organization","name":"La Olla de Chile Farmacia","url":"https:\/\/laolladechile.com\/farmacia\/","logo":{"@type":"ImageObject","inLanguage":"es","@id":"https:\/\/laolladechile.com\/farmacia\/#\/schema\/logo\/image\/","url":"https:\/\/laolladechile.com\/farmacia\/wp-content\/uploads\/2024\/11\/logo-la-olla.jpg","contentUrl":"https:\/\/laolladechile.com\/farmacia\/wp-content\/uploads\/2024\/11\/logo-la-olla.jpg","width":261,"height":62,"caption":"La Olla de Chile Farmacia"},"image":{"@id":"https:\/\/laolladechile.com\/farmacia\/#\/schema\/logo\/image\/"}}]}},"_links":{"self":[{"href":"https:\/\/laolladechile.com\/farmacia\/index.php?rest_route=\/wp\/v2\/product\/19"}],"collection":[{"href":"https:\/\/laolladechile.com\/farmacia\/index.php?rest_route=\/wp\/v2\/product"}],"about":[{"href":"https:\/\/laolladechile.com\/farmacia\/index.php?rest_route=\/wp\/v2\/types\/product"}],"replies":[{"embeddable":true,"href":"https:\/\/laolladechile.com\/farmacia\/index.php?rest_route=%2Fwp%2Fv2%2Fcomments&post=19"}],"wp:featuredmedia":[{"embeddable":true,"href":"https:\/\/laolladechile.com\/farmacia\/index.php?rest_route=\/wp\/v2\/media\/26"}],"wp:attachment":[{"href":"https:\/\/laolladechile.com\/farmacia\/index.php?rest_route=%2Fwp%2Fv2%2Fmedia&parent=19"}],"wp:term":[{"taxonomy":"product_cat","embeddable":true,"href":"https:\/\/laolladechile.com\/farmacia\/index.php?rest_route=%2Fwp%2Fv2%2Fproduct_cat&post=19"},{"taxonomy":"product_tag","embeddable":true,"href":"https:\/\/laolladechile.com\/farmacia\/index.php?rest_route=%2Fwp%2Fv2%2Fproduct_tag&post=19"}],"curies":[{"name":"wp","href":"https:\/\/api.w.org\/{rel}","templated":true}]}}