{"id":208,"date":"2024-11-14T09:40:33","date_gmt":"2024-11-14T08:40:33","guid":{"rendered":"https:\/\/laolladechile.com\/farmacia\/?post_type=product&#038;p=208"},"modified":"2024-11-14T09:40:33","modified_gmt":"2024-11-14T08:40:33","slug":"flekosteel","status":"publish","type":"product","link":"http:\/\/laolladechile.com\/farmacia\/flekosteel","title":{"rendered":"Flekosteel"},"content":{"rendered":"<h2><b>Descripci\u00f3n de la droga gel Flekosteel<\/b><\/h2>\n<p><img loading=\"lazy\" decoding=\"async\" class=\"aligncenter size-full wp-image-212\" src=\"http:\/\/laolladechile.com\/farmacia\/wp-content\/uploads\/2024\/11\/Flekosteel-3.jpg\" alt=\"Flekosteel opiniones\" width=\"500\" height=\"333\" srcset=\"https:\/\/laolladechile.com\/farmacia\/wp-content\/uploads\/2024\/11\/Flekosteel-3.jpg 500w, https:\/\/laolladechile.com\/farmacia\/wp-content\/uploads\/2024\/11\/Flekosteel-3-300x200.jpg 300w\" sizes=\"(max-width: 500px) 100vw, 500px\" \/><\/p>\n<p><b>Flekosteel gel <\/b><span style=\"font-weight: 400;\">es un remedio eficaz a base de una gran cantidad de extractos naturales, que se utiliza para tratar artritis, osteocondrosis, osteoartritis o la prevenci\u00f3n de otras enfermedades articulares. Los ingredientes principales de la f\u00f3rmula son aceite de tibur\u00f3n, veneno de serpiente y cuernos de maral.<\/span><\/p>\n<p><span style=\"font-weight: 400;\">Las sustancias enumeradas tienen excelentes propiedades antiinflamatorias, regeneradoras y antibacterianas. Es por eso que Flekosteel ayuda a resolver r\u00e1pida y f\u00e1cilmente cualquier problema con el sistema musculoesquel\u00e9tico, especialmente si las articulaciones del codo, la rodilla y la cadera necesitan tratamiento.<\/span><\/p>\n<p><span style=\"font-weight: 400;\">A un precio asequible, esta herramienta garantiza a los pacientes una reducci\u00f3n del dolor, estimula la producci\u00f3n natural de l\u00edquido sinovial y restaura las c\u00e9lulas del cart\u00edlago y los tejidos de los ligamentos da\u00f1ados. Otro medicamento alivia la hinchaz\u00f3n de las articulaciones y la columna.<\/span><\/p>\n<p><span style=\"font-weight: 400;\">Los mejores cient\u00edficos del campo de la traumatolog\u00eda, la cirug\u00eda y la ortopedia han trabajado en este gel biol\u00f3gicamente activo. Los especialistas tardaron casi 5 a\u00f1os en desarrollar la f\u00f3rmula ideal, despu\u00e9s de lo cual los investigadores comenzaron las pruebas cl\u00ednicas del f\u00e1rmaco. Solo despu\u00e9s de eso, Flekosteel sali\u00f3 a la venta y r\u00e1pidamente gan\u00f3 popularidad entre los compradores. Despu\u00e9s de todo, despu\u00e9s de la primera aplicaci\u00f3n, el gel reduce significativamente el enrojecimiento, el dolor y la incomodidad en el \u00e1rea afectada.<\/span><\/p>\n<h2><b>\u00bfC\u00f3mo funciona el remedio gel Flekosteel?<\/b><\/h2>\n<p><span style=\"font-weight: 400;\">El medicamento para las articulaciones tiene una consistencia \u00fanica que penetra f\u00e1cilmente en la dermis y llega a la c\u00e1psula articular. Los ingredientes de la composici\u00f3n sintetizan nuevas c\u00e9lulas de cart\u00edlago. En este caso, ninguno de los componentes ingresa al torrente sangu\u00edneo, lo que reduce las posibles reacciones al\u00e9rgicas.<\/span><\/p>\n<p><span style=\"font-weight: 400;\">El gel no tiene efectos secundarios, ya que se basa exclusivamente en una colecci\u00f3n de primera clase de origen natural. Los ingredientes de la empresa de fabricaci\u00f3n compran los ingredientes en peque\u00f1os lotes de proveedores de confianza para lograr el rendimiento excepcional de este producto.<\/span><\/p>\n<p><span style=\"font-weight: 400;\">Las sustancias de origen vegetal y animal no se someten a ning\u00fan tratamiento t\u00e9rmico o qu\u00edmico adicional, y no hay elementos sint\u00e9ticos o t\u00f3xicos en la composici\u00f3n. Este es el primer medicamento del mundo basado en materias primas naturales y con un potencial tan revolucionario en el tratamiento de enfermedades articulares.<\/span><\/p>\n<h2><b>Flekosteel gel debe usarse en los siguientes casos:<\/b><\/h2>\n<ul>\n<li style=\"font-weight: 400;\" aria-level=\"1\"><span style=\"font-weight: 400;\">Con artritis diagnosticada, bursitis, artrosis, osteocondrosis, etc .;<\/span><\/li>\n<li style=\"font-weight: 400;\" aria-level=\"1\"><span style=\"font-weight: 400;\">Como profilaxis de enfermedades articulares;<\/span><\/li>\n<li style=\"font-weight: 400;\" aria-level=\"1\"><span style=\"font-weight: 400;\">Para reducir la carga sobre el sistema musculoesquel\u00e9tico con exceso de peso;<\/span><\/li>\n<li style=\"font-weight: 400;\" aria-level=\"1\"><span style=\"font-weight: 400;\">Con violaciones de procesos metab\u00f3licos y metab\u00f3licos;<\/span><\/li>\n<li style=\"font-weight: 400;\" aria-level=\"1\"><span style=\"font-weight: 400;\">Si tiene predisposici\u00f3n gen\u00e9tica a la destrucci\u00f3n del tejido del cart\u00edlago;<\/span><\/li>\n<li style=\"font-weight: 400;\" aria-level=\"1\"><span style=\"font-weight: 400;\">Con movilidad insuficiente y m\u00ednima actividad f\u00edsica;<\/span><\/li>\n<li style=\"font-weight: 400;\" aria-level=\"1\"><span style=\"font-weight: 400;\">Si las articulaciones est\u00e1n sometidas a un estr\u00e9s grave debido a la pr\u00e1ctica deportiva.<\/span><\/li>\n<\/ul>\n<h2><b>Ventajas de la droga gel Flekosteel<\/b><\/h2>\n<p><img loading=\"lazy\" decoding=\"async\" class=\"aligncenter size-full wp-image-211\" src=\"http:\/\/laolladechile.com\/farmacia\/wp-content\/uploads\/2024\/11\/Flekosteel-2.jpg\" alt=\"Flekosteel medicamento opiniones\" width=\"500\" height=\"375\" srcset=\"https:\/\/laolladechile.com\/farmacia\/wp-content\/uploads\/2024\/11\/Flekosteel-2.jpg 500w, https:\/\/laolladechile.com\/farmacia\/wp-content\/uploads\/2024\/11\/Flekosteel-2-300x225.jpg 300w\" sizes=\"(max-width: 500px) 100vw, 500px\" \/><\/p>\n<ol>\n<li style=\"font-weight: 400;\" aria-level=\"1\"><span style=\"font-weight: 400;\">Composici\u00f3n completamente natural;<\/span><\/li>\n<li style=\"font-weight: 400;\" aria-level=\"1\"><span style=\"font-weight: 400;\">Precio pagable;<\/span><\/li>\n<li style=\"font-weight: 400;\" aria-level=\"1\"><span style=\"font-weight: 400;\">Forma conveniente de lanzamiento;<\/span><\/li>\n<li style=\"font-weight: 400;\" aria-level=\"1\"><span style=\"font-weight: 400;\">Falta de efectos secundarios y alergias;<\/span><\/li>\n<li style=\"font-weight: 400;\" aria-level=\"1\"><span style=\"font-weight: 400;\">Deshacerse de los problemas articulares despu\u00e9s de 1 ciclo de uso;<\/span><\/li>\n<li style=\"font-weight: 400;\" aria-level=\"1\"><span style=\"font-weight: 400;\">El producto cuenta con todos los certificados de calidad y aprobaciones t\u00e9cnicas necesarios;<\/span><\/li>\n<li style=\"font-weight: 400;\" aria-level=\"1\"><span style=\"font-weight: 400;\">La entrega en Rusia se realiza a trav\u00e9s de empresas de transporte de confianza.<\/span><\/li>\n<\/ol>\n<h2><b>?Se puede comprar este remedio en farmacias en M\u00e9xico?<\/b><\/h2>\n<p><span style=\"font-weight: 400;\">Flekosteel no es suministrado por la farmacia de M\u00e9xico. Es por eso que es imposible comprar un medicamento para el tratamiento de las articulaciones en la farmacia.<\/span><\/p>\n<p><span style=\"font-weight: 400;\">Gracias a este enfoque, la empresa de fabricaci\u00f3n intenta proteger a los pacientes de posibles sobrepagos por el medicamento, lucha contra las falsificaciones y regula de forma independiente el proceso de entrega de productos en todo el pa\u00eds.<\/span><\/p>\n<p><span style=\"font-weight: 400;\">Otra raz\u00f3n para esta decisi\u00f3n es que el fabricante est\u00e1 tratando de mantener un precio aceptable por el gel para el comprador promedio. Los especialistas quieren que todos (incluso con un presupuesto limitado) puedan pagar un tratamiento eficaz para la enfermedad articular.<\/span><\/p>\n<h2><b>Instrucciones de uso completas gel Flekosteel<\/b><\/h2>\n<p><span style=\"font-weight: 400;\">La principal ventaja es la forma de liberaci\u00f3n m\u00e1s conveniente y la consistencia ligera. Gracias a esto, nadie tendr\u00e1 problemas con el uso correcto del producto. El paquete contiene instrucciones detalladas sobre c\u00f3mo aplicar el producto en el \u00e1rea afectada.<\/span><\/p>\n<h3><b>Qu\u00e9 tenemos que hacer:<\/b><\/h3>\n<ul>\n<li style=\"font-weight: 400;\" aria-level=\"1\"><span style=\"font-weight: 400;\">El \u00e1rea de la piel a tratar debe limpiarse con agua corriente;<\/span><\/li>\n<li style=\"font-weight: 400;\" aria-level=\"1\"><span style=\"font-weight: 400;\">A continuaci\u00f3n, debe secar la piel con una toalla de papel o de forma natural;<\/span><\/li>\n<li style=\"font-weight: 400;\" aria-level=\"1\"><span style=\"font-weight: 400;\">Luego aplique el gel en el \u00e1rea de la articulaci\u00f3n con ligeros movimientos de masaje;<\/span><\/li>\n<li style=\"font-weight: 400;\" aria-level=\"1\"><span style=\"font-weight: 400;\">Espera a que el producto se absorba por completo y puedas ponerte la ropa sin ensuciarte.<\/span><\/li>\n<\/ul>\n<p><span style=\"font-weight: 400;\">Repita este procedimiento dos o tres veces durante el d\u00eda, seg\u00fan la etapa de la enfermedad y el s\u00edndrome de dolor. El curso m\u00ednimo de tratamiento es de 30 d\u00edas. Adem\u00e1s, el producto se puede aplicar una vez, en momentos de exacerbaci\u00f3n de la enfermedad.<\/span><\/p>\n<h2><b>Composici\u00f3n completa de la droga gel Flekosteel<\/b><\/h2>\n<ul>\n<li style=\"font-weight: 400;\" aria-level=\"1\"><span style=\"font-weight: 400;\">Astas de maral: tiene un excelente efecto antiinflamatorio en el cuerpo y estimula la nutrici\u00f3n de los tejidos con elementos \u00fatiles;<\/span><\/li>\n<li style=\"font-weight: 400;\" aria-level=\"1\"><span style=\"font-weight: 400;\">Un complejo de m\u00e1s de 50 componentes vegetales: tiene un efecto integral en la restauraci\u00f3n del tejido del cart\u00edlago, aumenta la inmunidad local y la producci\u00f3n de l\u00edquido sinovial;<\/span><\/li>\n<li style=\"font-weight: 400;\" aria-level=\"1\"><span style=\"font-weight: 400;\">Grasa de tibur\u00f3n: restaura la movilidad y la elasticidad de los tejidos y ligamentos;<\/span><\/li>\n<li style=\"font-weight: 400;\" aria-level=\"1\"><span style=\"font-weight: 400;\">Veneno de serpiente: act\u00faa como un potente analg\u00e9sico y tiene un buen efecto antiinflamatorio en las articulaciones.<\/span><\/li>\n<\/ul>\n<h2><b>C\u00f3mo usar la droga gel Flekosteel<\/b><\/h2>\n<p><img loading=\"lazy\" decoding=\"async\" class=\"aligncenter size-full wp-image-210\" src=\"http:\/\/laolladechile.com\/farmacia\/wp-content\/uploads\/2024\/11\/Flekosteel-1.jpg\" alt=\"Flekosteel confiable\" width=\"500\" height=\"334\" srcset=\"https:\/\/laolladechile.com\/farmacia\/wp-content\/uploads\/2024\/11\/Flekosteel-1.jpg 500w, https:\/\/laolladechile.com\/farmacia\/wp-content\/uploads\/2024\/11\/Flekosteel-1-300x200.jpg 300w\" sizes=\"(max-width: 500px) 100vw, 500px\" \/><\/p>\n<p><span style=\"font-weight: 400;\">Aplique una peque\u00f1a cantidad de gel sobre la piel limpia alrededor de la articulaci\u00f3n durante un mes. Aplicar el producto con movimientos de masaje en la zona da\u00f1ada al menos 2-3 veces al d\u00eda.<\/span><\/p>\n<h2><b>\u00bfCu\u00e1les son las contraindicaciones del Flekosteel?<\/b><\/h2>\n<p><span style=\"font-weight: 400;\">Este medicamento no tiene contraindicaciones, porque se basa solo en ingredientes naturales y naturales. Flekosteel es completamente seguro para el cuerpo, no causa efectos al\u00e9rgicos ni secundarios. Al mismo tiempo, el gel no penetra en la sangre, por lo que no tiene que preocuparse por su salud incluso con el uso sistem\u00e1tico del producto.<\/span><\/p>\n<h2><b>Comentarios reales de clientes de gel Flekosteel<\/b><\/h2>\n<blockquote><p><b>Daniel, 31 a\u00f1os<\/b><\/p>\n<p><span style=\"font-weight: 400;\">Sin ninguna raz\u00f3n, la articulaci\u00f3n del codo comenz\u00f3 a doler. Inmediatamente fui al m\u00e9dico, pero no encontraron ning\u00fan problema en el examen. Hice una ecograf\u00eda, una resonancia magn\u00e9tica y pas\u00e9 varias pruebas; todav\u00eda no hab\u00eda ninguna raz\u00f3n, y me dol\u00eda el codo las 24 horas del d\u00eda y no me permit\u00eda vivir normalmente. Decid\u00ed buscar un remedio para el tratamiento yo mismo y encontr\u00e9 en el foro la informaci\u00f3n sobre Flekosteel. \u00a1Lo us\u00e9 de acuerdo con las instrucciones y despu\u00e9s de 10 d\u00edas el dolor desapareci\u00f3!<\/span><\/p><\/blockquote>\n<p><span style=\"font-weight: 400;\">\u00a0<\/span><\/p>\n<blockquote><p><b>Alejandra, 62 a\u00f1os<\/b><\/p>\n<p><span style=\"font-weight: 400;\">No puedes enfermarte con mis ingresos, por eso estoy agradecido Flekosteel por el resultado milagroso. En caso de exacerbaci\u00f3n de la artritis o despu\u00e9s de la temporada de verano, siempre uso un gel para aliviar la hinchaz\u00f3n y la inflamaci\u00f3n de las articulaciones. Mi malestar y dolor desaparecen al segundo d\u00eda de uso. Tambi\u00e9n me gusta que no haya sustancias nocivas en la composici\u00f3n y no haya enrojecimiento en la piel.<\/span><\/p><\/blockquote>\n<p><span style=\"font-weight: 400;\">\u00a0<\/span><\/p>\n<blockquote><p><b>Francisco, 44 a\u00f1os<\/b><\/p>\n<p><span style=\"font-weight: 400;\">El m\u00e9dico me aconsej\u00f3 Flekosteel despu\u00e9s de la operaci\u00f3n. Dijo que el gel aliviar\u00e1 la hinchaz\u00f3n, ayudar\u00e1 a recuperarse m\u00e1s r\u00e1pido y proteger\u00e1 completamente contra el dolor. Exactamente un mes me lo unt\u00e9 en la rodilla y realmente no hubo problemas de curaci\u00f3n. Ahora se lo recomiendo a todos los que conozco.<\/span><\/p><\/blockquote>\n<h2><b>\u00bfD\u00f3nde comprar gel Flekosteel?<\/b><\/h2>\n<p><span style=\"font-weight: 400;\">Puede comprar el producto Flekosteel gel solo en Internet. Pero el producto no se presenta en todos los recursos, sino solo en el sitio web oficial del fabricante. En otros lugares, no se puede encontrar el gel original porque la empresa no vende el medicamento en grandes cantidades, no emite pedidos a granel y no revende el medicamento a terceros.<\/span><\/p>\n<p><span style=\"font-weight: 400;\">Por eso, si encuentra Flekosteel en una tienda, centro comercial o cualquier tienda en l\u00ednea, omita el producto: es falso. Los estafadores, disfrazados de remedio real, ofrecen a los pacientes ingenuos un an\u00e1logo que no funciona tan bien como un medicamento certificado.<\/span><\/p>\n<h2><b>\u00bfC\u00f3mo pedir gel Flekosteel?<\/b><\/h2>\n<p><span style=\"font-weight: 400;\">Es muy f\u00e1cil pedir el Flekosteel gel original en el sitio web del fabricante. En la p\u00e1gina principal, busque un formulario especial y complete todos los campos en blanco. Debe indicar su n\u00famero de tel\u00e9fono de contacto y enviar una solicitud para su procesamiento.<\/span><\/p>\n<p><span style=\"font-weight: 400;\">Los gerentes de la empresa del fabricante controlan los pedidos las 24 horas del d\u00eda y se ponen en contacto con el comprador en unas pocas horas. Es por eso que aseg\u00farese de enviar el n\u00famero de tel\u00e9fono m\u00f3vil de contacto, de lo contrario, el empleado no podr\u00e1 llamarlo y especificar la cantidad de paquetes para el paquete.<\/span><\/p>\n<p><span style=\"font-weight: 400;\">Importante: no crea si le ofrecen an\u00e1logos o tontos en otros recursos web, porque son estafadores. La empresa nunca cede el gel de tratamiento conjunto para su distribuci\u00f3n a terceros.<\/span><\/p>\n","protected":false},"excerpt":{"rendered":"<div class=\"flex max-w-full flex-col flex-grow\">\n<div class=\"min-h-8 text-message flex w-full flex-col items-end gap-2 whitespace-normal break-words [.text-message+&amp;]:mt-5\" dir=\"auto\" data-message-author-role=\"assistant\" data-message-id=\"5b694572-a0f6-465a-99cd-1af1dfec0b0a\" data-message-model-slug=\"gpt-4o\">\n<div class=\"flex w-full flex-col gap-1 empty:hidden first:pt-[3px]\">\n<div class=\"markdown prose w-full break-words dark:prose-invert light\">\n<p>Flekosteel es un gel eficaz para tratar enfermedades articulares como la artritis, la osteocondrosis y la osteoartritis, formulado con ingredientes naturales como aceite de tibur\u00f3n y veneno de serpiente. Su potente acci\u00f3n antiinflamatoria y regeneradora ayuda a reducir el dolor y mejorar la movilidad articular desde la primera aplicaci\u00f3n.<\/p>\n<\/div>\n<\/div>\n<\/div>\n<\/div>\n","protected":false},"featured_media":209,"comment_status":"open","ping_status":"closed","template":"","meta":[],"product_cat":[15],"product_tag":[],"yoast_head":"<!-- This site is optimized with the Yoast SEO plugin v23.8 - https:\/\/yoast.com\/wordpress\/plugins\/seo\/ -->\n<title>Flekosteel comprar crema para dolores articulares en La Olla de Chile<\/title>\n<meta name=\"robots\" content=\"index, follow, max-snippet:-1, max-image-preview:large, max-video-preview:-1\" \/>\n<link rel=\"canonical\" href=\"http:\/\/laolladechile.com\/farmacia\/flekosteel\" \/>\n<meta property=\"og:locale\" content=\"es_ES\" \/>\n<meta property=\"og:type\" content=\"article\" \/>\n<meta property=\"og:title\" content=\"Flekosteel comprar crema para dolores articulares en La Olla de Chile\" \/>\n<meta property=\"og:description\" content=\"Flekosteel es un gel eficaz para tratar enfermedades articulares como la artritis, la osteocondrosis y la osteoartritis, formulado con ingredientes naturales como aceite de tibur\u00f3n y veneno de serpiente. Su potente acci\u00f3n antiinflamatoria y regeneradora ayuda a reducir el dolor y mejorar la movilidad articular desde la primera aplicaci\u00f3n.\" \/>\n<meta property=\"og:url\" content=\"http:\/\/laolladechile.com\/farmacia\/flekosteel\" \/>\n<meta property=\"og:site_name\" content=\"La Olla de Chile Farmacia\" \/>\n<meta property=\"og:image\" content=\"http:\/\/laolladechile.com\/farmacia\/wp-content\/uploads\/2024\/11\/Flekosteel.png\" \/>\n\t<meta property=\"og:image:width\" content=\"223\" \/>\n\t<meta property=\"og:image:height\" content=\"350\" \/>\n\t<meta property=\"og:image:type\" content=\"image\/png\" \/>\n<meta name=\"twitter:card\" content=\"summary_large_image\" \/>\n<meta name=\"twitter:label1\" content=\"Tiempo de lectura\" \/>\n\t<meta name=\"twitter:data1\" content=\"7 minutos\" \/>\n<script type=\"application\/ld+json\" class=\"yoast-schema-graph\">{\"@context\":\"https:\/\/schema.org\",\"@graph\":[{\"@type\":\"WebPage\",\"@id\":\"http:\/\/laolladechile.com\/farmacia\/flekosteel\",\"url\":\"http:\/\/laolladechile.com\/farmacia\/flekosteel\",\"name\":\"Flekosteel comprar crema para dolores articulares en La Olla de Chile\",\"isPartOf\":{\"@id\":\"https:\/\/laolladechile.com\/farmacia\/#website\"},\"primaryImageOfPage\":{\"@id\":\"http:\/\/laolladechile.com\/farmacia\/flekosteel#primaryimage\"},\"image\":{\"@id\":\"http:\/\/laolladechile.com\/farmacia\/flekosteel#primaryimage\"},\"thumbnailUrl\":\"https:\/\/laolladechile.com\/farmacia\/wp-content\/uploads\/2024\/11\/Flekosteel.png\",\"datePublished\":\"2024-11-14T08:40:33+00:00\",\"dateModified\":\"2024-11-14T08:40:33+00:00\",\"breadcrumb\":{\"@id\":\"http:\/\/laolladechile.com\/farmacia\/flekosteel#breadcrumb\"},\"inLanguage\":\"es\",\"potentialAction\":[{\"@type\":\"ReadAction\",\"target\":[\"http:\/\/laolladechile.com\/farmacia\/flekosteel\"]}]},{\"@type\":\"ImageObject\",\"inLanguage\":\"es\",\"@id\":\"http:\/\/laolladechile.com\/farmacia\/flekosteel#primaryimage\",\"url\":\"https:\/\/laolladechile.com\/farmacia\/wp-content\/uploads\/2024\/11\/Flekosteel.png\",\"contentUrl\":\"https:\/\/laolladechile.com\/farmacia\/wp-content\/uploads\/2024\/11\/Flekosteel.png\",\"width\":223,\"height\":350,\"caption\":\"Flekosteel\"},{\"@type\":\"BreadcrumbList\",\"@id\":\"http:\/\/laolladechile.com\/farmacia\/flekosteel#breadcrumb\",\"itemListElement\":[{\"@type\":\"ListItem\",\"position\":1,\"name\":\"Home\",\"item\":\"https:\/\/laolladechile.com\/farmacia\/\"},{\"@type\":\"ListItem\",\"position\":2,\"name\":\"Flekosteel\"}]},{\"@type\":\"WebSite\",\"@id\":\"https:\/\/laolladechile.com\/farmacia\/#website\",\"url\":\"https:\/\/laolladechile.com\/farmacia\/\",\"name\":\"La Olla de Chile Farmacia\",\"description\":\"\",\"publisher\":{\"@id\":\"https:\/\/laolladechile.com\/farmacia\/#organization\"},\"potentialAction\":[{\"@type\":\"SearchAction\",\"target\":{\"@type\":\"EntryPoint\",\"urlTemplate\":\"https:\/\/laolladechile.com\/farmacia\/?s={search_term_string}\"},\"query-input\":{\"@type\":\"PropertyValueSpecification\",\"valueRequired\":true,\"valueName\":\"search_term_string\"}}],\"inLanguage\":\"es\"},{\"@type\":\"Organization\",\"@id\":\"https:\/\/laolladechile.com\/farmacia\/#organization\",\"name\":\"La Olla de Chile Farmacia\",\"url\":\"https:\/\/laolladechile.com\/farmacia\/\",\"logo\":{\"@type\":\"ImageObject\",\"inLanguage\":\"es\",\"@id\":\"https:\/\/laolladechile.com\/farmacia\/#\/schema\/logo\/image\/\",\"url\":\"https:\/\/laolladechile.com\/farmacia\/wp-content\/uploads\/2024\/11\/logo-la-olla.jpg\",\"contentUrl\":\"https:\/\/laolladechile.com\/farmacia\/wp-content\/uploads\/2024\/11\/logo-la-olla.jpg\",\"width\":261,\"height\":62,\"caption\":\"La Olla de Chile Farmacia\"},\"image\":{\"@id\":\"https:\/\/laolladechile.com\/farmacia\/#\/schema\/logo\/image\/\"}}]}<\/script>\n<!-- \/ Yoast SEO plugin. -->","yoast_head_json":{"title":"Flekosteel comprar crema para dolores articulares en La Olla de Chile","robots":{"index":"index","follow":"follow","max-snippet":"max-snippet:-1","max-image-preview":"max-image-preview:large","max-video-preview":"max-video-preview:-1"},"canonical":"http:\/\/laolladechile.com\/farmacia\/flekosteel","og_locale":"es_ES","og_type":"article","og_title":"Flekosteel comprar crema para dolores articulares en La Olla de Chile","og_description":"Flekosteel es un gel eficaz para tratar enfermedades articulares como la artritis, la osteocondrosis y la osteoartritis, formulado con ingredientes naturales como aceite de tibur\u00f3n y veneno de serpiente. Su potente acci\u00f3n antiinflamatoria y regeneradora ayuda a reducir el dolor y mejorar la movilidad articular desde la primera aplicaci\u00f3n.","og_url":"http:\/\/laolladechile.com\/farmacia\/flekosteel","og_site_name":"La Olla de Chile Farmacia","og_image":[{"width":223,"height":350,"url":"http:\/\/laolladechile.com\/farmacia\/wp-content\/uploads\/2024\/11\/Flekosteel.png","type":"image\/png"}],"twitter_card":"summary_large_image","twitter_misc":{"Tiempo de lectura":"7 minutos"},"schema":{"@context":"https:\/\/schema.org","@graph":[{"@type":"WebPage","@id":"http:\/\/laolladechile.com\/farmacia\/flekosteel","url":"http:\/\/laolladechile.com\/farmacia\/flekosteel","name":"Flekosteel comprar crema para dolores articulares en La Olla de Chile","isPartOf":{"@id":"https:\/\/laolladechile.com\/farmacia\/#website"},"primaryImageOfPage":{"@id":"http:\/\/laolladechile.com\/farmacia\/flekosteel#primaryimage"},"image":{"@id":"http:\/\/laolladechile.com\/farmacia\/flekosteel#primaryimage"},"thumbnailUrl":"https:\/\/laolladechile.com\/farmacia\/wp-content\/uploads\/2024\/11\/Flekosteel.png","datePublished":"2024-11-14T08:40:33+00:00","dateModified":"2024-11-14T08:40:33+00:00","breadcrumb":{"@id":"http:\/\/laolladechile.com\/farmacia\/flekosteel#breadcrumb"},"inLanguage":"es","potentialAction":[{"@type":"ReadAction","target":["http:\/\/laolladechile.com\/farmacia\/flekosteel"]}]},{"@type":"ImageObject","inLanguage":"es","@id":"http:\/\/laolladechile.com\/farmacia\/flekosteel#primaryimage","url":"https:\/\/laolladechile.com\/farmacia\/wp-content\/uploads\/2024\/11\/Flekosteel.png","contentUrl":"https:\/\/laolladechile.com\/farmacia\/wp-content\/uploads\/2024\/11\/Flekosteel.png","width":223,"height":350,"caption":"Flekosteel"},{"@type":"BreadcrumbList","@id":"http:\/\/laolladechile.com\/farmacia\/flekosteel#breadcrumb","itemListElement":[{"@type":"ListItem","position":1,"name":"Home","item":"https:\/\/laolladechile.com\/farmacia\/"},{"@type":"ListItem","position":2,"name":"Flekosteel"}]},{"@type":"WebSite","@id":"https:\/\/laolladechile.com\/farmacia\/#website","url":"https:\/\/laolladechile.com\/farmacia\/","name":"La Olla de Chile Farmacia","description":"","publisher":{"@id":"https:\/\/laolladechile.com\/farmacia\/#organization"},"potentialAction":[{"@type":"SearchAction","target":{"@type":"EntryPoint","urlTemplate":"https:\/\/laolladechile.com\/farmacia\/?s={search_term_string}"},"query-input":{"@type":"PropertyValueSpecification","valueRequired":true,"valueName":"search_term_string"}}],"inLanguage":"es"},{"@type":"Organization","@id":"https:\/\/laolladechile.com\/farmacia\/#organization","name":"La Olla de Chile Farmacia","url":"https:\/\/laolladechile.com\/farmacia\/","logo":{"@type":"ImageObject","inLanguage":"es","@id":"https:\/\/laolladechile.com\/farmacia\/#\/schema\/logo\/image\/","url":"https:\/\/laolladechile.com\/farmacia\/wp-content\/uploads\/2024\/11\/logo-la-olla.jpg","contentUrl":"https:\/\/laolladechile.com\/farmacia\/wp-content\/uploads\/2024\/11\/logo-la-olla.jpg","width":261,"height":62,"caption":"La Olla de Chile Farmacia"},"image":{"@id":"https:\/\/laolladechile.com\/farmacia\/#\/schema\/logo\/image\/"}}]}},"_links":{"self":[{"href":"https:\/\/laolladechile.com\/farmacia\/index.php?rest_route=\/wp\/v2\/product\/208"}],"collection":[{"href":"https:\/\/laolladechile.com\/farmacia\/index.php?rest_route=\/wp\/v2\/product"}],"about":[{"href":"https:\/\/laolladechile.com\/farmacia\/index.php?rest_route=\/wp\/v2\/types\/product"}],"replies":[{"embeddable":true,"href":"https:\/\/laolladechile.com\/farmacia\/index.php?rest_route=%2Fwp%2Fv2%2Fcomments&post=208"}],"wp:featuredmedia":[{"embeddable":true,"href":"https:\/\/laolladechile.com\/farmacia\/index.php?rest_route=\/wp\/v2\/media\/209"}],"wp:attachment":[{"href":"https:\/\/laolladechile.com\/farmacia\/index.php?rest_route=%2Fwp%2Fv2%2Fmedia&parent=208"}],"wp:term":[{"taxonomy":"product_cat","embeddable":true,"href":"https:\/\/laolladechile.com\/farmacia\/index.php?rest_route=%2Fwp%2Fv2%2Fproduct_cat&post=208"},{"taxonomy":"product_tag","embeddable":true,"href":"https:\/\/laolladechile.com\/farmacia\/index.php?rest_route=%2Fwp%2Fv2%2Fproduct_tag&post=208"}],"curies":[{"name":"wp","href":"https:\/\/api.w.org\/{rel}","templated":true}]}}