{"id":303,"date":"2024-11-15T10:47:18","date_gmt":"2024-11-15T09:47:18","guid":{"rendered":"https:\/\/laolladechile.com\/farmacia\/?post_type=product&#038;p=303"},"modified":"2024-11-15T10:47:18","modified_gmt":"2024-11-15T09:47:18","slug":"provelia","status":"publish","type":"product","link":"http:\/\/laolladechile.com\/farmacia\/provelia","title":{"rendered":"Provelia"},"content":{"rendered":"<p><span style=\"font-weight: 400;\">Muchos procesos en nuestro cuerpo se reflejan tanto en el estado interno como en el exterior. Una de las quejas m\u00e1s comunes de un gran porcentaje de mujeres modernas es la aparici\u00f3n de la piel de naranja. La celulitis es un cambio en la estructura de la capa de grasa que resulta en problemas de circulaci\u00f3n. La dermis se vuelve estirada, fl\u00e1cida y fea. Aparecen depresiones y protuberancias en la superficie, lo que conduce a la aparici\u00f3n de dudas. \u00bfEs este un estado de cosas deprimente? Por eso es el momento de comprar la crema Provelia M\u00e9xico para la celulitis. Tal herramienta te har\u00e1 perfecto. Est\u00e1 dise\u00f1ado para uso en exteriores. Elimina eficazmente la celulitis, cicatrices y estr\u00edas. Bajo la influencia de Provelia, la piel se vuelve m\u00e1s cuidada y firme. La presencia de un certificado de calidad nos permite recomendar esta composici\u00f3n a absolutamente todos. R\u00e1pida absorci\u00f3n, textura ligera y m\u00e1ximo efecto. \u00bfQu\u00e9 m\u00e1s necesita una mujer moderna?<\/span><\/p>\n<p><img loading=\"lazy\" decoding=\"async\" class=\"aligncenter size-full wp-image-307\" src=\"http:\/\/laolladechile.com\/farmacia\/wp-content\/uploads\/2024\/11\/Provelia-3.png\" alt=\"Provelia opiniones\" width=\"500\" height=\"286\" srcset=\"https:\/\/laolladechile.com\/farmacia\/wp-content\/uploads\/2024\/11\/Provelia-3.png 500w, https:\/\/laolladechile.com\/farmacia\/wp-content\/uploads\/2024\/11\/Provelia-3-300x172.png 300w\" sizes=\"(max-width: 500px) 100vw, 500px\" \/><\/p>\n<p><span style=\"font-weight: 400;\">\u00a1Provelia mx es quiz\u00e1s el medicamento m\u00e1s importante de 2016, cuya acci\u00f3n est\u00e1 dirigida a eliminar la celulitis! M\u00e1s de 1.800.000 personas ya han podido familiarizarse con su eficaz f\u00f3rmula, y de su seguridad no cabe duda, ya que se trata de un remedio absolutamente natural.<\/span><\/p>\n<p><span style=\"font-weight: 400;\">Provelia para que sirve para la celulitis es una f\u00f3rmula activa 100% indolora y eficaz dise\u00f1ada para librar a cualquier persona de la formaci\u00f3n de celulitis, sin intervenciones quir\u00fargicas ni entrenamiento.<\/span><\/p>\n<p><span style=\"font-weight: 400;\">Vale la pena comprar Provelia resultados reales para sentir por ti mismo c\u00f3mo en solo 1 curso tu cuerpo gana elasticidad, belleza y una textura saludable, \u00a1como en la juventud!<\/span><\/p>\n<p><span style=\"font-weight: 400;\">El producto demuestra su eficacia muchas veces, teniendo un efecto beneficioso sobre la estructura de la piel con la ayuda del extracto de momia. La composici\u00f3n elimina de manera \u00f3ptima la causa principal de la formaci\u00f3n de celulitis, suprimi\u00e9ndola con la ayuda del extracto de mejorana. Finalmente, la grasa subcut\u00e1nea comienza a descomponerse bajo la influencia del extracto de algas marinas.<\/span><\/p>\n<h2><b>Problema de sobrepeso<\/b><\/h2>\n<p><span style=\"font-weight: 400;\">Muchas mujeres, al notar la celulitis, se dan por vencidas. De hecho, deshacerse de este defecto cosm\u00e9tico es muy dif\u00edcil. A primera vista, parece que este es un fen\u00f3meno absolutamente inofensivo. Sin embargo, estropea terriblemente la apariencia y se vuelve cada vez m\u00e1s perceptible a simple vista. Las ni\u00f1as y mujeres de todas las edades comienzan a acomplejarse y se niegan a usar ropa abierta. Pero eso no es todo. De acuerdo con los resultados de la encuesta, se obtuvieron las siguientes cifras:<\/span><\/p>\n<ul>\n<li style=\"font-weight: 400;\" aria-level=\"1\"><span style=\"font-weight: 400;\">El 90% de los hombres notan una piel de naranja a primera vista y la miran con disgusto;<\/span><\/li>\n<li style=\"font-weight: 400;\" aria-level=\"1\"><span style=\"font-weight: 400;\">en el 80% de las mujeres con celulitis, sus maridos las enga\u00f1an;<\/span><\/li>\n<li style=\"font-weight: 400;\" aria-level=\"1\"><span style=\"font-weight: 400;\">El 98% de las mujeres con piel de naranja no est\u00e1n contentas con su apariencia y se sienten constre\u00f1idas;<\/span><\/li>\n<li style=\"font-weight: 400;\" aria-level=\"1\"><span style=\"font-weight: 400;\">El 84% tiene miedo al sexo por la presencia de celulitis.<\/span><\/li>\n<\/ul>\n<p><span style=\"font-weight: 400;\">Esto sugiere que es hora de resolver el problema. Provelia efectos secundarios\u00a0 te ayudar\u00e1. Debido a su composici\u00f3n \u00fanica, la crema se puede utilizar para combatir las estr\u00edas, la celulitis, las peque\u00f1as cicatrices, los efectos del acn\u00e9 y las erupciones cut\u00e1neas. Bajo la influencia de una f\u00f3rmula innovadora, la piel de naranja y la flacidez desaparecen. La dermis adquiere un aspecto sano y tonificado.<\/span><\/p>\n<h2><b>Beneficios de la Crema Adelgazante Provelia<\/b><\/h2>\n<p><span style=\"font-weight: 400;\">Las opciones para combatir la celulitis son variadas Provelia. Primero, puedes ponerte a dieta. Pero numerosos estudios han demostrado que los bultos desagradables no est\u00e1n asociados con los kilos de m\u00e1s. Incluso con la p\u00e9rdida de peso, estos defectos no desaparecen de la piel. En segundo lugar, puede probar un conjunto de ejercicios f\u00edsicos. El deporte, por supuesto, te permite aplanar tu est\u00f3mago y tus m\u00fasculos m\u00e1s prominentes, pero solo en combinaci\u00f3n con el cuidado externo y la nutrici\u00f3n te complacer\u00e1n los resultados.<\/span><\/p>\n<p><span style=\"font-weight: 400;\">En tercer lugar, hay un masaje especial. La terapia manual tiene un efecto a corto plazo y el problema Provelia precio farmacia del ahorro volver\u00e1 al finalizar el procedimiento. Otra opci\u00f3n es la medicina tradicional. Las recetas de la gente tienen derecho a existir, ya que le permiten eliminar el l\u00edquido estancado y acelerar el metabolismo, pero no afectan el estado de la capa de grasa. En el contexto de todos los m\u00e9todos conocidos, la crema Provelia como se usa el se destaca con impresionantes ventajas:<\/span><\/p>\n<ul>\n<li style=\"font-weight: 400;\" aria-level=\"1\"><span style=\"font-weight: 400;\">tiene un efecto profundo en las capas subcut\u00e1neas;<\/span><\/li>\n<li style=\"font-weight: 400;\" aria-level=\"1\"><span style=\"font-weight: 400;\">alisa incluso la celulitis m\u00e1s notoria;<\/span><\/li>\n<li style=\"font-weight: 400;\" aria-level=\"1\"><span style=\"font-weight: 400;\">se adapta absolutamente a todos;<\/span><\/li>\n<li style=\"font-weight: 400;\" aria-level=\"1\"><span style=\"font-weight: 400;\">no provoca la aparici\u00f3n de alergias y efectos secundarios;<\/span><\/li>\n<li style=\"font-weight: 400;\" aria-level=\"1\"><span style=\"font-weight: 400;\">act\u00faa r\u00e1pidamente;<\/span><\/li>\n<li style=\"font-weight: 400;\" aria-level=\"1\"><span style=\"font-weight: 400;\">elaborado seg\u00fan una receta \u00fanica a partir de ingredientes naturales;<\/span><\/li>\n<li style=\"font-weight: 400;\" aria-level=\"1\"><span style=\"font-weight: 400;\">tiene un precio asequible.<\/span><\/li>\n<\/ul>\n<h2><b>Pros y contras de la crema adelgazante Provelia es bueno o malo<\/b><\/h2>\n<p><img loading=\"lazy\" decoding=\"async\" class=\"aligncenter size-full wp-image-306\" src=\"http:\/\/laolladechile.com\/farmacia\/wp-content\/uploads\/2024\/11\/Provelia-2.png\" alt=\"Provelia medicamento opiniones\" width=\"500\" height=\"338\" srcset=\"https:\/\/laolladechile.com\/farmacia\/wp-content\/uploads\/2024\/11\/Provelia-2.png 500w, https:\/\/laolladechile.com\/farmacia\/wp-content\/uploads\/2024\/11\/Provelia-2-300x203.png 300w\" sizes=\"(max-width: 500px) 100vw, 500px\" \/><\/p>\n<p><span style=\"font-weight: 400;\">En su mayor parte, el efecto del medicamento en las \u00e1reas problem\u00e1ticas de la piel tiene el prop\u00f3sito de:<\/span><\/p>\n<ul>\n<li style=\"font-weight: 400;\" aria-level=\"1\"><span style=\"font-weight: 400;\">eliminaci\u00f3n efectiva y r\u00e1pida del exceso de peso;<\/span><\/li>\n<li style=\"font-weight: 400;\" aria-level=\"1\"><span style=\"font-weight: 400;\">mejora \u00f3ptima de la circulaci\u00f3n sangu\u00ednea en el cuerpo;<\/span><\/li>\n<li style=\"font-weight: 400;\" aria-level=\"1\"><span style=\"font-weight: 400;\">la mejor activaci\u00f3n del metabolismo;<\/span><\/li>\n<li style=\"font-weight: 400;\" aria-level=\"1\"><span style=\"font-weight: 400;\">fortalecimiento muscular \u00f3ptimo y tejido conectivo;<\/span><\/li>\n<li style=\"font-weight: 400;\" aria-level=\"1\"><span style=\"font-weight: 400;\">estabilizaci\u00f3n del estado t\u00f3nico de la piel.<\/span><\/li>\n<\/ul>\n<h2><b>C\u00f3mo funciona la crema adelgazante Provelia como se aplica<\/b><\/h2>\n<p><span style=\"font-weight: 400;\">Inmediatamente despu\u00e9s de la aplicaci\u00f3n, la formulaci\u00f3n activa de la crema comienza a transformar las capas subcut\u00e1neas. Se activa todo estancamiento en el tejido adiposo, lo que mejora el metabolismo y la circulaci\u00f3n sangu\u00ednea. Como resultado de la aplicaci\u00f3n regular de Provelia precio farmacia similares en \u00e1reas problem\u00e1ticas, se logran los siguientes efectos:<\/span><\/p>\n<ul>\n<li style=\"font-weight: 400;\" aria-level=\"1\"><span style=\"font-weight: 400;\">aumento de la circulaci\u00f3n sangu\u00ednea;<\/span><\/li>\n<li style=\"font-weight: 400;\" aria-level=\"1\"><span style=\"font-weight: 400;\">mejora el estado de las embarcaciones;<\/span><\/li>\n<li style=\"font-weight: 400;\" aria-level=\"1\"><span style=\"font-weight: 400;\">los tejidos se fortalecen;<\/span><\/li>\n<li style=\"font-weight: 400;\" aria-level=\"1\"><span style=\"font-weight: 400;\">organismo<\/span><\/li>\n<li style=\"font-weight: 400;\" aria-level=\"1\"><span style=\"font-weight: 400;\">despejado;<\/span><\/li>\n<li style=\"font-weight: 400;\" aria-level=\"1\"><span style=\"font-weight: 400;\">aumenta el tono de la dermis;<\/span><\/li>\n<li style=\"font-weight: 400;\" aria-level=\"1\"><span style=\"font-weight: 400;\">se excreta el exceso de l\u00edquido;<\/span><\/li>\n<li style=\"font-weight: 400;\" aria-level=\"1\"><span style=\"font-weight: 400;\">la celulitis y las imperfecciones existentes de la piel se alisan.<\/span><\/li>\n<\/ul>\n<p><span style=\"font-weight: 400;\">Solo se necesita un curso para sentirse sexy y deseable. Ya no te avergonzar\u00e1s de mostrar tu figura. Tu autoestima aumentar\u00e1 y podr\u00e1s sentirte bella y lujosa.<\/span><\/p>\n<h2><b>C\u00f3mo aplicar la crema Provelia precio m\u00e9xico<\/b><\/h2>\n<ol>\n<li style=\"font-weight: 400;\" aria-level=\"1\"><span style=\"font-weight: 400;\">Se debe exprimir una peque\u00f1a cantidad de crema del tubo hacia la mano.<\/span><\/li>\n<li style=\"font-weight: 400;\" aria-level=\"1\"><span style=\"font-weight: 400;\">Aplique la composici\u00f3n en el \u00e1rea problem\u00e1tica del cuerpo con movimientos de masaje, haciendo este procedimiento simple dos veces al d\u00eda.<\/span><\/li>\n<li style=\"font-weight: 400;\" aria-level=\"1\"><span style=\"font-weight: 400;\">Para consolidar finalmente el efecto logrado de rejuvenecimiento y deshacerse de la piel de \u00abnaranja\u00bb, sin duda debe realizar una terapia de curso con la preparaci\u00f3n de walmart\u00a0 Provelia funciona.<\/span><\/li>\n<\/ol>\n<h2><b>Composici\u00f3n y componentes principales de la crema Provelia<\/b><\/h2>\n<p><img loading=\"lazy\" decoding=\"async\" class=\"aligncenter size-full wp-image-305\" src=\"http:\/\/laolladechile.com\/farmacia\/wp-content\/uploads\/2024\/11\/Provelia-1.png\" alt=\"Provelia confiable\" width=\"500\" height=\"336\" srcset=\"https:\/\/laolladechile.com\/farmacia\/wp-content\/uploads\/2024\/11\/Provelia-1.png 500w, https:\/\/laolladechile.com\/farmacia\/wp-content\/uploads\/2024\/11\/Provelia-1-300x202.png 300w\" sizes=\"(max-width: 500px) 100vw, 500px\" \/><\/p>\n<p><span style=\"font-weight: 400;\">Provelia Cream confiable aporta conocimientos fundamentales y una serie de desarrollos experimentales de cient\u00edficos que han logrado desarrollar la \u00fanica f\u00f3rmula sostenible que contiene la siguiente cantidad de ingredientes:<\/span><\/p>\n<ol>\n<li style=\"font-weight: 400;\" aria-level=\"1\"><span style=\"font-weight: 400;\">La sustancia extractiva de las algas marinas promueve la divisi\u00f3n efectiva de la capa de grasa subcut\u00e1nea, reforzando su actividad con 27 vitaminas y 18 microelementos esenciales.<\/span><\/li>\n<li style=\"font-weight: 400;\" aria-level=\"1\"><span style=\"font-weight: 400;\">La sustancia extractiva de la mejorana ayuda a mejorar la microcirculaci\u00f3n del flujo sangu\u00edneo, ya que el ingrediente contiene la cantidad necesaria de taninos y 35 aceites diferentes.<\/span><\/li>\n<li style=\"font-weight: 400;\" aria-level=\"1\"><span style=\"font-weight: 400;\">El extracto de Shilajit ayuda a eliminar la \u00abpiel de naranja\u00bb del cuerpo al introducir amino\u00e1cidos estables en la estructura de la piel.<\/span><\/li>\n<li style=\"font-weight: 400;\" aria-level=\"1\"><span style=\"font-weight: 400;\">Ginkgo biloba, una sustancia extractiva, ayuda a fortalecer los vasos sangu\u00edneos al actuar sobre ellos con la ayuda de un ginkg\u00f3lido \u00fanico.<\/span><\/li>\n<\/ol>\n<h2><b>Opiniones de clientes de Provelia crema &#8211; medicamento opiniones<\/b><\/h2>\n<blockquote><p><b>Idania<\/b><\/p>\n<p><span style=\"font-weight: 400;\">Tom\u00e9 un enfoque integral al tema de trabajar en mi figura. Me apunt\u00e9 al gimnasio, me puse a dieta y compr\u00e9 la crema Provelia farmacia del ahorro. Estaba satisfecho con el efecto. La celulitis se alisa notablemente. La piel es fresca y suave. Sensaci\u00f3n agradable despu\u00e9s de la aplicaci\u00f3n. La composici\u00f3n es refrescante y huele bien. Siempre lo uso antes de ir al gimnasio y siempre lo aplico despu\u00e9s de la sauna y el ba\u00f1o.<\/span><\/p><\/blockquote>\n<p>&nbsp;<\/p>\n<blockquote><p><b>Emely<\/b><\/p>\n<p><span style=\"font-weight: 400;\">He estado con celulitis desde que ten\u00eda 20 a\u00f1os. La fea corteza se volvi\u00f3 m\u00e1s fea con los a\u00f1os. Odiaba mi cuerpo, pero aun as\u00ed decid\u00ed experimentar. Compr\u00e9 Provelia farmacias en Internet y comenc\u00e9 a usarlo activamente. \u00a1S\u00ed, no esperaba un efecto tan r\u00e1pido! \u00a1La piel ha cambiado significativamente!<\/span><\/p><\/blockquote>\n<p>&nbsp;<\/p>\n<blockquote><p><b>Neleli<\/b><\/p>\n<p><span style=\"font-weight: 400;\">Provelia precio es uno de los mejores productos nuevos para la belleza femenina. Ayuda mucho a sobrellevar la celulitis antigua y las estr\u00edas, que, pens\u00e9, nunca desaparecer\u00edan. Lo he estado usando durante el segundo mes. Se consume econ\u00f3micamente, no deja marcas en la ropa.<\/span><\/p><\/blockquote>\n<p>&nbsp;<\/p>\n<blockquote><p><b>Leilani<\/b><\/p>\n<p><span style=\"font-weight: 400;\">Despu\u00e9s de dar a luz, desarroll\u00e9 estr\u00edas en las caderas, el pecho y el abdomen. Esta crema de hierbas me ayud\u00f3 Provelia donde lo puedo conseguir. Es muy eficaz contra las estr\u00edas. La piel se ha vuelto flexible y firme. Not\u00e9 que despu\u00e9s de dos semanas todos los defectos comenzaron a ponerse blancos y la piel comenz\u00f3 a nivelarse. El efecto definitivamente est\u00e1 ah\u00ed.<\/span><\/p><\/blockquote>\n<p>&nbsp;<\/p>\n<blockquote><p><b>Paola<\/b><\/p>\n<p><span style=\"font-weight: 400;\">Despu\u00e9s de divorciarme de mi esposo, tuve una depresi\u00f3n terrible. Gan\u00e9 mucho exceso de peso. Empez\u00f3 a sentirse avergonzada de s\u00ed misma. Es bueno que me encontr\u00e9 con esta crema a base de hierbas Provelia precio. Perder peso es mucho m\u00e1s f\u00e1cil con \u00e9l. Se deshizo de la flacidez y tens\u00f3 las \u00e1reas problem\u00e1ticas.<\/span><\/p><\/blockquote>\n<h2><b>\u00bfD\u00f3nde comprar la crema Provelia? Donde lo venden?<\/b><\/h2>\n<p><span style=\"font-weight: 400;\">Si est\u00e1 pensando en comprar un producto para uso personal, tome nota de la informaci\u00f3n de que puede comprar un producto original solo en el sitio web del fabricante Provelia donde comprar. Esta medida forzada, introducida por el fabricante, le permite luchar eficazmente contra los estafadores y le permite mantener el precio de los productos en un rango aceptable disponible para todas las mujeres.<\/span><\/p>\n<p><span style=\"font-weight: 400;\">Solo necesita visitar el sitio web de la compa\u00f1\u00eda, dejar su solicitud all\u00ed, recibir una llamada r\u00e1pida Provelia donde lo venden a su tel\u00e9fono del curador de pedidos y acordar con \u00e9l la entrega a su direcci\u00f3n postal. Solo despu\u00e9s de la recepci\u00f3n inmediata del paquete, paga el monto total de la compra al cajero del operador postal.<\/span><\/p>\n","protected":false},"excerpt":{"rendered":"<div class=\"flex max-w-full flex-col flex-grow\">\n<div class=\"min-h-8 text-message flex w-full flex-col items-end gap-2 whitespace-normal break-words [.text-message+&amp;]:mt-5\" dir=\"auto\" data-message-author-role=\"assistant\" data-message-id=\"f9052512-6096-427a-9c3c-680035c52c2e\" data-message-model-slug=\"gpt-4o\">\n<div class=\"flex w-full flex-col gap-1 empty:hidden first:pt-[3px]\">\n<div class=\"markdown prose w-full break-words dark:prose-invert light\">\n<p>Provelia es una crema innovadora para combatir la celulitis, formulada con ingredientes naturales como extracto de momia, mejorana y algas marinas. Su acci\u00f3n eficaz restaura la elasticidad de la piel, mejora su textura y elimina visiblemente cicatrices y estr\u00edas.<\/p>\n<\/div>\n<\/div>\n<\/div>\n<\/div>\n","protected":false},"featured_media":304,"comment_status":"open","ping_status":"closed","template":"","meta":[],"product_cat":[15],"product_tag":[],"yoast_head":"<!-- This site is optimized with the Yoast SEO plugin v23.8 - https:\/\/yoast.com\/wordpress\/plugins\/seo\/ -->\n<title>Provelia comprar crema adelgazante en La Olla de Chile<\/title>\n<meta name=\"robots\" content=\"index, follow, max-snippet:-1, max-image-preview:large, max-video-preview:-1\" \/>\n<link rel=\"canonical\" href=\"http:\/\/laolladechile.com\/farmacia\/provelia\" \/>\n<meta property=\"og:locale\" content=\"es_ES\" \/>\n<meta property=\"og:type\" content=\"article\" \/>\n<meta property=\"og:title\" content=\"Provelia comprar crema adelgazante en La Olla de Chile\" \/>\n<meta property=\"og:description\" content=\"Provelia es una crema innovadora para combatir la celulitis, formulada con ingredientes naturales como extracto de momia, mejorana y algas marinas. Su acci\u00f3n eficaz restaura la elasticidad de la piel, mejora su textura y elimina visiblemente cicatrices y estr\u00edas.\" \/>\n<meta property=\"og:url\" content=\"http:\/\/laolladechile.com\/farmacia\/provelia\" \/>\n<meta property=\"og:site_name\" content=\"La Olla de Chile Farmacia\" \/>\n<meta property=\"og:image\" content=\"http:\/\/laolladechile.com\/farmacia\/wp-content\/uploads\/2024\/11\/Provelia.png\" \/>\n\t<meta property=\"og:image:width\" content=\"238\" \/>\n\t<meta property=\"og:image:height\" content=\"350\" \/>\n\t<meta property=\"og:image:type\" content=\"image\/png\" \/>\n<meta name=\"twitter:card\" content=\"summary_large_image\" \/>\n<meta name=\"twitter:label1\" content=\"Tiempo de lectura\" \/>\n\t<meta name=\"twitter:data1\" content=\"7 minutos\" \/>\n<script type=\"application\/ld+json\" class=\"yoast-schema-graph\">{\"@context\":\"https:\/\/schema.org\",\"@graph\":[{\"@type\":\"WebPage\",\"@id\":\"http:\/\/laolladechile.com\/farmacia\/provelia\",\"url\":\"http:\/\/laolladechile.com\/farmacia\/provelia\",\"name\":\"Provelia comprar crema adelgazante en La Olla de Chile\",\"isPartOf\":{\"@id\":\"https:\/\/laolladechile.com\/farmacia\/#website\"},\"primaryImageOfPage\":{\"@id\":\"http:\/\/laolladechile.com\/farmacia\/provelia#primaryimage\"},\"image\":{\"@id\":\"http:\/\/laolladechile.com\/farmacia\/provelia#primaryimage\"},\"thumbnailUrl\":\"https:\/\/laolladechile.com\/farmacia\/wp-content\/uploads\/2024\/11\/Provelia.png\",\"datePublished\":\"2024-11-15T09:47:18+00:00\",\"dateModified\":\"2024-11-15T09:47:18+00:00\",\"breadcrumb\":{\"@id\":\"http:\/\/laolladechile.com\/farmacia\/provelia#breadcrumb\"},\"inLanguage\":\"es\",\"potentialAction\":[{\"@type\":\"ReadAction\",\"target\":[\"http:\/\/laolladechile.com\/farmacia\/provelia\"]}]},{\"@type\":\"ImageObject\",\"inLanguage\":\"es\",\"@id\":\"http:\/\/laolladechile.com\/farmacia\/provelia#primaryimage\",\"url\":\"https:\/\/laolladechile.com\/farmacia\/wp-content\/uploads\/2024\/11\/Provelia.png\",\"contentUrl\":\"https:\/\/laolladechile.com\/farmacia\/wp-content\/uploads\/2024\/11\/Provelia.png\",\"width\":238,\"height\":350,\"caption\":\"Provelia\"},{\"@type\":\"BreadcrumbList\",\"@id\":\"http:\/\/laolladechile.com\/farmacia\/provelia#breadcrumb\",\"itemListElement\":[{\"@type\":\"ListItem\",\"position\":1,\"name\":\"Home\",\"item\":\"https:\/\/laolladechile.com\/farmacia\/\"},{\"@type\":\"ListItem\",\"position\":2,\"name\":\"Provelia\"}]},{\"@type\":\"WebSite\",\"@id\":\"https:\/\/laolladechile.com\/farmacia\/#website\",\"url\":\"https:\/\/laolladechile.com\/farmacia\/\",\"name\":\"La Olla de Chile Farmacia\",\"description\":\"\",\"publisher\":{\"@id\":\"https:\/\/laolladechile.com\/farmacia\/#organization\"},\"potentialAction\":[{\"@type\":\"SearchAction\",\"target\":{\"@type\":\"EntryPoint\",\"urlTemplate\":\"https:\/\/laolladechile.com\/farmacia\/?s={search_term_string}\"},\"query-input\":{\"@type\":\"PropertyValueSpecification\",\"valueRequired\":true,\"valueName\":\"search_term_string\"}}],\"inLanguage\":\"es\"},{\"@type\":\"Organization\",\"@id\":\"https:\/\/laolladechile.com\/farmacia\/#organization\",\"name\":\"La Olla de Chile Farmacia\",\"url\":\"https:\/\/laolladechile.com\/farmacia\/\",\"logo\":{\"@type\":\"ImageObject\",\"inLanguage\":\"es\",\"@id\":\"https:\/\/laolladechile.com\/farmacia\/#\/schema\/logo\/image\/\",\"url\":\"https:\/\/laolladechile.com\/farmacia\/wp-content\/uploads\/2024\/11\/logo-la-olla.jpg\",\"contentUrl\":\"https:\/\/laolladechile.com\/farmacia\/wp-content\/uploads\/2024\/11\/logo-la-olla.jpg\",\"width\":261,\"height\":62,\"caption\":\"La Olla de Chile Farmacia\"},\"image\":{\"@id\":\"https:\/\/laolladechile.com\/farmacia\/#\/schema\/logo\/image\/\"}}]}<\/script>\n<!-- \/ Yoast SEO plugin. -->","yoast_head_json":{"title":"Provelia comprar crema adelgazante en La Olla de Chile","robots":{"index":"index","follow":"follow","max-snippet":"max-snippet:-1","max-image-preview":"max-image-preview:large","max-video-preview":"max-video-preview:-1"},"canonical":"http:\/\/laolladechile.com\/farmacia\/provelia","og_locale":"es_ES","og_type":"article","og_title":"Provelia comprar crema adelgazante en La Olla de Chile","og_description":"Provelia es una crema innovadora para combatir la celulitis, formulada con ingredientes naturales como extracto de momia, mejorana y algas marinas. Su acci\u00f3n eficaz restaura la elasticidad de la piel, mejora su textura y elimina visiblemente cicatrices y estr\u00edas.","og_url":"http:\/\/laolladechile.com\/farmacia\/provelia","og_site_name":"La Olla de Chile Farmacia","og_image":[{"width":238,"height":350,"url":"http:\/\/laolladechile.com\/farmacia\/wp-content\/uploads\/2024\/11\/Provelia.png","type":"image\/png"}],"twitter_card":"summary_large_image","twitter_misc":{"Tiempo de lectura":"7 minutos"},"schema":{"@context":"https:\/\/schema.org","@graph":[{"@type":"WebPage","@id":"http:\/\/laolladechile.com\/farmacia\/provelia","url":"http:\/\/laolladechile.com\/farmacia\/provelia","name":"Provelia comprar crema adelgazante en La Olla de Chile","isPartOf":{"@id":"https:\/\/laolladechile.com\/farmacia\/#website"},"primaryImageOfPage":{"@id":"http:\/\/laolladechile.com\/farmacia\/provelia#primaryimage"},"image":{"@id":"http:\/\/laolladechile.com\/farmacia\/provelia#primaryimage"},"thumbnailUrl":"https:\/\/laolladechile.com\/farmacia\/wp-content\/uploads\/2024\/11\/Provelia.png","datePublished":"2024-11-15T09:47:18+00:00","dateModified":"2024-11-15T09:47:18+00:00","breadcrumb":{"@id":"http:\/\/laolladechile.com\/farmacia\/provelia#breadcrumb"},"inLanguage":"es","potentialAction":[{"@type":"ReadAction","target":["http:\/\/laolladechile.com\/farmacia\/provelia"]}]},{"@type":"ImageObject","inLanguage":"es","@id":"http:\/\/laolladechile.com\/farmacia\/provelia#primaryimage","url":"https:\/\/laolladechile.com\/farmacia\/wp-content\/uploads\/2024\/11\/Provelia.png","contentUrl":"https:\/\/laolladechile.com\/farmacia\/wp-content\/uploads\/2024\/11\/Provelia.png","width":238,"height":350,"caption":"Provelia"},{"@type":"BreadcrumbList","@id":"http:\/\/laolladechile.com\/farmacia\/provelia#breadcrumb","itemListElement":[{"@type":"ListItem","position":1,"name":"Home","item":"https:\/\/laolladechile.com\/farmacia\/"},{"@type":"ListItem","position":2,"name":"Provelia"}]},{"@type":"WebSite","@id":"https:\/\/laolladechile.com\/farmacia\/#website","url":"https:\/\/laolladechile.com\/farmacia\/","name":"La Olla de Chile Farmacia","description":"","publisher":{"@id":"https:\/\/laolladechile.com\/farmacia\/#organization"},"potentialAction":[{"@type":"SearchAction","target":{"@type":"EntryPoint","urlTemplate":"https:\/\/laolladechile.com\/farmacia\/?s={search_term_string}"},"query-input":{"@type":"PropertyValueSpecification","valueRequired":true,"valueName":"search_term_string"}}],"inLanguage":"es"},{"@type":"Organization","@id":"https:\/\/laolladechile.com\/farmacia\/#organization","name":"La Olla de Chile Farmacia","url":"https:\/\/laolladechile.com\/farmacia\/","logo":{"@type":"ImageObject","inLanguage":"es","@id":"https:\/\/laolladechile.com\/farmacia\/#\/schema\/logo\/image\/","url":"https:\/\/laolladechile.com\/farmacia\/wp-content\/uploads\/2024\/11\/logo-la-olla.jpg","contentUrl":"https:\/\/laolladechile.com\/farmacia\/wp-content\/uploads\/2024\/11\/logo-la-olla.jpg","width":261,"height":62,"caption":"La Olla de Chile Farmacia"},"image":{"@id":"https:\/\/laolladechile.com\/farmacia\/#\/schema\/logo\/image\/"}}]}},"_links":{"self":[{"href":"https:\/\/laolladechile.com\/farmacia\/index.php?rest_route=\/wp\/v2\/product\/303"}],"collection":[{"href":"https:\/\/laolladechile.com\/farmacia\/index.php?rest_route=\/wp\/v2\/product"}],"about":[{"href":"https:\/\/laolladechile.com\/farmacia\/index.php?rest_route=\/wp\/v2\/types\/product"}],"replies":[{"embeddable":true,"href":"https:\/\/laolladechile.com\/farmacia\/index.php?rest_route=%2Fwp%2Fv2%2Fcomments&post=303"}],"wp:featuredmedia":[{"embeddable":true,"href":"https:\/\/laolladechile.com\/farmacia\/index.php?rest_route=\/wp\/v2\/media\/304"}],"wp:attachment":[{"href":"https:\/\/laolladechile.com\/farmacia\/index.php?rest_route=%2Fwp%2Fv2%2Fmedia&parent=303"}],"wp:term":[{"taxonomy":"product_cat","embeddable":true,"href":"https:\/\/laolladechile.com\/farmacia\/index.php?rest_route=%2Fwp%2Fv2%2Fproduct_cat&post=303"},{"taxonomy":"product_tag","embeddable":true,"href":"https:\/\/laolladechile.com\/farmacia\/index.php?rest_route=%2Fwp%2Fv2%2Fproduct_tag&post=303"}],"curies":[{"name":"wp","href":"https:\/\/api.w.org\/{rel}","templated":true}]}}