{"id":308,"date":"2024-11-15T11:00:43","date_gmt":"2024-11-15T10:00:43","guid":{"rendered":"https:\/\/laolladechile.com\/farmacia\/?post_type=product&#038;p=308"},"modified":"2024-11-15T11:00:43","modified_gmt":"2024-11-15T10:00:43","slug":"hermunoprofaiber","status":"publish","type":"product","link":"http:\/\/laolladechile.com\/farmacia\/hermunoprofaiber","title":{"rendered":"Hermuno&#038;Profaiber"},"content":{"rendered":"<h2><span style=\"font-weight: 400;\">Composici\u00f3n Hermuno&amp;Profaiber pastillas<\/span><\/h2>\n<p><img loading=\"lazy\" decoding=\"async\" class=\"aligncenter size-full wp-image-309\" src=\"http:\/\/laolladechile.com\/farmacia\/wp-content\/uploads\/2024\/11\/HermunoProfaiber-1.jpg\" alt=\"Hermuno&amp;Profaiber como se usa el\" width=\"500\" height=\"173\" srcset=\"https:\/\/laolladechile.com\/farmacia\/wp-content\/uploads\/2024\/11\/HermunoProfaiber-1.jpg 500w, https:\/\/laolladechile.com\/farmacia\/wp-content\/uploads\/2024\/11\/HermunoProfaiber-1-300x104.jpg 300w\" sizes=\"(max-width: 500px) 100vw, 500px\" \/><\/p>\n<p><span style=\"font-weight: 400;\">ingrediente activo: pirantel;<\/span><\/p>\n<p><span style=\"font-weight: 400;\">1 c\u00e1psula contiene embonato de pirantel equivalente a 250 mg de pirantel;<\/span><\/p>\n<p><span style=\"font-weight: 400;\">excipientes: almid\u00f3n de ma\u00edz, povidona, croscarmelosa s\u00f3dica, estearato de magnesio, Sepifilm TM 002 * Sepispers TM AP3065 amarillo **.<\/span><\/p>\n<p><span style=\"font-weight: 400;\">* SepifilmTM 002: hipromelosa, celulosa microcristalina, estearato de macrogol 8 tipo I;<\/span><\/p>\n<p><span style=\"font-weight: 400;\">** SepispersTM AP3065 amarillo: agua purificada, propilenglicol, hipromelosa, di\u00f3xido de titanio (E 171), barniz de aluminio amarillo ocaso FCF (E 110).<\/span><\/p>\n<h2><span style=\"font-weight: 400;\">La forma de dosificaci\u00f3n es una<\/span><\/h2>\n<p><span style=\"font-weight: 400;\">c\u00e1psularecubierta con pel\u00edcula.<\/span><\/p>\n<p><span style=\"font-weight: 400;\">Propiedades f\u00edsicas y qu\u00edmicas b\u00e1sicas: c\u00e1psulas recubiertas con pel\u00edcula, de color amarillo anaranjado con una l\u00ednea divisoria.<\/span><\/p>\n<h2><span style=\"font-weight: 400;\">Grupo farmacoterap\u00e9utico<\/span><\/h2>\n<p><span style=\"font-weight: 400;\">Agentes antiparasitarios, insecticidas y repelentes. Medicamentos antihelm\u00ednticos. Medios utilizados para nematodos. Derivados de tetrahidropirimidina. Pirantel. C\u00f3digo ATX \u042002\u0421 \u042101.<\/span><\/p>\n<h2><span style=\"font-weight: 400;\">Farmacodin\u00e1mica Hermuno&amp;Profaiber pastillas<\/span><\/h2>\n<p><span style=\"font-weight: 400;\">Pirantel es un agente antihelm\u00edntico. Activo contra Enterobius vermicularis, Ascaris lumbricoides, Ancylostoma duodenale y Necator americanus. Pirantel conduce a un bloqueo neuromuscular, que paraliza a los helmintos, como resultado de lo cual son excretados por la peristalsis intestinal junto con las heces. Pirantel es activo contra formas sensibles sexualmente maduras e inmaduras de helmintos. No afecta a las larvas de helmintos, migra a trav\u00e9s de los tejidos.<\/span><\/p>\n<h2><span style=\"font-weight: 400;\">Farmacocin\u00e9tica La<\/span><\/h2>\n<p><span style=\"font-weight: 400;\">reabsorci\u00f3n intestinal de pirantel es muy baja. Despu\u00e9s de tomar el medicamento, la concentraci\u00f3n en el plasma sangu\u00edneo es muy baja (0.05-0.13 \u03bcg \/ ml) y alcanza un m\u00e1ximo en 1-3 horas. Hasta el 93% se excreta inalterado en las heces. Menos del 7% se encuentra inalterado en la orina y en forma de metabolitos.<\/span><\/p>\n<h2><span style=\"font-weight: 400;\">Indicaciones Hermuno&amp;Profaiber pastillas<\/span><\/h2>\n<p><span style=\"font-weight: 400;\">Enterobiasis, ascariasis, anquilostomas.<\/span><\/p>\n<h2><span style=\"font-weight: 400;\">Contraindicaciones<\/span><\/h2>\n<p><span style=\"font-weight: 400;\">Hipersensibilidad a cualquier componente del f\u00e1rmaco.<\/span><\/p>\n<h3><span style=\"font-weight: 400;\">Interacci\u00f3n con otros medicamentos y otras formas de interacci\u00f3n<\/span><\/h3>\n<p><span style=\"font-weight: 400;\">No usar con piperazina, que es un antagonista de la acci\u00f3n antihelm\u00edntica del pirantel.<\/span><\/p>\n<p><img loading=\"lazy\" decoding=\"async\" class=\"aligncenter size-full wp-image-310\" src=\"http:\/\/laolladechile.com\/farmacia\/wp-content\/uploads\/2024\/11\/HermunoProfaiber-2.jpg\" alt=\"Hermuno&amp;Profaiber como se aplica\" width=\"500\" height=\"286\" srcset=\"https:\/\/laolladechile.com\/farmacia\/wp-content\/uploads\/2024\/11\/HermunoProfaiber-2.jpg 500w, https:\/\/laolladechile.com\/farmacia\/wp-content\/uploads\/2024\/11\/HermunoProfaiber-2-300x172.jpg 300w\" sizes=\"(max-width: 500px) 100vw, 500px\" \/><\/p>\n<h2><span style=\"font-weight: 400;\">Caracter\u00edsticas de aplicaci\u00f3n Hermuno&amp;Profaiber pastillas<\/span><\/h2>\n<p><span style=\"font-weight: 400;\">En caso de insuficiencia hep\u00e1tica, se recomienda reducir la dosis.<\/span><\/p>\n<p><span style=\"font-weight: 400;\">Enterobiasis. Para prevenir la reinfecci\u00f3n, es necesario tomar estrictas medidas de higiene: realizar un ba\u00f1o diario en la zona perianal, limpiar las u\u00f1as varias veces al d\u00eda. Los ni\u00f1os necesitan cortarse las u\u00f1as. C\u00e1mbiese la ropa interior y el pijama con regularidad. Evite que se raye. Se recomienda tratar a todos los miembros de la familia al mismo tiempo, ya que la infecci\u00f3n suele ser asintom\u00e1tica.<\/span><\/p>\n<p><span style=\"font-weight: 400;\">Este medicamento contiene colorante amarillo ocaso FCF (E 110), que puede provocar una reacci\u00f3n al\u00e9rgica.<\/span><\/p>\n<h2><span style=\"font-weight: 400;\">La capacidad de influir en la velocidad de reacci\u00f3n al conducir o utilizar maquinaria.Las<\/span><\/h2>\n<p><span style=\"font-weight: 400;\">reacciones adversas del sistema nervioso, que a veces se pueden observar durante el tratamiento con Hermuno&amp;Profaiber pastillas, pueden afectar la velocidad de reacci\u00f3n al conducir veh\u00edculos y la capacidad para utilizar maquinaria.<\/span><\/p>\n<h2><span style=\"font-weight: 400;\">Aplicaci\u00f3n durante la gestaci\u00f3n o la lactancia Hermuno&amp;Profaiber pastillas<\/span><\/h2>\n<p><span style=\"font-weight: 400;\">Debido a la falta de efecto teratog\u00e9nico en animales, no se esperan malformaciones cong\u00e9nitas en humanos. Hasta la fecha, se han confirmado cl\u00ednicamente malformaciones cong\u00e9nitas o efectos fetot\u00f3xicos. Sin embargo, controlar el uso de pirantel durante el embarazo es insuficiente para excluir todos los posibles riesgos. Por lo tanto, este medicamento puede usarse durante el embarazo solo si es absolutamente necesario, despu\u00e9s de una evaluaci\u00f3n cuidadosa de la relaci\u00f3n beneficio \/ riesgo para el feto, que es determinada por el m\u00e9dico.<\/span><\/p>\n<p><span style=\"font-weight: 400;\">Debido a la falta de estudios publicados sobre el efecto indeseable del pirantel en ni\u00f1os amamantados, el uso de Hermuno&amp;Profaiber pastillas es posible, si es necesario, despu\u00e9s de consultar a un m\u00e9dico.<\/span><\/p>\n<h2><span style=\"font-weight: 400;\">M\u00e9todo de administraci\u00f3n y dosificaci\u00f3n<\/span><\/h2>\n<p><span style=\"font-weight: 400;\">El medicamento se puede tomar en cualquier momento, no es necesario tomar el medicamento con el est\u00f3mago vac\u00edo y en el uso previo de laxantes.<\/span><\/p>\n<p><span style=\"font-weight: 400;\">Enterobiasis y ascariasis.<\/span><\/p>\n<p><span style=\"font-weight: 400;\">En el tratamiento de la enterobiasis y la ascariasis, la dosis suele ser de 10 mg \/ kg a 12 mg \/ kg una vez.<\/span><\/p>\n<p><span style=\"font-weight: 400;\">Ni\u00f1os mayores de 6 a\u00f1os: 1 c\u00e1psula por cada 20 kg de peso corporal, una vez.<\/span><\/p>\n<p><span style=\"font-weight: 400;\">Adultos que pesen menos de 75 kg: 3 c\u00e1psulas una vez.<\/span><\/p>\n<p><span style=\"font-weight: 400;\">Adultos que pesen m\u00e1s de 75 kg: 4 c\u00e1psulas una vez.<\/span><\/p>\n<p><span style=\"font-weight: 400;\">En el caso de la enterobiasis, para deshacerse por completo de los par\u00e1sitos, es necesario cumplir con estrictas medidas de higiene y tratar a todos los miembros de la familia al mismo tiempo. Para evitar la reinfecci\u00f3n, se recomienda tomar una segunda dosis 3 semanas despu\u00e9s del primer uso del medicamento.<\/span><\/p>\n<p><span style=\"font-weight: 400;\">Anquilostomiasis.<\/span><\/p>\n<p><span style=\"font-weight: 400;\">En \u00e1reas end\u00e9micas, en caso de infecci\u00f3n por Necator americanus o invasi\u00f3n masiva de Ancylostoma duodenale, la dosis es de 20 mg \/ kg por d\u00eda (para 1 o 2 dosis) durante 2-3 d\u00edas.<\/span><\/p>\n<p><span style=\"font-weight: 400;\">Ni\u00f1os mayores de 6 a\u00f1os: 1 c\u00e1psula por cada 10 kg de peso corporal al d\u00eda.<\/span><\/p>\n<p><span style=\"font-weight: 400;\">Adultos que pesen menos de 75 kg: 6 comprimidos al d\u00eda.<\/span><\/p>\n<p><span style=\"font-weight: 400;\">Adultos que pesen m\u00e1s de 75 kg: 8 comprimidos al d\u00eda.<\/span><\/p>\n<p><span style=\"font-weight: 400;\">En el caso de una infestaci\u00f3n moderada por Ancylostoma duodenale (que generalmente ocurre en \u00e1reas no end\u00e9micas), una dosis \u00fanica de 10 mg \/ kg puede ser suficiente.<\/span><\/p>\n<h2><span style=\"font-weight: 400;\">Ni\u00f1os Hermuno&amp;Profaiber pastillas<\/span><\/h2>\n<p><span style=\"font-weight: 400;\">Recetar a ni\u00f1os a partir de los 6 a\u00f1os. Para ni\u00f1os menores de 6 a\u00f1os, es aconsejable usar el medicamento en forma de suspensi\u00f3n.<\/span><\/p>\n<h2><span style=\"font-weight: 400;\">Sobredosis Hermuno&amp;Profaiber pastillas<\/span><\/h2>\n<p><img loading=\"lazy\" decoding=\"async\" class=\"aligncenter size-full wp-image-311\" src=\"http:\/\/laolladechile.com\/farmacia\/wp-content\/uploads\/2024\/11\/HermunoProfaiber-3.jpg\" alt=\"Hermuno&amp;Profaiber funciona\" width=\"500\" height=\"291\" srcset=\"https:\/\/laolladechile.com\/farmacia\/wp-content\/uploads\/2024\/11\/HermunoProfaiber-3.jpg 500w, https:\/\/laolladechile.com\/farmacia\/wp-content\/uploads\/2024\/11\/HermunoProfaiber-3-300x175.jpg 300w\" sizes=\"(max-width: 500px) 100vw, 500px\" \/><\/p>\n<p><span style=\"font-weight: 400;\">Debido a la absorci\u00f3n insignificante, la concentraci\u00f3n en el plasma sangu\u00edneo es baja. La sobredosis causa algunos trastornos del tracto gastrointestinal (por ejemplo, n\u00e1useas, v\u00f3mitos, diarrea) y trastornos temporales menores del sistema nervioso central (por ejemplo, astenia, mareos, dolor de cabeza). A veces, una sobredosis conduce a un aumento del nivel de transaminasas hep\u00e1ticas (AcAT). No se conocen ant\u00eddotos espec\u00edficos. Se recomienda el lavado g\u00e1strico inmediato, as\u00ed como el seguimiento de las funciones de los sistemas respiratorio y cardiovascular. El tratamiento es sintom\u00e1tico.<\/span><\/p>\n<h2><span style=\"font-weight: 400;\">Reacciones adversas Hermuno&amp;Profaiber pastillas<\/span><\/h2>\n<p><span style=\"font-weight: 400;\">Rara vez: trastornos gastrointestinales (anorexia, n\u00e1useas, v\u00f3mitos, dolor abdominal, diarrea), disminuci\u00f3n o aumento temporal del nivel de transaminasas.<\/span><\/p>\n<p><span style=\"font-weight: 400;\">En algunos casos: dolor de cabeza, mareos, somnolencia, insomnio, astenia, debilidad, fatiga, erupciones cut\u00e1neas, urticaria.<\/span><\/p>\n<p><span style=\"font-weight: 400;\">Son posibles las reacciones de hipersensibilidad.<\/span><\/p>\n<h2><span style=\"font-weight: 400;\">Medicamento opiniones, resultados reales Hermuno&amp;Profaiber pastillas:<\/span><\/h2>\n<blockquote><p><b>Guille,<\/b><b>\u00a0<\/b><\/p>\n<p><span style=\"font-weight: 400;\">Una excelente medicina, cuyo curso realizamos con toda la familia todos los a\u00f1os, elimina los gusanos de forma r\u00e1pida y eficaz. Tengo dos hijos y definitivamente les doy Hermuno&amp;Profaiber pastillas una vez al a\u00f1o, ya que tenemos un gato y un perro. La droga es barata y el efecto es asombroso. El medicamento se puede encontrar en cualquier farmacia, se vende sin receta m\u00e9dica y, lo m\u00e1s importante, no tiene efectos secundarios.<\/span><\/p><\/blockquote>\n<p>&nbsp;<\/p>\n<blockquote><p><b>Honorina,<\/b><b>\u00a0<\/b><\/p>\n<p><span style=\"font-weight: 400;\">La hija mayor lleg\u00f3 llorando desde el jard\u00edn de infancia, le picaba el trasero. En sentimientos de frustraci\u00f3n corr\u00ed inmediatamente a la farmacia, el farmac\u00e9utico, despu\u00e9s de haber probado todos los medicamentos antihelm\u00ednticos, me recomend\u00f3 el medicamento \u00abHelmintox\u00bb. Quer\u00eda de inmediato y seguro salvar a mi hija de esta porquer\u00eda. Lo logr\u00e9, y no hubo necesidad de devanarme los sesos, tomar un curso de tratamiento, una pastilla, y el ni\u00f1o ya est\u00e1 sano. Para la profilaxis, mi hija menor y yo dimos una pastilla Hermuno&amp;Profaiber pastillas, porque estaban en contacto. Lo di sin miedo a los efectos secundarios, porque estas pastillas se pueden tomar a partir de los 6 meses. Ahora, estas p\u00edldoras est\u00e1n siempre en el botiqu\u00edn de la casa.<\/span><\/p><\/blockquote>\n","protected":false},"excerpt":{"rendered":"<div class=\"flex max-w-full flex-col flex-grow\">\n<div class=\"min-h-8 text-message flex w-full flex-col items-end gap-2 whitespace-normal break-words [.text-message+&amp;]:mt-5\" dir=\"auto\" data-message-author-role=\"assistant\" data-message-id=\"5fa23f50-ce31-4a28-9d3c-74d8db4cf8d7\" data-message-model-slug=\"gpt-4o\">\n<div class=\"flex w-full flex-col gap-1 empty:hidden first:pt-[3px]\">\n<div class=\"markdown prose w-full break-words dark:prose-invert light\">\n<p>Hermuno&amp;Profaiber es un medicamento antihelm\u00edntico eficaz basado en pirantel, dise\u00f1ado para combatir par\u00e1sitos como Enterobius y Ascaris. Su f\u00f3rmula avanzada paraliza los helmintos y facilita su eliminaci\u00f3n natural a trav\u00e9s del intestino.<\/p>\n<\/div>\n<\/div>\n<\/div>\n<\/div>\n","protected":false},"featured_media":312,"comment_status":"open","ping_status":"closed","template":"","meta":[],"product_cat":[15],"product_tag":[],"yoast_head":"<!-- This site is optimized with the Yoast SEO plugin v23.8 - https:\/\/yoast.com\/wordpress\/plugins\/seo\/ -->\n<title>Hermuno&amp;Profaiber comprar c\u00e1psulas antiparasitarias en La Olla de Chile<\/title>\n<meta name=\"robots\" content=\"index, follow, max-snippet:-1, max-image-preview:large, max-video-preview:-1\" \/>\n<link rel=\"canonical\" href=\"http:\/\/laolladechile.com\/farmacia\/hermunoprofaiber\" \/>\n<meta property=\"og:locale\" content=\"es_ES\" \/>\n<meta property=\"og:type\" content=\"article\" \/>\n<meta property=\"og:title\" content=\"Hermuno&amp;Profaiber comprar c\u00e1psulas antiparasitarias en La Olla de Chile\" \/>\n<meta property=\"og:description\" content=\"Hermuno&amp;Profaiber es un medicamento antihelm\u00edntico eficaz basado en pirantel, dise\u00f1ado para combatir par\u00e1sitos como Enterobius y Ascaris. Su f\u00f3rmula avanzada paraliza los helmintos y facilita su eliminaci\u00f3n natural a trav\u00e9s del intestino.\" \/>\n<meta property=\"og:url\" content=\"http:\/\/laolladechile.com\/farmacia\/hermunoprofaiber\" \/>\n<meta property=\"og:site_name\" content=\"La Olla de Chile Farmacia\" \/>\n<meta property=\"og:image\" content=\"http:\/\/laolladechile.com\/farmacia\/wp-content\/uploads\/2024\/11\/HermunoProfaiber.jpg\" \/>\n\t<meta property=\"og:image:width\" content=\"326\" \/>\n\t<meta property=\"og:image:height\" content=\"350\" \/>\n\t<meta property=\"og:image:type\" content=\"image\/jpeg\" \/>\n<meta name=\"twitter:card\" content=\"summary_large_image\" \/>\n<meta name=\"twitter:label1\" content=\"Tiempo de lectura\" \/>\n\t<meta name=\"twitter:data1\" content=\"5 minutos\" \/>\n<script type=\"application\/ld+json\" class=\"yoast-schema-graph\">{\"@context\":\"https:\/\/schema.org\",\"@graph\":[{\"@type\":\"WebPage\",\"@id\":\"http:\/\/laolladechile.com\/farmacia\/hermunoprofaiber\",\"url\":\"http:\/\/laolladechile.com\/farmacia\/hermunoprofaiber\",\"name\":\"Hermuno&Profaiber comprar c\u00e1psulas antiparasitarias en La Olla de Chile\",\"isPartOf\":{\"@id\":\"https:\/\/laolladechile.com\/farmacia\/#website\"},\"primaryImageOfPage\":{\"@id\":\"http:\/\/laolladechile.com\/farmacia\/hermunoprofaiber#primaryimage\"},\"image\":{\"@id\":\"http:\/\/laolladechile.com\/farmacia\/hermunoprofaiber#primaryimage\"},\"thumbnailUrl\":\"https:\/\/laolladechile.com\/farmacia\/wp-content\/uploads\/2024\/11\/HermunoProfaiber.jpg\",\"datePublished\":\"2024-11-15T10:00:43+00:00\",\"dateModified\":\"2024-11-15T10:00:43+00:00\",\"breadcrumb\":{\"@id\":\"http:\/\/laolladechile.com\/farmacia\/hermunoprofaiber#breadcrumb\"},\"inLanguage\":\"es\",\"potentialAction\":[{\"@type\":\"ReadAction\",\"target\":[\"http:\/\/laolladechile.com\/farmacia\/hermunoprofaiber\"]}]},{\"@type\":\"ImageObject\",\"inLanguage\":\"es\",\"@id\":\"http:\/\/laolladechile.com\/farmacia\/hermunoprofaiber#primaryimage\",\"url\":\"https:\/\/laolladechile.com\/farmacia\/wp-content\/uploads\/2024\/11\/HermunoProfaiber.jpg\",\"contentUrl\":\"https:\/\/laolladechile.com\/farmacia\/wp-content\/uploads\/2024\/11\/HermunoProfaiber.jpg\",\"width\":326,\"height\":350,\"caption\":\"Hermuno&Profaiber\"},{\"@type\":\"BreadcrumbList\",\"@id\":\"http:\/\/laolladechile.com\/farmacia\/hermunoprofaiber#breadcrumb\",\"itemListElement\":[{\"@type\":\"ListItem\",\"position\":1,\"name\":\"Home\",\"item\":\"https:\/\/laolladechile.com\/farmacia\/\"},{\"@type\":\"ListItem\",\"position\":2,\"name\":\"Hermuno&#038;Profaiber\"}]},{\"@type\":\"WebSite\",\"@id\":\"https:\/\/laolladechile.com\/farmacia\/#website\",\"url\":\"https:\/\/laolladechile.com\/farmacia\/\",\"name\":\"La Olla de Chile Farmacia\",\"description\":\"\",\"publisher\":{\"@id\":\"https:\/\/laolladechile.com\/farmacia\/#organization\"},\"potentialAction\":[{\"@type\":\"SearchAction\",\"target\":{\"@type\":\"EntryPoint\",\"urlTemplate\":\"https:\/\/laolladechile.com\/farmacia\/?s={search_term_string}\"},\"query-input\":{\"@type\":\"PropertyValueSpecification\",\"valueRequired\":true,\"valueName\":\"search_term_string\"}}],\"inLanguage\":\"es\"},{\"@type\":\"Organization\",\"@id\":\"https:\/\/laolladechile.com\/farmacia\/#organization\",\"name\":\"La Olla de Chile Farmacia\",\"url\":\"https:\/\/laolladechile.com\/farmacia\/\",\"logo\":{\"@type\":\"ImageObject\",\"inLanguage\":\"es\",\"@id\":\"https:\/\/laolladechile.com\/farmacia\/#\/schema\/logo\/image\/\",\"url\":\"https:\/\/laolladechile.com\/farmacia\/wp-content\/uploads\/2024\/11\/logo-la-olla.jpg\",\"contentUrl\":\"https:\/\/laolladechile.com\/farmacia\/wp-content\/uploads\/2024\/11\/logo-la-olla.jpg\",\"width\":261,\"height\":62,\"caption\":\"La Olla de Chile Farmacia\"},\"image\":{\"@id\":\"https:\/\/laolladechile.com\/farmacia\/#\/schema\/logo\/image\/\"}}]}<\/script>\n<!-- \/ Yoast SEO plugin. -->","yoast_head_json":{"title":"Hermuno&Profaiber comprar c\u00e1psulas antiparasitarias en La Olla de Chile","robots":{"index":"index","follow":"follow","max-snippet":"max-snippet:-1","max-image-preview":"max-image-preview:large","max-video-preview":"max-video-preview:-1"},"canonical":"http:\/\/laolladechile.com\/farmacia\/hermunoprofaiber","og_locale":"es_ES","og_type":"article","og_title":"Hermuno&Profaiber comprar c\u00e1psulas antiparasitarias en La Olla de Chile","og_description":"Hermuno&amp;Profaiber es un medicamento antihelm\u00edntico eficaz basado en pirantel, dise\u00f1ado para combatir par\u00e1sitos como Enterobius y Ascaris. Su f\u00f3rmula avanzada paraliza los helmintos y facilita su eliminaci\u00f3n natural a trav\u00e9s del intestino.","og_url":"http:\/\/laolladechile.com\/farmacia\/hermunoprofaiber","og_site_name":"La Olla de Chile Farmacia","og_image":[{"width":326,"height":350,"url":"http:\/\/laolladechile.com\/farmacia\/wp-content\/uploads\/2024\/11\/HermunoProfaiber.jpg","type":"image\/jpeg"}],"twitter_card":"summary_large_image","twitter_misc":{"Tiempo de lectura":"5 minutos"},"schema":{"@context":"https:\/\/schema.org","@graph":[{"@type":"WebPage","@id":"http:\/\/laolladechile.com\/farmacia\/hermunoprofaiber","url":"http:\/\/laolladechile.com\/farmacia\/hermunoprofaiber","name":"Hermuno&Profaiber comprar c\u00e1psulas antiparasitarias en La Olla de Chile","isPartOf":{"@id":"https:\/\/laolladechile.com\/farmacia\/#website"},"primaryImageOfPage":{"@id":"http:\/\/laolladechile.com\/farmacia\/hermunoprofaiber#primaryimage"},"image":{"@id":"http:\/\/laolladechile.com\/farmacia\/hermunoprofaiber#primaryimage"},"thumbnailUrl":"https:\/\/laolladechile.com\/farmacia\/wp-content\/uploads\/2024\/11\/HermunoProfaiber.jpg","datePublished":"2024-11-15T10:00:43+00:00","dateModified":"2024-11-15T10:00:43+00:00","breadcrumb":{"@id":"http:\/\/laolladechile.com\/farmacia\/hermunoprofaiber#breadcrumb"},"inLanguage":"es","potentialAction":[{"@type":"ReadAction","target":["http:\/\/laolladechile.com\/farmacia\/hermunoprofaiber"]}]},{"@type":"ImageObject","inLanguage":"es","@id":"http:\/\/laolladechile.com\/farmacia\/hermunoprofaiber#primaryimage","url":"https:\/\/laolladechile.com\/farmacia\/wp-content\/uploads\/2024\/11\/HermunoProfaiber.jpg","contentUrl":"https:\/\/laolladechile.com\/farmacia\/wp-content\/uploads\/2024\/11\/HermunoProfaiber.jpg","width":326,"height":350,"caption":"Hermuno&Profaiber"},{"@type":"BreadcrumbList","@id":"http:\/\/laolladechile.com\/farmacia\/hermunoprofaiber#breadcrumb","itemListElement":[{"@type":"ListItem","position":1,"name":"Home","item":"https:\/\/laolladechile.com\/farmacia\/"},{"@type":"ListItem","position":2,"name":"Hermuno&#038;Profaiber"}]},{"@type":"WebSite","@id":"https:\/\/laolladechile.com\/farmacia\/#website","url":"https:\/\/laolladechile.com\/farmacia\/","name":"La Olla de Chile Farmacia","description":"","publisher":{"@id":"https:\/\/laolladechile.com\/farmacia\/#organization"},"potentialAction":[{"@type":"SearchAction","target":{"@type":"EntryPoint","urlTemplate":"https:\/\/laolladechile.com\/farmacia\/?s={search_term_string}"},"query-input":{"@type":"PropertyValueSpecification","valueRequired":true,"valueName":"search_term_string"}}],"inLanguage":"es"},{"@type":"Organization","@id":"https:\/\/laolladechile.com\/farmacia\/#organization","name":"La Olla de Chile Farmacia","url":"https:\/\/laolladechile.com\/farmacia\/","logo":{"@type":"ImageObject","inLanguage":"es","@id":"https:\/\/laolladechile.com\/farmacia\/#\/schema\/logo\/image\/","url":"https:\/\/laolladechile.com\/farmacia\/wp-content\/uploads\/2024\/11\/logo-la-olla.jpg","contentUrl":"https:\/\/laolladechile.com\/farmacia\/wp-content\/uploads\/2024\/11\/logo-la-olla.jpg","width":261,"height":62,"caption":"La Olla de Chile Farmacia"},"image":{"@id":"https:\/\/laolladechile.com\/farmacia\/#\/schema\/logo\/image\/"}}]}},"_links":{"self":[{"href":"https:\/\/laolladechile.com\/farmacia\/index.php?rest_route=\/wp\/v2\/product\/308"}],"collection":[{"href":"https:\/\/laolladechile.com\/farmacia\/index.php?rest_route=\/wp\/v2\/product"}],"about":[{"href":"https:\/\/laolladechile.com\/farmacia\/index.php?rest_route=\/wp\/v2\/types\/product"}],"replies":[{"embeddable":true,"href":"https:\/\/laolladechile.com\/farmacia\/index.php?rest_route=%2Fwp%2Fv2%2Fcomments&post=308"}],"wp:featuredmedia":[{"embeddable":true,"href":"https:\/\/laolladechile.com\/farmacia\/index.php?rest_route=\/wp\/v2\/media\/312"}],"wp:attachment":[{"href":"https:\/\/laolladechile.com\/farmacia\/index.php?rest_route=%2Fwp%2Fv2%2Fmedia&parent=308"}],"wp:term":[{"taxonomy":"product_cat","embeddable":true,"href":"https:\/\/laolladechile.com\/farmacia\/index.php?rest_route=%2Fwp%2Fv2%2Fproduct_cat&post=308"},{"taxonomy":"product_tag","embeddable":true,"href":"https:\/\/laolladechile.com\/farmacia\/index.php?rest_route=%2Fwp%2Fv2%2Fproduct_tag&post=308"}],"curies":[{"name":"wp","href":"https:\/\/api.w.org\/{rel}","templated":true}]}}