{"id":390,"date":"2024-11-15T12:13:46","date_gmt":"2024-11-15T11:13:46","guid":{"rendered":"https:\/\/laolladechile.com\/farmacia\/?post_type=product&#038;p=390"},"modified":"2024-11-15T12:13:46","modified_gmt":"2024-11-15T11:13:46","slug":"grinlait","status":"publish","type":"product","link":"http:\/\/laolladechile.com\/farmacia\/grinlait","title":{"rendered":"Grinlait"},"content":{"rendered":"<h2><b>Descripci\u00f3n de la droga Grinlait donde comprar<\/b><\/h2>\n<p><img loading=\"lazy\" decoding=\"async\" class=\"aligncenter size-full wp-image-394\" src=\"http:\/\/laolladechile.com\/farmacia\/wp-content\/uploads\/2024\/11\/Grinlait-3.jpg\" alt=\"Grinlait medicamento opiniones\" width=\"678\" height=\"381\" srcset=\"https:\/\/laolladechile.com\/farmacia\/wp-content\/uploads\/2024\/11\/Grinlait-3.jpg 678w, https:\/\/laolladechile.com\/farmacia\/wp-content\/uploads\/2024\/11\/Grinlait-3-300x169.jpg 300w, https:\/\/laolladechile.com\/farmacia\/wp-content\/uploads\/2024\/11\/Grinlait-3-600x337.jpg 600w\" sizes=\"(max-width: 678px) 100vw, 678px\" \/><\/p>\n<p><b>Grinlait<\/b> \u2013 pastillas un complejo natural que ayuda a perder peso y controla el apetito. El producto se basa en 8 concentrados biol\u00f3gicamente activos de plantas y aceites, que desencadenan un proceso acelerado de fusi\u00f3n de las c\u00e9lulas grasas. Al mismo tiempo, la composici\u00f3n del medicamento promueve la eliminaci\u00f3n de toxinas, exceso de agua y toxinas, devolviendo el estado del cuerpo a la normalidad y proporcionando a la piel un aspecto atractivo.<\/p>\n<p>Cuando se usa con regularidad, Grinlait utiliza un proceso termog\u00e9nico y suprime el hambre de tomar energ\u00eda de las grasas digeridas.<\/p>\n<p>Para que los pacientes no experimenten molestias, no se caigan agotados debido a la restricci\u00f3n cal\u00f3rica en la dieta y no se depriman. Si comparamos c\u00e1psulas con an\u00e1logos, entonces el producto no tiene un efecto negativo en los \u00f3rganos vitales precio y combate suavemente el exceso de peso.<\/p>\n<p>Los poderosos ingredientes se mezclan especialmente en la f\u00f3rmula para garantizar los mejores resultados posibles. Adem\u00e1s, las materias primas se compran a proveedores de confianza y no se someten a un tratamiento t\u00e9rmico innecesario. Por lo tanto, se conservan todas las sustancias necesarias, que son necesarias para la eliminaci\u00f3n competente de la capa de grasa, los compuestos t\u00f3xicos y los restos de alimentos putrefactos en los intestinos.<\/p>\n<p>Junto con Grinlait pastillas, las ni\u00f1as, las mujeres y los hombres pueden ponerse en la forma f\u00edsica ideal sin agotar las dietas y los precio farmacia del ahorro deportes. La quema de grasa efectiva contin\u00faa durante todo el d\u00eda, de modo que cada segundo el cliente pierde grasa corporal innecesaria.<\/p>\n<h2><b>\u00bfC\u00f3mo funciona el remedio Grinlait es bueno o malo?<\/b><\/h2>\n<p>Los componentes biol\u00f3gicamente activos ingresan al torrente sangu\u00edneo a trav\u00e9s de las paredes del est\u00f3mago y comienzan a actuar de inmediato. En primer lugar, aumenta la circulaci\u00f3n sangu\u00ednea y aumenta la termog\u00e9nesis, lo que sintoniza el cuerpo con la descomposici\u00f3n activa de las grasas. Luego, la sensaci\u00f3n de hambre se bloquea y una gran cantidad de endorfinas ingresa al cuerpo.<\/p>\n<p>Esto le permite comer menos comida chatarra, moverse m\u00e1s y mantenerse de buen humor. Posteriormente, se acelera el proceso de digesti\u00f3n, salen escorias y exceso de l\u00edquido, lo que tambi\u00e9n contribuye a una mayor p\u00e9rdida de peso innecesario.<\/p>\n<h2><b>Grinlait debe usarse en los siguientes casos, para que sirve, donde comprar:<\/b><\/h2>\n<ul>\n<li aria-level=\"1\">Si hay una abstinencia m\u00e9dica de los deportes y la dieta, las c\u00e1psulas lo ayudar\u00e1n a deshacerse f\u00e1cilmente del exceso de grasa;<\/li>\n<li aria-level=\"1\">Con obesidad y otras enfermedades relacionadas;<\/li>\n<li aria-level=\"1\">Aquellos que padecen diabetes mellitus, hipertensi\u00f3n, enfermedades card\u00edacas y otras efectos secundarios dolencias incompatibles con la p\u00e9rdida r\u00e1pida de peso debido al estr\u00e9s;<\/li>\n<li aria-level=\"1\">Ingesta descontrolada de alimentos, precio farmacia del ahorro problemas de n\u00e1useas y atracones compulsivos;<\/li>\n<li aria-level=\"1\">Recuperaci\u00f3n despu\u00e9s del parto;<\/li>\n<li aria-level=\"1\">Problemas musculoesquel\u00e9ticos o lesiones graves;<\/li>\n<li aria-level=\"1\">Metabolismo lento;<\/li>\n<li aria-level=\"1\">Predisposici\u00f3n gen\u00e9tica a la acumulaci\u00f3n de grasa acelerada.<\/li>\n<\/ul>\n<h2><b>Ventajas de la droga Grinlait opiniones<\/b><\/h2>\n<p><img loading=\"lazy\" decoding=\"async\" class=\"aligncenter size-full wp-image-393\" src=\"http:\/\/laolladechile.com\/farmacia\/wp-content\/uploads\/2024\/11\/Grinlait-2.jpg\" alt=\"Grinlait confiable\" width=\"450\" height=\"240\" srcset=\"https:\/\/laolladechile.com\/farmacia\/wp-content\/uploads\/2024\/11\/Grinlait-2.jpg 450w, https:\/\/laolladechile.com\/farmacia\/wp-content\/uploads\/2024\/11\/Grinlait-2-300x160.jpg 300w\" sizes=\"(max-width: 450px) 100vw, 450px\" \/><\/p>\n<ol>\n<li aria-level=\"1\">Normaliza el metabolismo, las farmacia del ahorrohormonas y comienza a quemar grasa sin da\u00f1ar la salud;<\/li>\n<li aria-level=\"1\">Composici\u00f3n natural que no tiene medicamento opiniones contraindicaciones, efectos secundarios y no provoca alergias;<\/li>\n<li aria-level=\"1\">Adecuado para su uso entre las edades de 18 y 80;<\/li>\n<li aria-level=\"1\">No interfiere con el funcionamiento de otros sistemas y \u00f3rganos del cuerpo confiable;<\/li>\n<li aria-level=\"1\">Realiza una desintoxicaci\u00f3n suave y elimina toxinas;<\/li>\n<li aria-level=\"1\">Costo asequible de funciona un medicamento para adelgazar;<\/li>\n<li aria-level=\"1\">Alivia la hinchaz\u00f3n y comer en walmart exceso;<\/li>\n<li aria-level=\"1\">La entrega se realiza en todo M\u00e9xico.<\/li>\n<\/ol>\n<h2><b>\u00bfSe puede comprar este remedio en farmacias en M\u00e9xico, Guadalajara?<\/b><\/h2>\n<p>No, es imposible comprar el remedio Grinlait en las farmacias de M\u00e9xico. La empresa fabricante no entrega productos a las farmacias de la capital ni de otras ciudades, por lo que es imposible comprar medicamentos all\u00ed.<\/p>\n<p>Si notas el empaque del producto en la medicamento opiniones farmacia o tienes la certeza de que las composiciones son id\u00e9nticas, no lo creas. Grinlait no tiene an\u00e1logos en el mundo e incluso las c\u00e1psulas con una f\u00f3rmula similar no tienen el mismo gran efecto.<\/p>\n<h2><b>Instrucciones de uso completas Grinlait<\/b><\/h2>\n<p>Coge el paquete Grinlait y saca 1 c\u00e1psula;<\/p>\n<p>Tomar una c\u00e1psula con un poco de agua;<\/p>\n<p>Espere un ligero aumento de la temperatura corporal y un aumento de energ\u00eda.<\/p>\n<p>\u00a1Importante! Es necesario beber el complejo biol\u00f3gicamente farmacias activo no m\u00e1s de una vez al d\u00eda. En este caso, durante el d\u00eda es necesario beber 1,5 litros de agua limpia. No se farmacia del ahorro recomienda exceder la dosis y el curso del tratamiento no est\u00e1 limitado en el tiempo.<\/p>\n<h2><b>Composici\u00f3n completa de la droga Grinlait, para que sirve<\/b><\/h2>\n<p><img loading=\"lazy\" decoding=\"async\" class=\"aligncenter size-full wp-image-392\" src=\"http:\/\/laolladechile.com\/farmacia\/wp-content\/uploads\/2024\/11\/Grinlait-1.jpg\" alt=\"Grinlait funciona\" width=\"768\" height=\"497\" srcset=\"https:\/\/laolladechile.com\/farmacia\/wp-content\/uploads\/2024\/11\/Grinlait-1.jpg 768w, https:\/\/laolladechile.com\/farmacia\/wp-content\/uploads\/2024\/11\/Grinlait-1-300x194.jpg 300w, https:\/\/laolladechile.com\/farmacia\/wp-content\/uploads\/2024\/11\/Grinlait-1-600x388.jpg 600w\" sizes=\"(max-width: 768px) 100vw, 768px\" \/><\/p>\n<ul>\n<li aria-level=\"1\">Hoodia gordoni: desencadena la precio farmacia similares descomposici\u00f3n activa de las c\u00e9lulas grasas, promueve la eliminaci\u00f3n acelerada de la grasa funciona acumulada y reduce significativamente el hambre;<\/li>\n<li aria-level=\"1\">Extracto de ra\u00edz de yac\u00f3n: promueve walmart una oleada de fuerza y \u200b\u200baumenta la cantidad de endorfinas en el cuerpo, por lo que una persona que pierde peso no se deprime y lleva un estilo de vida activo;<\/li>\n<li aria-level=\"1\">Coleonol (colius forskolii): elimina suavemente el exceso de l\u00edquido de las c\u00e9lulas, aumenta la funci\u00f3n motora intestinal y limpia el cuerpo de toxinas;<\/li>\n<li aria-level=\"1\">Glucomanano: reduce el apetito, inhibe la formaci\u00f3n de nuevas c\u00e9lulas grasas y suprime la deposici\u00f3n de grasa en las \u00e1reas problem\u00e1ticas;<\/li>\n<li aria-level=\"1\">Aceite de onagra: tiene un efecto confiable beneficioso sobre el estado de la piel, promueve la elasticidad de la piel y normaliza el fondo hormonal;<\/li>\n<li aria-level=\"1\">Lipasa y Protasa: ordena los procesos metab\u00f3licos, fortalece el cuerpo en su conjunto y fortalece el m\u00fasculo card\u00edaco;<\/li>\n<li aria-level=\"1\">Irvingia Gabonese: se ocupa de la eliminaci\u00f3n natural de toxinas, toxinas y fortalece el sistema inmunol\u00f3gico;<\/li>\n<li aria-level=\"1\">Aceite de azafr\u00e1n silvestre: mejora la motilidad intestinal y la circulaci\u00f3n sangu\u00ednea.<\/li>\n<\/ul>\n<h2><b>C\u00f3mo usar la droga Grinlait pastillas, opiniones, como se aplica<\/b><\/h2>\n<p>El complejo de p\u00e9rdida de peso biol\u00f3gicamente activo funciona durante 24 horas, por lo que la tasa diaria es de solo 1 c\u00e1psula. Tomar una c\u00e1psula con un poco de agua y beber al menos 1,5 litros de farmacias agua durante todo el d\u00eda.<\/p>\n<p>Lo mejor es utilizar el producto donde lo puedo conseguir media hora antes de las comidas, no se recomienda exceder como se usa el la dosis.<\/p>\n<h2><b>\u00bfCu\u00e1les son las contraindicaciones del remedio, donde lo venden?<\/b><\/h2>\n<p>Aunque el producto se basa exclusivamente en ingredientes naturales, el fabricante recomienda que sigas las instrucciones con atenci\u00f3n y no bebas m\u00e1s de 1 c\u00e1psula al d\u00eda.<\/p>\n<p>Cada sustancia de la f\u00f3rmula tiene un efecto mejorado y se presenta en forma de concentrado, por lo que no hay necesidad de arriesgarse. Por lo dem\u00e1s, Grinlait es 100% inofensivo para el cuerpo, no afecta negativamente a sistemas y \u00f3rganos importantes mx.<\/p>\n<p>Adem\u00e1s, la composici\u00f3n no causa reacciones medicamento opiniones al\u00e9rgicas y las posibles dolencias aparecen solo en el 0.01% de las personas debido a la intolerancia individual a los componentes individuales.<\/p>\n<h2><b>Comentarios reales de clientes de Grinlait opiniones, como se aplica<\/b><\/h2>\n<blockquote><p>Juana, 24 a\u00f1os<\/p>\n<p>Tengo una boda en el oto\u00f1o y debido a todo tipo de molestias, entusiasmo y otros tipos de estr\u00e9s, comenc\u00e9 a pasar todos los d\u00edas con un pedazo de pastel. Como resultado, desde el a\u00f1o nuevo hasta marzo de este a\u00f1o, precio farmacia similares gan\u00e9 8 kg. Da miedo imaginar c\u00f3mo me ver\u00eda con un vestido de novia &#8230; Empec\u00e9 a buscar urgentemente una forma de adelgazar, los deportes no eran aptos por motivos de salud, y no soporto una dieta. Entrevist\u00e9 urgentemente a mis amigas, encontr\u00e9 Grinlait y comenc\u00e9 a tomar. \u00a1Durante 2 meses dej\u00e9 todo y ni siquiera me di cuenta! Ahora pienso en consolidar el resultado y tirar un par de kg m\u00e1s hasta septiembre, \u00a1para que todos se queden sin aliento!<\/p><\/blockquote>\n<p>&nbsp;<\/p>\n<blockquote><p><b>Josefina, 37 a\u00f1os<\/b><\/p>\n<p>Toda mi vida so\u00f1\u00e9 con una figura modelo y trabaj\u00e9 durante muchos a\u00f1os para lograr el resultado perfecto. Cuando cumpl\u00ed los 30, ten\u00eda un cuerpo hermoso, aunque todav\u00eda me daba verg\u00fcenza mostrarlo debido a las estr\u00edas. Ella dio a luz a su primer hijo y pudo regresar en 3 meses, solo naci\u00f3 un segundo beb\u00e9. Durante el parto, gan\u00e9 17 kg, despu\u00e9s donde lo puedo conseguir del parto me quedaron 11 kg extra y en seis meses no subi\u00f3 1 kg a la balanza. Quer\u00eda llorar, gritar y enojarme con todos. Fui al m\u00e9dico, dijeron que todo estaba bien, edad. No funcion\u00f3 para m\u00ed y encontr\u00e9 informaci\u00f3n sobre Grinlait en Internet. Lo he estado tomando solo resultados reales durante un mes, pero los primeros resultados ya se notan y la barriga desaparece en 3.5 semanas. \u00a1Seguir\u00e9 us\u00e1ndolo!<\/p><\/blockquote>\n<h2><b>\u00bfD\u00f3nde comprar Grinlait donde lo venden?<\/b><\/h2>\n<p>Puede comprar Grinlait solo en el sitio web oficial del fabricante. El producto se distribuye precio solo directamente y solo en Internet mx.<\/p>\n<p>De nada sirve buscar un complejo en centros comerciales, tiendas y puntos de venta. El fabricante no coopera con intermediarios, no vende el producto en grandes cantidades ni a granel.<\/p>\n<h2><b>\u00bfC\u00f3mo pedir Grinlait M\u00e9xico, Guadalajara, precio m\u00e9xico, es bueno o malo?<\/b><\/h2>\n<p>Para pedir Grinlait, vaya al sitio web oficial del fabricante, busque un formulario de pedido especial y rell\u00e9nelo. Luego, vuelva a verificar la informaci\u00f3n de contacto y env\u00ede una precio solicitud para su procesamiento.<\/p>\n<p>El gerente se comunicar\u00e1 con el cliente en el n\u00famero de tel\u00e9fono especificado, realizar\u00e1 una consulta gratuita y como se usa el coordinar\u00e1 la entrega del paquete a cualquier ciudad de M\u00e9xico.<\/p>\n","protected":false},"excerpt":{"rendered":"<div class=\"flex-1 overflow-hidden\">\n<div class=\"h-full\">\n<div class=\"react-scroll-to-bottom--css-ascyz-79elbk h-full\">\n<div class=\"react-scroll-to-bottom--css-ascyz-1n7m0yu\">\n<div class=\"flex flex-col text-sm md:pb-9\">\n<article class=\"w-full scroll-mb-[var(--thread-trailing-height,150px)] text-token-text-primary focus-visible:outline-2 focus-visible:outline-offset-[-4px]\" dir=\"auto\" data-testid=\"conversation-turn-3\" data-scroll-anchor=\"true\">\n<div class=\"m-auto text-base py-[18px] px-3 md:px-4 w-full md:px-5 lg:px-4 xl:px-5\">\n<div class=\"mx-auto flex flex-1 gap-4 text-base md:gap-5 lg:gap-6 md:max-w-3xl lg:max-w-[40rem] xl:max-w-[48rem]\">\n<div class=\"group\/conversation-turn relative flex w-full min-w-0 flex-col agent-turn\">\n<div class=\"flex-col gap-1 md:gap-3\">\n<div class=\"flex max-w-full flex-col flex-grow\">\n<div class=\"min-h-8 text-message flex w-full flex-col items-end gap-2 whitespace-normal break-words [.text-message+&amp;]:mt-5\" dir=\"auto\" data-message-author-role=\"assistant\" data-message-id=\"ec08420a-6262-4a09-a05b-c4e19b85feef\" data-message-model-slug=\"gpt-4o\">\n<div class=\"flex w-full flex-col gap-1 empty:hidden first:pt-[3px]\">\n<div class=\"result-streaming markdown prose w-full break-words dark:prose-invert light\">\n<p>Grinlait son pastillas naturales dise\u00f1adas para ayudar a perder peso y controlar el apetito. Su f\u00f3rmula a base de extractos vegetales promueve la quema de grasa, elimina toxinas y mejora el estado general del cuerpo.<\/p>\n<\/div>\n<\/div>\n<\/div>\n<\/div>\n<\/div>\n<\/div>\n<\/div>\n<\/div>\n<\/article>\n<\/div>\n<\/div>\n<\/div>\n<\/div>\n<\/div>\n","protected":false},"featured_media":391,"comment_status":"open","ping_status":"closed","template":"","meta":[],"product_cat":[15],"product_tag":[],"yoast_head":"<!-- This site is optimized with the Yoast SEO plugin v23.8 - https:\/\/yoast.com\/wordpress\/plugins\/seo\/ -->\n<title>Grinlait comprar c\u00e1psulas adelgazantes en La Olla de Chile<\/title>\n<meta name=\"robots\" content=\"index, follow, max-snippet:-1, max-image-preview:large, max-video-preview:-1\" \/>\n<link rel=\"canonical\" href=\"http:\/\/laolladechile.com\/farmacia\/grinlait\" \/>\n<meta property=\"og:locale\" content=\"es_ES\" \/>\n<meta property=\"og:type\" content=\"article\" \/>\n<meta property=\"og:title\" content=\"Grinlait comprar c\u00e1psulas adelgazantes en La Olla de Chile\" \/>\n<meta property=\"og:description\" content=\"Grinlait son pastillas naturales dise\u00f1adas para ayudar a perder peso y controlar el apetito. Su f\u00f3rmula a base de extractos vegetales promueve la quema de grasa, elimina toxinas y mejora el estado general del cuerpo.\" \/>\n<meta property=\"og:url\" content=\"http:\/\/laolladechile.com\/farmacia\/grinlait\" \/>\n<meta property=\"og:site_name\" content=\"La Olla de Chile Farmacia\" \/>\n<meta property=\"og:image\" content=\"http:\/\/laolladechile.com\/farmacia\/wp-content\/uploads\/2024\/11\/Grinlait.jpg\" \/>\n\t<meta property=\"og:image:width\" content=\"350\" \/>\n\t<meta property=\"og:image:height\" content=\"350\" \/>\n\t<meta property=\"og:image:type\" content=\"image\/jpeg\" \/>\n<meta name=\"twitter:card\" content=\"summary_large_image\" \/>\n<meta name=\"twitter:label1\" content=\"Tiempo de lectura\" \/>\n\t<meta name=\"twitter:data1\" content=\"7 minutos\" \/>\n<script type=\"application\/ld+json\" class=\"yoast-schema-graph\">{\"@context\":\"https:\/\/schema.org\",\"@graph\":[{\"@type\":\"WebPage\",\"@id\":\"http:\/\/laolladechile.com\/farmacia\/grinlait\",\"url\":\"http:\/\/laolladechile.com\/farmacia\/grinlait\",\"name\":\"Grinlait comprar c\u00e1psulas adelgazantes en La Olla de Chile\",\"isPartOf\":{\"@id\":\"https:\/\/laolladechile.com\/farmacia\/#website\"},\"primaryImageOfPage\":{\"@id\":\"http:\/\/laolladechile.com\/farmacia\/grinlait#primaryimage\"},\"image\":{\"@id\":\"http:\/\/laolladechile.com\/farmacia\/grinlait#primaryimage\"},\"thumbnailUrl\":\"https:\/\/laolladechile.com\/farmacia\/wp-content\/uploads\/2024\/11\/Grinlait.jpg\",\"datePublished\":\"2024-11-15T11:13:46+00:00\",\"dateModified\":\"2024-11-15T11:13:46+00:00\",\"breadcrumb\":{\"@id\":\"http:\/\/laolladechile.com\/farmacia\/grinlait#breadcrumb\"},\"inLanguage\":\"es\",\"potentialAction\":[{\"@type\":\"ReadAction\",\"target\":[\"http:\/\/laolladechile.com\/farmacia\/grinlait\"]}]},{\"@type\":\"ImageObject\",\"inLanguage\":\"es\",\"@id\":\"http:\/\/laolladechile.com\/farmacia\/grinlait#primaryimage\",\"url\":\"https:\/\/laolladechile.com\/farmacia\/wp-content\/uploads\/2024\/11\/Grinlait.jpg\",\"contentUrl\":\"https:\/\/laolladechile.com\/farmacia\/wp-content\/uploads\/2024\/11\/Grinlait.jpg\",\"width\":350,\"height\":350,\"caption\":\"Grinlait\"},{\"@type\":\"BreadcrumbList\",\"@id\":\"http:\/\/laolladechile.com\/farmacia\/grinlait#breadcrumb\",\"itemListElement\":[{\"@type\":\"ListItem\",\"position\":1,\"name\":\"Home\",\"item\":\"https:\/\/laolladechile.com\/farmacia\/\"},{\"@type\":\"ListItem\",\"position\":2,\"name\":\"Grinlait\"}]},{\"@type\":\"WebSite\",\"@id\":\"https:\/\/laolladechile.com\/farmacia\/#website\",\"url\":\"https:\/\/laolladechile.com\/farmacia\/\",\"name\":\"La Olla de Chile Farmacia\",\"description\":\"\",\"publisher\":{\"@id\":\"https:\/\/laolladechile.com\/farmacia\/#organization\"},\"potentialAction\":[{\"@type\":\"SearchAction\",\"target\":{\"@type\":\"EntryPoint\",\"urlTemplate\":\"https:\/\/laolladechile.com\/farmacia\/?s={search_term_string}\"},\"query-input\":{\"@type\":\"PropertyValueSpecification\",\"valueRequired\":true,\"valueName\":\"search_term_string\"}}],\"inLanguage\":\"es\"},{\"@type\":\"Organization\",\"@id\":\"https:\/\/laolladechile.com\/farmacia\/#organization\",\"name\":\"La Olla de Chile Farmacia\",\"url\":\"https:\/\/laolladechile.com\/farmacia\/\",\"logo\":{\"@type\":\"ImageObject\",\"inLanguage\":\"es\",\"@id\":\"https:\/\/laolladechile.com\/farmacia\/#\/schema\/logo\/image\/\",\"url\":\"https:\/\/laolladechile.com\/farmacia\/wp-content\/uploads\/2024\/11\/logo-la-olla.jpg\",\"contentUrl\":\"https:\/\/laolladechile.com\/farmacia\/wp-content\/uploads\/2024\/11\/logo-la-olla.jpg\",\"width\":261,\"height\":62,\"caption\":\"La Olla de Chile Farmacia\"},\"image\":{\"@id\":\"https:\/\/laolladechile.com\/farmacia\/#\/schema\/logo\/image\/\"}}]}<\/script>\n<!-- \/ Yoast SEO plugin. -->","yoast_head_json":{"title":"Grinlait comprar c\u00e1psulas adelgazantes en La Olla de Chile","robots":{"index":"index","follow":"follow","max-snippet":"max-snippet:-1","max-image-preview":"max-image-preview:large","max-video-preview":"max-video-preview:-1"},"canonical":"http:\/\/laolladechile.com\/farmacia\/grinlait","og_locale":"es_ES","og_type":"article","og_title":"Grinlait comprar c\u00e1psulas adelgazantes en La Olla de Chile","og_description":"Grinlait son pastillas naturales dise\u00f1adas para ayudar a perder peso y controlar el apetito. Su f\u00f3rmula a base de extractos vegetales promueve la quema de grasa, elimina toxinas y mejora el estado general del cuerpo.","og_url":"http:\/\/laolladechile.com\/farmacia\/grinlait","og_site_name":"La Olla de Chile Farmacia","og_image":[{"width":350,"height":350,"url":"http:\/\/laolladechile.com\/farmacia\/wp-content\/uploads\/2024\/11\/Grinlait.jpg","type":"image\/jpeg"}],"twitter_card":"summary_large_image","twitter_misc":{"Tiempo de lectura":"7 minutos"},"schema":{"@context":"https:\/\/schema.org","@graph":[{"@type":"WebPage","@id":"http:\/\/laolladechile.com\/farmacia\/grinlait","url":"http:\/\/laolladechile.com\/farmacia\/grinlait","name":"Grinlait comprar c\u00e1psulas adelgazantes en La Olla de Chile","isPartOf":{"@id":"https:\/\/laolladechile.com\/farmacia\/#website"},"primaryImageOfPage":{"@id":"http:\/\/laolladechile.com\/farmacia\/grinlait#primaryimage"},"image":{"@id":"http:\/\/laolladechile.com\/farmacia\/grinlait#primaryimage"},"thumbnailUrl":"https:\/\/laolladechile.com\/farmacia\/wp-content\/uploads\/2024\/11\/Grinlait.jpg","datePublished":"2024-11-15T11:13:46+00:00","dateModified":"2024-11-15T11:13:46+00:00","breadcrumb":{"@id":"http:\/\/laolladechile.com\/farmacia\/grinlait#breadcrumb"},"inLanguage":"es","potentialAction":[{"@type":"ReadAction","target":["http:\/\/laolladechile.com\/farmacia\/grinlait"]}]},{"@type":"ImageObject","inLanguage":"es","@id":"http:\/\/laolladechile.com\/farmacia\/grinlait#primaryimage","url":"https:\/\/laolladechile.com\/farmacia\/wp-content\/uploads\/2024\/11\/Grinlait.jpg","contentUrl":"https:\/\/laolladechile.com\/farmacia\/wp-content\/uploads\/2024\/11\/Grinlait.jpg","width":350,"height":350,"caption":"Grinlait"},{"@type":"BreadcrumbList","@id":"http:\/\/laolladechile.com\/farmacia\/grinlait#breadcrumb","itemListElement":[{"@type":"ListItem","position":1,"name":"Home","item":"https:\/\/laolladechile.com\/farmacia\/"},{"@type":"ListItem","position":2,"name":"Grinlait"}]},{"@type":"WebSite","@id":"https:\/\/laolladechile.com\/farmacia\/#website","url":"https:\/\/laolladechile.com\/farmacia\/","name":"La Olla de Chile Farmacia","description":"","publisher":{"@id":"https:\/\/laolladechile.com\/farmacia\/#organization"},"potentialAction":[{"@type":"SearchAction","target":{"@type":"EntryPoint","urlTemplate":"https:\/\/laolladechile.com\/farmacia\/?s={search_term_string}"},"query-input":{"@type":"PropertyValueSpecification","valueRequired":true,"valueName":"search_term_string"}}],"inLanguage":"es"},{"@type":"Organization","@id":"https:\/\/laolladechile.com\/farmacia\/#organization","name":"La Olla de Chile Farmacia","url":"https:\/\/laolladechile.com\/farmacia\/","logo":{"@type":"ImageObject","inLanguage":"es","@id":"https:\/\/laolladechile.com\/farmacia\/#\/schema\/logo\/image\/","url":"https:\/\/laolladechile.com\/farmacia\/wp-content\/uploads\/2024\/11\/logo-la-olla.jpg","contentUrl":"https:\/\/laolladechile.com\/farmacia\/wp-content\/uploads\/2024\/11\/logo-la-olla.jpg","width":261,"height":62,"caption":"La Olla de Chile Farmacia"},"image":{"@id":"https:\/\/laolladechile.com\/farmacia\/#\/schema\/logo\/image\/"}}]}},"_links":{"self":[{"href":"https:\/\/laolladechile.com\/farmacia\/index.php?rest_route=\/wp\/v2\/product\/390"}],"collection":[{"href":"https:\/\/laolladechile.com\/farmacia\/index.php?rest_route=\/wp\/v2\/product"}],"about":[{"href":"https:\/\/laolladechile.com\/farmacia\/index.php?rest_route=\/wp\/v2\/types\/product"}],"replies":[{"embeddable":true,"href":"https:\/\/laolladechile.com\/farmacia\/index.php?rest_route=%2Fwp%2Fv2%2Fcomments&post=390"}],"wp:featuredmedia":[{"embeddable":true,"href":"https:\/\/laolladechile.com\/farmacia\/index.php?rest_route=\/wp\/v2\/media\/391"}],"wp:attachment":[{"href":"https:\/\/laolladechile.com\/farmacia\/index.php?rest_route=%2Fwp%2Fv2%2Fmedia&parent=390"}],"wp:term":[{"taxonomy":"product_cat","embeddable":true,"href":"https:\/\/laolladechile.com\/farmacia\/index.php?rest_route=%2Fwp%2Fv2%2Fproduct_cat&post=390"},{"taxonomy":"product_tag","embeddable":true,"href":"https:\/\/laolladechile.com\/farmacia\/index.php?rest_route=%2Fwp%2Fv2%2Fproduct_tag&post=390"}],"curies":[{"name":"wp","href":"https:\/\/api.w.org\/{rel}","templated":true}]}}