{"id":408,"date":"2024-11-15T13:05:37","date_gmt":"2024-11-15T12:05:37","guid":{"rendered":"https:\/\/laolladechile.com\/farmacia\/?post_type=product&#038;p=408"},"modified":"2024-11-15T13:05:37","modified_gmt":"2024-11-15T12:05:37","slug":"morithin-500","status":"publish","type":"product","link":"http:\/\/laolladechile.com\/farmacia\/morithin-500","title":{"rendered":"Morithin 500"},"content":{"rendered":"<p>La lucha contra el exceso de peso debe iniciarse \u00abcompletamente armado\u00bb. No es necesario rechazar categ\u00f3ricamente la comida habitual, comenzar a morir de hambre, comprar una membres\u00eda de gimnasio; estos son m\u00e9todos radiales para perder peso que, adem\u00e1s, no dan un resultado positivo. confiable Morithin 500 M\u00e9xico, un desarrollo innovador para reducir y mantener el peso, le permitir\u00e1 limpiar el cuerpo de toxinas, iniciar el metabolismo y mejorar el metabolismo, comenzar la destrucci\u00f3n de las c\u00e9lulas grasas almacenadas.<\/p>\n<p>La p\u00e9rdida de peso es una disminuci\u00f3n del peso corporal dentro del 5-15% de los valores iniciales en un per\u00edodo corto de tiempo. Una persona puede perder peso repentina o mucho con desnutrici\u00f3n voluntaria o involuntaria, patolog\u00eda de la cavidad bucal y del tracto digestivo, enfermedades infecciosas, psiqui\u00e1tricas y neurol\u00f3gicas. Para averiguar el motivo de la p\u00e9rdida de peso, se realizan an\u00e1lisis de sangre avanzados, ecograf\u00edas y radiograf\u00edas, y un examen neurol\u00f3gico. Para restaurar el metabolismo y volver al peso normal, se combina una dieta alta en calor\u00edas con la terapia con medicamentos.<\/p>\n<h2><b>Razones para bajar de peso Morithin 500<\/b><\/h2>\n<p><b>Desnutrici\u00f3n<\/b><\/p>\n<p>Las razones frecuentes para perder peso son la restricci\u00f3n voluntaria de la ingesta de alimentos, el aumento de la actividad f\u00edsica. La condici\u00f3n es m\u00e1s t\u00edpica de mujeres j\u00f3venes y de mediana edad que, en busca de par\u00e1metros corporales ideales, recurren a dietas r\u00edgidas. Con una p\u00e9rdida de peso tan r\u00e1pida, la p\u00e9rdida de peso puede ser de hasta 5-10 kilogramos por mes, lo que provoca la aparici\u00f3n de problemas con la apariencia y la salud. El cabello comienza a caerse y las u\u00f1as se exfolian, la piel se vuelve fl\u00e1cida y se forman estr\u00edas blancas. Son t\u00edpicas las quejas de debilidad general, p\u00e9rdida de fuerza, apat\u00eda, somnolencia constante.<\/p>\n<p>En las personas mayores, la desnutrici\u00f3n y la p\u00e9rdida de peso a menudo son causadas por caracter\u00edsticas socioecon\u00f3micas del estilo de vida: el predominio de cereales y productos horneados en la dieta, una ingesta insuficiente de platos nutritivos de carne y pescado. Como resultado, el porcentaje de tejido adiposo y muscular disminuye, el cuerpo parece \u00absecarse\u00bb, las costillas, la clav\u00edcula y los huesos p\u00e9lvicos se vuelven claramente visibles. La piel es p\u00e1lida con un tinte amarillento, fl\u00e1cida. La falta de nutrientes provoca problemas en todos los \u00f3rganos, perturbaciones constantes de debilidad severa y mareos.<\/p>\n<h2><b>Beneficios de las c\u00e1psulas de funciona Morithin 500<\/b><\/h2>\n<ul>\n<li aria-level=\"1\">Efectivo despu\u00e9s de la primera aplicaci\u00f3n;<\/li>\n<li aria-level=\"1\">Normaliza naturalmente los niveles sangu\u00edneos de la hormona leptina;<\/li>\n<li aria-level=\"1\">Reducir el apetito;<\/li>\n<li aria-level=\"1\">Evita que la grasa se vuelva a acumular;<\/li>\n<li aria-level=\"1\">Regala vivacidad, eficiencia, energ\u00eda y excelente estado de \u00e1nimo durante todo el d\u00eda;<\/li>\n<li aria-level=\"1\">Quema grasa y bloquea el exceso de calor\u00edas;<\/li>\n<li aria-level=\"1\">Reducir los efectos nocivos de los alimentos grasos en el cuerpo;<\/li>\n<li aria-level=\"1\">Normalizar el metabolismo y eliminar toxinas;<\/li>\n<li aria-level=\"1\">No adictivo y libre de sustancias nocivas;<\/li>\n<li aria-level=\"1\">No provoque reacciones desagradables en el tracto gastrointestinal.<\/li>\n<\/ul>\n<h2><b>Pros y contras de Morithin 500 es bueno o malo .<\/b><\/h2>\n<p><b>Por qu\u00e9 Morithin 500:<\/b><\/p>\n<p>&#8211; las sustancias activas de la composici\u00f3n del medicamento comienzan a funcionar inmediatamente despu\u00e9s de que se consume la primera c\u00e1psula;<\/p>\n<p>&#8211; no solo queman la grasa que ya se ha depositado, sino que tambi\u00e9n evitan la deposici\u00f3n de nuevas reservas, incluso si consume su comida habitual;<\/p>\n<p>&#8211; bloqueo del apetito, desaparece la necesidad de refrigerios adicionales;<\/p>\n<p>&#8211; limpiar el cuerpo de toxinas, toxinas y otros elementos da\u00f1inos;<\/p>\n<p>&#8211; efectos secundarios Morithin 500\u00a0 M\u00e9xico se basa en ingredientes a base de hierbas, por lo tanto, no causa efectos secundarios ni adicci\u00f3n, despu\u00e9s de completar el curso ya no toma el medicamento;<\/p>\n<p>&#8211; a diferencia de muchos medios para bajar de peso, esta opci\u00f3n no reduce el rendimiento, sino por el contrario &#8211; aumenta la carga de energ\u00eda y vigor, mejora el estado de \u00e1nimo, estimula la actividad.<\/p>\n<p><b>Contraindicaciones<\/b><\/p>\n<p>Morithin 500 precio m\u00e9xico no tiene contraindicaciones de uso. Adem\u00e1s de la intolerancia individual a los componentes de la droga. No se recomienda su uso durante el embarazo y la lactancia.<\/p>\n<h2><b>C\u00f3mo act\u00faa Morithin 500<\/b><\/h2>\n<p>La f\u00f3rmula herbal \u00fanica farmacia del ahorro como se aplica Morithin 500 mx elimina las principales causas del exceso de peso, normaliza naturalmente el nivel de leptina en la sangre y acelera el metabolismo.<\/p>\n<p>La droga desencadena una quema intensiva de grasas y su procesamiento en energ\u00eda. Ralentiza la conversi\u00f3n de carbohidratos en grasas y elimina las grasas del cuerpo. Evita la retenci\u00f3n de l\u00edquidos en el cuerpo, reduce la hinchaz\u00f3n. Reduce el apetito, los antojos de alimentos ricos en almid\u00f3n y dulces.<\/p>\n<p>Fortalece el efecto de las dietas, mantiene el resultado de perder peso durante mucho tiempo.<\/p>\n<p>Gracias a una forma especial de liberaci\u00f3n, precio farmacia similares Morithin 500 es absorbido por el cuerpo de la mejor manera posible y elimina el exceso de az\u00facar y grasas incluso antes de que ingresen al torrente sangu\u00edneo.<\/p>\n<p>&nbsp;<\/p>\n<h2><b>Indicaciones para el uso como se usa el\u00a0 Morithin 500 para que sirve<\/b><\/h2>\n<p>Indicaciones de walmart Morithin 500 Guadalajara para el uso de tabletas (resumen):<\/p>\n<ol>\n<li aria-level=\"1\">obesidad 1, 2 grados, sobrepeso, recomendado a partir de sobrepeso para mujeres mayores de 40 a\u00f1os.<\/li>\n<li aria-level=\"1\">eliminar el exceso de l\u00edquido del cuerpo<\/li>\n<li aria-level=\"1\">suprime eficazmente el hambre y el apetito excesivo<\/li>\n<li aria-level=\"1\">Ideal para adelgazar y limpiar acumulaciones de grasas, toxinas, productos de desecho, triglic\u00e9ridos y disminuir los niveles de colesterol.<\/li>\n<li aria-level=\"1\">normalizaci\u00f3n de los niveles hormonales en los cambios climat\u00e9ricos en el cuerpo<\/li>\n<\/ol>\n<p>El curso de tomar el medicamento adelgazanteMorithin 500.<\/p>\n<p>Tratamiento de curso recomendado para precio farmacia del ahorro Morithin 500 para que sirve. T\u00f3melo durante al menos 30 d\u00edas. Cuando ola dosis \u00f3ptima es de 2 c\u00e1psulas al d\u00eda. El precio por comprar m\u00e1s de 1 paquete viene con un descuento significativo, vea el enlace \u00abprecios al por mayor\u00bb en la parte superior. \u00a1Las promociones y los descuentos son v\u00e1lidos!<\/p>\n<h2><b>Precio Morithin 500 la composici\u00f3n de la droga.<\/b><\/h2>\n<p>Remachemos la composici\u00f3n y descripci\u00f3n del medicamento: estas tabletas se dan cuenta del potencial de los dos componentes m\u00e1s poderosos creados por la naturaleza contra la obesidad.<\/p>\n<ol>\n<li>Extracto de planta Hoodia Gordoni, tambi\u00e9n se le llama sombrero de bosquimano. Los cient\u00edficos, despu\u00e9s de a\u00f1os de investigaci\u00f3n, finalmente han descubierto por qu\u00e9 los bosquimanos de \u00c1frica casi no tienen una capa de grasa debajo de la piel. El fen\u00f3meno fue estudiado y recibi\u00f3 una cura para la obesidad.<\/li>\n<li>Planta africana Soflor (c\u00e1rtamo). Un pariente lejano de nuestro aster. Tiene un gran contenido de amino\u00e1cidos esenciales, y en t\u00e9rminos de p\u00e9rdida de peso, estamos interesados \u200b\u200ben CLA, CLA o amino\u00e1cidos esenciales grasos omega-6 en el extracto de esta planta.<\/li>\n<\/ol>\n<p>Los amino\u00e1cidos esenciales en las tabletas de precio Morithin 500 opiniones son los que nuestro cuerpo no sintetiza por s\u00ed mismo. Pero esta es la \u00fanica sustancia en la naturaleza que quema grasa de manera eficiente e inofensiva para el cuerpo. A continuaci\u00f3n se muestra la composici\u00f3n completa del medicamento:<\/p>\n<ol>\n<li aria-level=\"1\">CLA o Amino\u00e1cido Esencial Graso Omega-6. Uno de los dos componentes principales;<\/li>\n<li aria-level=\"1\">El extracto de Hudia Gordoni o glikozid P-57 es la segunda sustancia m\u00e1s importante de farmacias Morithin 500;<\/li>\n<li aria-level=\"1\">Irvingia Gabon\u00e9s<\/li>\n<li aria-level=\"1\">Extracto de Konnyaku o Glukomannan<\/li>\n<li aria-level=\"1\">Koleus forskolii (aceite)<\/li>\n<li aria-level=\"1\">Ra\u00edz de yac\u00f3n (extracto)<\/li>\n<\/ol>\n<h2><b>Opiniones de compradores de tabletas Morithin 500<\/b><\/h2>\n<blockquote><p><strong>Julieta<\/strong><\/p>\n<p>Le compr\u00e9 a mi esposa un curso completo durante 1,5 meses, el precio es ciertamente alto, pero perdi\u00f3 12 kg y esto es un r\u00e9cord para ella. La esposa est\u00e1 feliz, bueno, me gusta su figura. Planea perder cinco o seis libras m\u00e1s. Ya hice un pedido para un nuevo curso para la primavera.<\/p><\/blockquote>\n<p>&nbsp;<\/p>\n<blockquote><p><strong>Alicia<\/strong><\/p>\n<p>Tom\u00e9 estas pastillas durante un mes y, sorprendentemente, hay un resultado, aunque no es muy grande para m\u00ed, solo tres kilogramos por mes, pero si se tiene en cuenta que eran las vacaciones de A\u00f1o Nuevo y yo llevaba la vida de un perro sof\u00e1. , Creo que el resultado es simplemente excelente. Si todav\u00eda me dedicara a los deportes en ese momento, y no a las ensaladas crujientes con mayonesa, creo que habr\u00eda perdido m\u00e1s.<\/p><\/blockquote>\n<p>&nbsp;<\/p>\n<blockquote><p><strong>Gabriella<\/strong><\/p>\n<p>Al principio dud\u00e9 si comprar o no estas p\u00edldoras, luego recib\u00ed una consulta gratuita de un nutricionista, quien me explic\u00f3 que el medicamento era de alta calidad, luego de que vinieron a m\u00ed me sorprendi\u00f3 gratamente que las tabletas estuvieran selladas con un blister con el nombre del medicamento, que garantiza la calidad del medicamento, luego de una semana de uso el resultado fue muy notorio, luego de lo cual tambi\u00e9n orden\u00e9 empaque para mi novia, ya que el producto es de alta calidad y natural, no soy preocupada por su salud, ella tampoco la molesta, por eso yo estaba muy feliz, ahora ya no tiene que hacer dietas que hasta me daban molestias, en el verano nos vamos de vacaciones y admirare mi novia delgada, por eso les recomiendo estas pastillas, especialmente a los chicos que quieren cambiar a sus chicas para mejor, personalmente estoy muy contento con el resultado.<\/p><\/blockquote>\n<p>&nbsp;<\/p>\n<blockquote><p><strong>Liliana<\/strong><\/p>\n<p>Ped\u00ed muchos medicamentos similares, nada ayud\u00f3, extraje mucho dinero y decid\u00ed probarlo por \u00faltima vez. El esquema era el mismo, pero decid\u00ed arriesgarme, porque el peso amenaza mi salud. El consultor me escuch\u00f3, me dijo con gran detalle c\u00f3mo actuar\u00eda la droga en mi cuerpo, tom\u00f3 un curso de 10 kg, aunque quer\u00eda 25-30, pero me aconsejaron que comenzara con 10. Medicamento opiniones entonces ya decid\u00ed firmemente \u00ab\u00a1\u00a1\u00a1Lo intentar\u00e9 !!!\u00bb Donde lo puedo conseguir resultados reales <b>Morithin 500 pastillas <\/b>Beb\u00ed un curso durante 42 d\u00edas, no baj\u00e9 10 como promet\u00ed, sino 7, pero el resultado sigue siendo bueno, ahora s\u00e9 c\u00f3mo deber\u00eda verse el producto original, \u00a1pedir\u00e9 m\u00e1s y perder\u00e9 peso a\u00fan m\u00e1s! GRACIAS.<\/p><\/blockquote>\n<h2><b>D\u00f3nde c<\/b><b>omprar pastillas Morithin 500 donde lo venden<\/b><\/h2>\n<p>Es posible comprar c\u00e1psulas de pastillas Morithin 500 para adelgazar y controlarlo directamente en nuestro sitio web, en el momento que m\u00e1s le convenga. El cat\u00e1logo en l\u00ednea est\u00e1 disponible para su visualizaci\u00f3n durante todo el d\u00eda. Especifique los datos para el env\u00edo, la cantidad de paquetes y el m\u00e9todo de pago deseado; nuestro gerente se comunicar\u00e1 con usted para confirmar la solicitud y aclarar los detalles. El precio de donde lo venden Morithin 500 le encantar\u00e1, garantizamos las condiciones m\u00e1s favorables para la cooperaci\u00f3n, enviando la mercanc\u00eda por correo nuevo. Tambi\u00e9n recibir\u00e1 un regalo: un descuento para el pr\u00f3ximo pedido en el sitio.<\/p>\n","protected":false},"excerpt":{"rendered":"<div class=\"flex max-w-full flex-col flex-grow\">\n<div class=\"min-h-8 text-message flex w-full flex-col items-end gap-2 whitespace-normal break-words [.text-message+&amp;]:mt-5\" dir=\"auto\" data-message-author-role=\"assistant\" data-message-id=\"31678629-f1c7-4ced-b778-9d49031c1af9\" data-message-model-slug=\"gpt-4o-mini\">\n<div class=\"flex w-full flex-col gap-1 empty:hidden first:pt-[3px]\">\n<div class=\"markdown prose w-full break-words dark:prose-invert light\">\n<p>Morithin 500 es un suplemento innovador dise\u00f1ado para reducir y mantener el peso, limpiando el cuerpo de toxinas y mejorando el metabolismo. Con su uso, se acelera la quema de grasa y se favorece una p\u00e9rdida de peso efectiva y saludable sin necesidad de dietas extremas ni ejercicio intenso.<\/p>\n<\/div>\n<\/div>\n<\/div>\n<\/div>\n","protected":false},"featured_media":410,"comment_status":"open","ping_status":"closed","template":"","meta":[],"product_cat":[15],"product_tag":[],"yoast_head":"<!-- This site is optimized with the Yoast SEO plugin v23.8 - https:\/\/yoast.com\/wordpress\/plugins\/seo\/ -->\n<title>Morithin 500 comprar c\u00e1psulas adelgazantes en La Olla de Chile<\/title>\n<meta name=\"robots\" content=\"index, follow, max-snippet:-1, max-image-preview:large, max-video-preview:-1\" \/>\n<link rel=\"canonical\" href=\"http:\/\/laolladechile.com\/farmacia\/morithin-500\" \/>\n<meta property=\"og:locale\" content=\"es_ES\" \/>\n<meta property=\"og:type\" content=\"article\" \/>\n<meta property=\"og:title\" content=\"Morithin 500 comprar c\u00e1psulas adelgazantes en La Olla de Chile\" \/>\n<meta property=\"og:description\" content=\"Morithin 500 es un suplemento innovador dise\u00f1ado para reducir y mantener el peso, limpiando el cuerpo de toxinas y mejorando el metabolismo. Con su uso, se acelera la quema de grasa y se favorece una p\u00e9rdida de peso efectiva y saludable sin necesidad de dietas extremas ni ejercicio intenso.\" \/>\n<meta property=\"og:url\" content=\"http:\/\/laolladechile.com\/farmacia\/morithin-500\" \/>\n<meta property=\"og:site_name\" content=\"La Olla de Chile Farmacia\" \/>\n<meta property=\"og:image\" content=\"http:\/\/laolladechile.com\/farmacia\/wp-content\/uploads\/2024\/11\/Morithin-500.jpg\" \/>\n\t<meta property=\"og:image:width\" content=\"326\" \/>\n\t<meta property=\"og:image:height\" content=\"292\" \/>\n\t<meta property=\"og:image:type\" content=\"image\/jpeg\" \/>\n<meta name=\"twitter:card\" content=\"summary_large_image\" \/>\n<meta name=\"twitter:label1\" content=\"Tiempo de lectura\" \/>\n\t<meta name=\"twitter:data1\" content=\"7 minutos\" \/>\n<script type=\"application\/ld+json\" class=\"yoast-schema-graph\">{\"@context\":\"https:\/\/schema.org\",\"@graph\":[{\"@type\":\"WebPage\",\"@id\":\"http:\/\/laolladechile.com\/farmacia\/morithin-500\",\"url\":\"http:\/\/laolladechile.com\/farmacia\/morithin-500\",\"name\":\"Morithin 500 comprar c\u00e1psulas adelgazantes en La Olla de Chile\",\"isPartOf\":{\"@id\":\"https:\/\/laolladechile.com\/farmacia\/#website\"},\"primaryImageOfPage\":{\"@id\":\"http:\/\/laolladechile.com\/farmacia\/morithin-500#primaryimage\"},\"image\":{\"@id\":\"http:\/\/laolladechile.com\/farmacia\/morithin-500#primaryimage\"},\"thumbnailUrl\":\"https:\/\/laolladechile.com\/farmacia\/wp-content\/uploads\/2024\/11\/Morithin-500.jpg\",\"datePublished\":\"2024-11-15T12:05:37+00:00\",\"dateModified\":\"2024-11-15T12:05:37+00:00\",\"breadcrumb\":{\"@id\":\"http:\/\/laolladechile.com\/farmacia\/morithin-500#breadcrumb\"},\"inLanguage\":\"es\",\"potentialAction\":[{\"@type\":\"ReadAction\",\"target\":[\"http:\/\/laolladechile.com\/farmacia\/morithin-500\"]}]},{\"@type\":\"ImageObject\",\"inLanguage\":\"es\",\"@id\":\"http:\/\/laolladechile.com\/farmacia\/morithin-500#primaryimage\",\"url\":\"https:\/\/laolladechile.com\/farmacia\/wp-content\/uploads\/2024\/11\/Morithin-500.jpg\",\"contentUrl\":\"https:\/\/laolladechile.com\/farmacia\/wp-content\/uploads\/2024\/11\/Morithin-500.jpg\",\"width\":326,\"height\":292,\"caption\":\"Morithin 500\"},{\"@type\":\"BreadcrumbList\",\"@id\":\"http:\/\/laolladechile.com\/farmacia\/morithin-500#breadcrumb\",\"itemListElement\":[{\"@type\":\"ListItem\",\"position\":1,\"name\":\"Home\",\"item\":\"https:\/\/laolladechile.com\/farmacia\/\"},{\"@type\":\"ListItem\",\"position\":2,\"name\":\"Morithin 500\"}]},{\"@type\":\"WebSite\",\"@id\":\"https:\/\/laolladechile.com\/farmacia\/#website\",\"url\":\"https:\/\/laolladechile.com\/farmacia\/\",\"name\":\"La Olla de Chile Farmacia\",\"description\":\"\",\"publisher\":{\"@id\":\"https:\/\/laolladechile.com\/farmacia\/#organization\"},\"potentialAction\":[{\"@type\":\"SearchAction\",\"target\":{\"@type\":\"EntryPoint\",\"urlTemplate\":\"https:\/\/laolladechile.com\/farmacia\/?s={search_term_string}\"},\"query-input\":{\"@type\":\"PropertyValueSpecification\",\"valueRequired\":true,\"valueName\":\"search_term_string\"}}],\"inLanguage\":\"es\"},{\"@type\":\"Organization\",\"@id\":\"https:\/\/laolladechile.com\/farmacia\/#organization\",\"name\":\"La Olla de Chile Farmacia\",\"url\":\"https:\/\/laolladechile.com\/farmacia\/\",\"logo\":{\"@type\":\"ImageObject\",\"inLanguage\":\"es\",\"@id\":\"https:\/\/laolladechile.com\/farmacia\/#\/schema\/logo\/image\/\",\"url\":\"https:\/\/laolladechile.com\/farmacia\/wp-content\/uploads\/2024\/11\/logo-la-olla.jpg\",\"contentUrl\":\"https:\/\/laolladechile.com\/farmacia\/wp-content\/uploads\/2024\/11\/logo-la-olla.jpg\",\"width\":261,\"height\":62,\"caption\":\"La Olla de Chile Farmacia\"},\"image\":{\"@id\":\"https:\/\/laolladechile.com\/farmacia\/#\/schema\/logo\/image\/\"}}]}<\/script>\n<!-- \/ Yoast SEO plugin. -->","yoast_head_json":{"title":"Morithin 500 comprar c\u00e1psulas adelgazantes en La Olla de Chile","robots":{"index":"index","follow":"follow","max-snippet":"max-snippet:-1","max-image-preview":"max-image-preview:large","max-video-preview":"max-video-preview:-1"},"canonical":"http:\/\/laolladechile.com\/farmacia\/morithin-500","og_locale":"es_ES","og_type":"article","og_title":"Morithin 500 comprar c\u00e1psulas adelgazantes en La Olla de Chile","og_description":"Morithin 500 es un suplemento innovador dise\u00f1ado para reducir y mantener el peso, limpiando el cuerpo de toxinas y mejorando el metabolismo. Con su uso, se acelera la quema de grasa y se favorece una p\u00e9rdida de peso efectiva y saludable sin necesidad de dietas extremas ni ejercicio intenso.","og_url":"http:\/\/laolladechile.com\/farmacia\/morithin-500","og_site_name":"La Olla de Chile Farmacia","og_image":[{"width":326,"height":292,"url":"http:\/\/laolladechile.com\/farmacia\/wp-content\/uploads\/2024\/11\/Morithin-500.jpg","type":"image\/jpeg"}],"twitter_card":"summary_large_image","twitter_misc":{"Tiempo de lectura":"7 minutos"},"schema":{"@context":"https:\/\/schema.org","@graph":[{"@type":"WebPage","@id":"http:\/\/laolladechile.com\/farmacia\/morithin-500","url":"http:\/\/laolladechile.com\/farmacia\/morithin-500","name":"Morithin 500 comprar c\u00e1psulas adelgazantes en La Olla de Chile","isPartOf":{"@id":"https:\/\/laolladechile.com\/farmacia\/#website"},"primaryImageOfPage":{"@id":"http:\/\/laolladechile.com\/farmacia\/morithin-500#primaryimage"},"image":{"@id":"http:\/\/laolladechile.com\/farmacia\/morithin-500#primaryimage"},"thumbnailUrl":"https:\/\/laolladechile.com\/farmacia\/wp-content\/uploads\/2024\/11\/Morithin-500.jpg","datePublished":"2024-11-15T12:05:37+00:00","dateModified":"2024-11-15T12:05:37+00:00","breadcrumb":{"@id":"http:\/\/laolladechile.com\/farmacia\/morithin-500#breadcrumb"},"inLanguage":"es","potentialAction":[{"@type":"ReadAction","target":["http:\/\/laolladechile.com\/farmacia\/morithin-500"]}]},{"@type":"ImageObject","inLanguage":"es","@id":"http:\/\/laolladechile.com\/farmacia\/morithin-500#primaryimage","url":"https:\/\/laolladechile.com\/farmacia\/wp-content\/uploads\/2024\/11\/Morithin-500.jpg","contentUrl":"https:\/\/laolladechile.com\/farmacia\/wp-content\/uploads\/2024\/11\/Morithin-500.jpg","width":326,"height":292,"caption":"Morithin 500"},{"@type":"BreadcrumbList","@id":"http:\/\/laolladechile.com\/farmacia\/morithin-500#breadcrumb","itemListElement":[{"@type":"ListItem","position":1,"name":"Home","item":"https:\/\/laolladechile.com\/farmacia\/"},{"@type":"ListItem","position":2,"name":"Morithin 500"}]},{"@type":"WebSite","@id":"https:\/\/laolladechile.com\/farmacia\/#website","url":"https:\/\/laolladechile.com\/farmacia\/","name":"La Olla de Chile Farmacia","description":"","publisher":{"@id":"https:\/\/laolladechile.com\/farmacia\/#organization"},"potentialAction":[{"@type":"SearchAction","target":{"@type":"EntryPoint","urlTemplate":"https:\/\/laolladechile.com\/farmacia\/?s={search_term_string}"},"query-input":{"@type":"PropertyValueSpecification","valueRequired":true,"valueName":"search_term_string"}}],"inLanguage":"es"},{"@type":"Organization","@id":"https:\/\/laolladechile.com\/farmacia\/#organization","name":"La Olla de Chile Farmacia","url":"https:\/\/laolladechile.com\/farmacia\/","logo":{"@type":"ImageObject","inLanguage":"es","@id":"https:\/\/laolladechile.com\/farmacia\/#\/schema\/logo\/image\/","url":"https:\/\/laolladechile.com\/farmacia\/wp-content\/uploads\/2024\/11\/logo-la-olla.jpg","contentUrl":"https:\/\/laolladechile.com\/farmacia\/wp-content\/uploads\/2024\/11\/logo-la-olla.jpg","width":261,"height":62,"caption":"La Olla de Chile Farmacia"},"image":{"@id":"https:\/\/laolladechile.com\/farmacia\/#\/schema\/logo\/image\/"}}]}},"_links":{"self":[{"href":"https:\/\/laolladechile.com\/farmacia\/index.php?rest_route=\/wp\/v2\/product\/408"}],"collection":[{"href":"https:\/\/laolladechile.com\/farmacia\/index.php?rest_route=\/wp\/v2\/product"}],"about":[{"href":"https:\/\/laolladechile.com\/farmacia\/index.php?rest_route=\/wp\/v2\/types\/product"}],"replies":[{"embeddable":true,"href":"https:\/\/laolladechile.com\/farmacia\/index.php?rest_route=%2Fwp%2Fv2%2Fcomments&post=408"}],"wp:featuredmedia":[{"embeddable":true,"href":"https:\/\/laolladechile.com\/farmacia\/index.php?rest_route=\/wp\/v2\/media\/410"}],"wp:attachment":[{"href":"https:\/\/laolladechile.com\/farmacia\/index.php?rest_route=%2Fwp%2Fv2%2Fmedia&parent=408"}],"wp:term":[{"taxonomy":"product_cat","embeddable":true,"href":"https:\/\/laolladechile.com\/farmacia\/index.php?rest_route=%2Fwp%2Fv2%2Fproduct_cat&post=408"},{"taxonomy":"product_tag","embeddable":true,"href":"https:\/\/laolladechile.com\/farmacia\/index.php?rest_route=%2Fwp%2Fv2%2Fproduct_tag&post=408"}],"curies":[{"name":"wp","href":"https:\/\/api.w.org\/{rel}","templated":true}]}}