{"id":411,"date":"2024-11-15T13:10:08","date_gmt":"2024-11-15T12:10:08","guid":{"rendered":"https:\/\/laolladechile.com\/farmacia\/?post_type=product&#038;p=411"},"modified":"2024-11-15T13:10:08","modified_gmt":"2024-11-15T12:10:08","slug":"multilan-active","status":"publish","type":"product","link":"http:\/\/laolladechile.com\/farmacia\/multilan-active","title":{"rendered":"Multilan Active"},"content":{"rendered":"<h2 style=\"text-align: center;\"><span style=\"font-weight: 400;\">Multilan Active pastillas. M\u00e9xico, Guadalajara. Para que sirve. Donde lo puedo conseguir.<\/span><\/h2>\n<p><img loading=\"lazy\" decoding=\"async\" class=\"aligncenter size-full wp-image-415\" src=\"http:\/\/laolladechile.com\/farmacia\/wp-content\/uploads\/2024\/11\/Multilan-Active-3.jpg\" alt=\"Multilan Active precio farmacia del ahorro\" width=\"500\" height=\"285\" srcset=\"https:\/\/laolladechile.com\/farmacia\/wp-content\/uploads\/2024\/11\/Multilan-Active-3.jpg 500w, https:\/\/laolladechile.com\/farmacia\/wp-content\/uploads\/2024\/11\/Multilan-Active-3-300x171.jpg 300w\" sizes=\"(max-width: 500px) 100vw, 500px\" \/><\/p>\n<h2><span style=\"font-weight: 400;\">Medicina para la audici\u00f3n <\/span><span style=\"font-weight: 400;\">Multilan Active pastillas<\/span><span style=\"font-weight: 400;\">:\u00a0<\/span><\/h2>\n<p><span style=\"font-weight: 400;\">descripci\u00f3n, aplicaci\u00f3n, rese\u00f1as. Otorrinolaringolog\u00eda Discusi\u00f3n Editar art\u00edculo 2 Los problemas de audici\u00f3n pueden aparecer inesperadamente y volverse tanto temporales como permanentes. El remedio para o\u00edr Multilan Active pastillas est\u00e1 dise\u00f1ado para eliminar tales dolencias. Es eficaz y seguro. Para muchas personas, ayuda a eliminar el tinnitus, la sordera, la hipoacusia y otras enfermedades de la otorrinolaringolog\u00eda. Composici\u00f3n de la preparaci\u00f3n La composici\u00f3n multicomponente de la preparaci\u00f3n est\u00e1 especialmente dise\u00f1ada para resolver problemas asociados con la discapacidad auditiva.\u00a0<\/span><\/p>\n<p><span style=\"font-weight: 400;\">El medicamento para la audici\u00f3n Multilan Active pastillas contiene ingredientes como beta\u00edna, vitamina E, resveratrol, quercetina, coenzima Q10, extracto de ginkgo biloba, gluconato de manganeso, vitaminas B6, B1, B9 (\u00e1cido f\u00f3lico), B12.\u00a0<\/span><\/p>\n<p><span style=\"font-weight: 400;\">Tambi\u00e9n contiene selenio y vitamina H. Se utiliz\u00f3 \u00f3xido de magnesio como componentes adicionales.\u00a0<\/span><\/p>\n<h2><span style=\"font-weight: 400;\">Multilan Active pastillas est\u00e1 disponible en forma de c\u00e1psulas.\u00a0<\/span><\/h2>\n<p><span style=\"font-weight: 400;\">El paquete azul contiene un bl\u00edster de 24 o 30 c\u00e1psulas. Se adjuntan instrucciones de uso. La droga es un Multilan Active pastillas. Propiedades de la preparaci\u00f3n para mejorar la audici\u00f3n La medicina auditiva Multilan Active pastillas afecta eficazmente al aud\u00edfono humano.\u00a0<\/span><\/p>\n<p><span style=\"font-weight: 400;\">Este resultado da una composici\u00f3n bien equilibrada del f\u00e1rmaco, que: estimula el suministro de sangre; activa los procesos metab\u00f3licos en el cerebro y la aur\u00edcula; repone la deficiencia de vitaminas, micro y macroelementos, vitales para la prevenci\u00f3n de la p\u00e9rdida auditiva; previene la aparici\u00f3n y el desarrollo de enfermedades infecciosas dentro del pabell\u00f3n auricular; aumenta la elasticidad de la piel; fortalece los vasos sangu\u00edneos. Gracias a estas cualidades, el complemento diet\u00e9tico ayuda a mejorar la calidad del aud\u00edfono. Alivia muchos problemas de audici\u00f3n. Efecto farmacol\u00f3gico de los componentes en el cuerpo La medicina auditiva Multilan Active pastillas <\/span><span style=\"font-weight: 400;\">confiable<\/span> <span style=\"font-weight: 400;\">para que sirve<\/span> <span style=\"font-weight: 400;\">da un buen efecto en la lucha contra la p\u00e9rdida auditiva. Esta enfermedad es causada por varias razones: enfermedades infecciosas transferidas y no tratadas; antibi\u00f3ticos de naturaleza otot\u00f3xica; enfermedades cardiovasculares; suministro insuficiente de ox\u00edgeno; ruido fuerte (musical, industrial, construcci\u00f3n, etc.); edad avanzada. Si hay p\u00e9rdida de audici\u00f3n o cualquier otro problema de audici\u00f3n, entonces es necesario<\/span><\/p>\n<p><span style=\"font-weight: 400;\">reaccionan, ya que el o\u00eddo, la garganta y la nariz est\u00e1n estrechamente relacionados y una enfermedad puede provocar una serie de enfermedades de otros \u00f3rganos. Las sustancias naturales que componen la preparaci\u00f3n tienen el mejor efecto sobre el sistema auditivo. Aportar la nutrici\u00f3n, vitaminas y microelementos necesarios al aud\u00edfono. Tienen un efecto positivo sobre la circulaci\u00f3n cerebral.<\/span><\/p>\n<p><span style=\"font-weight: 400;\">Se caracterizan por las siguientes propiedades:<\/span><\/p>\n<p><span style=\"font-weight: 400;\">Resveratrol Es el antioxidante m\u00e1s fuerte con un efecto multivalente pronunciado en el cuerpo. Eficaz para dolores de cabeza, mareos, ac\u00fafenos y baja audibilidad.<\/span><\/p>\n<p><span style=\"font-weight: 400;\">Ginkgo biloba y quercetina. Activan el trabajo del sistema circulatorio capilar. Estimula los procesos metab\u00f3licos en el cerebro y los aud\u00edfonos.<\/span><\/p>\n<p><span style=\"font-weight: 400;\">La acci\u00f3n de estos componentes reduce la permeabilidad capilar y la fragilidad. Restaura el trabajo del aud\u00edfono. Coenzima Q10. Tiene un efecto positivo sobre el sistema inmunol\u00f3gico del cuerpo. Satura las c\u00e9lulas con ox\u00edgeno. Mejora el metabolismo energ\u00e9tico en los tejidos. Protege contra los efectos negativos de factores externos. Beta\u00edna. Suprime la toxicidad de la homociste\u00edna, que destruye los vasos sangu\u00edneos. Con la edad, el contenido de este amino\u00e1cido en el organismo aumenta, lo que provoca la aparici\u00f3n y desarrollo de enfermedades como aterosclerosis, hipertensi\u00f3n, hipoacusia neurosensorial.<\/span><\/p>\n<p><span style=\"font-weight: 400;\">Manganeso y Selenio. Previenen fallos funcionales en el funcionamiento del analizador auditivo, ya que la falta de estos elementos conduce a una p\u00e9rdida auditiva importante. Vitaminas B, estas son B1, B6 y B12, as\u00ed como vitamina H.\u00a0<\/span><\/p>\n<p><span style=\"font-weight: 400;\">Ayudan a mejorar el funcionamiento del aud\u00edfono. Previene la hipoacusia. Promover la conducci\u00f3n de impulsos a lo largo de las fibras neuroauditivas. Tienen un efecto regenerador, estimulan la circulaci\u00f3n sangu\u00ednea en \u00f3rganos y tejidos. Fortalece el sistema inmunol\u00f3gico de las c\u00e9lulas. Todas estas caracter\u00edsticas de calidad mejoran el funcionamiento de la aur\u00edcula y contribuyen a su funcionamiento estable. Elimina los problemas existentes. Evite su ocurrencia en el futuro.<\/span><\/p>\n<p><span style=\"font-weight: 400;\">Indicaciones para el uso de suplementos diet\u00e9ticos Las enfermedades del aud\u00edfono afectan a tres \u00f3rganos a la vez: o\u00eddo, garganta, nariz. Para que la enfermedad no adquiera una escala tan grande, se prescribe el medicamento Multilan Active pastillas. Normaliza y restaura el funcionamiento de los \u00f3rganos auditivos. Reduce la probabilidad de p\u00e9rdida auditiva. Es un excelente profil\u00e1ctico contra la sordera. Elimina la p\u00e9rdida auditiva, el ruido en los o\u00eddos y la cabeza.<\/span><\/p>\n<p><span style=\"font-weight: 400;\">Contraindicaciones para el uso del medicamento El tratamiento de la audici\u00f3n con Multilan Active pastillas <\/span><span style=\"font-weight: 400;\">para que sirve<\/span> <span style=\"font-weight: 400;\">debe suspenderse si hay una intolerancia individual o si hay una sensibilidad especial a uno de los ingredientes del medicamento. Est\u00e1 prohibido su uso durante el embarazo y la lactancia. En estos casos, debe consultar a su m\u00e9dico. El m\u00e9todo de administraci\u00f3n y las dosis recomendadas del medicamento <\/span><span style=\"font-weight: 400;\">funciona<\/span> <span style=\"font-weight: 400;\">Multilan Active pastillas se recomiendan para adultos y ni\u00f1os del grupo de edad a partir de los catorce a\u00f1os, una c\u00e1psula una vez al d\u00eda. El medicamento se toma con las comidas, se lava con abundante agua. La correcci\u00f3n auditiva se produce durante todo el curso, que dura entre 1 y 1,5 meses. Instrucciones especiales para el uso del medicamento Antes de usar el medicamento, se debe realizar una prueba de audici\u00f3n, que permitir\u00e1 establecer un diagn\u00f3stico preciso. La principal sintomatolog\u00eda de las enfermedades del o\u00eddo se manifiesta en una disminuci\u00f3n de la audici\u00f3n, su agudeza. Hay ruido en las aur\u00edculas, mareos, dolor local, otorrea. La prueba de audici\u00f3n en este caso implica una anamnesis detallada asociada con el estudio no solo de los o\u00eddos, sino tambi\u00e9n de la nariz, faringe, gl\u00e1ndula salival y articulaci\u00f3n temporomandibular. Se ha comprobado que el dolor de estas zonas se transmite a las aur\u00edculas. En caso de lesi\u00f3n traum\u00e1tica en el o\u00eddo, se debe realizar una sospecha de fractura del cr\u00e1neo, curvatura de la membrana timp\u00e1nica, disminuci\u00f3n de la audici\u00f3n, aparici\u00f3n de mareos, una radiograf\u00eda o tomograf\u00eda computarizada de la regi\u00f3n temporal. El mismo examen debe ser realizado por personas con par\u00e1lisis del nervio facial y con dolor en los o\u00eddos, es decir, con otalgia. El nombramiento de un examen de diagn\u00f3stico depende de los s\u00edntomas de la manifestaci\u00f3n de la enfermedad que se produce en el pabell\u00f3n auricular o en el \u00e1rea cercana.\u00a0<\/span><\/p>\n<p><span style=\"font-weight: 400;\">En este caso, el otorrinolaring\u00f3logo realiza un tratamiento de alta calidad y<\/span><\/p>\n<p><span style=\"font-weight: 400;\">evaluaci\u00f3n cuantitativa de la actividad auditiva y vestibular. Despu\u00e9s de eso, se prescribe el tratamiento adecuado. An\u00e1logos del f\u00e1rmaco Multilan Active pastillas Hasta la fecha, no se han identificado an\u00e1logos absolutos del f\u00e1rmaco <\/span><span style=\"font-weight: 400;\">funciona<\/span> <span style=\"font-weight: 400;\">Multilan Active pastillas. A pesar de esto, algunos aud\u00edfonos funcionan de manera similar: restauran el aud\u00edfono, estimulan la microcirculaci\u00f3n en los vasos sangu\u00edneos y aumentan el metabolismo del o\u00eddo interno.<\/span><\/p>\n<p><img loading=\"lazy\" decoding=\"async\" class=\"aligncenter size-full wp-image-414\" src=\"http:\/\/laolladechile.com\/farmacia\/wp-content\/uploads\/2024\/11\/Multilan-Active-2.jpg\" alt=\"Multilan Active donde comprar\" width=\"500\" height=\"341\" srcset=\"https:\/\/laolladechile.com\/farmacia\/wp-content\/uploads\/2024\/11\/Multilan-Active-2.jpg 500w, https:\/\/laolladechile.com\/farmacia\/wp-content\/uploads\/2024\/11\/Multilan-Active-2-300x205.jpg 300w\" sizes=\"(max-width: 500px) 100vw, 500px\" \/><\/p>\n<p><span style=\"font-weight: 400;\">Los m\u00e9dicos recuerdan que cualquier terapia debe ser integral, la otorrinolaringol\u00f3gica no es una excepci\u00f3n. Para que el aud\u00edfono funcione perfectamente, es necesario no solo tomar el medicamento, sino tambi\u00e9n hacer ejercicios especiales, recurrir a la medicina herbal y la fisioterapia. Condiciones de almacenamiento el medicamento Multilan Active pastillas debe almacenarse en un lugar fresco y seco. El producto debe protegerse de la luz solar directa y mantenerse fuera del alcance de los ni\u00f1os. La temperatura de almacenamiento \u00f3ptima no es superior a +25 \u00b0 \u0421. La vida \u00fatil de un Multilan Active pastillas es de dos a\u00f1os a partir de la fecha de fabricaci\u00f3n, que se indica en el paquete. Antes de usar el medicamento, debe consultar a un especialista. Multilan Active pastillas <\/span><span style=\"font-weight: 400;\">es bueno o malo<\/span> <span style=\"font-weight: 400;\">el producto es completamente natural. Se recomienda comprar el medicamento en el sitio web oficial del fabricante. Las respuestas a todas las preguntas sobre esta herramienta se pueden obtener en el sitio web oficial del fabricante, el Servicio de Atenci\u00f3n al Cliente funciona a diario. El paciente revisa que el medicamento Multilan Active pastillas ha demostrado ser solo en el lado positivo. Las personas informan una mejora en su capacidad auditiva, que se ha reducido por varias razones. En primer lugar, se trata de ruidos fuertes y enfermedades pasadas.<\/span><\/p>\n<p><span style=\"font-weight: 400;\">La droga hizo un excelente trabajo con el tinnitus y los ruidos de cabeza. Esta incomodidad desapareci\u00f3 casi inmediatamente despu\u00e9s de la primera aplicaci\u00f3n. En algunas personas, el agua entr\u00f3 en el o\u00eddo y despu\u00e9s de eso la audici\u00f3n se deterior\u00f3, pero aqu\u00ed el aditivo ayud\u00f3. Audici\u00f3n restaurada, mejor\u00f3 su nitidez. Las personas mayores notaron que despu\u00e9s de tomar Multilan Active pastillas, la sensibilidad auditiva dej\u00f3 de disminuir, pero por el contrario, la audici\u00f3n comenz\u00f3 a recuperarse gradualmente. Muchos oponentes tomar\u00e1n algunos cursos m\u00e1s para mejorar y consolidar el resultado, pero solo despu\u00e9s de un breve descanso.\u00a0<\/span><\/p>\n<h2><span style=\"font-weight: 400;\">Desafortunadamente, esta droga<\/span><\/h2>\n<p><img loading=\"lazy\" decoding=\"async\" class=\"aligncenter size-full wp-image-413\" src=\"http:\/\/laolladechile.com\/farmacia\/wp-content\/uploads\/2024\/11\/Multilan-Active-1.jpg\" alt=\"Multilan Active donde lo puedo conseguir\" width=\"500\" height=\"326\" srcset=\"https:\/\/laolladechile.com\/farmacia\/wp-content\/uploads\/2024\/11\/Multilan-Active-1.jpg 500w, https:\/\/laolladechile.com\/farmacia\/wp-content\/uploads\/2024\/11\/Multilan-Active-1-300x196.jpg 300w\" sizes=\"(max-width: 500px) 100vw, 500px\" \/><\/p>\n<p><span style=\"font-weight: 400;\">no elimina enfermedades de alta gravedad, es decir, cuando se necesita una intervenci\u00f3n especializada seria y no se puede prescindir de los antibi\u00f3ticos, no ayudar\u00e1. En la etapa inicial de la enfermedad, el medicamento puede vencer todas las dolencias asociadas con la audici\u00f3n. En el lado positivo, los pacientes consideran el precio, un paquete grande, que es suficiente para todo el curso de la admisi\u00f3n. A algunas personas no les gusta el hecho de que la droga deba beberse durante mucho tiempo y con regularidad para que se produzca el efecto. Una parte not\u00f3 el efecto positivo de la droga ya en la primera semana de uso. Los oponentes negativos no entienden c\u00f3mo se pueden usar los suplementos diet\u00e9ticos durante una enfermedad, porque esta categor\u00eda de medicamentos no se somete a un control m\u00e9dico adecuado. Pero hay pocas personas as\u00ed, como regla, si el medicamento ayuda y lo receta el m\u00e9dico, la persona no piensa si se trata de un <\/span><span style=\"font-weight: 400;\">confiable<\/span> <span style=\"font-weight: 400;\">Multilan Active pastillas o un medicamento m\u00e9dico. Los expertos aconsejan adherirse a una nutrici\u00f3n adecuada durante el tratamiento. Coma alimentos menos salados y dulces. Y excluir por completo el uso de bebidas alcoh\u00f3licas. Multilan Active pastillas es un aud\u00edfono confiable. Debe utilizarse para tratar estos problemas, ya que es natural, seguro y eficaz. Capaz de transformar por completo la vida de una persona sorda.<\/span><\/p>\n<h2><span style=\"font-weight: 400;\">Medicamento opiniones, resultados reales<\/span><\/h2>\n<blockquote><p><b>Estela, <\/b><b>Guadalajara<\/b><\/p>\n<p><span style=\"font-weight: 400;\">Mis o\u00eddos estaban perturbados por un fuerte tinnitus, que no est\u00e1 claro de d\u00f3nde vino. El m\u00e9dico revis\u00f3 y dijo que no hab\u00eda nada de malo en eso y me dijo que tomara el medicamento Acoustic, que tiene un precio normal. Despu\u00e9s de usar el medicamento, el tinnitus comenz\u00f3 a desaparecer lentamente y despu\u00e9s de un ciclo completo, cuando beb\u00ed el medicamento, desapareci\u00f3 por completo y desde hace dos meses, ya que no me molesta.<\/span><\/p><\/blockquote>\n<p>&nbsp;<\/p>\n<blockquote><p><b>Rebeca, <\/b><b>MX<\/b><\/p>\n<p><span style=\"font-weight: 400;\">Excelente composici\u00f3n y precio. Estoy satisfecho con la presencia de vitaminas en la composici\u00f3n. A\u00fan no dir\u00e9 sobre la efectividad, porque acabo de comenzar el curso.<\/span><\/p><\/blockquote>\n","protected":false},"excerpt":{"rendered":"<div class=\"flex max-w-full flex-col flex-grow\">\n<div class=\"min-h-8 text-message flex w-full flex-col items-end gap-2 whitespace-normal break-words [.text-message+&amp;]:mt-5\" dir=\"auto\" data-message-author-role=\"assistant\" data-message-id=\"e7c62002-9b57-422c-8df7-5377078873c6\" data-message-model-slug=\"gpt-4o-mini\">\n<div class=\"flex w-full flex-col gap-1 empty:hidden first:pt-[3px]\">\n<div class=\"markdown prose w-full break-words dark:prose-invert light\">\n<p>Las pastillas Multilan Active est\u00e1n dise\u00f1adas para mejorar la audici\u00f3n y tratar problemas como el tinnitus, la sordera y la hipoacusia. Su f\u00f3rmula avanzada, que incluye ingredientes como vitaminas, minerales y extractos naturales, ayuda a fortalecer los vasos sangu\u00edneos y a prevenir la p\u00e9rdida auditiva.<\/p>\n<\/div>\n<\/div>\n<\/div>\n<\/div>\n","protected":false},"featured_media":412,"comment_status":"open","ping_status":"closed","template":"","meta":[],"product_cat":[15],"product_tag":[],"yoast_head":"<!-- This site is optimized with the Yoast SEO plugin v23.8 - https:\/\/yoast.com\/wordpress\/plugins\/seo\/ -->\n<title>Multilan Active comprar c\u00e1psulas auditivas en La Olla de Chile<\/title>\n<meta name=\"robots\" content=\"index, follow, max-snippet:-1, max-image-preview:large, max-video-preview:-1\" \/>\n<link rel=\"canonical\" href=\"http:\/\/laolladechile.com\/farmacia\/multilan-active\" \/>\n<meta property=\"og:locale\" content=\"es_ES\" \/>\n<meta property=\"og:type\" content=\"article\" \/>\n<meta property=\"og:title\" content=\"Multilan Active comprar c\u00e1psulas auditivas en La Olla de Chile\" \/>\n<meta property=\"og:description\" content=\"Las pastillas Multilan Active est\u00e1n dise\u00f1adas para mejorar la audici\u00f3n y tratar problemas como el tinnitus, la sordera y la hipoacusia. Su f\u00f3rmula avanzada, que incluye ingredientes como vitaminas, minerales y extractos naturales, ayuda a fortalecer los vasos sangu\u00edneos y a prevenir la p\u00e9rdida auditiva.\" \/>\n<meta property=\"og:url\" content=\"http:\/\/laolladechile.com\/farmacia\/multilan-active\" \/>\n<meta property=\"og:site_name\" content=\"La Olla de Chile Farmacia\" \/>\n<meta property=\"og:image\" content=\"http:\/\/laolladechile.com\/farmacia\/wp-content\/uploads\/2024\/11\/Multilan-Active.jpg\" \/>\n\t<meta property=\"og:image:width\" content=\"202\" \/>\n\t<meta property=\"og:image:height\" content=\"350\" \/>\n\t<meta property=\"og:image:type\" content=\"image\/jpeg\" \/>\n<meta name=\"twitter:card\" content=\"summary_large_image\" \/>\n<meta name=\"twitter:label1\" content=\"Tiempo de lectura\" \/>\n\t<meta name=\"twitter:data1\" content=\"9 minutos\" \/>\n<script type=\"application\/ld+json\" class=\"yoast-schema-graph\">{\"@context\":\"https:\/\/schema.org\",\"@graph\":[{\"@type\":\"WebPage\",\"@id\":\"http:\/\/laolladechile.com\/farmacia\/multilan-active\",\"url\":\"http:\/\/laolladechile.com\/farmacia\/multilan-active\",\"name\":\"Multilan Active comprar c\u00e1psulas auditivas en La Olla de Chile\",\"isPartOf\":{\"@id\":\"https:\/\/laolladechile.com\/farmacia\/#website\"},\"primaryImageOfPage\":{\"@id\":\"http:\/\/laolladechile.com\/farmacia\/multilan-active#primaryimage\"},\"image\":{\"@id\":\"http:\/\/laolladechile.com\/farmacia\/multilan-active#primaryimage\"},\"thumbnailUrl\":\"https:\/\/laolladechile.com\/farmacia\/wp-content\/uploads\/2024\/11\/Multilan-Active.jpg\",\"datePublished\":\"2024-11-15T12:10:08+00:00\",\"dateModified\":\"2024-11-15T12:10:08+00:00\",\"breadcrumb\":{\"@id\":\"http:\/\/laolladechile.com\/farmacia\/multilan-active#breadcrumb\"},\"inLanguage\":\"es\",\"potentialAction\":[{\"@type\":\"ReadAction\",\"target\":[\"http:\/\/laolladechile.com\/farmacia\/multilan-active\"]}]},{\"@type\":\"ImageObject\",\"inLanguage\":\"es\",\"@id\":\"http:\/\/laolladechile.com\/farmacia\/multilan-active#primaryimage\",\"url\":\"https:\/\/laolladechile.com\/farmacia\/wp-content\/uploads\/2024\/11\/Multilan-Active.jpg\",\"contentUrl\":\"https:\/\/laolladechile.com\/farmacia\/wp-content\/uploads\/2024\/11\/Multilan-Active.jpg\",\"width\":202,\"height\":350,\"caption\":\"Multilan Active\"},{\"@type\":\"BreadcrumbList\",\"@id\":\"http:\/\/laolladechile.com\/farmacia\/multilan-active#breadcrumb\",\"itemListElement\":[{\"@type\":\"ListItem\",\"position\":1,\"name\":\"Home\",\"item\":\"https:\/\/laolladechile.com\/farmacia\/\"},{\"@type\":\"ListItem\",\"position\":2,\"name\":\"Multilan Active\"}]},{\"@type\":\"WebSite\",\"@id\":\"https:\/\/laolladechile.com\/farmacia\/#website\",\"url\":\"https:\/\/laolladechile.com\/farmacia\/\",\"name\":\"La Olla de Chile Farmacia\",\"description\":\"\",\"publisher\":{\"@id\":\"https:\/\/laolladechile.com\/farmacia\/#organization\"},\"potentialAction\":[{\"@type\":\"SearchAction\",\"target\":{\"@type\":\"EntryPoint\",\"urlTemplate\":\"https:\/\/laolladechile.com\/farmacia\/?s={search_term_string}\"},\"query-input\":{\"@type\":\"PropertyValueSpecification\",\"valueRequired\":true,\"valueName\":\"search_term_string\"}}],\"inLanguage\":\"es\"},{\"@type\":\"Organization\",\"@id\":\"https:\/\/laolladechile.com\/farmacia\/#organization\",\"name\":\"La Olla de Chile Farmacia\",\"url\":\"https:\/\/laolladechile.com\/farmacia\/\",\"logo\":{\"@type\":\"ImageObject\",\"inLanguage\":\"es\",\"@id\":\"https:\/\/laolladechile.com\/farmacia\/#\/schema\/logo\/image\/\",\"url\":\"https:\/\/laolladechile.com\/farmacia\/wp-content\/uploads\/2024\/11\/logo-la-olla.jpg\",\"contentUrl\":\"https:\/\/laolladechile.com\/farmacia\/wp-content\/uploads\/2024\/11\/logo-la-olla.jpg\",\"width\":261,\"height\":62,\"caption\":\"La Olla de Chile Farmacia\"},\"image\":{\"@id\":\"https:\/\/laolladechile.com\/farmacia\/#\/schema\/logo\/image\/\"}}]}<\/script>\n<!-- \/ Yoast SEO plugin. -->","yoast_head_json":{"title":"Multilan Active comprar c\u00e1psulas auditivas en La Olla de Chile","robots":{"index":"index","follow":"follow","max-snippet":"max-snippet:-1","max-image-preview":"max-image-preview:large","max-video-preview":"max-video-preview:-1"},"canonical":"http:\/\/laolladechile.com\/farmacia\/multilan-active","og_locale":"es_ES","og_type":"article","og_title":"Multilan Active comprar c\u00e1psulas auditivas en La Olla de Chile","og_description":"Las pastillas Multilan Active est\u00e1n dise\u00f1adas para mejorar la audici\u00f3n y tratar problemas como el tinnitus, la sordera y la hipoacusia. Su f\u00f3rmula avanzada, que incluye ingredientes como vitaminas, minerales y extractos naturales, ayuda a fortalecer los vasos sangu\u00edneos y a prevenir la p\u00e9rdida auditiva.","og_url":"http:\/\/laolladechile.com\/farmacia\/multilan-active","og_site_name":"La Olla de Chile Farmacia","og_image":[{"width":202,"height":350,"url":"http:\/\/laolladechile.com\/farmacia\/wp-content\/uploads\/2024\/11\/Multilan-Active.jpg","type":"image\/jpeg"}],"twitter_card":"summary_large_image","twitter_misc":{"Tiempo de lectura":"9 minutos"},"schema":{"@context":"https:\/\/schema.org","@graph":[{"@type":"WebPage","@id":"http:\/\/laolladechile.com\/farmacia\/multilan-active","url":"http:\/\/laolladechile.com\/farmacia\/multilan-active","name":"Multilan Active comprar c\u00e1psulas auditivas en La Olla de Chile","isPartOf":{"@id":"https:\/\/laolladechile.com\/farmacia\/#website"},"primaryImageOfPage":{"@id":"http:\/\/laolladechile.com\/farmacia\/multilan-active#primaryimage"},"image":{"@id":"http:\/\/laolladechile.com\/farmacia\/multilan-active#primaryimage"},"thumbnailUrl":"https:\/\/laolladechile.com\/farmacia\/wp-content\/uploads\/2024\/11\/Multilan-Active.jpg","datePublished":"2024-11-15T12:10:08+00:00","dateModified":"2024-11-15T12:10:08+00:00","breadcrumb":{"@id":"http:\/\/laolladechile.com\/farmacia\/multilan-active#breadcrumb"},"inLanguage":"es","potentialAction":[{"@type":"ReadAction","target":["http:\/\/laolladechile.com\/farmacia\/multilan-active"]}]},{"@type":"ImageObject","inLanguage":"es","@id":"http:\/\/laolladechile.com\/farmacia\/multilan-active#primaryimage","url":"https:\/\/laolladechile.com\/farmacia\/wp-content\/uploads\/2024\/11\/Multilan-Active.jpg","contentUrl":"https:\/\/laolladechile.com\/farmacia\/wp-content\/uploads\/2024\/11\/Multilan-Active.jpg","width":202,"height":350,"caption":"Multilan Active"},{"@type":"BreadcrumbList","@id":"http:\/\/laolladechile.com\/farmacia\/multilan-active#breadcrumb","itemListElement":[{"@type":"ListItem","position":1,"name":"Home","item":"https:\/\/laolladechile.com\/farmacia\/"},{"@type":"ListItem","position":2,"name":"Multilan Active"}]},{"@type":"WebSite","@id":"https:\/\/laolladechile.com\/farmacia\/#website","url":"https:\/\/laolladechile.com\/farmacia\/","name":"La Olla de Chile Farmacia","description":"","publisher":{"@id":"https:\/\/laolladechile.com\/farmacia\/#organization"},"potentialAction":[{"@type":"SearchAction","target":{"@type":"EntryPoint","urlTemplate":"https:\/\/laolladechile.com\/farmacia\/?s={search_term_string}"},"query-input":{"@type":"PropertyValueSpecification","valueRequired":true,"valueName":"search_term_string"}}],"inLanguage":"es"},{"@type":"Organization","@id":"https:\/\/laolladechile.com\/farmacia\/#organization","name":"La Olla de Chile Farmacia","url":"https:\/\/laolladechile.com\/farmacia\/","logo":{"@type":"ImageObject","inLanguage":"es","@id":"https:\/\/laolladechile.com\/farmacia\/#\/schema\/logo\/image\/","url":"https:\/\/laolladechile.com\/farmacia\/wp-content\/uploads\/2024\/11\/logo-la-olla.jpg","contentUrl":"https:\/\/laolladechile.com\/farmacia\/wp-content\/uploads\/2024\/11\/logo-la-olla.jpg","width":261,"height":62,"caption":"La Olla de Chile Farmacia"},"image":{"@id":"https:\/\/laolladechile.com\/farmacia\/#\/schema\/logo\/image\/"}}]}},"_links":{"self":[{"href":"https:\/\/laolladechile.com\/farmacia\/index.php?rest_route=\/wp\/v2\/product\/411"}],"collection":[{"href":"https:\/\/laolladechile.com\/farmacia\/index.php?rest_route=\/wp\/v2\/product"}],"about":[{"href":"https:\/\/laolladechile.com\/farmacia\/index.php?rest_route=\/wp\/v2\/types\/product"}],"replies":[{"embeddable":true,"href":"https:\/\/laolladechile.com\/farmacia\/index.php?rest_route=%2Fwp%2Fv2%2Fcomments&post=411"}],"wp:featuredmedia":[{"embeddable":true,"href":"https:\/\/laolladechile.com\/farmacia\/index.php?rest_route=\/wp\/v2\/media\/412"}],"wp:attachment":[{"href":"https:\/\/laolladechile.com\/farmacia\/index.php?rest_route=%2Fwp%2Fv2%2Fmedia&parent=411"}],"wp:term":[{"taxonomy":"product_cat","embeddable":true,"href":"https:\/\/laolladechile.com\/farmacia\/index.php?rest_route=%2Fwp%2Fv2%2Fproduct_cat&post=411"},{"taxonomy":"product_tag","embeddable":true,"href":"https:\/\/laolladechile.com\/farmacia\/index.php?rest_route=%2Fwp%2Fv2%2Fproduct_tag&post=411"}],"curies":[{"name":"wp","href":"https:\/\/api.w.org\/{rel}","templated":true}]}}