{"id":416,"date":"2024-11-15T13:14:16","date_gmt":"2024-11-15T12:14:16","guid":{"rendered":"https:\/\/laolladechile.com\/farmacia\/?post_type=product&#038;p=416"},"modified":"2024-11-15T13:14:16","modified_gmt":"2024-11-15T12:14:16","slug":"testo-ultra","status":"publish","type":"product","link":"http:\/\/laolladechile.com\/farmacia\/testo-ultra","title":{"rendered":"Testo Ultra"},"content":{"rendered":"<h2 style=\"text-align: center;\"><span style=\"font-weight: 400;\">Testo Ultra pastillas M\u00e9xico, Guadalajara. Donde lo venden. Medicamento opiniones. Precio m\u00e9xico.<\/span><\/h2>\n<p><img loading=\"lazy\" decoding=\"async\" class=\"aligncenter size-full wp-image-420\" src=\"http:\/\/laolladechile.com\/farmacia\/wp-content\/uploads\/2024\/11\/Testo-Ultra-3.jpg\" alt=\"Testo Ultra farmacias\" width=\"500\" height=\"276\" srcset=\"https:\/\/laolladechile.com\/farmacia\/wp-content\/uploads\/2024\/11\/Testo-Ultra-3.jpg 500w, https:\/\/laolladechile.com\/farmacia\/wp-content\/uploads\/2024\/11\/Testo-Ultra-3-300x166.jpg 300w\" sizes=\"(max-width: 500px) 100vw, 500px\" \/><\/p>\n<h2><span style=\"font-weight: 400;\">Tabletas de mejora de la erecci\u00f3n Testo Ultra pastillas<\/span><\/h2>\n<p><span style=\"font-weight: 400;\">Pills Testo Ultra pastillas es una nueva herramienta que ha logrado establecerse entre muchos hombres. El remedio tiene un efecto sorprendente debido a los ingredientes seleccionados correctamente. Las pastillas mejoran la erecci\u00f3n en cuesti\u00f3n de d\u00edas. \u00bfC\u00f3mo comprar un medicamento para mejorar la erecci\u00f3n?<\/span><\/p>\n<p><span style=\"font-weight: 400;\">Complete el formulario en el sitio web del fabricante.<\/span><\/p>\n<p><span style=\"font-weight: 400;\">Haga una solicitud con el gerente por tel\u00e9fono.<\/span><\/p>\n<p><span style=\"font-weight: 400;\">Recoge la mercanc\u00eda.<\/span><\/p>\n<h2><span style=\"font-weight: 400;\">Donde comprar?<\/span><\/h2>\n<p><span style=\"font-weight: 400;\">Precio farmacia del ahorro <\/span><span style=\"font-weight: 400;\">Puede obtener Testo Ultra pastillas solo a trav\u00e9s del sitio web oficial al mejor precio.<\/span><\/p>\n<h2><span style=\"font-weight: 400;\">\u00a0<\/span><span style=\"font-weight: 400;\">NUEVAS TABLETAS Testo Ultra pastillas &#8211; FORTALECIMIENTO R\u00c1PIDO DE LA ERECCI\u00d3N<\/span><\/h2>\n<p><span style=\"font-weight: 400;\">\u00a0<\/span><span style=\"font-weight: 400;\">Desafortunadamente, para los hombres que envejecen, a medida que envejecen, su capacidad para tener relaciones sexuales se reduce significativamente, debido a la potencia d\u00e9bil, la erecci\u00f3n.<\/span><\/p>\n<p><span style=\"font-weight: 400;\">Esto es inevitable, raz\u00f3n por la cual productos como los auxiliares de potencia se est\u00e1n volviendo m\u00e1s comunes.<\/span><\/p>\n<p><span style=\"font-weight: 400;\">Las p\u00edldoras de potencia masculina Testo Ultra pastillas son una de las principales soluciones naturales de mejora masculina del mercado. Miles de hombres en Rusia conf\u00edan en \u00e9l todos los d\u00edas para mejorar su rendimiento y aumentar la testosterona.<\/span><\/p>\n<p><span style=\"font-weight: 400;\">Las tabletas contribuyen a un aumento r\u00e1pido y eficaz, la mejora de la erecci\u00f3n, la potencia y la libido, se vuelve una erecci\u00f3n m\u00e1s fuerte y m\u00e1s larga. El complemento alimenticio tiene una composici\u00f3n 100% natural, por lo que se produce dicho rendimiento.<\/span><\/p>\n<h2><span style=\"font-weight: 400;\">QUE ES Testo Ultra pastillas, para que sirve<\/span><\/h2>\n<p><span style=\"font-weight: 400;\">Tablets Testo Ultra pastillas <\/span><span style=\"font-weight: 400;\">para que sirve <\/span><span style=\"font-weight: 400;\">es un suplemento totalmente natural para hombres, elaborado en tabletas y claramente destinado a mejorar los problemas sexuales de los hombres, lo que ayuda a aumentar la potencia y la erecci\u00f3n. Millones de hombres en todo el mundo tienen disfunci\u00f3n er\u00e9ctil, infertilidad, eyaculaci\u00f3n precoz e incluso una menor dignidad masculina. Las tabletas contribuyen a un aumento r\u00e1pido, mejora la potencia prolongada, la libido, aparece una erecci\u00f3n fuerte y prolongada.<\/span><\/p>\n<p><span style=\"font-weight: 400;\">Millones de personas en todo el mundo dependen actualmente de otras drogas con un efecto inmediato para mejorar su desempe\u00f1o sexual y lograr un aumento en las relaciones sexuales prolongadas, la potencia y la erecci\u00f3n. Pero el uso generalizado de tales remedios puede provocar algunos efectos secundarios muy indeseables. Es por esto que su uso diario para realizar en la cama no es recomendable bajo ninguna circunstancia.<\/span><\/p>\n<p><span style=\"font-weight: 400;\">Aqu\u00ed es donde aparecen las p\u00edldoras Testo Ultra pastillas para potencia y erecci\u00f3n. No tienes que preocuparte por morir cada vez que planeas satisfacer a tu mujer en la cama. Un gran equipo de m\u00e9dicos ha elaborado este incre\u00edble suplemento utilizando solo ingredientes que se encuentran en la naturaleza.<\/span><\/p>\n<p><span style=\"font-weight: 400;\">El suplemento est\u00e1 dise\u00f1ado para brindarles a los hombres lo que merecen y lo que todos los hombres deber\u00edan tener: una vida sexual en la que no deber\u00edan decepcionarse de s\u00ed mismos ni decepcionar a su ser querido en la cama.<\/span><\/p>\n<h2><span style=\"font-weight: 400;\">EFECTO DE LAS TABLETAS Testo Ultra pastillas<\/span><\/h2>\n<p><img loading=\"lazy\" decoding=\"async\" class=\"aligncenter size-full wp-image-419\" src=\"http:\/\/laolladechile.com\/farmacia\/wp-content\/uploads\/2024\/11\/Testo-Ultra-2.jpg\" alt=\"Testo Ultra farmacia del ahorro\" width=\"500\" height=\"285\" srcset=\"https:\/\/laolladechile.com\/farmacia\/wp-content\/uploads\/2024\/11\/Testo-Ultra-2.jpg 500w, https:\/\/laolladechile.com\/farmacia\/wp-content\/uploads\/2024\/11\/Testo-Ultra-2-300x171.jpg 300w\" sizes=\"(max-width: 500px) 100vw, 500px\" \/><\/p>\n<p><span style=\"font-weight: 400;\">\u00a0<\/span><span style=\"font-weight: 400;\">Cuando alguien tiene disfunci\u00f3n er\u00e9ctil o no se siente atra\u00eddo por su pareja, se debe principalmente a una deficiencia de testosterona o una libido baja. Vemos este problema en la mayor\u00eda de los hombres con problemas sexuales.<\/span><\/p>\n<p><span style=\"font-weight: 400;\">Las p\u00edldoras Testo Ultra pastillas son un suplemento dise\u00f1ado para resolver exactamente este problema en el cuerpo masculino. Los ingredientes del suplemento Testo Ultra pastillas son bien conocidos<\/span><\/p>\n<p><span style=\"font-weight: 400;\">con sus propiedades curativas sexuales, debido a esto hay un aumento en la potencia, aparece una erecci\u00f3n fuerte y prolongada.<\/span><\/p>\n<p><span style=\"font-weight: 400;\">Las p\u00edldoras de potencia tambi\u00e9n se enfocan en mejorar su salud y metabolismo para que su cuerpo pueda consumir la mayor cantidad posible de nutrientes de los alimentos que consume. No absorber suficientes nutrientes de los alimentos que consume es una de las causas clave de su disfunci\u00f3n er\u00e9ctil u otros problemas sexuales.<\/span><\/p>\n<p><span style=\"font-weight: 400;\">Otras causas de estos problemas son el flujo sangu\u00edneo inadecuado a la parte privada del cuerpo y la debilidad de los m\u00fasculos y tejidos de la parte privada del cuerpo. El Testo Ultra pastillas est\u00e1 dise\u00f1ado para aumentar el flujo sangu\u00edneo a su virilidad y tambi\u00e9n ayuda a oxidar los m\u00fasculos de su parte privada, lo que hace que los tejidos de su parte privada sean m\u00e1s fuertes y relajados que antes. Debido a esto, las tabletas ayudan a mejorar de manera efectiva, aumentar la erecci\u00f3n y la libido, aparece una potencia fuerte y prolongada.\u00a0<\/span><\/p>\n<h2><span style=\"font-weight: 400;\">\u00bfC\u00f3mo afecta un remedio para la erecci\u00f3n al cuerpo?<\/span><\/h2>\n<p><span style=\"font-weight: 400;\">El remedio para la potencia mejora la salud de la persona que lo toma.<\/span><\/p>\n<p><span style=\"font-weight: 400;\">El remedio de la potencia aumenta el tama\u00f1o de la masculinidad y hace que la erecci\u00f3n dure m\u00e1s, obtienes sensaciones m\u00e1s brillantes del orgasmo.<\/span><\/p>\n<p><span style=\"font-weight: 400;\">Hay una mejora, un aumento de la potencia, la libido, se produce una erecci\u00f3n fuerte y prolongada.<\/span><\/p>\n<p><span style=\"font-weight: 400;\">Mejora la salud en general.<\/span><\/p>\n<p><span style=\"font-weight: 400;\">La ayuda para la erecci\u00f3n le ayuda a quemar m\u00e1s energ\u00eda al quemar \u00e1cidos grasos en su cuerpo.<\/span><\/p>\n<p><span style=\"font-weight: 400;\">El remedio por su potencia permite que se acumulen irregularidades en el sistema.<\/span><\/p>\n<p><span style=\"font-weight: 400;\">VENTAJAS DE TABLETS Testo Ultra pastillas SOBRE COMPETIDORES<\/span><\/p>\n<h2><span style=\"font-weight: 400;\">Ventajas de las pastillas Testo Ultra pastillas para la erecci\u00f3n sobre la competencia:<\/span><\/h2>\n<ul>\n<li style=\"font-weight: 400;\" aria-level=\"1\"><span style=\"font-weight: 400;\">Acci\u00f3n rapida<\/span><\/li>\n<li style=\"font-weight: 400;\" aria-level=\"1\"><span style=\"font-weight: 400;\">Resultado a largo plazo<\/span><\/li>\n<li style=\"font-weight: 400;\" aria-level=\"1\"><span style=\"font-weight: 400;\">Sin efectos secundarios<\/span><\/li>\n<li style=\"font-weight: 400;\" aria-level=\"1\"><span style=\"font-weight: 400;\">Env\u00edo r\u00e1pido<\/span><\/li>\n<li style=\"font-weight: 400;\" aria-level=\"1\"><span style=\"font-weight: 400;\">Garant\u00eda de devoluci\u00f3n del dinero<\/span><\/li>\n<li style=\"font-weight: 400;\" aria-level=\"1\"><span style=\"font-weight: 400;\">Bajo costo<\/span><\/li>\n<\/ul>\n<p><span style=\"font-weight: 400;\">Se ha comprobado que los ingredientes Testo Ultra pastillas para la potencia proporcionan una mejora genuina y notable en la actividad sexual despu\u00e9s de unas pocas semanas, se produce un aumento de la potencia y la erecci\u00f3n. El remedio proporciona una mejora, un aumento de la potencia, as\u00ed como de la libido, aparece una erecci\u00f3n m\u00e1s fuerte y m\u00e1s larga, y este efecto se acumula.<\/span><\/p>\n<p><span style=\"font-weight: 400;\">Sin embargo, esto no es lo \u00fanico bueno Testo Ultra pastillas para la potencia. Aqu\u00ed hay una lista de los beneficios y efectos completos de las c\u00e1psulas de erecci\u00f3n.<\/span><\/p>\n<h2><span style=\"font-weight: 400;\">COMPOSICI\u00d3N DE TABLETAS Testo Ultra pastillas<\/span><\/h2>\n<p><img loading=\"lazy\" decoding=\"async\" class=\"aligncenter size-full wp-image-418\" src=\"http:\/\/laolladechile.com\/farmacia\/wp-content\/uploads\/2024\/11\/Testo-Ultra-1.jpg\" alt=\"Testo Ultra opiniones\" width=\"500\" height=\"362\" srcset=\"https:\/\/laolladechile.com\/farmacia\/wp-content\/uploads\/2024\/11\/Testo-Ultra-1.jpg 500w, https:\/\/laolladechile.com\/farmacia\/wp-content\/uploads\/2024\/11\/Testo-Ultra-1-300x217.jpg 300w\" sizes=\"(max-width: 500px) 100vw, 500px\" \/><\/p>\n<p><span style=\"font-weight: 400;\">Tablets Testo Ultra pastillas es un suplemento de mejora masculina elaborado con ingredientes totalmente naturales para aumentar la potencia, erecciones fuertes y duraderas. El suplemento est\u00e1 destinado al tratamiento de hombres que padecen disfunciones sexuales sin temor a efectos secundarios. Los ingredientes del suplemento Testo Ultra pastillas <\/span><span style=\"font-weight: 400;\">resultados reales confiable <\/span><span style=\"font-weight: 400;\">aseguran que el progreso provocado por el suplemento (mejora, aumento de la potencia, erecciones fuertes y duraderas) sea bueno y no volver\u00e1 a tener problemas cuando deje de tomar el medicamento.<\/span><\/p>\n<p><span style=\"font-weight: 400;\">Lista de componentes de la composici\u00f3n:<\/span><\/p>\n<ul>\n<li style=\"font-weight: 400;\" aria-level=\"1\"><span style=\"font-weight: 400;\">Ra\u00edz de Tongkat Ali: esta ra\u00edz se ha utilizado durante siglos como una forma de mejorar de forma natural la funci\u00f3n sexual, pero no se ha visto un aumento en su uso como ingrediente natural de la testosterona.<\/span><\/li>\n<li style=\"font-weight: 400;\" aria-level=\"1\"><span style=\"font-weight: 400;\">La ra\u00edz de ortiga es lo que se conoce como un \u00abinhibidor de la aromatasa\u00bb y se cree que mejora los niveles de testosterona y limita el estr\u00f3geno.<\/span><\/li>\n<li style=\"font-weight: 400;\" aria-level=\"1\"><span style=\"font-weight: 400;\">Saw Palmetto (Dwarf Palm): Saw Palmetto tambi\u00e9n se usa para aumentar los niveles de testosterona, pero proporciona un gran impulso que a los usuarios les encanta.<\/span><\/li>\n<li style=\"font-weight: 400;\" aria-level=\"1\"><span style=\"font-weight: 400;\">Puede pedir pastillas Testo Ultra pastillas para una erecci\u00f3n a trav\u00e9s del sitio web oficial del fabricante a un precio bajo.<\/span><\/li>\n<\/ul>\n<h2><span style=\"font-weight: 400;\">Medicamento opiniones Testo Ultra pastillas<\/span><\/h2>\n<blockquote><p><b style=\"color: var(--font-color); font-family: var(--primary-font);\">Agust\u00edn<\/b><b style=\"color: var(--font-color); font-family: var(--primary-font);\">, 42 a\u00f1os, <\/b><b style=\"color: var(--font-color); font-family: var(--primary-font);\">M\u00e9xico<\/b><\/p>\n<p><span style=\"font-weight: 400;\">Nunca antes hab\u00eda pensado que a esta edad empezar\u00eda a tener problemas de erecci\u00f3n, pero sucedi\u00f3. Encontr\u00e9 la herramienta Testo Ultra pastillas <\/span><span style=\"font-weight: 400;\">funciona <\/span><span style=\"font-weight: 400;\">en Internet y, despu\u00e9s de leer las rese\u00f1as, decid\u00ed pedir pastillas. Ahora, despu\u00e9s de usar las p\u00edldoras, solo puedo disfrutar de mi agitada vida sexual.<\/span><\/p><\/blockquote>\n<p>&nbsp;<\/p>\n<blockquote><p><b>Agust\u00edn<\/b><b>, 44 a\u00f1os, <\/b><b>M\u00e9xico<\/b><\/p>\n<p><span style=\"font-weight: 400;\">Este problema tambi\u00e9n me pas\u00f3 a m\u00ed, experiment\u00e9 impotencia. Encontr\u00e9 el remedio Testo Ultra pastillas <\/span><span style=\"font-weight: 400;\">funciona <\/span><span style=\"font-weight: 400;\">en Internet y comenc\u00e9 a usar las p\u00edldoras. Not\u00e9 cambios en m\u00ed ya 2 semanas despu\u00e9s de comenzar a tomar el medicamento. Ahora mi cuerpo est\u00e1 funcionando bien, pida este producto y no se arrepentir\u00e1.<\/span><\/p><\/blockquote>\n<p>&nbsp;<\/p>\n<blockquote><p><b>Antonio<\/b><b>, 45 a\u00f1os, <\/b><b>Guadalajara<\/b><\/p>\n<p><span style=\"font-weight: 400;\">Tuvimos problemas con mi esposa en el sexo y eso me doli\u00f3. Empec\u00e9 a buscar una soluci\u00f3n en Internet, pero no pude encontrar nada. Despu\u00e9s de eso, un amigo m\u00e9dico me recomend\u00f3 tomar pastillas Testo Ultra pastillas. Los orden\u00e9 de inmediato y me sorprendi\u00f3 el resultado. Mis problemas han desaparecido y ahora puedo volver a tener sexo cuando quiera. No lo pienses, pide el producto ahora mismo.<\/span><\/p><\/blockquote>\n<h2><span style=\"font-weight: 400;\">RECOMENDACIONES DEL DOCTOR Opiniones<\/span><\/h2>\n<blockquote><p><b>DOCTOR: <\/b><b>Armando, <\/b><b>Guadalajara<\/b><\/p>\n<p><b>ESPECIALIZACI\u00d3N: UROLOGISTA<\/b><\/p>\n<p><span style=\"font-weight: 400;\">Trabajo como m\u00e9dico. Seg\u00fan mi informaci\u00f3n, la impotencia es cada vez m\u00e1s joven. Los hombres acuden a m\u00ed con quejas de erecci\u00f3n d\u00e9bil y eyaculaci\u00f3n precoz. Por supuesto, rara vez alguien va al m\u00e9dico con estos s\u00edntomas. La mayor\u00eda de las veces, las personas se automedican y la situaci\u00f3n empeora. Las pastillas Testo Ultra pastillas <\/span><span style=\"font-weight: 400;\">confiable <\/span><span style=\"font-weight: 400;\">han demostrado ser excelentes, ya que no tienen signos laterales y su efectividad es alta. Adem\u00e1s, algunos pacientes informan de un agrandamiento del pene de varios cent\u00edmetros.<\/span><\/p><\/blockquote>\n","protected":false},"excerpt":{"rendered":"<div class=\"flex-1 overflow-hidden\">\n<div class=\"h-full\">\n<div class=\"react-scroll-to-bottom--css-lihdj-79elbk h-full\">\n<div class=\"react-scroll-to-bottom--css-lihdj-1n7m0yu\">\n<div class=\"flex flex-col text-sm md:pb-9\">\n<article class=\"w-full scroll-mb-[var(--thread-trailing-height,150px)] text-token-text-primary focus-visible:outline-2 focus-visible:outline-offset-[-4px]\" dir=\"auto\" data-testid=\"conversation-turn-3\" data-scroll-anchor=\"true\">\n<div class=\"m-auto text-base py-[18px] px-3 md:px-4 w-full md:px-5 lg:px-4 xl:px-5\">\n<div class=\"mx-auto flex flex-1 gap-4 text-base md:gap-5 lg:gap-6 md:max-w-3xl lg:max-w-[40rem] xl:max-w-[48rem]\">\n<div class=\"group\/conversation-turn relative flex w-full min-w-0 flex-col agent-turn\">\n<div class=\"flex-col gap-1 md:gap-3\">\n<div class=\"flex max-w-full flex-col flex-grow\">\n<div class=\"min-h-8 text-message flex w-full flex-col items-end gap-2 whitespace-normal break-words [.text-message+&amp;]:mt-5\" dir=\"auto\" data-message-author-role=\"assistant\" data-message-id=\"c38e4d48-65d2-4145-abae-0b81f51cce7a\" data-message-model-slug=\"gpt-4o\">\n<div class=\"flex w-full flex-col gap-1 empty:hidden first:pt-[3px]\">\n<div class=\"markdown prose w-full break-words dark:prose-invert light\">\n<p><strong>Testo Ultra pastillas<\/strong> es un suplemento natural dise\u00f1ado para mejorar la erecci\u00f3n, la potencia y la libido en hombres. Gracias a su composici\u00f3n 100% natural, ofrece resultados r\u00e1pidos y efectivos, fortaleciendo la erecci\u00f3n y aumentando los niveles de testosterona.<\/p>\n<\/div>\n<\/div>\n<\/div>\n<\/div>\n<\/div>\n<\/div>\n<\/div>\n<\/div>\n<\/article>\n<\/div>\n<\/div>\n<\/div>\n<\/div>\n<\/div>\n","protected":false},"featured_media":417,"comment_status":"open","ping_status":"closed","template":"","meta":[],"product_cat":[15],"product_tag":[],"yoast_head":"<!-- This site is optimized with the Yoast SEO plugin v23.8 - https:\/\/yoast.com\/wordpress\/plugins\/seo\/ -->\n<title>Testo Ultra comprar c\u00e1psulas para potencia en La Olla de Chile<\/title>\n<meta name=\"robots\" content=\"index, follow, max-snippet:-1, max-image-preview:large, max-video-preview:-1\" \/>\n<link rel=\"canonical\" href=\"http:\/\/laolladechile.com\/farmacia\/testo-ultra\" \/>\n<meta property=\"og:locale\" content=\"es_ES\" \/>\n<meta property=\"og:type\" content=\"article\" \/>\n<meta property=\"og:title\" content=\"Testo Ultra comprar c\u00e1psulas para potencia en La Olla de Chile\" \/>\n<meta property=\"og:description\" content=\"Testo Ultra pastillas es un suplemento natural dise\u00f1ado para mejorar la erecci\u00f3n, la potencia y la libido en hombres. Gracias a su composici\u00f3n 100% natural, ofrece resultados r\u00e1pidos y efectivos, fortaleciendo la erecci\u00f3n y aumentando los niveles de testosterona.\" \/>\n<meta property=\"og:url\" content=\"http:\/\/laolladechile.com\/farmacia\/testo-ultra\" \/>\n<meta property=\"og:site_name\" content=\"La Olla de Chile Farmacia\" \/>\n<meta property=\"og:image\" content=\"http:\/\/laolladechile.com\/farmacia\/wp-content\/uploads\/2024\/11\/Testo-Ultra.jpg\" \/>\n\t<meta property=\"og:image:width\" content=\"219\" \/>\n\t<meta property=\"og:image:height\" content=\"350\" \/>\n\t<meta property=\"og:image:type\" content=\"image\/jpeg\" \/>\n<meta name=\"twitter:card\" content=\"summary_large_image\" \/>\n<meta name=\"twitter:label1\" content=\"Tiempo de lectura\" \/>\n\t<meta name=\"twitter:data1\" content=\"7 minutos\" \/>\n<script type=\"application\/ld+json\" class=\"yoast-schema-graph\">{\"@context\":\"https:\/\/schema.org\",\"@graph\":[{\"@type\":\"WebPage\",\"@id\":\"http:\/\/laolladechile.com\/farmacia\/testo-ultra\",\"url\":\"http:\/\/laolladechile.com\/farmacia\/testo-ultra\",\"name\":\"Testo Ultra comprar c\u00e1psulas para potencia en La Olla de Chile\",\"isPartOf\":{\"@id\":\"https:\/\/laolladechile.com\/farmacia\/#website\"},\"primaryImageOfPage\":{\"@id\":\"http:\/\/laolladechile.com\/farmacia\/testo-ultra#primaryimage\"},\"image\":{\"@id\":\"http:\/\/laolladechile.com\/farmacia\/testo-ultra#primaryimage\"},\"thumbnailUrl\":\"https:\/\/laolladechile.com\/farmacia\/wp-content\/uploads\/2024\/11\/Testo-Ultra.jpg\",\"datePublished\":\"2024-11-15T12:14:16+00:00\",\"dateModified\":\"2024-11-15T12:14:16+00:00\",\"breadcrumb\":{\"@id\":\"http:\/\/laolladechile.com\/farmacia\/testo-ultra#breadcrumb\"},\"inLanguage\":\"es\",\"potentialAction\":[{\"@type\":\"ReadAction\",\"target\":[\"http:\/\/laolladechile.com\/farmacia\/testo-ultra\"]}]},{\"@type\":\"ImageObject\",\"inLanguage\":\"es\",\"@id\":\"http:\/\/laolladechile.com\/farmacia\/testo-ultra#primaryimage\",\"url\":\"https:\/\/laolladechile.com\/farmacia\/wp-content\/uploads\/2024\/11\/Testo-Ultra.jpg\",\"contentUrl\":\"https:\/\/laolladechile.com\/farmacia\/wp-content\/uploads\/2024\/11\/Testo-Ultra.jpg\",\"width\":219,\"height\":350,\"caption\":\"Testo Ultra\"},{\"@type\":\"BreadcrumbList\",\"@id\":\"http:\/\/laolladechile.com\/farmacia\/testo-ultra#breadcrumb\",\"itemListElement\":[{\"@type\":\"ListItem\",\"position\":1,\"name\":\"Home\",\"item\":\"https:\/\/laolladechile.com\/farmacia\/\"},{\"@type\":\"ListItem\",\"position\":2,\"name\":\"Testo Ultra\"}]},{\"@type\":\"WebSite\",\"@id\":\"https:\/\/laolladechile.com\/farmacia\/#website\",\"url\":\"https:\/\/laolladechile.com\/farmacia\/\",\"name\":\"La Olla de Chile Farmacia\",\"description\":\"\",\"publisher\":{\"@id\":\"https:\/\/laolladechile.com\/farmacia\/#organization\"},\"potentialAction\":[{\"@type\":\"SearchAction\",\"target\":{\"@type\":\"EntryPoint\",\"urlTemplate\":\"https:\/\/laolladechile.com\/farmacia\/?s={search_term_string}\"},\"query-input\":{\"@type\":\"PropertyValueSpecification\",\"valueRequired\":true,\"valueName\":\"search_term_string\"}}],\"inLanguage\":\"es\"},{\"@type\":\"Organization\",\"@id\":\"https:\/\/laolladechile.com\/farmacia\/#organization\",\"name\":\"La Olla de Chile Farmacia\",\"url\":\"https:\/\/laolladechile.com\/farmacia\/\",\"logo\":{\"@type\":\"ImageObject\",\"inLanguage\":\"es\",\"@id\":\"https:\/\/laolladechile.com\/farmacia\/#\/schema\/logo\/image\/\",\"url\":\"https:\/\/laolladechile.com\/farmacia\/wp-content\/uploads\/2024\/11\/logo-la-olla.jpg\",\"contentUrl\":\"https:\/\/laolladechile.com\/farmacia\/wp-content\/uploads\/2024\/11\/logo-la-olla.jpg\",\"width\":261,\"height\":62,\"caption\":\"La Olla de Chile Farmacia\"},\"image\":{\"@id\":\"https:\/\/laolladechile.com\/farmacia\/#\/schema\/logo\/image\/\"}}]}<\/script>\n<!-- \/ Yoast SEO plugin. -->","yoast_head_json":{"title":"Testo Ultra comprar c\u00e1psulas para potencia en La Olla de Chile","robots":{"index":"index","follow":"follow","max-snippet":"max-snippet:-1","max-image-preview":"max-image-preview:large","max-video-preview":"max-video-preview:-1"},"canonical":"http:\/\/laolladechile.com\/farmacia\/testo-ultra","og_locale":"es_ES","og_type":"article","og_title":"Testo Ultra comprar c\u00e1psulas para potencia en La Olla de Chile","og_description":"Testo Ultra pastillas es un suplemento natural dise\u00f1ado para mejorar la erecci\u00f3n, la potencia y la libido en hombres. Gracias a su composici\u00f3n 100% natural, ofrece resultados r\u00e1pidos y efectivos, fortaleciendo la erecci\u00f3n y aumentando los niveles de testosterona.","og_url":"http:\/\/laolladechile.com\/farmacia\/testo-ultra","og_site_name":"La Olla de Chile Farmacia","og_image":[{"width":219,"height":350,"url":"http:\/\/laolladechile.com\/farmacia\/wp-content\/uploads\/2024\/11\/Testo-Ultra.jpg","type":"image\/jpeg"}],"twitter_card":"summary_large_image","twitter_misc":{"Tiempo de lectura":"7 minutos"},"schema":{"@context":"https:\/\/schema.org","@graph":[{"@type":"WebPage","@id":"http:\/\/laolladechile.com\/farmacia\/testo-ultra","url":"http:\/\/laolladechile.com\/farmacia\/testo-ultra","name":"Testo Ultra comprar c\u00e1psulas para potencia en La Olla de Chile","isPartOf":{"@id":"https:\/\/laolladechile.com\/farmacia\/#website"},"primaryImageOfPage":{"@id":"http:\/\/laolladechile.com\/farmacia\/testo-ultra#primaryimage"},"image":{"@id":"http:\/\/laolladechile.com\/farmacia\/testo-ultra#primaryimage"},"thumbnailUrl":"https:\/\/laolladechile.com\/farmacia\/wp-content\/uploads\/2024\/11\/Testo-Ultra.jpg","datePublished":"2024-11-15T12:14:16+00:00","dateModified":"2024-11-15T12:14:16+00:00","breadcrumb":{"@id":"http:\/\/laolladechile.com\/farmacia\/testo-ultra#breadcrumb"},"inLanguage":"es","potentialAction":[{"@type":"ReadAction","target":["http:\/\/laolladechile.com\/farmacia\/testo-ultra"]}]},{"@type":"ImageObject","inLanguage":"es","@id":"http:\/\/laolladechile.com\/farmacia\/testo-ultra#primaryimage","url":"https:\/\/laolladechile.com\/farmacia\/wp-content\/uploads\/2024\/11\/Testo-Ultra.jpg","contentUrl":"https:\/\/laolladechile.com\/farmacia\/wp-content\/uploads\/2024\/11\/Testo-Ultra.jpg","width":219,"height":350,"caption":"Testo Ultra"},{"@type":"BreadcrumbList","@id":"http:\/\/laolladechile.com\/farmacia\/testo-ultra#breadcrumb","itemListElement":[{"@type":"ListItem","position":1,"name":"Home","item":"https:\/\/laolladechile.com\/farmacia\/"},{"@type":"ListItem","position":2,"name":"Testo Ultra"}]},{"@type":"WebSite","@id":"https:\/\/laolladechile.com\/farmacia\/#website","url":"https:\/\/laolladechile.com\/farmacia\/","name":"La Olla de Chile Farmacia","description":"","publisher":{"@id":"https:\/\/laolladechile.com\/farmacia\/#organization"},"potentialAction":[{"@type":"SearchAction","target":{"@type":"EntryPoint","urlTemplate":"https:\/\/laolladechile.com\/farmacia\/?s={search_term_string}"},"query-input":{"@type":"PropertyValueSpecification","valueRequired":true,"valueName":"search_term_string"}}],"inLanguage":"es"},{"@type":"Organization","@id":"https:\/\/laolladechile.com\/farmacia\/#organization","name":"La Olla de Chile Farmacia","url":"https:\/\/laolladechile.com\/farmacia\/","logo":{"@type":"ImageObject","inLanguage":"es","@id":"https:\/\/laolladechile.com\/farmacia\/#\/schema\/logo\/image\/","url":"https:\/\/laolladechile.com\/farmacia\/wp-content\/uploads\/2024\/11\/logo-la-olla.jpg","contentUrl":"https:\/\/laolladechile.com\/farmacia\/wp-content\/uploads\/2024\/11\/logo-la-olla.jpg","width":261,"height":62,"caption":"La Olla de Chile Farmacia"},"image":{"@id":"https:\/\/laolladechile.com\/farmacia\/#\/schema\/logo\/image\/"}}]}},"_links":{"self":[{"href":"https:\/\/laolladechile.com\/farmacia\/index.php?rest_route=\/wp\/v2\/product\/416"}],"collection":[{"href":"https:\/\/laolladechile.com\/farmacia\/index.php?rest_route=\/wp\/v2\/product"}],"about":[{"href":"https:\/\/laolladechile.com\/farmacia\/index.php?rest_route=\/wp\/v2\/types\/product"}],"replies":[{"embeddable":true,"href":"https:\/\/laolladechile.com\/farmacia\/index.php?rest_route=%2Fwp%2Fv2%2Fcomments&post=416"}],"wp:featuredmedia":[{"embeddable":true,"href":"https:\/\/laolladechile.com\/farmacia\/index.php?rest_route=\/wp\/v2\/media\/417"}],"wp:attachment":[{"href":"https:\/\/laolladechile.com\/farmacia\/index.php?rest_route=%2Fwp%2Fv2%2Fmedia&parent=416"}],"wp:term":[{"taxonomy":"product_cat","embeddable":true,"href":"https:\/\/laolladechile.com\/farmacia\/index.php?rest_route=%2Fwp%2Fv2%2Fproduct_cat&post=416"},{"taxonomy":"product_tag","embeddable":true,"href":"https:\/\/laolladechile.com\/farmacia\/index.php?rest_route=%2Fwp%2Fv2%2Fproduct_tag&post=416"}],"curies":[{"name":"wp","href":"https:\/\/api.w.org\/{rel}","templated":true}]}}