{"id":426,"date":"2024-11-15T13:43:26","date_gmt":"2024-11-15T12:43:26","guid":{"rendered":"https:\/\/laolladechile.com\/farmacia\/?post_type=product&#038;p=426"},"modified":"2024-11-15T13:43:26","modified_gmt":"2024-11-15T12:43:26","slug":"wellcard","status":"publish","type":"product","link":"http:\/\/laolladechile.com\/farmacia\/wellcard","title":{"rendered":"Wellcard"},"content":{"rendered":"<h2><span style=\"font-weight: 400;\">C\u00f3mo aplicar, para qu\u00e9 sirve<\/span><\/h2>\n<p><img loading=\"lazy\" decoding=\"async\" class=\"aligncenter size-full wp-image-430\" src=\"http:\/\/laolladechile.com\/farmacia\/wp-content\/uploads\/2024\/11\/Wellcard-3.jpg\" alt=\"Wellcard como se aplica\" width=\"500\" height=\"327\" srcset=\"https:\/\/laolladechile.com\/farmacia\/wp-content\/uploads\/2024\/11\/Wellcard-3.jpg 500w, https:\/\/laolladechile.com\/farmacia\/wp-content\/uploads\/2024\/11\/Wellcard-3-300x196.jpg 300w\" sizes=\"(max-width: 500px) 100vw, 500px\" \/><\/p>\n<p><span style=\"font-weight: 400;\">Las enfermedades del sistema cardiovascular en el mundo moderno son la principal causa de muerte, discapacidad y disminuci\u00f3n de la esperanza de vida de la poblaci\u00f3n. La patogenia de las enfermedades de este grupo se basa en cambios en la pared vascular, obstrucci\u00f3n del flujo sangu\u00edneo y alteraciones en la microcirculaci\u00f3n. Teniendo esto en cuenta, se desarroll\u00f3 un producto de acci\u00f3n organotr\u00f3pica, enfocado a la correcci\u00f3n de los cambios patol\u00f3gicos que ocurren en los vasos con ciertas enfermedades &#8211; Wellcard pastillas.<\/span><\/p>\n<p><span style=\"font-weight: 400;\">Tiene un efecto selectivo sobre el tejido vascular, normaliza la microcirculaci\u00f3n sangu\u00ednea en \u00f3rganos y tejidos en caso de diversas enfermedades y exposici\u00f3n a factores extremos.<\/span><\/p>\n<p><span style=\"font-weight: 400;\">Mejora la condici\u00f3n de la pared vascular en disfunci\u00f3n endotelial, mejora la permeabilidad vascular, aumenta la fuerza de las paredes capilares.\u00a0<\/span><\/p>\n<p><span style=\"font-weight: 400;\">Est\u00e1 indicado en las etapas iniciales de la hipertensi\u00f3n, as\u00ed como en los ancianos para mantener las funciones del sistema vascular. Wellcard pastillas.<\/span><\/p>\n<p><span style=\"font-weight: 400;\">Recomendado en combinaci\u00f3n con cualquier citamina para mejorar el suministro de sangre y la microcirculaci\u00f3n en los \u00f3rganos y tejidos diana.<\/span><\/p>\n<h2><span style=\"font-weight: 400;\">Composici\u00f3n<\/span><\/h2>\n<p><span style=\"font-weight: 400;\">Wellcard pastillas se obtiene de los vasos del ganado y es un complejo de prote\u00ednas y nucleoprote\u00ednas que tienen un efecto selectivo sobre el tejido vascular, contribuyen a la normalizaci\u00f3n de las funciones de la pared vascular y tambi\u00e9n tienen un efecto positivo en la din\u00e1mica de colesterol y lipoprote\u00ednas en sangre.<\/span><\/p>\n<h2><span style=\"font-weight: 400;\">Forma de liberaci\u00f3n<\/span><\/h2>\n<p><span style=\"font-weight: 400;\">tabletas para administraci\u00f3n oral en un paquete.<\/span><\/p>\n<h2><span style=\"font-weight: 400;\">Indicaci\u00f3n de uso<\/span><\/h2>\n<p><img loading=\"lazy\" decoding=\"async\" class=\"aligncenter size-full wp-image-429\" src=\"http:\/\/laolladechile.com\/farmacia\/wp-content\/uploads\/2024\/11\/Wellcard-2.jpg\" alt=\"Wellcard como se usa el\" width=\"500\" height=\"330\" srcset=\"https:\/\/laolladechile.com\/farmacia\/wp-content\/uploads\/2024\/11\/Wellcard-2.jpg 500w, https:\/\/laolladechile.com\/farmacia\/wp-content\/uploads\/2024\/11\/Wellcard-2-300x198.jpg 300w\" sizes=\"(max-width: 500px) 100vw, 500px\" \/><\/p>\n<p><span style=\"font-weight: 400;\">Contribuye a la normalizaci\u00f3n del estado del sistema vascular, se recomienda mejorar la microcirculaci\u00f3n sangu\u00ednea en varios \u00f3rganos y tejidos:<\/span><\/p>\n<ul>\n<li style=\"font-weight: 400;\" aria-level=\"1\"><span style=\"font-weight: 400;\">aterosclerosis general y cerebral,<\/span><\/li>\n<li style=\"font-weight: 400;\" aria-level=\"1\"><span style=\"font-weight: 400;\">isquemia card\u00edaca,<\/span><\/li>\n<li style=\"font-weight: 400;\" aria-level=\"1\"><span style=\"font-weight: 400;\">trastornos de la microcirculaci\u00f3n sist\u00e9micos y locales,<\/span><\/li>\n<li style=\"font-weight: 400;\" aria-level=\"1\"><span style=\"font-weight: 400;\">encefalopat\u00eda<\/span><\/li>\n<li style=\"font-weight: 400;\" aria-level=\"1\"><span style=\"font-weight: 400;\">consecuencias de un accidente cerebrovascular agudo,<\/span><\/li>\n<li style=\"font-weight: 400;\" aria-level=\"1\"><span style=\"font-weight: 400;\">hipercolesterolemia,<\/span><\/li>\n<li style=\"font-weight: 400;\" aria-level=\"1\"><span style=\"font-weight: 400;\">Enfermedad de Raynaud<\/span><\/li>\n<li style=\"font-weight: 400;\" aria-level=\"1\"><span style=\"font-weight: 400;\">amplia pr\u00e1ctica geri\u00e1trica.<\/span><\/li>\n<\/ul>\n<h2><span style=\"font-weight: 400;\">Como se usa el. M\u00e9todo de administraci\u00f3n y posolog\u00eda.<\/span><\/h2>\n<p><span style=\"font-weight: 400;\">Tomar 1-3 comprimidos 2-3 veces al d\u00eda 10-15 minutos antes de las comidas con agua sin masticar.<\/span><\/p>\n<p><span style=\"font-weight: 400;\">Curso: 10-14 d\u00edas. Un curso repetido en 3-6 meses.<\/span><\/p>\n<h2><span style=\"font-weight: 400;\">Contraindicaciones<\/span><\/h2>\n<ul>\n<li style=\"font-weight: 400;\" aria-level=\"1\"><span style=\"font-weight: 400;\">Intolerancia individual a los componentes.<\/span><\/li>\n<li style=\"font-weight: 400;\" aria-level=\"1\"><span style=\"font-weight: 400;\">embarazo y lactancia<\/span><\/li>\n<\/ul>\n<h2><span style=\"font-weight: 400;\">Instrucciones especiales, efectos secundarios<\/span><\/h2>\n<p><span style=\"font-weight: 400;\">No es una droga. Consulte a un m\u00e9dico antes de usar.<\/span><\/p>\n<h2><span style=\"font-weight: 400;\">Condiciones de almacenaje<\/span><\/h2>\n<p><span style=\"font-weight: 400;\">Fuera del alcance de los ni\u00f1os a una temperatura que no supere los 25 \u00b0 C.<\/span><\/p>\n<p><img loading=\"lazy\" decoding=\"async\" class=\"aligncenter size-full wp-image-428\" src=\"http:\/\/laolladechile.com\/farmacia\/wp-content\/uploads\/2024\/11\/Wellcard-1.jpg\" alt=\"Wellcard es bueno o malo\" width=\"500\" height=\"327\" srcset=\"https:\/\/laolladechile.com\/farmacia\/wp-content\/uploads\/2024\/11\/Wellcard-1.jpg 500w, https:\/\/laolladechile.com\/farmacia\/wp-content\/uploads\/2024\/11\/Wellcard-1-300x196.jpg 300w\" sizes=\"(max-width: 500px) 100vw, 500px\" \/><\/p>\n<h2><span style=\"font-weight: 400;\">Wellcard pastillas medicamento opiniones<\/span><\/h2>\n<blockquote><p><b>Adalberto, <\/b><b>Guadalajara<\/b><\/p>\n<p><span style=\"font-weight: 400;\">Not\u00e9 que la ros\u00e1cea en la cara comenz\u00f3 a prevalecer r\u00e1pidamente. Al final result\u00f3 que, esto se debe a la fragilidad de los vasos, as\u00ed que comenc\u00e9 a beber Wellcard pastillas <\/span><span style=\"font-weight: 400;\">funciona<\/span><span style=\"font-weight: 400;\">, un p\u00e9ptido que fortalece las paredes vasculares. Durante 2 platos mi cara se nota<\/span><\/p>\n<p><span style=\"font-weight: 400;\">transformado, ya no aparec\u00edan nuevas manifestaciones de ros\u00e1cea. La piel ahora est\u00e1 limpia, sana, es agradable mirarse en el espejo sin maquillaje.<\/span><\/p><\/blockquote>\n<p>&nbsp;<\/p>\n<blockquote><p><b>Braulio, MX <\/b><b>Guadalajara<\/b><\/p>\n<p><span style=\"font-weight: 400;\">Inmediatamente compro 2 paquetes de Wellcard pastillas <\/span><span style=\"font-weight: 400;\">confiable<\/span><span style=\"font-weight: 400;\">, para m\u00ed y para mi madre que sufre de hipertensi\u00f3n. Tomo un p\u00e9ptido para mejorar mi apariencia, restaurar el rendimiento cerebral. Y mam\u00e1 necesita un p\u00e9ptido para combatir las varices, la presi\u00f3n arterial alta. Despu\u00e9s del curso, deja de quejarse de pesadez en las piernas, es menos probable que le molesten los aumentos repentinos de presi\u00f3n.<\/span><\/p><\/blockquote>\n","protected":false},"excerpt":{"rendered":"<div class=\"flex-1 overflow-hidden\">\n<div class=\"h-full\">\n<div class=\"react-scroll-to-bottom--css-lihdj-79elbk h-full\">\n<div class=\"react-scroll-to-bottom--css-lihdj-1n7m0yu\">\n<div class=\"flex flex-col text-sm md:pb-9\">\n<article class=\"w-full scroll-mb-[var(--thread-trailing-height,150px)] text-token-text-primary focus-visible:outline-2 focus-visible:outline-offset-[-4px]\" dir=\"auto\" data-testid=\"conversation-turn-3\" data-scroll-anchor=\"true\">\n<div class=\"m-auto text-base py-[18px] px-3 md:px-4 w-full md:px-5 lg:px-4 xl:px-5\">\n<div class=\"mx-auto flex flex-1 gap-4 text-base md:gap-5 lg:gap-6 md:max-w-3xl lg:max-w-[40rem] xl:max-w-[48rem]\">\n<div class=\"group\/conversation-turn relative flex w-full min-w-0 flex-col agent-turn\">\n<div class=\"flex-col gap-1 md:gap-3\">\n<div class=\"flex max-w-full flex-col flex-grow\">\n<div class=\"min-h-8 text-message flex w-full flex-col items-end gap-2 whitespace-normal break-words [.text-message+&amp;]:mt-5\" dir=\"auto\" data-message-author-role=\"assistant\" data-message-id=\"a72e1e6e-f8b4-465d-ad51-889a93373d64\" data-message-model-slug=\"gpt-4o\">\n<div class=\"flex w-full flex-col gap-1 empty:hidden first:pt-[3px]\">\n<div class=\"markdown prose w-full break-words dark:prose-invert light\">\n<p>Wellcard pastillas est\u00e1n dise\u00f1adas para mejorar la salud vascular, normalizando la microcirculaci\u00f3n sangu\u00ednea y fortaleciendo las paredes capilares. Este producto es ideal para las etapas iniciales de la hipertensi\u00f3n y para mantener las funciones del sistema cardiovascular en personas mayores.<\/p>\n<\/div>\n<\/div>\n<\/div>\n<\/div>\n<\/div>\n<\/div>\n<\/div>\n<\/div>\n<\/article>\n<\/div>\n<\/div>\n<\/div>\n<\/div>\n<\/div>\n","protected":false},"featured_media":427,"comment_status":"open","ping_status":"closed","template":"","meta":[],"product_cat":[15],"product_tag":[],"yoast_head":"<!-- This site is optimized with the Yoast SEO plugin v23.8 - https:\/\/yoast.com\/wordpress\/plugins\/seo\/ -->\n<title>Wellcard comprar c\u00e1psulas para la hipertensi\u00f3n en La Olla de Chile<\/title>\n<meta name=\"robots\" content=\"index, follow, max-snippet:-1, max-image-preview:large, max-video-preview:-1\" \/>\n<link rel=\"canonical\" href=\"http:\/\/laolladechile.com\/farmacia\/wellcard\" \/>\n<meta property=\"og:locale\" content=\"es_ES\" \/>\n<meta property=\"og:type\" content=\"article\" \/>\n<meta property=\"og:title\" content=\"Wellcard comprar c\u00e1psulas para la hipertensi\u00f3n en La Olla de Chile\" \/>\n<meta property=\"og:description\" content=\"Wellcard pastillas est\u00e1n dise\u00f1adas para mejorar la salud vascular, normalizando la microcirculaci\u00f3n sangu\u00ednea y fortaleciendo las paredes capilares. Este producto es ideal para las etapas iniciales de la hipertensi\u00f3n y para mantener las funciones del sistema cardiovascular en personas mayores.\" \/>\n<meta property=\"og:url\" content=\"http:\/\/laolladechile.com\/farmacia\/wellcard\" \/>\n<meta property=\"og:site_name\" content=\"La Olla de Chile Farmacia\" \/>\n<meta property=\"og:image\" content=\"http:\/\/laolladechile.com\/farmacia\/wp-content\/uploads\/2024\/11\/Wellcard.jpg\" \/>\n\t<meta property=\"og:image:width\" content=\"205\" \/>\n\t<meta property=\"og:image:height\" content=\"350\" \/>\n\t<meta property=\"og:image:type\" content=\"image\/jpeg\" \/>\n<meta name=\"twitter:card\" content=\"summary_large_image\" \/>\n<meta name=\"twitter:label1\" content=\"Tiempo de lectura\" \/>\n\t<meta name=\"twitter:data1\" content=\"3 minutos\" \/>\n<script type=\"application\/ld+json\" class=\"yoast-schema-graph\">{\"@context\":\"https:\/\/schema.org\",\"@graph\":[{\"@type\":\"WebPage\",\"@id\":\"http:\/\/laolladechile.com\/farmacia\/wellcard\",\"url\":\"http:\/\/laolladechile.com\/farmacia\/wellcard\",\"name\":\"Wellcard comprar c\u00e1psulas para la hipertensi\u00f3n en La Olla de Chile\",\"isPartOf\":{\"@id\":\"https:\/\/laolladechile.com\/farmacia\/#website\"},\"primaryImageOfPage\":{\"@id\":\"http:\/\/laolladechile.com\/farmacia\/wellcard#primaryimage\"},\"image\":{\"@id\":\"http:\/\/laolladechile.com\/farmacia\/wellcard#primaryimage\"},\"thumbnailUrl\":\"https:\/\/laolladechile.com\/farmacia\/wp-content\/uploads\/2024\/11\/Wellcard.jpg\",\"datePublished\":\"2024-11-15T12:43:26+00:00\",\"dateModified\":\"2024-11-15T12:43:26+00:00\",\"breadcrumb\":{\"@id\":\"http:\/\/laolladechile.com\/farmacia\/wellcard#breadcrumb\"},\"inLanguage\":\"es\",\"potentialAction\":[{\"@type\":\"ReadAction\",\"target\":[\"http:\/\/laolladechile.com\/farmacia\/wellcard\"]}]},{\"@type\":\"ImageObject\",\"inLanguage\":\"es\",\"@id\":\"http:\/\/laolladechile.com\/farmacia\/wellcard#primaryimage\",\"url\":\"https:\/\/laolladechile.com\/farmacia\/wp-content\/uploads\/2024\/11\/Wellcard.jpg\",\"contentUrl\":\"https:\/\/laolladechile.com\/farmacia\/wp-content\/uploads\/2024\/11\/Wellcard.jpg\",\"width\":205,\"height\":350,\"caption\":\"Wellcard\"},{\"@type\":\"BreadcrumbList\",\"@id\":\"http:\/\/laolladechile.com\/farmacia\/wellcard#breadcrumb\",\"itemListElement\":[{\"@type\":\"ListItem\",\"position\":1,\"name\":\"Home\",\"item\":\"https:\/\/laolladechile.com\/farmacia\/\"},{\"@type\":\"ListItem\",\"position\":2,\"name\":\"Wellcard\"}]},{\"@type\":\"WebSite\",\"@id\":\"https:\/\/laolladechile.com\/farmacia\/#website\",\"url\":\"https:\/\/laolladechile.com\/farmacia\/\",\"name\":\"La Olla de Chile Farmacia\",\"description\":\"\",\"publisher\":{\"@id\":\"https:\/\/laolladechile.com\/farmacia\/#organization\"},\"potentialAction\":[{\"@type\":\"SearchAction\",\"target\":{\"@type\":\"EntryPoint\",\"urlTemplate\":\"https:\/\/laolladechile.com\/farmacia\/?s={search_term_string}\"},\"query-input\":{\"@type\":\"PropertyValueSpecification\",\"valueRequired\":true,\"valueName\":\"search_term_string\"}}],\"inLanguage\":\"es\"},{\"@type\":\"Organization\",\"@id\":\"https:\/\/laolladechile.com\/farmacia\/#organization\",\"name\":\"La Olla de Chile Farmacia\",\"url\":\"https:\/\/laolladechile.com\/farmacia\/\",\"logo\":{\"@type\":\"ImageObject\",\"inLanguage\":\"es\",\"@id\":\"https:\/\/laolladechile.com\/farmacia\/#\/schema\/logo\/image\/\",\"url\":\"https:\/\/laolladechile.com\/farmacia\/wp-content\/uploads\/2024\/11\/logo-la-olla.jpg\",\"contentUrl\":\"https:\/\/laolladechile.com\/farmacia\/wp-content\/uploads\/2024\/11\/logo-la-olla.jpg\",\"width\":261,\"height\":62,\"caption\":\"La Olla de Chile Farmacia\"},\"image\":{\"@id\":\"https:\/\/laolladechile.com\/farmacia\/#\/schema\/logo\/image\/\"}}]}<\/script>\n<!-- \/ Yoast SEO plugin. -->","yoast_head_json":{"title":"Wellcard comprar c\u00e1psulas para la hipertensi\u00f3n en La Olla de Chile","robots":{"index":"index","follow":"follow","max-snippet":"max-snippet:-1","max-image-preview":"max-image-preview:large","max-video-preview":"max-video-preview:-1"},"canonical":"http:\/\/laolladechile.com\/farmacia\/wellcard","og_locale":"es_ES","og_type":"article","og_title":"Wellcard comprar c\u00e1psulas para la hipertensi\u00f3n en La Olla de Chile","og_description":"Wellcard pastillas est\u00e1n dise\u00f1adas para mejorar la salud vascular, normalizando la microcirculaci\u00f3n sangu\u00ednea y fortaleciendo las paredes capilares. Este producto es ideal para las etapas iniciales de la hipertensi\u00f3n y para mantener las funciones del sistema cardiovascular en personas mayores.","og_url":"http:\/\/laolladechile.com\/farmacia\/wellcard","og_site_name":"La Olla de Chile Farmacia","og_image":[{"width":205,"height":350,"url":"http:\/\/laolladechile.com\/farmacia\/wp-content\/uploads\/2024\/11\/Wellcard.jpg","type":"image\/jpeg"}],"twitter_card":"summary_large_image","twitter_misc":{"Tiempo de lectura":"3 minutos"},"schema":{"@context":"https:\/\/schema.org","@graph":[{"@type":"WebPage","@id":"http:\/\/laolladechile.com\/farmacia\/wellcard","url":"http:\/\/laolladechile.com\/farmacia\/wellcard","name":"Wellcard comprar c\u00e1psulas para la hipertensi\u00f3n en La Olla de Chile","isPartOf":{"@id":"https:\/\/laolladechile.com\/farmacia\/#website"},"primaryImageOfPage":{"@id":"http:\/\/laolladechile.com\/farmacia\/wellcard#primaryimage"},"image":{"@id":"http:\/\/laolladechile.com\/farmacia\/wellcard#primaryimage"},"thumbnailUrl":"https:\/\/laolladechile.com\/farmacia\/wp-content\/uploads\/2024\/11\/Wellcard.jpg","datePublished":"2024-11-15T12:43:26+00:00","dateModified":"2024-11-15T12:43:26+00:00","breadcrumb":{"@id":"http:\/\/laolladechile.com\/farmacia\/wellcard#breadcrumb"},"inLanguage":"es","potentialAction":[{"@type":"ReadAction","target":["http:\/\/laolladechile.com\/farmacia\/wellcard"]}]},{"@type":"ImageObject","inLanguage":"es","@id":"http:\/\/laolladechile.com\/farmacia\/wellcard#primaryimage","url":"https:\/\/laolladechile.com\/farmacia\/wp-content\/uploads\/2024\/11\/Wellcard.jpg","contentUrl":"https:\/\/laolladechile.com\/farmacia\/wp-content\/uploads\/2024\/11\/Wellcard.jpg","width":205,"height":350,"caption":"Wellcard"},{"@type":"BreadcrumbList","@id":"http:\/\/laolladechile.com\/farmacia\/wellcard#breadcrumb","itemListElement":[{"@type":"ListItem","position":1,"name":"Home","item":"https:\/\/laolladechile.com\/farmacia\/"},{"@type":"ListItem","position":2,"name":"Wellcard"}]},{"@type":"WebSite","@id":"https:\/\/laolladechile.com\/farmacia\/#website","url":"https:\/\/laolladechile.com\/farmacia\/","name":"La Olla de Chile Farmacia","description":"","publisher":{"@id":"https:\/\/laolladechile.com\/farmacia\/#organization"},"potentialAction":[{"@type":"SearchAction","target":{"@type":"EntryPoint","urlTemplate":"https:\/\/laolladechile.com\/farmacia\/?s={search_term_string}"},"query-input":{"@type":"PropertyValueSpecification","valueRequired":true,"valueName":"search_term_string"}}],"inLanguage":"es"},{"@type":"Organization","@id":"https:\/\/laolladechile.com\/farmacia\/#organization","name":"La Olla de Chile Farmacia","url":"https:\/\/laolladechile.com\/farmacia\/","logo":{"@type":"ImageObject","inLanguage":"es","@id":"https:\/\/laolladechile.com\/farmacia\/#\/schema\/logo\/image\/","url":"https:\/\/laolladechile.com\/farmacia\/wp-content\/uploads\/2024\/11\/logo-la-olla.jpg","contentUrl":"https:\/\/laolladechile.com\/farmacia\/wp-content\/uploads\/2024\/11\/logo-la-olla.jpg","width":261,"height":62,"caption":"La Olla de Chile Farmacia"},"image":{"@id":"https:\/\/laolladechile.com\/farmacia\/#\/schema\/logo\/image\/"}}]}},"_links":{"self":[{"href":"https:\/\/laolladechile.com\/farmacia\/index.php?rest_route=\/wp\/v2\/product\/426"}],"collection":[{"href":"https:\/\/laolladechile.com\/farmacia\/index.php?rest_route=\/wp\/v2\/product"}],"about":[{"href":"https:\/\/laolladechile.com\/farmacia\/index.php?rest_route=\/wp\/v2\/types\/product"}],"replies":[{"embeddable":true,"href":"https:\/\/laolladechile.com\/farmacia\/index.php?rest_route=%2Fwp%2Fv2%2Fcomments&post=426"}],"wp:featuredmedia":[{"embeddable":true,"href":"https:\/\/laolladechile.com\/farmacia\/index.php?rest_route=\/wp\/v2\/media\/427"}],"wp:attachment":[{"href":"https:\/\/laolladechile.com\/farmacia\/index.php?rest_route=%2Fwp%2Fv2%2Fmedia&parent=426"}],"wp:term":[{"taxonomy":"product_cat","embeddable":true,"href":"https:\/\/laolladechile.com\/farmacia\/index.php?rest_route=%2Fwp%2Fv2%2Fproduct_cat&post=426"},{"taxonomy":"product_tag","embeddable":true,"href":"https:\/\/laolladechile.com\/farmacia\/index.php?rest_route=%2Fwp%2Fv2%2Fproduct_tag&post=426"}],"curies":[{"name":"wp","href":"https:\/\/api.w.org\/{rel}","templated":true}]}}