{"id":436,"date":"2024-11-15T13:50:29","date_gmt":"2024-11-15T12:50:29","guid":{"rendered":"https:\/\/laolladechile.com\/farmacia\/?post_type=product&#038;p=436"},"modified":"2024-11-15T13:50:29","modified_gmt":"2024-11-15T12:50:29","slug":"sisale","status":"publish","type":"product","link":"http:\/\/laolladechile.com\/farmacia\/sisale","title":{"rendered":"Sisale"},"content":{"rendered":"<p><span style=\"font-weight: 400;\">Sisale<\/span><span style=\"font-weight: 400;\"> &#8211; kilogramos se derriten sin dificultad. El exceso de peso afecta negativamente tanto el estado de salud como la apariencia de una persona.<\/span><\/p>\n<p><img loading=\"lazy\" decoding=\"async\" class=\"aligncenter size-full wp-image-440\" src=\"http:\/\/laolladechile.com\/farmacia\/wp-content\/uploads\/2024\/11\/Sisale-3.jpg\" alt=\"Sisale precio\" width=\"500\" height=\"353\" srcset=\"https:\/\/laolladechile.com\/farmacia\/wp-content\/uploads\/2024\/11\/Sisale-3.jpg 500w, https:\/\/laolladechile.com\/farmacia\/wp-content\/uploads\/2024\/11\/Sisale-3-300x212.jpg 300w\" sizes=\"(max-width: 500px) 100vw, 500px\" \/><\/p>\n<p><span style=\"font-weight: 400;\">Hacer frente a los kilos de m\u00e1s no es f\u00e1cil y no depende del peso. A menudo sucede que es m\u00e1s f\u00e1cil perder treinta kilos que tres &#8230; Durante d\u00e9cadas, los cient\u00edficos no pudieron encontrar un enfoque universal para este tipo de problemas. Pero recientemente, se invent\u00f3 el medicamento Sisale para adelgazar, que se convirti\u00f3 en una innovaci\u00f3n en los problemas de sobrepeso y obesidad.<\/span><\/p>\n<h2><span style=\"font-weight: 400;\">\u00bfQu\u00e9 es Sisale?<\/span><\/h2>\n<p><span style=\"font-weight: 400;\">La composici\u00f3n de este polvo contiene solo ingredientes naturales que ayudan a perder kilos de m\u00e1s y al mismo tiempo se sienten bien y lucen bien. La acci\u00f3n de la droga en el cuerpo ocurre en varias etapas:<\/span><\/p>\n<ul>\n<li style=\"font-weight: 400;\" aria-level=\"1\"><span style=\"font-weight: 400;\">Semana 1. El sistema digestivo funciona mejor, el exceso de tejido adiposo se degrada, el peso corporal disminuye y su volumen disminuye. Durante este tiempo, puede perder de 3 a 6 kilogramos.<\/span><\/li>\n<li style=\"font-weight: 400;\" aria-level=\"1\"><span style=\"font-weight: 400;\">2 semanas. Viene una restauraci\u00f3n y aceleraci\u00f3n del metabolismo, la eliminaci\u00f3n de toxinas y productos de descomposici\u00f3n, una reanudaci\u00f3n completa del trabajo del tracto gastrointestinal. Puede perder peso de 8 a 9 kilogramos.<\/span><\/li>\n<li style=\"font-weight: 400;\" aria-level=\"1\"><span style=\"font-weight: 400;\">4 semanas. Hay una mejora significativa en el bienestar, una disminuci\u00f3n del hambre y una estabilizaci\u00f3n del apetito. Tambi\u00e9n se puede notar un endurecimiento del cuerpo, equilibrando el trasfondo emocional y mental, una mejora en la apariencia y condici\u00f3n de la piel.<\/span><\/li>\n<\/ul>\n<p><span style=\"font-weight: 400;\">En general, puede perder de 12 a 14 kg. El fabricante informa que despu\u00e9s de usar el complejo, puede obtener buenos resultados con cualquier grado de obesidad. Adem\u00e1s, el efecto persistir\u00e1 durante un per\u00edodo de tiempo prolongado.<\/span><\/p>\n<h2><span style=\"font-weight: 400;\">\u00bfPara qu\u00e9 sirve el Sisale?<\/span><\/h2>\n<p><span style=\"font-weight: 400;\">El medicamento est\u00e1 destinado a una p\u00e9rdida de peso \u00f3ptima, al mismo tiempo que limpia y rejuvenece el cuerpo. Sisale ayuda:<\/span><\/p>\n<ul>\n<li style=\"font-weight: 400;\" aria-level=\"1\"><span style=\"font-weight: 400;\">Mejorar los procesos metab\u00f3licos a nivel celular;<\/span><\/li>\n<li style=\"font-weight: 400;\" aria-level=\"1\"><span style=\"font-weight: 400;\">Eliminar toxinas y toxinas;<\/span><\/li>\n<li style=\"font-weight: 400;\" aria-level=\"1\"><span style=\"font-weight: 400;\">Elimine el exceso de l\u00edquido, elimine la hinchaz\u00f3n;<\/span><\/li>\n<li style=\"font-weight: 400;\" aria-level=\"1\"><span style=\"font-weight: 400;\">Suministrar las vitaminas, oligoelementos y minerales necesarios;<\/span><\/li>\n<li style=\"font-weight: 400;\" aria-level=\"1\"><span style=\"font-weight: 400;\">Acelerar la degradaci\u00f3n de l\u00edpidos;<\/span><\/li>\n<li style=\"font-weight: 400;\" aria-level=\"1\"><span style=\"font-weight: 400;\">Mejorar la digesti\u00f3n;<\/span><\/li>\n<li style=\"font-weight: 400;\" aria-level=\"1\"><span style=\"font-weight: 400;\">Restaurar el control del apetito;<\/span><\/li>\n<li style=\"font-weight: 400;\" aria-level=\"1\"><span style=\"font-weight: 400;\">Normalizar los niveles de az\u00facar;<\/span><\/li>\n<li style=\"font-weight: 400;\" aria-level=\"1\"><span style=\"font-weight: 400;\">Minimice la probabilidad de volver a subir de peso.<\/span><\/li>\n<\/ul>\n<p><span style=\"font-weight: 400;\">El inicio de todos estos procesos ocurre despu\u00e9s de que los ingredientes activos est\u00e1n en el tracto digestivo. Al mismo tiempo, las reservas de grasa dejan de formarse, el hambre disminuye y el metabolismo se acelera. Esto conduce a una intensa quema de grasa.<\/span><\/p>\n<h2><span style=\"font-weight: 400;\">Beneficios Beneficios Sisale otros medicamentos<\/span><\/h2>\n<p><img loading=\"lazy\" decoding=\"async\" class=\"aligncenter size-full wp-image-439\" src=\"http:\/\/laolladechile.com\/farmacia\/wp-content\/uploads\/2024\/11\/Sisale-2.jpg\" alt=\"Sisale precio farmacia similares\" width=\"500\" height=\"333\" srcset=\"https:\/\/laolladechile.com\/farmacia\/wp-content\/uploads\/2024\/11\/Sisale-2.jpg 500w, https:\/\/laolladechile.com\/farmacia\/wp-content\/uploads\/2024\/11\/Sisale-2-300x200.jpg 300w\" sizes=\"(max-width: 500px) 100vw, 500px\" \/><\/p>\n<p><span style=\"font-weight: 400;\">Sisale es un producto complejo \u00fanico con muchas ventajas:<\/span><\/p>\n<ul>\n<li style=\"font-weight: 400;\" aria-level=\"1\"><span style=\"font-weight: 400;\">Un efecto beneficioso sobre el cuerpo;<\/span><\/li>\n<li style=\"font-weight: 400;\" aria-level=\"1\"><span style=\"font-weight: 400;\">Falta de adicci\u00f3n y alergias;<\/span><\/li>\n<li style=\"font-weight: 400;\" aria-level=\"1\"><span style=\"font-weight: 400;\">F\u00f3rmula \u00fanica y natural;<\/span><\/li>\n<li style=\"font-weight: 400;\" aria-level=\"1\"><span style=\"font-weight: 400;\">Mayor vitalidad;<\/span><\/li>\n<li style=\"font-weight: 400;\" aria-level=\"1\"><span style=\"font-weight: 400;\">Normalizaci\u00f3n del sue\u00f1o;<\/span><\/li>\n<li style=\"font-weight: 400;\" aria-level=\"1\"><span style=\"font-weight: 400;\">La presencia de un resultado prolongado;<\/span><\/li>\n<li style=\"font-weight: 400;\" aria-level=\"1\"><span style=\"font-weight: 400;\">Facilidad de uso;<\/span><\/li>\n<li style=\"font-weight: 400;\" aria-level=\"1\"><span style=\"font-weight: 400;\">Costo asequible.<\/span><\/li>\n<\/ul>\n<p><span style=\"font-weight: 400;\">Despu\u00e9s de tomar el medicamento, el peso corporal comienza a disminuir constantemente, mientras que no hay consecuencias negativas. La aparici\u00f3n de resultados es lo m\u00e1s r\u00e1pida posible, tienen un efecto acumulativo.<\/span><\/p>\n<h2><span style=\"font-weight: 400;\">Composici\u00f3n<\/span><\/h2>\n<p><span style=\"font-weight: 400;\">El producto contiene pocos componentes. Parece que no pueden hacer frente a la tarea asignada, pero, de hecho, son ricos en ingredientes activos. Logran penetrar en el torrente sangu\u00edneo, diseminarse por el sistema circulatorio y trabajar a nivel celular. Sisale consta de:<\/span><\/p>\n<ul>\n<li style=\"font-weight: 400;\" aria-level=\"1\"><span style=\"font-weight: 400;\">La pomerania es una fuente vegetal de hordenina, un potente quemagrasas. Con su ayuda, las c\u00e9lulas grasas ubicadas debajo de la piel se descomponen f\u00e1cilmente. Al mismo tiempo, el proceso de digesti\u00f3n comienza a ralentizarse y la persona se siente m\u00e1s llena durante un per\u00edodo de tiempo prolongado.<\/span><\/li>\n<li style=\"font-weight: 400;\" aria-level=\"1\"><span style=\"font-weight: 400;\">Harina de ch\u00eda: este componente contiene una cantidad significativa de amino\u00e1cidos y vitaminas. El ingrediente absorbe agua mientras llena el espacio en el est\u00f3mago. Esto puede ayudar a reducir el hambre excesiva.<\/span><\/li>\n<li style=\"font-weight: 400;\" aria-level=\"1\"><span style=\"font-weight: 400;\">El extracto de baya de enebro es un componente para eliminar una gran cantidad de l\u00edquido que se acumula en el organismo. Gracias a este ingrediente, la actividad de los receptores que reaccionan al sabor amargo disminuye.<\/span><\/li>\n<li style=\"font-weight: 400;\" aria-level=\"1\"><span style=\"font-weight: 400;\">Esto conduce a una disminuci\u00f3n de los antojos de az\u00facar. Tambi\u00e9n normaliza el apetito y el sistema digestivo.<\/span><\/li>\n<\/ul>\n<h2><span style=\"font-weight: 400;\">Como funciona<\/span><\/h2>\n<p><span style=\"font-weight: 400;\">La acci\u00f3n de Sisale tiene lugar en varias etapas, por lo que es necesario tomar varios cursos de este remedio. Durante cada etapa, act\u00faa de forma diferente: tardar\u00e1 unos 7 d\u00edas. Gracias al efecto complejo, se desencadenan los procesos naturales de degradaci\u00f3n de grasas. El cuerpo se vuelve m\u00e1s liviano, los vol\u00famenes disminuyen. Hay una mejora significativa en el estado de la piel, ya que las toxinas y las toxinas se eliminan del cuerpo. Si mantiene su dieta habitual y no practica deportes intensos, puede perder hasta 6 kg. Los procesos metab\u00f3licos naturales se aceleran, por lo que el cuerpo quema m\u00e1s calor\u00edas de las que consume. En esta etapa, puede perder hasta 10 kg. Hay una disminuci\u00f3n de la sensaci\u00f3n de hambre, hay una mejora en la piel, tens\u00e1ndose un poco la piel fl\u00e1cida. No debemos olvidarnos del efecto nivelador y tonificante. P\u00e9rdida de peso: hasta 14 kg.<\/span><\/p>\n<h2><span style=\"font-weight: 400;\">C\u00f3mo utilizar<\/span><\/h2>\n<p><span style=\"font-weight: 400;\">Tomar Sisale es f\u00e1cil, est\u00e1 empaquetado en pr\u00e1cticos sobres. Basta con disolver un paquete en 250 ml de l\u00edquido. Puedes beber con las comidas y despu\u00e9s del entrenamiento. Un solo curso dura cinco d\u00edas, luego se toma un descanso durante dos d\u00edas y luego se repite. Para obtener un resultado duradero, debe beber el medicamento durante al menos cuatro semanas.<\/span><\/p>\n<h2><span style=\"font-weight: 400;\">Contraindicaciones Sisale<\/span><\/h2>\n<p><img loading=\"lazy\" decoding=\"async\" class=\"aligncenter size-full wp-image-438\" src=\"http:\/\/laolladechile.com\/farmacia\/wp-content\/uploads\/2024\/11\/Sisale-1.jpg\" alt=\"Sisale precio farmacia del ahorro\" width=\"500\" height=\"250\" srcset=\"https:\/\/laolladechile.com\/farmacia\/wp-content\/uploads\/2024\/11\/Sisale-1.jpg 500w, https:\/\/laolladechile.com\/farmacia\/wp-content\/uploads\/2024\/11\/Sisale-1-300x150.jpg 300w\" sizes=\"(max-width: 500px) 100vw, 500px\" \/><\/p>\n<p><span style=\"font-weight: 400;\">Un suplemento profesional completamente natural que no tiene contraindicaciones ni reacciones secundarias. Sus componentes: no tienen un efecto nocivo en el cuerpo; no adictivo; no cree dependencias. La \u00fanica limitaci\u00f3n puede ser una alergia a uno o m\u00e1s ingredientes, que deben tenerse en cuenta al elegir un producto.<\/span><\/p>\n<h2><span style=\"font-weight: 400;\">Opiniones de m\u00e9dicos Sisale<\/span><\/h2>\n<blockquote><p><b>Marina, nutricionista<\/b><\/p>\n<p><span style=\"font-weight: 400;\">Para perder peso realmente, debe abordar todo de manera integral. No es necesario desmayarse o morir despu\u00e9s de un entrenamiento agotador. Lo m\u00e1s importante es restaurar el trabajo de todo el organismo. Adem\u00e1s, este trabajo debe estar equilibrado. El nuevo producto, Sisale, combina todas las condiciones para un resultado r\u00e1pido que ser\u00e1 confiable y seguro.<\/span><\/p><\/blockquote>\n<h2><span style=\"font-weight: 400;\">Opiniones de compradores reales<\/span><\/h2>\n<blockquote><p><b>Maria, 25 a\u00f1os<\/b><\/p>\n<p><span style=\"font-weight: 400;\">No dir\u00e9 que estaba muy gordo. Pero no me har\u00eda da\u00f1o perder diez kilogramos. Encontr\u00e9 un anuncio de un remedio milagroso. Todo me parece: se puede comer de todo, y no hacer deporte &#8230; Aunque miento, hice deporte, bastante. Una gota. A veces la prensa se estremec\u00eda. Entonces, decid\u00ed comprar y ordenar. Lleg\u00f3 una caja con 5 bolsas. Los beb\u00eda todos los d\u00edas, durante la cena. Diluido con agua hervida ordinaria. Sabe un poco dulce. Me soborn\u00f3 el hecho de que la preparaci\u00f3n contiene solo ingredientes naturales. Tan pronto como comenz\u00f3 a beber el remedio, sin que ella misma lo notara, comenz\u00f3 a controlar su nutrici\u00f3n. Me di cuenta de esto un poco m\u00e1s tarde. Mis porciones son mucho m\u00e1s peque\u00f1as. Despu\u00e9s del primer curso, me volv\u00ed 400 gramos m\u00e1s liviano, pero no me rend\u00ed, porque s\u00e9 que es dif\u00edcil al principio, luego ser\u00e1 m\u00e1s f\u00e1cil. El precio de la droga no es muy alto, ped\u00ed otro curso. En la segunda semana, las cosas fueron mucho m\u00e1s f\u00e1ciles. De hecho, com\u00ed menos y no ten\u00eda ganas. Me acostumbr\u00e9 a casi todo y decid\u00ed continuar. Siete semanas despu\u00e9s, ya ten\u00eda un resultado impresionante: menos seis kilos. Al mismo tiempo, me sent\u00eda genial, ten\u00eda mucha energ\u00eda, siempre quise correr a alg\u00fan lado y hacer algo. Luego dej\u00e9 de tomar la droga, pero esto no me afect\u00f3 de ninguna manera, los kilogramos que se hab\u00edan ido no volvieron. Sisale <\/span><span style=\"font-weight: 400;\">confiable.<\/span><\/p><\/blockquote>\n<p>&nbsp;<\/p>\n<blockquote><p><b>Svetlana, 33 a\u00f1os<\/b><\/p>\n<p><span style=\"font-weight: 400;\">El producto atrajo inter\u00e9s por su composici\u00f3n natural. No quisiera perder peso con la ayuda de gusanos o alguna otra cosa desagradable. Bueno, comenc\u00e9 a tomar la droga. Despu\u00e9s de los primeros cinco d\u00edas, not\u00e9 una mejora en mi condici\u00f3n. Perd\u00ed un poco de peso, el volumen del abdomen disminuye. Tambi\u00e9n me volv\u00ed m\u00e1s en\u00e9rgico. Tambi\u00e9n not\u00e9 que hab\u00eda dejado de comer dulces, simplemente no quer\u00eda. Pero antes, me compraba dulces casi todos los d\u00edas. Solo tom\u00e9 cuatro cursos, pero eso fue suficiente para m\u00ed, porque me deshice de diez kilogramos. Ten\u00eda miedo de que despu\u00e9s de la cancelaci\u00f3n vuelva a atacar a los perdidos, pero mientras persista el efecto. Sisale <\/span><span style=\"font-weight: 400;\">funciona!<\/span><\/p><\/blockquote>\n<h2><span style=\"font-weight: 400;\">\u00bfCu\u00e1nto cuesta, d\u00f3nde comprar Sisale?<\/span><\/h2>\n<p><span style=\"font-weight: 400;\">No todos los productos para bajar de peso son iguales. Sucede que un remedio eficaz puede arruinar la reputaci\u00f3n ganada mediante la falsificaci\u00f3n. Por eso es mejor comprarlos en el sitio web oficial del fabricante. Para ordenar Sisale y deshacerse de los kilos de m\u00e1s, solo necesita ir al sitio web del fabricante. All\u00ed se proporcionan toda la informaci\u00f3n necesaria, los precios y un formulario de pedido. Habiendo realizado un pedido, aseg\u00farese de esperar la llamada del gerente, quien aclarar\u00e1 sus detalles.<\/span><\/p>\n","protected":false},"excerpt":{"rendered":"<div class=\"flex-1 overflow-hidden\">\n<div class=\"h-full\">\n<div class=\"react-scroll-to-bottom--css-lihdj-79elbk h-full\">\n<div class=\"react-scroll-to-bottom--css-lihdj-1n7m0yu\">\n<div class=\"flex flex-col text-sm md:pb-9\">\n<article class=\"w-full scroll-mb-[var(--thread-trailing-height,150px)] text-token-text-primary focus-visible:outline-2 focus-visible:outline-offset-[-4px]\" dir=\"auto\" data-testid=\"conversation-turn-3\" data-scroll-anchor=\"true\">\n<div class=\"m-auto text-base py-[18px] px-3 md:px-4 w-full md:px-5 lg:px-4 xl:px-5\">\n<div class=\"mx-auto flex flex-1 gap-4 text-base md:gap-5 lg:gap-6 md:max-w-3xl lg:max-w-[40rem] xl:max-w-[48rem]\">\n<div class=\"group\/conversation-turn relative flex w-full min-w-0 flex-col agent-turn\">\n<div class=\"flex-col gap-1 md:gap-3\">\n<div class=\"flex max-w-full flex-col flex-grow\">\n<div class=\"min-h-8 text-message flex w-full flex-col items-end gap-2 whitespace-normal break-words [.text-message+&amp;]:mt-5\" dir=\"auto\" data-message-author-role=\"assistant\" data-message-id=\"4a49e8a8-9e0b-4901-a577-6b52d07bfe0a\" data-message-model-slug=\"gpt-4o\">\n<div class=\"flex w-full flex-col gap-1 empty:hidden first:pt-[3px]\">\n<div class=\"markdown prose w-full break-words dark:prose-invert light\">\n<p><strong>Sisale<\/strong> es una innovaci\u00f3n en la lucha contra el sobrepeso y la obesidad. Ayuda a reducir los kilogramos de m\u00e1s de forma efectiva, mejorando tanto la salud como la apariencia.<\/p>\n<\/div>\n<\/div>\n<\/div>\n<\/div>\n<\/div>\n<\/div>\n<\/div>\n<\/div>\n<\/article>\n<\/div>\n<\/div>\n<\/div>\n<\/div>\n<\/div>\n","protected":false},"featured_media":437,"comment_status":"open","ping_status":"closed","template":"","meta":[],"product_cat":[15],"product_tag":[],"yoast_head":"<!-- This site is optimized with the Yoast SEO plugin v23.8 - https:\/\/yoast.com\/wordpress\/plugins\/seo\/ -->\n<title>Sisale comprar c\u00e1psulas adelgazantes en La Olla de Chile<\/title>\n<meta name=\"robots\" content=\"index, follow, max-snippet:-1, max-image-preview:large, max-video-preview:-1\" \/>\n<link rel=\"canonical\" href=\"http:\/\/laolladechile.com\/farmacia\/sisale\" \/>\n<meta property=\"og:locale\" content=\"es_ES\" \/>\n<meta property=\"og:type\" content=\"article\" \/>\n<meta property=\"og:title\" content=\"Sisale comprar c\u00e1psulas adelgazantes en La Olla de Chile\" \/>\n<meta property=\"og:description\" content=\"Sisale es una innovaci\u00f3n en la lucha contra el sobrepeso y la obesidad. Ayuda a reducir los kilogramos de m\u00e1s de forma efectiva, mejorando tanto la salud como la apariencia.\" \/>\n<meta property=\"og:url\" content=\"http:\/\/laolladechile.com\/farmacia\/sisale\" \/>\n<meta property=\"og:site_name\" content=\"La Olla de Chile Farmacia\" \/>\n<meta property=\"og:image\" content=\"http:\/\/laolladechile.com\/farmacia\/wp-content\/uploads\/2024\/11\/Sisale.jpg\" \/>\n\t<meta property=\"og:image:width\" content=\"262\" \/>\n\t<meta property=\"og:image:height\" content=\"350\" \/>\n\t<meta property=\"og:image:type\" content=\"image\/jpeg\" \/>\n<meta name=\"twitter:card\" content=\"summary_large_image\" \/>\n<meta name=\"twitter:label1\" content=\"Tiempo de lectura\" \/>\n\t<meta name=\"twitter:data1\" content=\"6 minutos\" \/>\n<script type=\"application\/ld+json\" class=\"yoast-schema-graph\">{\"@context\":\"https:\/\/schema.org\",\"@graph\":[{\"@type\":\"WebPage\",\"@id\":\"http:\/\/laolladechile.com\/farmacia\/sisale\",\"url\":\"http:\/\/laolladechile.com\/farmacia\/sisale\",\"name\":\"Sisale comprar c\u00e1psulas adelgazantes en La Olla de Chile\",\"isPartOf\":{\"@id\":\"https:\/\/laolladechile.com\/farmacia\/#website\"},\"primaryImageOfPage\":{\"@id\":\"http:\/\/laolladechile.com\/farmacia\/sisale#primaryimage\"},\"image\":{\"@id\":\"http:\/\/laolladechile.com\/farmacia\/sisale#primaryimage\"},\"thumbnailUrl\":\"https:\/\/laolladechile.com\/farmacia\/wp-content\/uploads\/2024\/11\/Sisale.jpg\",\"datePublished\":\"2024-11-15T12:50:29+00:00\",\"dateModified\":\"2024-11-15T12:50:29+00:00\",\"breadcrumb\":{\"@id\":\"http:\/\/laolladechile.com\/farmacia\/sisale#breadcrumb\"},\"inLanguage\":\"es\",\"potentialAction\":[{\"@type\":\"ReadAction\",\"target\":[\"http:\/\/laolladechile.com\/farmacia\/sisale\"]}]},{\"@type\":\"ImageObject\",\"inLanguage\":\"es\",\"@id\":\"http:\/\/laolladechile.com\/farmacia\/sisale#primaryimage\",\"url\":\"https:\/\/laolladechile.com\/farmacia\/wp-content\/uploads\/2024\/11\/Sisale.jpg\",\"contentUrl\":\"https:\/\/laolladechile.com\/farmacia\/wp-content\/uploads\/2024\/11\/Sisale.jpg\",\"width\":262,\"height\":350,\"caption\":\"Sisale\"},{\"@type\":\"BreadcrumbList\",\"@id\":\"http:\/\/laolladechile.com\/farmacia\/sisale#breadcrumb\",\"itemListElement\":[{\"@type\":\"ListItem\",\"position\":1,\"name\":\"Home\",\"item\":\"https:\/\/laolladechile.com\/farmacia\/\"},{\"@type\":\"ListItem\",\"position\":2,\"name\":\"Sisale\"}]},{\"@type\":\"WebSite\",\"@id\":\"https:\/\/laolladechile.com\/farmacia\/#website\",\"url\":\"https:\/\/laolladechile.com\/farmacia\/\",\"name\":\"La Olla de Chile Farmacia\",\"description\":\"\",\"publisher\":{\"@id\":\"https:\/\/laolladechile.com\/farmacia\/#organization\"},\"potentialAction\":[{\"@type\":\"SearchAction\",\"target\":{\"@type\":\"EntryPoint\",\"urlTemplate\":\"https:\/\/laolladechile.com\/farmacia\/?s={search_term_string}\"},\"query-input\":{\"@type\":\"PropertyValueSpecification\",\"valueRequired\":true,\"valueName\":\"search_term_string\"}}],\"inLanguage\":\"es\"},{\"@type\":\"Organization\",\"@id\":\"https:\/\/laolladechile.com\/farmacia\/#organization\",\"name\":\"La Olla de Chile Farmacia\",\"url\":\"https:\/\/laolladechile.com\/farmacia\/\",\"logo\":{\"@type\":\"ImageObject\",\"inLanguage\":\"es\",\"@id\":\"https:\/\/laolladechile.com\/farmacia\/#\/schema\/logo\/image\/\",\"url\":\"https:\/\/laolladechile.com\/farmacia\/wp-content\/uploads\/2024\/11\/logo-la-olla.jpg\",\"contentUrl\":\"https:\/\/laolladechile.com\/farmacia\/wp-content\/uploads\/2024\/11\/logo-la-olla.jpg\",\"width\":261,\"height\":62,\"caption\":\"La Olla de Chile Farmacia\"},\"image\":{\"@id\":\"https:\/\/laolladechile.com\/farmacia\/#\/schema\/logo\/image\/\"}}]}<\/script>\n<!-- \/ Yoast SEO plugin. -->","yoast_head_json":{"title":"Sisale comprar c\u00e1psulas adelgazantes en La Olla de Chile","robots":{"index":"index","follow":"follow","max-snippet":"max-snippet:-1","max-image-preview":"max-image-preview:large","max-video-preview":"max-video-preview:-1"},"canonical":"http:\/\/laolladechile.com\/farmacia\/sisale","og_locale":"es_ES","og_type":"article","og_title":"Sisale comprar c\u00e1psulas adelgazantes en La Olla de Chile","og_description":"Sisale es una innovaci\u00f3n en la lucha contra el sobrepeso y la obesidad. Ayuda a reducir los kilogramos de m\u00e1s de forma efectiva, mejorando tanto la salud como la apariencia.","og_url":"http:\/\/laolladechile.com\/farmacia\/sisale","og_site_name":"La Olla de Chile Farmacia","og_image":[{"width":262,"height":350,"url":"http:\/\/laolladechile.com\/farmacia\/wp-content\/uploads\/2024\/11\/Sisale.jpg","type":"image\/jpeg"}],"twitter_card":"summary_large_image","twitter_misc":{"Tiempo de lectura":"6 minutos"},"schema":{"@context":"https:\/\/schema.org","@graph":[{"@type":"WebPage","@id":"http:\/\/laolladechile.com\/farmacia\/sisale","url":"http:\/\/laolladechile.com\/farmacia\/sisale","name":"Sisale comprar c\u00e1psulas adelgazantes en La Olla de Chile","isPartOf":{"@id":"https:\/\/laolladechile.com\/farmacia\/#website"},"primaryImageOfPage":{"@id":"http:\/\/laolladechile.com\/farmacia\/sisale#primaryimage"},"image":{"@id":"http:\/\/laolladechile.com\/farmacia\/sisale#primaryimage"},"thumbnailUrl":"https:\/\/laolladechile.com\/farmacia\/wp-content\/uploads\/2024\/11\/Sisale.jpg","datePublished":"2024-11-15T12:50:29+00:00","dateModified":"2024-11-15T12:50:29+00:00","breadcrumb":{"@id":"http:\/\/laolladechile.com\/farmacia\/sisale#breadcrumb"},"inLanguage":"es","potentialAction":[{"@type":"ReadAction","target":["http:\/\/laolladechile.com\/farmacia\/sisale"]}]},{"@type":"ImageObject","inLanguage":"es","@id":"http:\/\/laolladechile.com\/farmacia\/sisale#primaryimage","url":"https:\/\/laolladechile.com\/farmacia\/wp-content\/uploads\/2024\/11\/Sisale.jpg","contentUrl":"https:\/\/laolladechile.com\/farmacia\/wp-content\/uploads\/2024\/11\/Sisale.jpg","width":262,"height":350,"caption":"Sisale"},{"@type":"BreadcrumbList","@id":"http:\/\/laolladechile.com\/farmacia\/sisale#breadcrumb","itemListElement":[{"@type":"ListItem","position":1,"name":"Home","item":"https:\/\/laolladechile.com\/farmacia\/"},{"@type":"ListItem","position":2,"name":"Sisale"}]},{"@type":"WebSite","@id":"https:\/\/laolladechile.com\/farmacia\/#website","url":"https:\/\/laolladechile.com\/farmacia\/","name":"La Olla de Chile Farmacia","description":"","publisher":{"@id":"https:\/\/laolladechile.com\/farmacia\/#organization"},"potentialAction":[{"@type":"SearchAction","target":{"@type":"EntryPoint","urlTemplate":"https:\/\/laolladechile.com\/farmacia\/?s={search_term_string}"},"query-input":{"@type":"PropertyValueSpecification","valueRequired":true,"valueName":"search_term_string"}}],"inLanguage":"es"},{"@type":"Organization","@id":"https:\/\/laolladechile.com\/farmacia\/#organization","name":"La Olla de Chile Farmacia","url":"https:\/\/laolladechile.com\/farmacia\/","logo":{"@type":"ImageObject","inLanguage":"es","@id":"https:\/\/laolladechile.com\/farmacia\/#\/schema\/logo\/image\/","url":"https:\/\/laolladechile.com\/farmacia\/wp-content\/uploads\/2024\/11\/logo-la-olla.jpg","contentUrl":"https:\/\/laolladechile.com\/farmacia\/wp-content\/uploads\/2024\/11\/logo-la-olla.jpg","width":261,"height":62,"caption":"La Olla de Chile Farmacia"},"image":{"@id":"https:\/\/laolladechile.com\/farmacia\/#\/schema\/logo\/image\/"}}]}},"_links":{"self":[{"href":"https:\/\/laolladechile.com\/farmacia\/index.php?rest_route=\/wp\/v2\/product\/436"}],"collection":[{"href":"https:\/\/laolladechile.com\/farmacia\/index.php?rest_route=\/wp\/v2\/product"}],"about":[{"href":"https:\/\/laolladechile.com\/farmacia\/index.php?rest_route=\/wp\/v2\/types\/product"}],"replies":[{"embeddable":true,"href":"https:\/\/laolladechile.com\/farmacia\/index.php?rest_route=%2Fwp%2Fv2%2Fcomments&post=436"}],"wp:featuredmedia":[{"embeddable":true,"href":"https:\/\/laolladechile.com\/farmacia\/index.php?rest_route=\/wp\/v2\/media\/437"}],"wp:attachment":[{"href":"https:\/\/laolladechile.com\/farmacia\/index.php?rest_route=%2Fwp%2Fv2%2Fmedia&parent=436"}],"wp:term":[{"taxonomy":"product_cat","embeddable":true,"href":"https:\/\/laolladechile.com\/farmacia\/index.php?rest_route=%2Fwp%2Fv2%2Fproduct_cat&post=436"},{"taxonomy":"product_tag","embeddable":true,"href":"https:\/\/laolladechile.com\/farmacia\/index.php?rest_route=%2Fwp%2Fv2%2Fproduct_tag&post=436"}],"curies":[{"name":"wp","href":"https:\/\/api.w.org\/{rel}","templated":true}]}}