{"id":51,"date":"2024-11-13T12:17:59","date_gmt":"2024-11-13T11:17:59","guid":{"rendered":"https:\/\/laolladechile.com\/farmacia\/?post_type=product&#038;p=51"},"modified":"2024-11-13T12:17:59","modified_gmt":"2024-11-13T11:17:59","slug":"diaformrx","status":"publish","type":"product","link":"http:\/\/laolladechile.com\/farmacia\/diaformrx","title":{"rendered":"DiaformRX"},"content":{"rendered":"<h2><b>\u00bfPara qu\u00e9 sirven las c\u00e1psulas DiaformRX Chile?<\/b><\/h2>\n<p><img loading=\"lazy\" decoding=\"async\" class=\"aligncenter size-full wp-image-56\" src=\"http:\/\/laolladechile.com\/farmacia\/wp-content\/uploads\/2024\/11\/DiaformRX-4.jpg\" alt=\"DiaformRX farmacia del ahorro\" width=\"500\" height=\"332\" srcset=\"https:\/\/laolladechile.com\/farmacia\/wp-content\/uploads\/2024\/11\/DiaformRX-4.jpg 500w, https:\/\/laolladechile.com\/farmacia\/wp-content\/uploads\/2024\/11\/DiaformRX-4-300x199.jpg 300w\" sizes=\"(max-width: 500px) 100vw, 500px\" \/><\/p>\n<p><span style=\"font-weight: 400;\">La diabetes es una enfermedad grave. Muchos de los pacientes no est\u00e1n acostumbrados a prestar atenci\u00f3n a los s\u00edntomas alarmantes: picaz\u00f3n en la piel, disminuci\u00f3n de la visi\u00f3n, fatiga severa, aumento de peso, heridas que cicatrizan durante mucho tiempo, sed estable y viajes frecuentes al ba\u00f1o. Para detener el desarrollo de la diabetes, se desarroll\u00f3 el medicamento DiaformRX Chile.<\/span><\/p>\n<p><span style=\"font-weight: 400;\">DiaformRX Chile es una herramienta poderosa, cuya acci\u00f3n est\u00e1 dirigida a mejorar los procesos metab\u00f3licos y reducir los niveles de glucosa en sangre. \u00a1Apoya tu salud! \u00a1Compre DiaformRX efectos secundarios lo antes posible hasta agotar existencias!<\/span><\/p>\n<p><span style=\"font-weight: 400;\">La diabetes mellitus es una patolog\u00eda endocrina grave con s\u00edntomas pronunciados y consecuencias graves para el organismo. La enfermedad afecta las articulaciones y los vasos sangu\u00edneos de manera negativa, y un remedio moderno \u00fanico DiaformRX para que sirve es capaz de ralentizar este proceso. Restaura el flujo sangu\u00edneo en las extremidades, alivia la hinchaz\u00f3n y reduce a 0 el riesgo de pie diab\u00e9tico y la necesidad de amputaci\u00f3n.<\/span><\/p>\n<p><span style=\"font-weight: 400;\">Las \u00falceras en los brazos y las piernas que no se curan durante mucho tiempo se inflaman &#8230; dolor, enrojecimiento de la piel e hinchaz\u00f3n: casi todas las personas que padecen hiperglucemia cr\u00f3nica se enfrentan a estas manifestaciones. El nivel alto de az\u00facar en la sangre afecta negativamente el torrente sangu\u00edneo: vasos sangu\u00edneos, venas, capilares. Para devolverlos a su estado natural y de salud se requerir\u00e1 un estricto control de hemogramas y c\u00e1psulas t\u00f3picas efectivas.<\/span><\/p>\n<h2><b>El problema de la diabetes<\/b><\/h2>\n<p><span style=\"font-weight: 400;\">Con un buen control, disciplina y un estilo de vida saludable, las complicaciones de la diabetes pueden minimizarse f\u00e1cilmente o incluso prevenirse por completo. Cuidar de su cuerpo es su principal responsabilidad y comienza siendo consciente de su condici\u00f3n.<\/span><\/p>\n<p><span style=\"font-weight: 400;\">Comprender qu\u00e9 es la diabetes, c\u00f3mo se trata y qu\u00e9 cambios de estilo de vida requiere puede ser un desaf\u00edo al principio. No es una tarea f\u00e1cil absorber toda la informaci\u00f3n presentada, pero es importante obtener la mayor cantidad de informaci\u00f3n precisa posible. Este primer paso permite a muchas personas con diabetes vivir con \u00e9xito una vida larga y saludable, siempre que la enfermedad se controle constantemente.<\/span><\/p>\n<p><span style=\"font-weight: 400;\">Un manejo inadecuado de los niveles de az\u00facar en la sangre durante un largo per\u00edodo de tiempo puede conducir a problemas en los \u00f3rganos, y es en este caso que pueden ocurrir complicaciones graves. Dado que la diabetes afecta directamente los vasos sangu\u00edneos y los nervios, ninguna parte del cuerpo es inmune al deterioro o incluso al fracaso total. Las complicaciones a corto plazo y tard\u00edas de la diabetes dependen del tratamiento incorrecto que ha afectado a su cuerpo y de lo mal que ha controlado sus niveles de az\u00facar en la sangre durante un largo per\u00edodo de tiempo. Para asegurarse de minimizar las posibles complicaciones de la diabetes, lea la siguiente informaci\u00f3n.<\/span><\/p>\n<p><span style=\"font-weight: 400;\">Las posibles complicaciones de la diabetes causadas por un mal comportamiento y control incluyen las siguientes:<\/span><\/p>\n<ul>\n<li style=\"font-weight: 400;\" aria-level=\"1\"><span style=\"font-weight: 400;\">enfermedad del coraz\u00f3n;<\/span><\/li>\n<li style=\"font-weight: 400;\" aria-level=\"1\"><span style=\"font-weight: 400;\">Carrera;<\/span><\/li>\n<li style=\"font-weight: 400;\" aria-level=\"1\"><span style=\"font-weight: 400;\">Amputaci\u00f3n, generalmente de las extremidades inferiores (piernas y pies);<\/span><\/li>\n<li style=\"font-weight: 400;\" aria-level=\"1\"><span style=\"font-weight: 400;\">p\u00e9rdida de visi\u00f3n;<\/span><\/li>\n<li style=\"font-weight: 400;\" aria-level=\"1\"><span style=\"font-weight: 400;\">Trastornos de la audici\u00f3n;<\/span><\/li>\n<li style=\"font-weight: 400;\" aria-level=\"1\"><span style=\"font-weight: 400;\">Infecciones de vejiga y ri\u00f1\u00f3n;<\/span><\/li>\n<li style=\"font-weight: 400;\" aria-level=\"1\"><span style=\"font-weight: 400;\">Disfunci\u00f3n er\u00e9ctil e impotencia.<\/span><\/li>\n<\/ul>\n<h2><b>Beneficios de las c\u00e1psulas para la diabetes DiaformRX es bueno o malo<\/b><\/h2>\n<p><img loading=\"lazy\" decoding=\"async\" class=\"aligncenter size-full wp-image-55\" src=\"http:\/\/laolladechile.com\/farmacia\/wp-content\/uploads\/2024\/11\/DiaformRX-3.jpg\" alt=\"DiaformRX opiniones\" width=\"500\" height=\"334\" srcset=\"https:\/\/laolladechile.com\/farmacia\/wp-content\/uploads\/2024\/11\/DiaformRX-3.jpg 500w, https:\/\/laolladechile.com\/farmacia\/wp-content\/uploads\/2024\/11\/DiaformRX-3-300x200.jpg 300w\" sizes=\"(max-width: 500px) 100vw, 500px\" \/><\/p>\n<p><span style=\"font-weight: 400;\">El f\u00e1rmaco innovador DiaformRX como se usa el\u00a0 es \u00fatil para todos los diab\u00e9ticos que necesitan restaurar el flujo sangu\u00edneo a las extremidades. La novedad ayuda a curar potencialmente peligrosas:<\/span><\/p>\n<ul>\n<li style=\"font-weight: 400;\" aria-level=\"1\"><span style=\"font-weight: 400;\">\u00falceras;<\/span><\/li>\n<li style=\"font-weight: 400;\" aria-level=\"1\"><span style=\"font-weight: 400;\">callos;<\/span><\/li>\n<li style=\"font-weight: 400;\" aria-level=\"1\"><span style=\"font-weight: 400;\">heridas;<\/span><\/li>\n<li style=\"font-weight: 400;\" aria-level=\"1\"><span style=\"font-weight: 400;\">moretones;<\/span><\/li>\n<li style=\"font-weight: 400;\" aria-level=\"1\"><span style=\"font-weight: 400;\">grietas;<\/span><\/li>\n<li style=\"font-weight: 400;\" aria-level=\"1\"><span style=\"font-weight: 400;\">conos;<\/span><\/li>\n<li style=\"font-weight: 400;\" aria-level=\"1\"><span style=\"font-weight: 400;\">bursitis.<\/span><\/li>\n<\/ul>\n<p><span style=\"font-weight: 400;\">Restaura los vasos sangu\u00edneos desde el interior, los limpia de placas ateroscler\u00f3ticas y placa de colesterol, restablece el movimiento de la linfa y la sangre, previene las varices, la necrosis y los procesos degenerativos en los tejidos.<\/span><\/p>\n<h2><b>Pros y contras de las c\u00e1psulas para la diabetes DiaformRX como se aplica<\/b><\/h2>\n<p><span style=\"font-weight: 400;\">DiaformRX funciona es un almac\u00e9n de oligoelementos \u00fatiles, vitaminas, \u00e1cidos grasos y minerales necesarios para mantener tejidos y c\u00e9lulas saludables. El producto expande los canales sangu\u00edneos, estableciendo la circulaci\u00f3n sangu\u00ednea natural. Activa las terminaciones nerviosas, elimina el dolor, la pesadez en las piernas, los espasmos musculares. Mejora los procesos metab\u00f3licos y regenerativos, fortalece el sistema inmunol\u00f3gico y rejuvenece la epidermis.<\/span><\/p>\n<h2><b>C\u00f3mo funcionan las c\u00e1psulas para la diabetes DiaformRX<\/b><\/h2>\n<p><img loading=\"lazy\" decoding=\"async\" class=\"aligncenter size-full wp-image-54\" src=\"http:\/\/laolladechile.com\/farmacia\/wp-content\/uploads\/2024\/11\/DiaformRX-2.jpg\" alt=\"DiaformRX medicamento opiniones\" width=\"500\" height=\"330\" srcset=\"https:\/\/laolladechile.com\/farmacia\/wp-content\/uploads\/2024\/11\/DiaformRX-2.jpg 500w, https:\/\/laolladechile.com\/farmacia\/wp-content\/uploads\/2024\/11\/DiaformRX-2-300x198.jpg 300w\" sizes=\"(max-width: 500px) 100vw, 500px\" \/><\/p>\n<p><span style=\"font-weight: 400;\">La base de la droga DiaformRX confiable son componentes naturales. Con la ayuda de ellos, el cuerpo se recupera de la enfermedad:<\/span><\/p>\n<ul>\n<li style=\"font-weight: 400;\" aria-level=\"1\"><span style=\"font-weight: 400;\">se aceleran los procesos metab\u00f3licos;<\/span><\/li>\n<li style=\"font-weight: 400;\" aria-level=\"1\"><span style=\"font-weight: 400;\">los niveles de glucosa vuelven a la normalidad;<\/span><\/li>\n<li style=\"font-weight: 400;\" aria-level=\"1\"><span style=\"font-weight: 400;\">se restablece un ritmo card\u00edaco tranquilo;<\/span><\/li>\n<li style=\"font-weight: 400;\" aria-level=\"1\"><span style=\"font-weight: 400;\">el trabajo de los \u00f3rganos internos se normaliza;<\/span><\/li>\n<li style=\"font-weight: 400;\" aria-level=\"1\"><span style=\"font-weight: 400;\">el cuerpo recibe muchos nutrientes;<\/span><\/li>\n<li style=\"font-weight: 400;\" aria-level=\"1\"><span style=\"font-weight: 400;\">aumenta la inmunidad;<\/span><\/li>\n<li style=\"font-weight: 400;\" aria-level=\"1\"><span style=\"font-weight: 400;\">el sue\u00f1o se normaliza.<\/span><\/li>\n<\/ul>\n<h2><b>C\u00f3mo usar las c\u00e1psulas DiaformRX precio Chile<\/b><\/h2>\n<p><span style=\"font-weight: 400;\">Las c\u00e1psulas m\u00e9dicas se usan de acuerdo con las instrucciones varias veces al d\u00eda. Se lavan suavemente con un vaso de agua tibia.<\/span><\/p>\n<p><span style=\"font-weight: 400;\">Siga cuidadosamente todas las instrucciones incluidas en el paquete. \u00a1Con un curso de tratamiento, los resultados lo sorprender\u00e1n gratamente!<\/span><\/p>\n<h2><b>Composici\u00f3n y principales componentes de las c\u00e1psulas DiaformRX<\/b><\/h2>\n<p><img loading=\"lazy\" decoding=\"async\" class=\"aligncenter size-full wp-image-53\" src=\"http:\/\/laolladechile.com\/farmacia\/wp-content\/uploads\/2024\/11\/DiaformRX-1.jpg\" alt=\"DiaformRX confiable\" width=\"500\" height=\"335\" srcset=\"https:\/\/laolladechile.com\/farmacia\/wp-content\/uploads\/2024\/11\/DiaformRX-1.jpg 500w, https:\/\/laolladechile.com\/farmacia\/wp-content\/uploads\/2024\/11\/DiaformRX-1-300x201.jpg 300w\" sizes=\"(max-width: 500px) 100vw, 500px\" \/><\/p>\n<p><span style=\"font-weight: 400;\">Farmac\u00e9uticos experimentados han elaborado extractos naturales especiales que restauran r\u00e1pidamente las funciones del sistema circulatorio:<\/span><\/p>\n<ul>\n<li><b>ra\u00edz de apio;<\/b><\/li>\n<li><b>Corteza de roble;<\/b><\/li>\n<li><b>trementina de goma;<\/b><\/li>\n<li><b>Aceite de castor;<\/b><\/li>\n<li><b>aceite de girasol;<\/b><\/li>\n<li><b>miel natural<\/b><\/li>\n<\/ul>\n<p><span style=\"font-weight: 400;\">Este ramo tiene un efecto suavizante, nutritivo, regenerador y antibacteriano. Elevar Tonifica las venas y los vasos sangu\u00edneos, permiti\u00e9ndote protegerte de trombosis, insuficiencia venosa, \u00falceras tr\u00f3ficas, gangrena y amputaci\u00f3n de extremidades.<\/span><\/p>\n<h2><b>Opiniones de clientes de c\u00e1psulas DiaformRX &#8211; medicamento opiniones<\/b><\/h2>\n<p>&nbsp;<\/p>\n<blockquote><p><b>Opiniones por Milka<\/b><\/p>\n<p><span style=\"font-weight: 400;\">Soy un diab\u00e9tico experimentado. De vez en cuando pido DiaformRX precio farmacia similares para m\u00ed a trav\u00e9s de Internet para controlar los antojos de pasteles y pasteles. Al mismo tiempo, gracias a esta herramienta, logro mantener mi peso normal, y este es un aspecto importante. Por lo tanto, aconsejo a todos los diab\u00e9ticos que presten atenci\u00f3n al medicamento DiaformRX walmart. \u00a1Cr\u00e9ame, su efecto beneficioso se notar\u00e1 en los primeros d\u00edas de uso!<\/span><\/p><\/blockquote>\n<p>&nbsp;<\/p>\n<blockquote><p><b>Opiniones de Mitzi<\/b><\/p>\n<p><span style=\"font-weight: 400;\">He estado viviendo con diabetes durante varios a\u00f1os. A veces puede ser dif\u00edcil contenerse en el marco r\u00edgido de comer. La droga DiaformRX me ayud\u00f3 a deshacerme de los kilos de m\u00e1s y los antojos constantes de alimentos. \u00a1Estoy sinceramente agradecido con mi amigo m\u00e9dico que me aconsej\u00f3 comprar este remedio! Tom\u00e9 DiaformRX precio farmacia del ahorro regularmente estrictamente de acuerdo con las instrucciones y pronto el deseo constante de comer bocadillos desapareci\u00f3 por s\u00ed solo. El metabolismo se normaliz\u00f3, la cintura y las caderas se adelgazaron. \u00a1Me siento genial! \u00a1Gracias!<\/span><\/p><\/blockquote>\n<p>&nbsp;<\/p>\n<blockquote><p><b>Opiniones por Hans<\/b><\/p>\n<p><span style=\"font-weight: 400;\">Desde el momento en que me diagnosticaron diabetes, comenc\u00e9 a visitar las cl\u00ednicas con regularidad (aunque antes era extremadamente dif\u00edcil llegar all\u00ed). \u00bfQu\u00e9 puedes hacer? Estaba preocupado por su salud y quer\u00eda asegurarse de que no hubiera signos de deterioro en el bienestar. Esto continu\u00f3 hasta que uno de los m\u00e9dicos me aconsej\u00f3 comprar el remedio DiaformRX resultados reales. Este medicamento me ayud\u00f3 a sobrellevar la enfermedad con mayor facilidad, por lo que reduje al m\u00ednimo mis visitas a las cl\u00ednicas. Si alguien en su familia sufre de diabetes, \u00a1aseg\u00farese de pedir DiaformRX!<\/span><\/p><\/blockquote>\n<p>&nbsp;<\/p>\n<blockquote><p><b>Opiniones por Sebasti\u00e1n<\/b><\/p>\n<p><span style=\"font-weight: 400;\">Tengo una forma severa de diabetes y mis piernas fueron las m\u00e1s afectadas. Hinchado, gimiendo por la noche. Las u\u00f1as comenzaron a caerse, aparecieron manchas negras. El fleb\u00f3logo le recet\u00f3 DiaformRX farmacia del ahorro. Aument\u00f3 el flujo sangu\u00edneo, restaur\u00f3 los vasos sangu\u00edneos y me salv\u00f3 del peligro de quedar inv\u00e1lida.<\/span><\/p><\/blockquote>\n<p>&nbsp;<\/p>\n<blockquote><p><b>Opiniones de Yerko<\/b><\/p>\n<p><span style=\"font-weight: 400;\">Mis piernas, a pesar de la diabetes, est\u00e1n sanas y m\u00f3viles de nuevo. Sin calambres musculares, enrojecimiento e hinchaz\u00f3n severa. Todos estos peligros han sido eliminados por c\u00e1psulas naturales econ\u00f3micas DiaformRX donde lo puedo conseguir. Sus ingredientes activos disolvieron co\u00e1gulos de sangre, eliminaron toxinas y colesterol y mejoraron la nutrici\u00f3n celular.<\/span><\/p><\/blockquote>\n<h2><b>\u00bfD\u00f3nde comprar c\u00e1psulas DiaformRX donde lo venden?<\/b><\/h2>\n<p><span style=\"font-weight: 400;\">No puede comprar un medicamento certificado DiaformRX donde lo venden para la diabetes en una farmacia. Este es un desarrollo alem\u00e1n, que a\u00fan no ha aparecido en el extranjero cercano en los estantes de las farmacias. Se desconoce cu\u00e1ndo nos llegar\u00e1. Por lo tanto, es mejor comprar medicamentos DiaformRX precio en el sitio web oficial de los fabricantes y estar 100% seguro de que el DiaformRX precio recibido es una estafa por dinero de los estafadores. Para hacer esto, use el sistema de pedidos en l\u00ednea.<\/span><\/p>\n<p><span style=\"font-weight: 400;\">Para comprar DiaformRX farmacias del fabricante, siga los sencillos pasos para realizar un pedido.<\/span><\/p>\n<ul>\n<li style=\"font-weight: 400;\" aria-level=\"1\"><span style=\"font-weight: 400;\">Siga el enlace del art\u00edculo al portal de la compa\u00f1\u00eda del fabricante de medicamentos.<\/span><\/li>\n<li style=\"font-weight: 400;\" aria-level=\"1\"><span style=\"font-weight: 400;\">Rellene los campos de la solicitud en la p\u00e1gina principal.<\/span><\/li>\n<li style=\"font-weight: 400;\" aria-level=\"1\"><span style=\"font-weight: 400;\">Espere la llamada del operador y acuerde los t\u00e9rminos de entrega durante la conversaci\u00f3n.<\/span><\/li>\n<\/ul>\n<p><span style=\"font-weight: 400;\">La ventaja del contacto directo con el fabricante es un precio favorable para DiaformRX donde comprar de diabetes sin prepago.<\/span><\/p>\n","protected":false},"excerpt":{"rendered":"<p>DiaformRX es un producto innovador dise\u00f1ado para mejorar los procesos metab\u00f3licos y reducir los niveles de glucosa en sangre. Su uso regular ayuda a restaurar el flujo sangu\u00edneo, aliviando la hinchaz\u00f3n y disminuyendo el riesgo de complicaciones graves de la diabetes, como el pie diab\u00e9tico.<\/p>\n","protected":false},"featured_media":52,"comment_status":"open","ping_status":"closed","template":"","meta":[],"product_cat":[15],"product_tag":[],"yoast_head":"<!-- This site is optimized with the Yoast SEO plugin v23.8 - https:\/\/yoast.com\/wordpress\/plugins\/seo\/ -->\n<title>DiaformRX comprar c\u00e1psulas para diabetes en La Olla de Chile<\/title>\n<meta name=\"robots\" content=\"index, follow, max-snippet:-1, max-image-preview:large, max-video-preview:-1\" \/>\n<link rel=\"canonical\" href=\"http:\/\/laolladechile.com\/farmacia\/diaformrx\" \/>\n<meta property=\"og:locale\" content=\"es_ES\" \/>\n<meta property=\"og:type\" content=\"article\" \/>\n<meta property=\"og:title\" content=\"DiaformRX comprar c\u00e1psulas para diabetes en La Olla de Chile\" \/>\n<meta property=\"og:description\" content=\"DiaformRX es un producto innovador dise\u00f1ado para mejorar los procesos metab\u00f3licos y reducir los niveles de glucosa en sangre. Su uso regular ayuda a restaurar el flujo sangu\u00edneo, aliviando la hinchaz\u00f3n y disminuyendo el riesgo de complicaciones graves de la diabetes, como el pie diab\u00e9tico.\" \/>\n<meta property=\"og:url\" content=\"http:\/\/laolladechile.com\/farmacia\/diaformrx\" \/>\n<meta property=\"og:site_name\" content=\"La Olla de Chile Farmacia\" \/>\n<meta property=\"og:image\" content=\"http:\/\/laolladechile.com\/farmacia\/wp-content\/uploads\/2024\/11\/DiaformRX.jpg\" \/>\n\t<meta property=\"og:image:width\" content=\"253\" \/>\n\t<meta property=\"og:image:height\" content=\"350\" \/>\n\t<meta property=\"og:image:type\" content=\"image\/jpeg\" \/>\n<meta name=\"twitter:card\" content=\"summary_large_image\" \/>\n<meta name=\"twitter:label1\" content=\"Tiempo de lectura\" \/>\n\t<meta name=\"twitter:data1\" content=\"6 minutos\" \/>\n<script type=\"application\/ld+json\" class=\"yoast-schema-graph\">{\"@context\":\"https:\/\/schema.org\",\"@graph\":[{\"@type\":\"WebPage\",\"@id\":\"http:\/\/laolladechile.com\/farmacia\/diaformrx\",\"url\":\"http:\/\/laolladechile.com\/farmacia\/diaformrx\",\"name\":\"DiaformRX comprar c\u00e1psulas para diabetes en La Olla de Chile\",\"isPartOf\":{\"@id\":\"https:\/\/laolladechile.com\/farmacia\/#website\"},\"primaryImageOfPage\":{\"@id\":\"http:\/\/laolladechile.com\/farmacia\/diaformrx#primaryimage\"},\"image\":{\"@id\":\"http:\/\/laolladechile.com\/farmacia\/diaformrx#primaryimage\"},\"thumbnailUrl\":\"https:\/\/laolladechile.com\/farmacia\/wp-content\/uploads\/2024\/11\/DiaformRX.jpg\",\"datePublished\":\"2024-11-13T11:17:59+00:00\",\"dateModified\":\"2024-11-13T11:17:59+00:00\",\"breadcrumb\":{\"@id\":\"http:\/\/laolladechile.com\/farmacia\/diaformrx#breadcrumb\"},\"inLanguage\":\"es\",\"potentialAction\":[{\"@type\":\"ReadAction\",\"target\":[\"http:\/\/laolladechile.com\/farmacia\/diaformrx\"]}]},{\"@type\":\"ImageObject\",\"inLanguage\":\"es\",\"@id\":\"http:\/\/laolladechile.com\/farmacia\/diaformrx#primaryimage\",\"url\":\"https:\/\/laolladechile.com\/farmacia\/wp-content\/uploads\/2024\/11\/DiaformRX.jpg\",\"contentUrl\":\"https:\/\/laolladechile.com\/farmacia\/wp-content\/uploads\/2024\/11\/DiaformRX.jpg\",\"width\":253,\"height\":350,\"caption\":\"DiaformRX\"},{\"@type\":\"BreadcrumbList\",\"@id\":\"http:\/\/laolladechile.com\/farmacia\/diaformrx#breadcrumb\",\"itemListElement\":[{\"@type\":\"ListItem\",\"position\":1,\"name\":\"Home\",\"item\":\"https:\/\/laolladechile.com\/farmacia\/\"},{\"@type\":\"ListItem\",\"position\":2,\"name\":\"DiaformRX\"}]},{\"@type\":\"WebSite\",\"@id\":\"https:\/\/laolladechile.com\/farmacia\/#website\",\"url\":\"https:\/\/laolladechile.com\/farmacia\/\",\"name\":\"La Olla de Chile Farmacia\",\"description\":\"\",\"publisher\":{\"@id\":\"https:\/\/laolladechile.com\/farmacia\/#organization\"},\"potentialAction\":[{\"@type\":\"SearchAction\",\"target\":{\"@type\":\"EntryPoint\",\"urlTemplate\":\"https:\/\/laolladechile.com\/farmacia\/?s={search_term_string}\"},\"query-input\":{\"@type\":\"PropertyValueSpecification\",\"valueRequired\":true,\"valueName\":\"search_term_string\"}}],\"inLanguage\":\"es\"},{\"@type\":\"Organization\",\"@id\":\"https:\/\/laolladechile.com\/farmacia\/#organization\",\"name\":\"La Olla de Chile Farmacia\",\"url\":\"https:\/\/laolladechile.com\/farmacia\/\",\"logo\":{\"@type\":\"ImageObject\",\"inLanguage\":\"es\",\"@id\":\"https:\/\/laolladechile.com\/farmacia\/#\/schema\/logo\/image\/\",\"url\":\"https:\/\/laolladechile.com\/farmacia\/wp-content\/uploads\/2024\/11\/logo-la-olla.jpg\",\"contentUrl\":\"https:\/\/laolladechile.com\/farmacia\/wp-content\/uploads\/2024\/11\/logo-la-olla.jpg\",\"width\":261,\"height\":62,\"caption\":\"La Olla de Chile Farmacia\"},\"image\":{\"@id\":\"https:\/\/laolladechile.com\/farmacia\/#\/schema\/logo\/image\/\"}}]}<\/script>\n<!-- \/ Yoast SEO plugin. -->","yoast_head_json":{"title":"DiaformRX comprar c\u00e1psulas para diabetes en La Olla de Chile","robots":{"index":"index","follow":"follow","max-snippet":"max-snippet:-1","max-image-preview":"max-image-preview:large","max-video-preview":"max-video-preview:-1"},"canonical":"http:\/\/laolladechile.com\/farmacia\/diaformrx","og_locale":"es_ES","og_type":"article","og_title":"DiaformRX comprar c\u00e1psulas para diabetes en La Olla de Chile","og_description":"DiaformRX es un producto innovador dise\u00f1ado para mejorar los procesos metab\u00f3licos y reducir los niveles de glucosa en sangre. Su uso regular ayuda a restaurar el flujo sangu\u00edneo, aliviando la hinchaz\u00f3n y disminuyendo el riesgo de complicaciones graves de la diabetes, como el pie diab\u00e9tico.","og_url":"http:\/\/laolladechile.com\/farmacia\/diaformrx","og_site_name":"La Olla de Chile Farmacia","og_image":[{"width":253,"height":350,"url":"http:\/\/laolladechile.com\/farmacia\/wp-content\/uploads\/2024\/11\/DiaformRX.jpg","type":"image\/jpeg"}],"twitter_card":"summary_large_image","twitter_misc":{"Tiempo de lectura":"6 minutos"},"schema":{"@context":"https:\/\/schema.org","@graph":[{"@type":"WebPage","@id":"http:\/\/laolladechile.com\/farmacia\/diaformrx","url":"http:\/\/laolladechile.com\/farmacia\/diaformrx","name":"DiaformRX comprar c\u00e1psulas para diabetes en La Olla de Chile","isPartOf":{"@id":"https:\/\/laolladechile.com\/farmacia\/#website"},"primaryImageOfPage":{"@id":"http:\/\/laolladechile.com\/farmacia\/diaformrx#primaryimage"},"image":{"@id":"http:\/\/laolladechile.com\/farmacia\/diaformrx#primaryimage"},"thumbnailUrl":"https:\/\/laolladechile.com\/farmacia\/wp-content\/uploads\/2024\/11\/DiaformRX.jpg","datePublished":"2024-11-13T11:17:59+00:00","dateModified":"2024-11-13T11:17:59+00:00","breadcrumb":{"@id":"http:\/\/laolladechile.com\/farmacia\/diaformrx#breadcrumb"},"inLanguage":"es","potentialAction":[{"@type":"ReadAction","target":["http:\/\/laolladechile.com\/farmacia\/diaformrx"]}]},{"@type":"ImageObject","inLanguage":"es","@id":"http:\/\/laolladechile.com\/farmacia\/diaformrx#primaryimage","url":"https:\/\/laolladechile.com\/farmacia\/wp-content\/uploads\/2024\/11\/DiaformRX.jpg","contentUrl":"https:\/\/laolladechile.com\/farmacia\/wp-content\/uploads\/2024\/11\/DiaformRX.jpg","width":253,"height":350,"caption":"DiaformRX"},{"@type":"BreadcrumbList","@id":"http:\/\/laolladechile.com\/farmacia\/diaformrx#breadcrumb","itemListElement":[{"@type":"ListItem","position":1,"name":"Home","item":"https:\/\/laolladechile.com\/farmacia\/"},{"@type":"ListItem","position":2,"name":"DiaformRX"}]},{"@type":"WebSite","@id":"https:\/\/laolladechile.com\/farmacia\/#website","url":"https:\/\/laolladechile.com\/farmacia\/","name":"La Olla de Chile Farmacia","description":"","publisher":{"@id":"https:\/\/laolladechile.com\/farmacia\/#organization"},"potentialAction":[{"@type":"SearchAction","target":{"@type":"EntryPoint","urlTemplate":"https:\/\/laolladechile.com\/farmacia\/?s={search_term_string}"},"query-input":{"@type":"PropertyValueSpecification","valueRequired":true,"valueName":"search_term_string"}}],"inLanguage":"es"},{"@type":"Organization","@id":"https:\/\/laolladechile.com\/farmacia\/#organization","name":"La Olla de Chile Farmacia","url":"https:\/\/laolladechile.com\/farmacia\/","logo":{"@type":"ImageObject","inLanguage":"es","@id":"https:\/\/laolladechile.com\/farmacia\/#\/schema\/logo\/image\/","url":"https:\/\/laolladechile.com\/farmacia\/wp-content\/uploads\/2024\/11\/logo-la-olla.jpg","contentUrl":"https:\/\/laolladechile.com\/farmacia\/wp-content\/uploads\/2024\/11\/logo-la-olla.jpg","width":261,"height":62,"caption":"La Olla de Chile Farmacia"},"image":{"@id":"https:\/\/laolladechile.com\/farmacia\/#\/schema\/logo\/image\/"}}]}},"_links":{"self":[{"href":"https:\/\/laolladechile.com\/farmacia\/index.php?rest_route=\/wp\/v2\/product\/51"}],"collection":[{"href":"https:\/\/laolladechile.com\/farmacia\/index.php?rest_route=\/wp\/v2\/product"}],"about":[{"href":"https:\/\/laolladechile.com\/farmacia\/index.php?rest_route=\/wp\/v2\/types\/product"}],"replies":[{"embeddable":true,"href":"https:\/\/laolladechile.com\/farmacia\/index.php?rest_route=%2Fwp%2Fv2%2Fcomments&post=51"}],"wp:featuredmedia":[{"embeddable":true,"href":"https:\/\/laolladechile.com\/farmacia\/index.php?rest_route=\/wp\/v2\/media\/52"}],"wp:attachment":[{"href":"https:\/\/laolladechile.com\/farmacia\/index.php?rest_route=%2Fwp%2Fv2%2Fmedia&parent=51"}],"wp:term":[{"taxonomy":"product_cat","embeddable":true,"href":"https:\/\/laolladechile.com\/farmacia\/index.php?rest_route=%2Fwp%2Fv2%2Fproduct_cat&post=51"},{"taxonomy":"product_tag","embeddable":true,"href":"https:\/\/laolladechile.com\/farmacia\/index.php?rest_route=%2Fwp%2Fv2%2Fproduct_tag&post=51"}],"curies":[{"name":"wp","href":"https:\/\/api.w.org\/{rel}","templated":true}]}}