{"id":57,"date":"2024-11-13T12:22:26","date_gmt":"2024-11-13T11:22:26","guid":{"rendered":"https:\/\/laolladechile.com\/farmacia\/?post_type=product&#038;p=57"},"modified":"2024-11-13T12:22:26","modified_gmt":"2024-11-13T11:22:26","slug":"new-skin-meridian","status":"publish","type":"product","link":"http:\/\/laolladechile.com\/farmacia\/new-skin-meridian","title":{"rendered":"New Skin Meridian"},"content":{"rendered":"<h2><b>\u00bfPara qu\u00e9 sirve la crema New Skin Meridian M\u00e9xico Guadalajara?<\/b><\/h2>\n<p><img loading=\"lazy\" decoding=\"async\" class=\"aligncenter size-full wp-image-63\" src=\"http:\/\/laolladechile.com\/farmacia\/wp-content\/uploads\/2024\/11\/New-Skin-Meridian-5.jpg\" alt=\"New Skin Meridian funciona\" width=\"500\" height=\"501\" srcset=\"https:\/\/laolladechile.com\/farmacia\/wp-content\/uploads\/2024\/11\/New-Skin-Meridian-5.jpg 500w, https:\/\/laolladechile.com\/farmacia\/wp-content\/uploads\/2024\/11\/New-Skin-Meridian-5-300x300.jpg 300w, https:\/\/laolladechile.com\/farmacia\/wp-content\/uploads\/2024\/11\/New-Skin-Meridian-5-150x150.jpg 150w, https:\/\/laolladechile.com\/farmacia\/wp-content\/uploads\/2024\/11\/New-Skin-Meridian-5-100x100.jpg 100w\" sizes=\"(max-width: 500px) 100vw, 500px\" \/><\/p>\n<p><span style=\"font-weight: 400;\">Debido a la aparici\u00f3n de arrugas en el rostro, la circulaci\u00f3n de la sangre y la linfa empeora, por lo que deja de fluir ox\u00edgeno a la piel y como consecuencia aparecen nuevas arrugas. Anteriormente, se deshicieron de ellos con la ayuda de inyecciones de Botox, exfoliaciones qu\u00edmicas y cirug\u00edas pl\u00e1sticas.<\/span><\/p>\n<p><span style=\"font-weight: 400;\">Todos estos m\u00e9todos son inseguros. La moderna crema antienvejecimiento \u00abNew Skin Meridian\u00bb M\u00e9xico es absolutamente segura y suaviza las arrugas profundas en dos semanas.<\/span><\/p>\n<p><span style=\"font-weight: 400;\">\u00abNew Skin Meridian\u00bb mx es una innovadora crema antienvejecimiento. Tiene efecto lifting y propiedades regeneradoras. Nutre la piel, suaviza su estrato c\u00f3rneo y reestructura las c\u00e9lulas de la piel.<\/span><\/p>\n<p><span style=\"font-weight: 400;\">La crema rellena las arrugas, crea un efecto tensor instant\u00e1neo, protege la epidermis de factores nocivos y rayos ultravioleta. No contiene hormonas. Una amplia gama de amino\u00e1cidos, vitaminas y oligoelementos incluidos en la composici\u00f3n ayudan a la producci\u00f3n de col\u00e1geno.<\/span><\/p>\n<p><span style=\"font-weight: 400;\">\u00abNew Skin Meridian\u00bb para que sirve es el \u00faltimo desarrollo de los cient\u00edficos en el campo de la cosmetolog\u00eda. A diferencia de miles de costosos productos anunciados, esta crema realmente funciona, detiene el proceso de envejecimiento y normaliza la funci\u00f3n celular.<\/span><\/p>\n<h2><b>Problema de envejecimiento de la piel<\/b><\/h2>\n<p><span style=\"font-weight: 400;\">Probablemente, cada uno de nosotros not\u00f3 que las personas envejecen de manera diferente. Hay cinco tipos principales de envejecimiento:<\/span><\/p>\n<ul>\n<li style=\"font-weight: 400;\" aria-level=\"1\"><span style=\"font-weight: 400;\">\u00abCara cansada\u00bb Se caracteriza por una disminuci\u00f3n de la elasticidad de la piel, la aparici\u00f3n de edema y la gravedad del surco nasolabial.<\/span><\/li>\n<li style=\"font-weight: 400;\" aria-level=\"1\"><span style=\"font-weight: 400;\">\u00abCara arrugada\u00bb. Por lo general, la formaci\u00f3n de muchas peque\u00f1as arrugas en el contexto de la sequedad severa de la piel.<\/span><\/li>\n<li style=\"font-weight: 400;\" aria-level=\"1\"><span style=\"font-weight: 400;\">\u00abMejillas ca\u00eddas\u00bb. Son caracter\u00edsticos un cambio en el \u00f3valo de la cara, la aparici\u00f3n de un segundo ment\u00f3n y la ca\u00edda de las comisuras de la boca.<\/span><\/li>\n<li style=\"font-weight: 400;\" aria-level=\"1\"><span style=\"font-weight: 400;\">Tipo combinado: la presencia de todas las caracter\u00edsticas enumeradas.<\/span><\/li>\n<li style=\"font-weight: 400;\" aria-level=\"1\"><span style=\"font-weight: 400;\">\u00abLa eterna juventud\u00bb. Con la edad, la cara se suaviza, luego aumenta la gravedad del pliegue nasolabial. Las \u00faltimas en aparecer son las arrugas alrededor de los ojos. Este tipo de envejecimiento es caracter\u00edstico de los mongoloides.<\/span><\/li>\n<\/ul>\n<p><span style=\"font-weight: 400;\">Los signos del envejecimiento a veces pueden aparecer prematuramente, en cuyo caso los cambios relacionados con la edad ya se notan a la edad de 25 a\u00f1os e incluso antes.<\/span><\/p>\n<h2><b>Beneficios de la crema antiarrugas New Skin Meridian<\/b><\/h2>\n<p><img loading=\"lazy\" decoding=\"async\" class=\"aligncenter size-full wp-image-62\" src=\"http:\/\/laolladechile.com\/farmacia\/wp-content\/uploads\/2024\/11\/New-Skin-Meridian-4.jpg\" alt=\"New Skin Meridian como se aplica\" width=\"394\" height=\"537\" srcset=\"https:\/\/laolladechile.com\/farmacia\/wp-content\/uploads\/2024\/11\/New-Skin-Meridian-4.jpg 394w, https:\/\/laolladechile.com\/farmacia\/wp-content\/uploads\/2024\/11\/New-Skin-Meridian-4-220x300.jpg 220w\" sizes=\"(max-width: 394px) 100vw, 394px\" \/><\/p>\n<p><span style=\"font-weight: 400;\">La crema antiarrugas \u00abNew Skin Meridian\u00bb resultados reales tiene las siguientes ventajas:<\/span><\/p>\n<ul>\n<li style=\"font-weight: 400;\" aria-level=\"1\"><span style=\"font-weight: 400;\">rejuvenece integralmente la piel;<\/span><\/li>\n<li style=\"font-weight: 400;\" aria-level=\"1\"><span style=\"font-weight: 400;\">suaviza las arrugas profundas;<\/span><\/li>\n<li style=\"font-weight: 400;\" aria-level=\"1\"><span style=\"font-weight: 400;\">iguala el tono de la piel;<\/span><\/li>\n<li style=\"font-weight: 400;\" aria-level=\"1\"><span style=\"font-weight: 400;\">da resultados sorprendentes en poco tiempo;<\/span><\/li>\n<li style=\"font-weight: 400;\" aria-level=\"1\"><span style=\"font-weight: 400;\">apto para cualquier tipo de piel;<\/span><\/li>\n<li style=\"font-weight: 400;\" aria-level=\"1\"><span style=\"font-weight: 400;\">absolutamente inofensivo, gracias a la composici\u00f3n natural.<\/span><\/li>\n<\/ul>\n<h2><b>Pros y contras de la crema antiarrugas New Skin Meridian es bueno o malo<\/b><\/h2>\n<p><span style=\"font-weight: 400;\">La crema \u00abNew Skin Meridian\u00bb como se usa el tiene muchas ventajas:<\/span><\/p>\n<ul>\n<li style=\"font-weight: 400;\" aria-level=\"1\"><span style=\"font-weight: 400;\">Proporciona un efecto r\u00e1pido y duradero.<\/span><\/li>\n<li style=\"font-weight: 400;\" aria-level=\"1\"><span style=\"font-weight: 400;\">Suaviza hasta las arrugas m\u00e1s profundas<\/span><\/li>\n<li style=\"font-weight: 400;\" aria-level=\"1\"><span style=\"font-weight: 400;\">Rejuvenece todas las capas de la piel.<\/span><\/li>\n<li style=\"font-weight: 400;\" aria-level=\"1\"><span style=\"font-weight: 400;\">Se puede utilizar a cualquier edad y para cualquier tipo de piel.<\/span><\/li>\n<li style=\"font-weight: 400;\" aria-level=\"1\"><span style=\"font-weight: 400;\">El resultado sin el llamado \u00abefecto m\u00e1scara\u00bb<\/span><\/li>\n<li style=\"font-weight: 400;\" aria-level=\"1\"><span style=\"font-weight: 400;\">Facilidad de uso<\/span><\/li>\n<li style=\"font-weight: 400;\" aria-level=\"1\"><span style=\"font-weight: 400;\">Precio pagable<\/span><\/li>\n<\/ul>\n<h2><b>C\u00f3mo funciona la crema antiarrugas New Skin Meridian como se aplica<\/b><\/h2>\n<p><img loading=\"lazy\" decoding=\"async\" class=\"aligncenter size-full wp-image-61\" src=\"http:\/\/laolladechile.com\/farmacia\/wp-content\/uploads\/2024\/11\/New-Skin-Meridian-3.jpg\" alt=\"New Skin Meridian como se usa el\" width=\"500\" height=\"403\" srcset=\"https:\/\/laolladechile.com\/farmacia\/wp-content\/uploads\/2024\/11\/New-Skin-Meridian-3.jpg 500w, https:\/\/laolladechile.com\/farmacia\/wp-content\/uploads\/2024\/11\/New-Skin-Meridian-3-300x242.jpg 300w\" sizes=\"(max-width: 500px) 100vw, 500px\" \/><\/p>\n<p><span style=\"font-weight: 400;\">Todas las mujeres sue\u00f1an con ser bellas y j\u00f3venes hasta una edad madura. Sin embargo, nuestra piel comienza a perder elasticidad, se forman arrugas, manchas de la edad y otros signos de vejez inminente.<\/span><\/p>\n<p><span style=\"font-weight: 400;\">Pero no debe darse por vencido: hoy en d\u00eda existen cosm\u00e9ticos que pueden hacer retroceder el tiempo, restaurar la salud y la juventud de la piel. Por ejemplo, la revolucionaria crema antiedad \u00abNew Skin Meridian\u00bb efectos secundarios.<\/span><\/p>\n<h2><b>C\u00f3mo aplicar la crema New Skin Meridian precio m\u00e9xico<\/b><\/h2>\n<p><span style=\"font-weight: 400;\">Usar la crema walmart New Skin Meridian precio farmacia similares es f\u00e1cil, solo necesitas:<\/span><\/p>\n<ul>\n<li style=\"font-weight: 400;\" aria-level=\"1\"><span style=\"font-weight: 400;\">L\u00e1vate bien la cara y desmaqu\u00edllate.<\/span><\/li>\n<li style=\"font-weight: 400;\" aria-level=\"1\"><span style=\"font-weight: 400;\">Aplicar el producto en el rostro.<\/span><\/li>\n<li style=\"font-weight: 400;\" aria-level=\"1\"><span style=\"font-weight: 400;\">Despu\u00e9s de cinco a diez minutos, la m\u00e1scara debe lavarse con agua fr\u00eda.<\/span><\/li>\n<li style=\"font-weight: 400;\" aria-level=\"1\"><span style=\"font-weight: 400;\">Usar dentro de los 14 d\u00edas.<\/span><\/li>\n<\/ul>\n<p><span style=\"font-weight: 400;\">\u00a1La crema New Skin Meridian precio farmacia del ahorro en solo dos semanas har\u00e1 que desaparezcan todas las arrugas, har\u00e1 que su piel sea suave y sorprendentemente joven!<\/span><\/p>\n<h2><b>Composici\u00f3n y componentes principales de la crema New Skin Meridian<\/b><\/h2>\n<p><img loading=\"lazy\" decoding=\"async\" class=\"aligncenter size-full wp-image-60\" src=\"http:\/\/laolladechile.com\/farmacia\/wp-content\/uploads\/2024\/11\/New-Skin-Meridian-2.jpg\" alt=\"New Skin Meridian es bueno o malo\" width=\"500\" height=\"362\" srcset=\"https:\/\/laolladechile.com\/farmacia\/wp-content\/uploads\/2024\/11\/New-Skin-Meridian-2.jpg 500w, https:\/\/laolladechile.com\/farmacia\/wp-content\/uploads\/2024\/11\/New-Skin-Meridian-2-300x217.jpg 300w\" sizes=\"(max-width: 500px) 100vw, 500px\" \/><\/p>\n<p><span style=\"font-weight: 400;\">El remedio New Skin Meridian funciona es adecuado para cualquier tipo de piel y contiene:<\/span><\/p>\n<ul>\n<li style=\"font-weight: 400;\" aria-level=\"1\"><b>El aceite de rosa de Palma<\/b><span style=\"font-weight: 400;\"> tiene propiedades antibacterianas.<\/span><\/li>\n<li style=\"font-weight: 400;\" aria-level=\"1\"><b>Aceites vegetales, beta\u00edna:<\/b><span style=\"font-weight: 400;\"> retienen agua en la piel, la nutren, alisan la superficie.<\/span><\/li>\n<li style=\"font-weight: 400;\" aria-level=\"1\"><b>Alginato de sodio:<\/b><span style=\"font-weight: 400;\"> extra\u00eddo de algas marinas, hidrata la piel y elimina sustancias nocivas.<\/span><\/li>\n<li style=\"font-weight: 400;\" aria-level=\"1\"><b>Esperma de ballena:<\/b><span style=\"font-weight: 400;\"> tonifica la piel, cierra los poros, limpia.<\/span><\/li>\n<li style=\"font-weight: 400;\" aria-level=\"1\"><b>Amino\u00e1cidos:<\/b><span style=\"font-weight: 400;\"> lucha contra el marchitamiento y el envejecimiento de la piel.<\/span><\/li>\n<li style=\"font-weight: 400;\" aria-level=\"1\"><b>Plasma Seminal de Ballena<\/b><span style=\"font-weight: 400;\"> &#8211; cuidado de la piel, retenci\u00f3n de l\u00edquidos, alisado de la piel.<\/span><\/li>\n<\/ul>\n<h2><b>Opiniones de los clientes de la crema New Skin Meridian &#8211; medicamento opiniones<\/b><\/h2>\n<p>&nbsp;<\/p>\n<blockquote><p><b>Opiniones por Mayumi<\/b><\/p>\n<p><span style=\"font-weight: 400;\">Me encantan las novedades en cosmetolog\u00eda, as\u00ed que cuando vi la crema \u201cNew Skin Meridian\u201d confiable decid\u00ed probarla, ya que los viejos remedios ya no sirven. Despu\u00e9s de 14 d\u00edas de usarlo, me ve\u00eda m\u00e1s joven durante varios a\u00f1os a la vez, la piel se volvi\u00f3 fresca y tonificada.<\/span><\/p><\/blockquote>\n<p>&nbsp;<\/p>\n<blockquote><p><b>Opiniones por Wendy<\/b><\/p>\n<p><span style=\"font-weight: 400;\">Todav\u00eda no tengo grandes arrugas, pero han comenzado a aparecer peque\u00f1as imitaciones. Esta crema los elimin\u00f3 por completo al segundo d\u00eda. Es f\u00e1cil de usar, no pegajoso, tiene una textura agradable y se absorbe bien.<\/span><\/p><\/blockquote>\n<p>&nbsp;<\/p>\n<blockquote><p><b>Opiniones por Elian<\/b><\/p>\n<p><span style=\"font-weight: 400;\">Cansado de las arrugas. Iba a ponerme inyecciones de Botox, pero mi amigo se me adelant\u00f3. Despu\u00e9s de estas inyecciones, su cara es como si se pusiera una m\u00e1scara. No necesito ese efecto, as\u00ed que decid\u00ed usar la crema innovadora \u00abNew Skin Meridian\u00bb farmacia del ahorro. Con su ayuda, hizo que su apariencia fuera mucho mejor. Realmente ya no necesito inyecciones.<\/span><\/p><\/blockquote>\n<p>&nbsp;<\/p>\n<blockquote><p><b>Opiniones por Julissa<\/b><\/p>\n<p><span style=\"font-weight: 400;\">Despu\u00e9s de untarme un frasco de crema \u00abNew Skin Meridian\u00bb farmacias, comenc\u00e9 a lucir mucho m\u00e1s joven. La piel se volvi\u00f3 densa, aterciopelada, las arrugas se alisaron. Ahora lo usar\u00e9 siempre. Ped\u00ed tres de ellos.<\/span><\/p><\/blockquote>\n<p>&nbsp;<\/p>\n<blockquote><p><b>Opiniones por Paulina<\/b><\/p>\n<p><span style=\"font-weight: 400;\">Siempre me he cuidado bien, pero la edad pasa factura. Aparecer hab\u00eda arrugas profundas que ninguna crema pod\u00eda tratar. Ya estaba pensando en ahorrar para las inyecciones de Botox, pero la esteticista me aconsej\u00f3 usar la crema \u201cNew Skin Meridian\u201d donde lo puedo conseguir. \u00a1El resultado es incre\u00edble! En 2 semanas, las arrugas se suavizaron notablemente, \u00a1me veo mucho m\u00e1s joven!<\/span><\/p><\/blockquote>\n<h2><b>\u00bfD\u00f3nde comprar crema New Skin Meridian donde lo venden?<\/b><\/h2>\n<p><img loading=\"lazy\" decoding=\"async\" class=\"aligncenter size-full wp-image-59\" src=\"http:\/\/laolladechile.com\/farmacia\/wp-content\/uploads\/2024\/11\/New-Skin-Meridian-1.jpg\" alt=\"New Skin Meridian resultados reales\" width=\"469\" height=\"535\" srcset=\"https:\/\/laolladechile.com\/farmacia\/wp-content\/uploads\/2024\/11\/New-Skin-Meridian-1.jpg 469w, https:\/\/laolladechile.com\/farmacia\/wp-content\/uploads\/2024\/11\/New-Skin-Meridian-1-263x300.jpg 263w\" sizes=\"(max-width: 469px) 100vw, 469px\" \/><\/p>\n<p><span style=\"font-weight: 400;\">No podr\u00e1 comprar una crema de marca New Skin Meridian donde lo venden para las arrugas en una farmacia. No est\u00e1 en venta masiva y en tiendas de cosm\u00e9ticos. La herramienta se solicita a trav\u00e9s de Internet seg\u00fan el esquema de venta directa del fabricante al usuario. Puedes comprar crema New Skin Meridian precio solo en el sitio web oficial. Ser\u00e1n cosm\u00e9ticos genuinos que tienen todas las propiedades declaradas por los desarrolladores.<\/span><\/p>\n<p><span style=\"font-weight: 400;\">Otras ventajas del acceso directo al portal son el precio favorable de la crema New Skin Meridian precio del fabricante, la ausencia de pago por adelantado, lo que significa el riesgo de perder su dinero.<\/span><\/p>\n<p><span style=\"font-weight: 400;\">Ordenar New Skin Meridian donde comprar para una cara es f\u00e1cil:<\/span><\/p>\n<ul>\n<li style=\"font-weight: 400;\" aria-level=\"1\"><span style=\"font-weight: 400;\">siga el enlace al sitio;<\/span><\/li>\n<li style=\"font-weight: 400;\" aria-level=\"1\"><span style=\"font-weight: 400;\">llenar una solicitud;<\/span><\/li>\n<li style=\"font-weight: 400;\" aria-level=\"1\"><span style=\"font-weight: 400;\">contestar la llamada del operador;<\/span><\/li>\n<li style=\"font-weight: 400;\" aria-level=\"1\"><span style=\"font-weight: 400;\">estar de acuerdo con los t\u00e9rminos de la compra.<\/span><\/li>\n<\/ul>\n","protected":false},"excerpt":{"rendered":"<p>La crema antienvejecimiento \u00abNew Skin Meridian\u00bb mx es una soluci\u00f3n innovadora que reduce las arrugas profundas en solo dos semanas. Su f\u00f3rmula segura y efectiva proporciona un efecto lifting, nutre la piel y protege contra los da\u00f1os externos y los rayos UV<\/p>\n","protected":false},"featured_media":58,"comment_status":"open","ping_status":"closed","template":"","meta":[],"product_cat":[15],"product_tag":[],"yoast_head":"<!-- This site is optimized with the Yoast SEO plugin v23.8 - https:\/\/yoast.com\/wordpress\/plugins\/seo\/ -->\n<title>New Skin Meridian comprar crema antiarrugas en La Olla de Chile<\/title>\n<meta name=\"robots\" content=\"index, follow, max-snippet:-1, max-image-preview:large, max-video-preview:-1\" \/>\n<link rel=\"canonical\" href=\"http:\/\/laolladechile.com\/farmacia\/new-skin-meridian\" \/>\n<meta property=\"og:locale\" content=\"es_ES\" \/>\n<meta property=\"og:type\" content=\"article\" \/>\n<meta property=\"og:title\" content=\"New Skin Meridian comprar crema antiarrugas en La Olla de Chile\" \/>\n<meta property=\"og:description\" content=\"La crema antienvejecimiento &quot;New Skin Meridian&quot; mx es una soluci\u00f3n innovadora que reduce las arrugas profundas en solo dos semanas. Su f\u00f3rmula segura y efectiva proporciona un efecto lifting, nutre la piel y protege contra los da\u00f1os externos y los rayos UV\" \/>\n<meta property=\"og:url\" content=\"http:\/\/laolladechile.com\/farmacia\/new-skin-meridian\" \/>\n<meta property=\"og:site_name\" content=\"La Olla de Chile Farmacia\" \/>\n<meta property=\"og:image\" content=\"http:\/\/laolladechile.com\/farmacia\/wp-content\/uploads\/2024\/11\/New-Skin-Meridian.jpg\" \/>\n\t<meta property=\"og:image:width\" content=\"225\" \/>\n\t<meta property=\"og:image:height\" content=\"449\" \/>\n\t<meta property=\"og:image:type\" content=\"image\/jpeg\" \/>\n<meta name=\"twitter:card\" content=\"summary_large_image\" \/>\n<meta name=\"twitter:label1\" content=\"Tiempo de lectura\" \/>\n\t<meta name=\"twitter:data1\" content=\"6 minutos\" \/>\n<script type=\"application\/ld+json\" class=\"yoast-schema-graph\">{\"@context\":\"https:\/\/schema.org\",\"@graph\":[{\"@type\":\"WebPage\",\"@id\":\"http:\/\/laolladechile.com\/farmacia\/new-skin-meridian\",\"url\":\"http:\/\/laolladechile.com\/farmacia\/new-skin-meridian\",\"name\":\"New Skin Meridian comprar crema antiarrugas en La Olla de Chile\",\"isPartOf\":{\"@id\":\"https:\/\/laolladechile.com\/farmacia\/#website\"},\"primaryImageOfPage\":{\"@id\":\"http:\/\/laolladechile.com\/farmacia\/new-skin-meridian#primaryimage\"},\"image\":{\"@id\":\"http:\/\/laolladechile.com\/farmacia\/new-skin-meridian#primaryimage\"},\"thumbnailUrl\":\"https:\/\/laolladechile.com\/farmacia\/wp-content\/uploads\/2024\/11\/New-Skin-Meridian.jpg\",\"datePublished\":\"2024-11-13T11:22:26+00:00\",\"dateModified\":\"2024-11-13T11:22:26+00:00\",\"breadcrumb\":{\"@id\":\"http:\/\/laolladechile.com\/farmacia\/new-skin-meridian#breadcrumb\"},\"inLanguage\":\"es\",\"potentialAction\":[{\"@type\":\"ReadAction\",\"target\":[\"http:\/\/laolladechile.com\/farmacia\/new-skin-meridian\"]}]},{\"@type\":\"ImageObject\",\"inLanguage\":\"es\",\"@id\":\"http:\/\/laolladechile.com\/farmacia\/new-skin-meridian#primaryimage\",\"url\":\"https:\/\/laolladechile.com\/farmacia\/wp-content\/uploads\/2024\/11\/New-Skin-Meridian.jpg\",\"contentUrl\":\"https:\/\/laolladechile.com\/farmacia\/wp-content\/uploads\/2024\/11\/New-Skin-Meridian.jpg\",\"width\":225,\"height\":449,\"caption\":\"New Skin Meridian\"},{\"@type\":\"BreadcrumbList\",\"@id\":\"http:\/\/laolladechile.com\/farmacia\/new-skin-meridian#breadcrumb\",\"itemListElement\":[{\"@type\":\"ListItem\",\"position\":1,\"name\":\"Home\",\"item\":\"https:\/\/laolladechile.com\/farmacia\/\"},{\"@type\":\"ListItem\",\"position\":2,\"name\":\"New Skin Meridian\"}]},{\"@type\":\"WebSite\",\"@id\":\"https:\/\/laolladechile.com\/farmacia\/#website\",\"url\":\"https:\/\/laolladechile.com\/farmacia\/\",\"name\":\"La Olla de Chile Farmacia\",\"description\":\"\",\"publisher\":{\"@id\":\"https:\/\/laolladechile.com\/farmacia\/#organization\"},\"potentialAction\":[{\"@type\":\"SearchAction\",\"target\":{\"@type\":\"EntryPoint\",\"urlTemplate\":\"https:\/\/laolladechile.com\/farmacia\/?s={search_term_string}\"},\"query-input\":{\"@type\":\"PropertyValueSpecification\",\"valueRequired\":true,\"valueName\":\"search_term_string\"}}],\"inLanguage\":\"es\"},{\"@type\":\"Organization\",\"@id\":\"https:\/\/laolladechile.com\/farmacia\/#organization\",\"name\":\"La Olla de Chile Farmacia\",\"url\":\"https:\/\/laolladechile.com\/farmacia\/\",\"logo\":{\"@type\":\"ImageObject\",\"inLanguage\":\"es\",\"@id\":\"https:\/\/laolladechile.com\/farmacia\/#\/schema\/logo\/image\/\",\"url\":\"https:\/\/laolladechile.com\/farmacia\/wp-content\/uploads\/2024\/11\/logo-la-olla.jpg\",\"contentUrl\":\"https:\/\/laolladechile.com\/farmacia\/wp-content\/uploads\/2024\/11\/logo-la-olla.jpg\",\"width\":261,\"height\":62,\"caption\":\"La Olla de Chile Farmacia\"},\"image\":{\"@id\":\"https:\/\/laolladechile.com\/farmacia\/#\/schema\/logo\/image\/\"}}]}<\/script>\n<!-- \/ Yoast SEO plugin. -->","yoast_head_json":{"title":"New Skin Meridian comprar crema antiarrugas en La Olla de Chile","robots":{"index":"index","follow":"follow","max-snippet":"max-snippet:-1","max-image-preview":"max-image-preview:large","max-video-preview":"max-video-preview:-1"},"canonical":"http:\/\/laolladechile.com\/farmacia\/new-skin-meridian","og_locale":"es_ES","og_type":"article","og_title":"New Skin Meridian comprar crema antiarrugas en La Olla de Chile","og_description":"La crema antienvejecimiento \"New Skin Meridian\" mx es una soluci\u00f3n innovadora que reduce las arrugas profundas en solo dos semanas. Su f\u00f3rmula segura y efectiva proporciona un efecto lifting, nutre la piel y protege contra los da\u00f1os externos y los rayos UV","og_url":"http:\/\/laolladechile.com\/farmacia\/new-skin-meridian","og_site_name":"La Olla de Chile Farmacia","og_image":[{"width":225,"height":449,"url":"http:\/\/laolladechile.com\/farmacia\/wp-content\/uploads\/2024\/11\/New-Skin-Meridian.jpg","type":"image\/jpeg"}],"twitter_card":"summary_large_image","twitter_misc":{"Tiempo de lectura":"6 minutos"},"schema":{"@context":"https:\/\/schema.org","@graph":[{"@type":"WebPage","@id":"http:\/\/laolladechile.com\/farmacia\/new-skin-meridian","url":"http:\/\/laolladechile.com\/farmacia\/new-skin-meridian","name":"New Skin Meridian comprar crema antiarrugas en La Olla de Chile","isPartOf":{"@id":"https:\/\/laolladechile.com\/farmacia\/#website"},"primaryImageOfPage":{"@id":"http:\/\/laolladechile.com\/farmacia\/new-skin-meridian#primaryimage"},"image":{"@id":"http:\/\/laolladechile.com\/farmacia\/new-skin-meridian#primaryimage"},"thumbnailUrl":"https:\/\/laolladechile.com\/farmacia\/wp-content\/uploads\/2024\/11\/New-Skin-Meridian.jpg","datePublished":"2024-11-13T11:22:26+00:00","dateModified":"2024-11-13T11:22:26+00:00","breadcrumb":{"@id":"http:\/\/laolladechile.com\/farmacia\/new-skin-meridian#breadcrumb"},"inLanguage":"es","potentialAction":[{"@type":"ReadAction","target":["http:\/\/laolladechile.com\/farmacia\/new-skin-meridian"]}]},{"@type":"ImageObject","inLanguage":"es","@id":"http:\/\/laolladechile.com\/farmacia\/new-skin-meridian#primaryimage","url":"https:\/\/laolladechile.com\/farmacia\/wp-content\/uploads\/2024\/11\/New-Skin-Meridian.jpg","contentUrl":"https:\/\/laolladechile.com\/farmacia\/wp-content\/uploads\/2024\/11\/New-Skin-Meridian.jpg","width":225,"height":449,"caption":"New Skin Meridian"},{"@type":"BreadcrumbList","@id":"http:\/\/laolladechile.com\/farmacia\/new-skin-meridian#breadcrumb","itemListElement":[{"@type":"ListItem","position":1,"name":"Home","item":"https:\/\/laolladechile.com\/farmacia\/"},{"@type":"ListItem","position":2,"name":"New Skin Meridian"}]},{"@type":"WebSite","@id":"https:\/\/laolladechile.com\/farmacia\/#website","url":"https:\/\/laolladechile.com\/farmacia\/","name":"La Olla de Chile Farmacia","description":"","publisher":{"@id":"https:\/\/laolladechile.com\/farmacia\/#organization"},"potentialAction":[{"@type":"SearchAction","target":{"@type":"EntryPoint","urlTemplate":"https:\/\/laolladechile.com\/farmacia\/?s={search_term_string}"},"query-input":{"@type":"PropertyValueSpecification","valueRequired":true,"valueName":"search_term_string"}}],"inLanguage":"es"},{"@type":"Organization","@id":"https:\/\/laolladechile.com\/farmacia\/#organization","name":"La Olla de Chile Farmacia","url":"https:\/\/laolladechile.com\/farmacia\/","logo":{"@type":"ImageObject","inLanguage":"es","@id":"https:\/\/laolladechile.com\/farmacia\/#\/schema\/logo\/image\/","url":"https:\/\/laolladechile.com\/farmacia\/wp-content\/uploads\/2024\/11\/logo-la-olla.jpg","contentUrl":"https:\/\/laolladechile.com\/farmacia\/wp-content\/uploads\/2024\/11\/logo-la-olla.jpg","width":261,"height":62,"caption":"La Olla de Chile Farmacia"},"image":{"@id":"https:\/\/laolladechile.com\/farmacia\/#\/schema\/logo\/image\/"}}]}},"_links":{"self":[{"href":"https:\/\/laolladechile.com\/farmacia\/index.php?rest_route=\/wp\/v2\/product\/57"}],"collection":[{"href":"https:\/\/laolladechile.com\/farmacia\/index.php?rest_route=\/wp\/v2\/product"}],"about":[{"href":"https:\/\/laolladechile.com\/farmacia\/index.php?rest_route=\/wp\/v2\/types\/product"}],"replies":[{"embeddable":true,"href":"https:\/\/laolladechile.com\/farmacia\/index.php?rest_route=%2Fwp%2Fv2%2Fcomments&post=57"}],"wp:featuredmedia":[{"embeddable":true,"href":"https:\/\/laolladechile.com\/farmacia\/index.php?rest_route=\/wp\/v2\/media\/58"}],"wp:attachment":[{"href":"https:\/\/laolladechile.com\/farmacia\/index.php?rest_route=%2Fwp%2Fv2%2Fmedia&parent=57"}],"wp:term":[{"taxonomy":"product_cat","embeddable":true,"href":"https:\/\/laolladechile.com\/farmacia\/index.php?rest_route=%2Fwp%2Fv2%2Fproduct_cat&post=57"},{"taxonomy":"product_tag","embeddable":true,"href":"https:\/\/laolladechile.com\/farmacia\/index.php?rest_route=%2Fwp%2Fv2%2Fproduct_tag&post=57"}],"curies":[{"name":"wp","href":"https:\/\/api.w.org\/{rel}","templated":true}]}}