{"id":64,"date":"2024-11-13T12:26:44","date_gmt":"2024-11-13T11:26:44","guid":{"rendered":"https:\/\/laolladechile.com\/farmacia\/?post_type=product&#038;p=64"},"modified":"2024-11-13T12:26:44","modified_gmt":"2024-11-13T11:26:44","slug":"slim-fit","status":"publish","type":"product","link":"http:\/\/laolladechile.com\/farmacia\/slim-fit","title":{"rendered":"Slim Fit"},"content":{"rendered":"<h2><b>\u00bfPara qu\u00e9 sirven las c\u00e1psulas Slim Fit M\u00e9xico Guadalajara?<\/b><\/h2>\n<p><img loading=\"lazy\" decoding=\"async\" class=\"aligncenter size-full wp-image-70\" src=\"http:\/\/laolladechile.com\/farmacia\/wp-content\/uploads\/2024\/11\/Slim-Fit-5.jpg\" alt=\"Slim Fit para que sirve\" width=\"500\" height=\"328\" srcset=\"https:\/\/laolladechile.com\/farmacia\/wp-content\/uploads\/2024\/11\/Slim-Fit-5.jpg 500w, https:\/\/laolladechile.com\/farmacia\/wp-content\/uploads\/2024\/11\/Slim-Fit-5-300x197.jpg 300w\" sizes=\"(max-width: 500px) 100vw, 500px\" \/><\/p>\n<p><span style=\"font-weight: 400;\">Slim Fit M\u00e9xico es un f\u00e1rmaco \u00fanico en todos los aspectos y se basa en un extracto de una planta conocida como Coleus forskohlii.<\/span><\/p>\n<p><span style=\"font-weight: 400;\">Su acci\u00f3n principal est\u00e1 dirigida a la r\u00e1pida reducci\u00f3n de las zonas con presencia de grasa. El medicamento permite deshacerse r\u00e1pida y completamente del exceso de peso.<\/span><\/p>\n<p><span style=\"font-weight: 400;\">Tomando el medicamento Slim Fit mx, no puede cargarse con dietas y actividades f\u00edsicas. Basta con comenzar a tomar el medicamento e inmediatamente comenzar\u00e1 a funcionar para quemar grasa, literalmente quem\u00e1ndola.<\/span><\/p>\n<p><span style=\"font-weight: 400;\">Vale la pena saber que cuanto mejor sea la forma de una persona, m\u00e1s notable ser\u00e1 el efecto general de perder peso. Como beneficio adicional, Slim Fit para que sirve puede proporcionar un atractivo aumento de la masa muscular.<\/span><\/p>\n<h2><b>Problema de sobrepeso<\/b><\/h2>\n<p><span style=\"font-weight: 400;\">La obesidad puede ocurrir a cualquier edad, incluso en ni\u00f1os peque\u00f1os.<\/span><\/p>\n<p><span style=\"font-weight: 400;\">Pero con la edad, debido a los cambios hormonales y un estilo de vida menos activo, el riesgo de obesidad aumenta, a medida que disminuye la cantidad de m\u00fasculo en el cuerpo, el metabolismo disminuye.<\/span><\/p>\n<p><span style=\"font-weight: 400;\">El proceso de dejar de fumar puede conducir al aumento de peso<\/span><\/p>\n<p><span style=\"font-weight: 400;\">Ocurre cuando las personas usan alimentos para hacer frente a la abstinencia de nicotina. Todo esto est\u00e1 regulado y, a largo plazo, dejar de fumar sin duda solo beneficia al organismo.<\/span><\/p>\n<p><span style=\"font-weight: 400;\">Dormir muy poco o demasiado puede causar cambios en la producci\u00f3n de hormonas que aumentan el apetito. Muchos factores externos que afectan el estado de \u00e1nimo y el bienestar pueden contribuir a la obesidad. Las personas a menudo buscan alimentos con m\u00e1s calor\u00edas en situaciones estresantes.<\/span><\/p>\n<p><span style=\"font-weight: 400;\">Incluso si tiene uno o m\u00e1s de estos factores de riesgo, no significa que se volver\u00e1 obeso. La mayor\u00eda de los factores de riesgo se pueden contrarrestar con dieta, actividad f\u00edsica y cambios de comportamiento.<\/span><\/p>\n<h2><b>Beneficios de las c\u00e1psulas adelgazantes Slim Fit<\/b><\/h2>\n<p><img loading=\"lazy\" decoding=\"async\" class=\"aligncenter size-full wp-image-69\" src=\"http:\/\/laolladechile.com\/farmacia\/wp-content\/uploads\/2024\/11\/Slim-Fit-4.jpg\" alt=\"Slim Fit donde lo venden\" width=\"500\" height=\"336\" srcset=\"https:\/\/laolladechile.com\/farmacia\/wp-content\/uploads\/2024\/11\/Slim-Fit-4.jpg 500w, https:\/\/laolladechile.com\/farmacia\/wp-content\/uploads\/2024\/11\/Slim-Fit-4-300x202.jpg 300w\" sizes=\"(max-width: 500px) 100vw, 500px\" \/><\/p>\n<p><span style=\"font-weight: 400;\">La principal ventaja de Slim Fit efectos secundarios es su base exclusivamente natural. Se basa en una sustancia biol\u00f3gicamente activa eficaz diterpene Slim Fit. Est\u00e1 presente en la ra\u00edz de la planta Coleus, que es originaria de la India.<\/span><\/p>\n<p><span style=\"font-weight: 400;\">A diferencia de otros productos similares dise\u00f1ados para perder peso, Slim Fit resultados reales puede tener un efecto positivo en todo el cuerpo como un todo y tambi\u00e9n puede usarse para resolver una gran cantidad de problemas.<\/span><\/p>\n<h2><b>Pros y contras de las c\u00e1psulas adelgazantes Slim Fit es bueno o malo<\/b><\/h2>\n<p><span style=\"font-weight: 400;\">Entre las principales ventajas de la preparaci\u00f3n Slim Fit, factores tan importantes como:<\/span><\/p>\n<ol>\n<li style=\"font-weight: 400;\" aria-level=\"1\"><span style=\"font-weight: 400;\">P\u00e9rdida de peso r\u00e1pida y de alta calidad garantizada.<\/span><\/li>\n<li style=\"font-weight: 400;\" aria-level=\"1\"><span style=\"font-weight: 400;\">El metabolismo se acelera.<\/span><\/li>\n<li style=\"font-weight: 400;\" aria-level=\"1\"><span style=\"font-weight: 400;\">El medicamento no solo proporciona el proceso de p\u00e9rdida de peso, sino que tambi\u00e9n previene la acumulaci\u00f3n de grasa en el cuerpo.<\/span><\/li>\n<li style=\"font-weight: 400;\" aria-level=\"1\"><span style=\"font-weight: 400;\">Tomar el medicamento permite mantener todos los m\u00fasculos en buena forma.<\/span><\/li>\n<li style=\"font-weight: 400;\" aria-level=\"1\"><span style=\"font-weight: 400;\">Tiene un ligero efecto vasoconstrictor.<\/span><\/li>\n<li style=\"font-weight: 400;\" aria-level=\"1\"><span style=\"font-weight: 400;\">Puede ayudar en la lucha contra los tumores.<\/span><\/li>\n<li style=\"font-weight: 400;\" aria-level=\"1\"><span style=\"font-weight: 400;\">La composici\u00f3n contiene vitaminas del grupo B.<\/span><\/li>\n<\/ol>\n<p><span style=\"font-weight: 400;\">Tomar Slim Fit precio farmacia del ahorro para bajar de peso ayuda a fortalecer el sistema inmunol\u00f3gico y tambi\u00e9n ralentiza el envejecimiento de manera efectiva. Cada uno de los factores ventajosos no son palabras vac\u00edas, los beneficios han sido probados por numerosos estudios y pruebas cl\u00ednicas.<\/span><\/p>\n<h2><b>C\u00f3mo funcionan las c\u00e1psulas adelgazantes Slim Fit precio en M\u00e9xico<\/b><\/h2>\n<p><img loading=\"lazy\" decoding=\"async\" class=\"aligncenter size-full wp-image-68\" src=\"http:\/\/laolladechile.com\/farmacia\/wp-content\/uploads\/2024\/11\/Slim-Fit-3.jpg\" alt=\"Slim Fit precio\" width=\"500\" height=\"508\" srcset=\"https:\/\/laolladechile.com\/farmacia\/wp-content\/uploads\/2024\/11\/Slim-Fit-3.jpg 500w, https:\/\/laolladechile.com\/farmacia\/wp-content\/uploads\/2024\/11\/Slim-Fit-3-295x300.jpg 295w\" sizes=\"(max-width: 500px) 100vw, 500px\" \/><\/p>\n<p><span style=\"font-weight: 400;\">Las propiedades \u00fanicas de walmart Slim Fit precio farmacia similares incluyen sus habilidades:<\/span><\/p>\n<ul>\n<li style=\"font-weight: 400;\" aria-level=\"1\"><span style=\"font-weight: 400;\">Iniciar los procesos de adelgazamiento activo y acelerar la lip\u00f3lisis;<\/span><\/li>\n<li style=\"font-weight: 400;\" aria-level=\"1\"><span style=\"font-weight: 400;\">Acelerar el metabolismo;<\/span><\/li>\n<li style=\"font-weight: 400;\" aria-level=\"1\"><span style=\"font-weight: 400;\">Prevenir la acumulaci\u00f3n de grasa corporal;<\/span><\/li>\n<li style=\"font-weight: 400;\" aria-level=\"1\"><span style=\"font-weight: 400;\">Mantener el tono muscular;<\/span><\/li>\n<li style=\"font-weight: 400;\" aria-level=\"1\"><span style=\"font-weight: 400;\">Aumentar la secreci\u00f3n de insulina;<\/span><\/li>\n<li style=\"font-weight: 400;\" aria-level=\"1\"><span style=\"font-weight: 400;\">Estimular la s\u00edntesis de prote\u00ednas;<\/span><\/li>\n<li style=\"font-weight: 400;\" aria-level=\"1\"><span style=\"font-weight: 400;\">Contribuir a la cura de enfermedades cardiovasculares, asma y glaucoma;<\/span><\/li>\n<li style=\"font-weight: 400;\" aria-level=\"1\"><span style=\"font-weight: 400;\">Retrasar el envejecimiento general del cuerpo.<\/span><\/li>\n<\/ul>\n<p><span style=\"font-weight: 400;\">\u00a1Empieza a modelar tu propio cuerpo con el innovador f\u00e1rmaco biol\u00f3gicamente activo Slim Fit como se usa el!<\/span><\/p>\n<h2><b>C\u00f3mo usar las c\u00e1psulas Slim Fit como se aplica<\/b><\/h2>\n<p><span style=\"font-weight: 400;\">Slim Fit funciona debe tomarse tres veces al d\u00eda, ma\u00f1ana, tarde y noche, inmediatamente despu\u00e9s de cada comida. Una c\u00e1psula debe tomarse con agua tibia o jugo.<\/span><\/p>\n<h2><b>Opiniones de clientes de c\u00e1psulas Slim Fit &#8211; medicamento opiniones<\/b><\/h2>\n<p><img loading=\"lazy\" decoding=\"async\" class=\"aligncenter size-full wp-image-67\" src=\"http:\/\/laolladechile.com\/farmacia\/wp-content\/uploads\/2024\/11\/Slim-Fit-2.jpg\" alt=\"Slim Fit precio farmacia similares\" width=\"347\" height=\"518\" srcset=\"https:\/\/laolladechile.com\/farmacia\/wp-content\/uploads\/2024\/11\/Slim-Fit-2.jpg 347w, https:\/\/laolladechile.com\/farmacia\/wp-content\/uploads\/2024\/11\/Slim-Fit-2-201x300.jpg 201w\" sizes=\"(max-width: 347px) 100vw, 347px\" \/><\/p>\n<blockquote><p><b>Opiniones por Yuridia<\/b><\/p>\n<p><span style=\"font-weight: 400;\">Personalmente, el medicamento Slim Fit confiable me ayud\u00f3 a perder 12 kg en un mes y medio. Al mismo tiempo, no tuve que seguir una dieta, solo limit\u00e9 un poco el az\u00facar y la harina. Sin dolor, todo es f\u00e1cil y sencillo. Record\u00e9 lo hermosa que era antes de dar a luz.<\/span><\/p><\/blockquote>\n<p>&nbsp;<\/p>\n<blockquote><p><b>Opiniones por Ilse<\/b><\/p>\n<p><span style=\"font-weight: 400;\">Ped\u00ed Slim Fit en el sitio y, literalmente, en poco tiempo sent\u00ed los beneficios que trae, lo hermosa que me estoy volviendo. Aconsejo a todos, no se demoren, \u00a1el cuerpo obtendr\u00e1 r\u00e1pidamente una nueva forma ideal!<\/span><\/p><\/blockquote>\n<p>&nbsp;<\/p>\n<blockquote><p><b>Opiniones por Arlet<\/b><\/p>\n<p><span style=\"font-weight: 400;\">Empec\u00e9 a usar Slim Fit, combin\u00e1ndolo con un entrenamiento intensivo. La energ\u00eda aument\u00f3 y el peso comenz\u00f3 a desaparecer. me gusta el resultado La salud general del cuerpo tambi\u00e9n ha mejorado. No not\u00e9 ning\u00fan efecto secundario. Al nutricionista tampoco le importa. Me gusta.<\/span><\/p><\/blockquote>\n<p>&nbsp;<\/p>\n<blockquote><p><b>Opiniones por Yuriko<\/b><\/p>\n<p><span style=\"font-weight: 400;\">Un amigo me habl\u00f3 de Slim Fit farmacia del ahorro. Decid\u00ed probarlo tambi\u00e9n. El curso comenz\u00f3 a beber en el invierno. Adem\u00e1s de la p\u00e9rdida de peso, tambi\u00e9n quiero notar un aumento en el tono general del cuerpo. En invierno, con falta de vitaminas, esto es muy importante. Probado durante 2 semanas arroj\u00f3 alrededor de 6 kg. Estoy feliz.<\/span><\/p><\/blockquote>\n<p>&nbsp;<\/p>\n<blockquote><p><b>Opiniones por Arianna<\/b><\/p>\n<p><span style=\"font-weight: 400;\">Al tomar Slim Fit donde lo puedo conseguir, el peso comienza a desaparecer de inmediato. Incre\u00edble sensaci\u00f3n de ligereza y alegr\u00eda por la ma\u00f1ana. Mi joven tambi\u00e9n orden\u00f3 un curso mensual, Le\u00ed que la grasa corporal al tomar Slim Fit farmacias y el entrenamiento regular se transforma en masa muscular. Firm\u00f3 con \u00e9l para la aptitud. Modelamos cuerpos ideales juntos.<\/span><\/p><\/blockquote>\n<h2><b>\u00bfD\u00f3nde comprar c\u00e1psulas Slim Fit donde lo venden?<\/b><\/h2>\n<p><img loading=\"lazy\" decoding=\"async\" class=\"aligncenter size-full wp-image-66\" src=\"http:\/\/laolladechile.com\/farmacia\/wp-content\/uploads\/2024\/11\/Slim-Fit-1.jpg\" alt=\"Slim Fit precio farmacia del ahorro\" width=\"500\" height=\"285\" srcset=\"https:\/\/laolladechile.com\/farmacia\/wp-content\/uploads\/2024\/11\/Slim-Fit-1.jpg 500w, https:\/\/laolladechile.com\/farmacia\/wp-content\/uploads\/2024\/11\/Slim-Fit-1-300x171.jpg 300w\" sizes=\"(max-width: 500px) 100vw, 500px\" \/><\/p>\n<p><span style=\"font-weight: 400;\">Un medicamento certificado Slim Fit donde lo venden para bajar de peso no se vende en una farmacia. Esta herramienta se implementa a trav\u00e9s de pedidos en l\u00ednea a trav\u00e9s del sistema de venta directa. El comprador lo recibe del fabricante directamente sin intermediarios. Este m\u00e9todo reduce el riesgo de adquirir falsificaciones. Comprar Slim Fit precio en el sitio web oficial significa no convertirse en v\u00edctimas de estafadores, no divorciarse, sino ser propietario de un producto para adelgazar que realmente ayuda a perder peso.<\/span><\/p>\n<p><span style=\"font-weight: 400;\">Para ordenar Slim Fit precio para bajar de peso en l\u00ednea, haga lo siguiente:<\/span><\/p>\n<ul>\n<li style=\"font-weight: 400;\" aria-level=\"1\"><span style=\"font-weight: 400;\">vaya al portal del fabricante usando el enlace;<\/span><\/li>\n<li style=\"font-weight: 400;\" aria-level=\"1\"><span style=\"font-weight: 400;\">realizar un pedido rellenando los campos de la solicitud;<\/span><\/li>\n<li style=\"font-weight: 400;\" aria-level=\"1\"><span style=\"font-weight: 400;\">esperar la llamada del operador;<\/span><\/li>\n<li style=\"font-weight: 400;\" aria-level=\"1\"><span style=\"font-weight: 400;\">acordar las condiciones de entrega.<\/span><\/li>\n<\/ul>\n<p><span style=\"font-weight: 400;\">Es beneficioso para los compradores ponerse en contacto directamente con el sitio web del fabricante. Esto le permite comprar Slim Fit donde comprar a un precio con descuento, que se establece dentro del 50% del valor nominal.<\/span><\/p>\n","protected":false},"excerpt":{"rendered":"<p>Slim Fit es un producto innovador que ayuda a reducir r\u00e1pidamente las \u00e1reas de grasa en el cuerpo. Con su f\u00f3rmula a base de extracto de Coleus forskohlii, permite perder peso sin necesidad de dietas estrictas ni ejercicios intensos.<\/p>\n","protected":false},"featured_media":65,"comment_status":"open","ping_status":"closed","template":"","meta":[],"product_cat":[15],"product_tag":[],"yoast_head":"<!-- This site is optimized with the Yoast SEO plugin v23.8 - https:\/\/yoast.com\/wordpress\/plugins\/seo\/ -->\n<title>Slim Fit comprar c\u00e1psulas adelgazantes en La Olla de Chile<\/title>\n<meta name=\"robots\" content=\"index, follow, max-snippet:-1, max-image-preview:large, max-video-preview:-1\" \/>\n<link rel=\"canonical\" href=\"http:\/\/laolladechile.com\/farmacia\/slim-fit\" \/>\n<meta property=\"og:locale\" content=\"es_ES\" \/>\n<meta property=\"og:type\" content=\"article\" \/>\n<meta property=\"og:title\" content=\"Slim Fit comprar c\u00e1psulas adelgazantes en La Olla de Chile\" \/>\n<meta property=\"og:description\" content=\"Slim Fit es un producto innovador que ayuda a reducir r\u00e1pidamente las \u00e1reas de grasa en el cuerpo. Con su f\u00f3rmula a base de extracto de Coleus forskohlii, permite perder peso sin necesidad de dietas estrictas ni ejercicios intensos.\" \/>\n<meta property=\"og:url\" content=\"http:\/\/laolladechile.com\/farmacia\/slim-fit\" \/>\n<meta property=\"og:site_name\" content=\"La Olla de Chile Farmacia\" \/>\n<meta property=\"og:image\" content=\"http:\/\/laolladechile.com\/farmacia\/wp-content\/uploads\/2024\/11\/Slim-Fit.jpg\" \/>\n\t<meta property=\"og:image:width\" content=\"233\" \/>\n\t<meta property=\"og:image:height\" content=\"350\" \/>\n\t<meta property=\"og:image:type\" content=\"image\/jpeg\" \/>\n<meta name=\"twitter:card\" content=\"summary_large_image\" \/>\n<meta name=\"twitter:label1\" content=\"Tiempo de lectura\" \/>\n\t<meta name=\"twitter:data1\" content=\"5 minutos\" \/>\n<script type=\"application\/ld+json\" class=\"yoast-schema-graph\">{\"@context\":\"https:\/\/schema.org\",\"@graph\":[{\"@type\":\"WebPage\",\"@id\":\"http:\/\/laolladechile.com\/farmacia\/slim-fit\",\"url\":\"http:\/\/laolladechile.com\/farmacia\/slim-fit\",\"name\":\"Slim Fit comprar c\u00e1psulas adelgazantes en La Olla de Chile\",\"isPartOf\":{\"@id\":\"https:\/\/laolladechile.com\/farmacia\/#website\"},\"primaryImageOfPage\":{\"@id\":\"http:\/\/laolladechile.com\/farmacia\/slim-fit#primaryimage\"},\"image\":{\"@id\":\"http:\/\/laolladechile.com\/farmacia\/slim-fit#primaryimage\"},\"thumbnailUrl\":\"https:\/\/laolladechile.com\/farmacia\/wp-content\/uploads\/2024\/11\/Slim-Fit.jpg\",\"datePublished\":\"2024-11-13T11:26:44+00:00\",\"dateModified\":\"2024-11-13T11:26:44+00:00\",\"breadcrumb\":{\"@id\":\"http:\/\/laolladechile.com\/farmacia\/slim-fit#breadcrumb\"},\"inLanguage\":\"es\",\"potentialAction\":[{\"@type\":\"ReadAction\",\"target\":[\"http:\/\/laolladechile.com\/farmacia\/slim-fit\"]}]},{\"@type\":\"ImageObject\",\"inLanguage\":\"es\",\"@id\":\"http:\/\/laolladechile.com\/farmacia\/slim-fit#primaryimage\",\"url\":\"https:\/\/laolladechile.com\/farmacia\/wp-content\/uploads\/2024\/11\/Slim-Fit.jpg\",\"contentUrl\":\"https:\/\/laolladechile.com\/farmacia\/wp-content\/uploads\/2024\/11\/Slim-Fit.jpg\",\"width\":233,\"height\":350,\"caption\":\"Slim Fit\"},{\"@type\":\"BreadcrumbList\",\"@id\":\"http:\/\/laolladechile.com\/farmacia\/slim-fit#breadcrumb\",\"itemListElement\":[{\"@type\":\"ListItem\",\"position\":1,\"name\":\"Home\",\"item\":\"https:\/\/laolladechile.com\/farmacia\/\"},{\"@type\":\"ListItem\",\"position\":2,\"name\":\"Slim Fit\"}]},{\"@type\":\"WebSite\",\"@id\":\"https:\/\/laolladechile.com\/farmacia\/#website\",\"url\":\"https:\/\/laolladechile.com\/farmacia\/\",\"name\":\"La Olla de Chile Farmacia\",\"description\":\"\",\"publisher\":{\"@id\":\"https:\/\/laolladechile.com\/farmacia\/#organization\"},\"potentialAction\":[{\"@type\":\"SearchAction\",\"target\":{\"@type\":\"EntryPoint\",\"urlTemplate\":\"https:\/\/laolladechile.com\/farmacia\/?s={search_term_string}\"},\"query-input\":{\"@type\":\"PropertyValueSpecification\",\"valueRequired\":true,\"valueName\":\"search_term_string\"}}],\"inLanguage\":\"es\"},{\"@type\":\"Organization\",\"@id\":\"https:\/\/laolladechile.com\/farmacia\/#organization\",\"name\":\"La Olla de Chile Farmacia\",\"url\":\"https:\/\/laolladechile.com\/farmacia\/\",\"logo\":{\"@type\":\"ImageObject\",\"inLanguage\":\"es\",\"@id\":\"https:\/\/laolladechile.com\/farmacia\/#\/schema\/logo\/image\/\",\"url\":\"https:\/\/laolladechile.com\/farmacia\/wp-content\/uploads\/2024\/11\/logo-la-olla.jpg\",\"contentUrl\":\"https:\/\/laolladechile.com\/farmacia\/wp-content\/uploads\/2024\/11\/logo-la-olla.jpg\",\"width\":261,\"height\":62,\"caption\":\"La Olla de Chile Farmacia\"},\"image\":{\"@id\":\"https:\/\/laolladechile.com\/farmacia\/#\/schema\/logo\/image\/\"}}]}<\/script>\n<!-- \/ Yoast SEO plugin. -->","yoast_head_json":{"title":"Slim Fit comprar c\u00e1psulas adelgazantes en La Olla de Chile","robots":{"index":"index","follow":"follow","max-snippet":"max-snippet:-1","max-image-preview":"max-image-preview:large","max-video-preview":"max-video-preview:-1"},"canonical":"http:\/\/laolladechile.com\/farmacia\/slim-fit","og_locale":"es_ES","og_type":"article","og_title":"Slim Fit comprar c\u00e1psulas adelgazantes en La Olla de Chile","og_description":"Slim Fit es un producto innovador que ayuda a reducir r\u00e1pidamente las \u00e1reas de grasa en el cuerpo. Con su f\u00f3rmula a base de extracto de Coleus forskohlii, permite perder peso sin necesidad de dietas estrictas ni ejercicios intensos.","og_url":"http:\/\/laolladechile.com\/farmacia\/slim-fit","og_site_name":"La Olla de Chile Farmacia","og_image":[{"width":233,"height":350,"url":"http:\/\/laolladechile.com\/farmacia\/wp-content\/uploads\/2024\/11\/Slim-Fit.jpg","type":"image\/jpeg"}],"twitter_card":"summary_large_image","twitter_misc":{"Tiempo de lectura":"5 minutos"},"schema":{"@context":"https:\/\/schema.org","@graph":[{"@type":"WebPage","@id":"http:\/\/laolladechile.com\/farmacia\/slim-fit","url":"http:\/\/laolladechile.com\/farmacia\/slim-fit","name":"Slim Fit comprar c\u00e1psulas adelgazantes en La Olla de Chile","isPartOf":{"@id":"https:\/\/laolladechile.com\/farmacia\/#website"},"primaryImageOfPage":{"@id":"http:\/\/laolladechile.com\/farmacia\/slim-fit#primaryimage"},"image":{"@id":"http:\/\/laolladechile.com\/farmacia\/slim-fit#primaryimage"},"thumbnailUrl":"https:\/\/laolladechile.com\/farmacia\/wp-content\/uploads\/2024\/11\/Slim-Fit.jpg","datePublished":"2024-11-13T11:26:44+00:00","dateModified":"2024-11-13T11:26:44+00:00","breadcrumb":{"@id":"http:\/\/laolladechile.com\/farmacia\/slim-fit#breadcrumb"},"inLanguage":"es","potentialAction":[{"@type":"ReadAction","target":["http:\/\/laolladechile.com\/farmacia\/slim-fit"]}]},{"@type":"ImageObject","inLanguage":"es","@id":"http:\/\/laolladechile.com\/farmacia\/slim-fit#primaryimage","url":"https:\/\/laolladechile.com\/farmacia\/wp-content\/uploads\/2024\/11\/Slim-Fit.jpg","contentUrl":"https:\/\/laolladechile.com\/farmacia\/wp-content\/uploads\/2024\/11\/Slim-Fit.jpg","width":233,"height":350,"caption":"Slim Fit"},{"@type":"BreadcrumbList","@id":"http:\/\/laolladechile.com\/farmacia\/slim-fit#breadcrumb","itemListElement":[{"@type":"ListItem","position":1,"name":"Home","item":"https:\/\/laolladechile.com\/farmacia\/"},{"@type":"ListItem","position":2,"name":"Slim Fit"}]},{"@type":"WebSite","@id":"https:\/\/laolladechile.com\/farmacia\/#website","url":"https:\/\/laolladechile.com\/farmacia\/","name":"La Olla de Chile Farmacia","description":"","publisher":{"@id":"https:\/\/laolladechile.com\/farmacia\/#organization"},"potentialAction":[{"@type":"SearchAction","target":{"@type":"EntryPoint","urlTemplate":"https:\/\/laolladechile.com\/farmacia\/?s={search_term_string}"},"query-input":{"@type":"PropertyValueSpecification","valueRequired":true,"valueName":"search_term_string"}}],"inLanguage":"es"},{"@type":"Organization","@id":"https:\/\/laolladechile.com\/farmacia\/#organization","name":"La Olla de Chile Farmacia","url":"https:\/\/laolladechile.com\/farmacia\/","logo":{"@type":"ImageObject","inLanguage":"es","@id":"https:\/\/laolladechile.com\/farmacia\/#\/schema\/logo\/image\/","url":"https:\/\/laolladechile.com\/farmacia\/wp-content\/uploads\/2024\/11\/logo-la-olla.jpg","contentUrl":"https:\/\/laolladechile.com\/farmacia\/wp-content\/uploads\/2024\/11\/logo-la-olla.jpg","width":261,"height":62,"caption":"La Olla de Chile Farmacia"},"image":{"@id":"https:\/\/laolladechile.com\/farmacia\/#\/schema\/logo\/image\/"}}]}},"_links":{"self":[{"href":"https:\/\/laolladechile.com\/farmacia\/index.php?rest_route=\/wp\/v2\/product\/64"}],"collection":[{"href":"https:\/\/laolladechile.com\/farmacia\/index.php?rest_route=\/wp\/v2\/product"}],"about":[{"href":"https:\/\/laolladechile.com\/farmacia\/index.php?rest_route=\/wp\/v2\/types\/product"}],"replies":[{"embeddable":true,"href":"https:\/\/laolladechile.com\/farmacia\/index.php?rest_route=%2Fwp%2Fv2%2Fcomments&post=64"}],"wp:featuredmedia":[{"embeddable":true,"href":"https:\/\/laolladechile.com\/farmacia\/index.php?rest_route=\/wp\/v2\/media\/65"}],"wp:attachment":[{"href":"https:\/\/laolladechile.com\/farmacia\/index.php?rest_route=%2Fwp%2Fv2%2Fmedia&parent=64"}],"wp:term":[{"taxonomy":"product_cat","embeddable":true,"href":"https:\/\/laolladechile.com\/farmacia\/index.php?rest_route=%2Fwp%2Fv2%2Fproduct_cat&post=64"},{"taxonomy":"product_tag","embeddable":true,"href":"https:\/\/laolladechile.com\/farmacia\/index.php?rest_route=%2Fwp%2Fv2%2Fproduct_tag&post=64"}],"curies":[{"name":"wp","href":"https:\/\/api.w.org\/{rel}","templated":true}]}}