{"id":71,"date":"2024-11-13T12:32:28","date_gmt":"2024-11-13T11:32:28","guid":{"rendered":"https:\/\/laolladechile.com\/farmacia\/?post_type=product&#038;p=71"},"modified":"2024-11-13T12:32:28","modified_gmt":"2024-11-13T11:32:28","slug":"d-norm","status":"publish","type":"product","link":"http:\/\/laolladechile.com\/farmacia\/d-norm","title":{"rendered":"D-Norm"},"content":{"rendered":"<h2><b>\u00bfPara qu\u00e9 sirven las c\u00e1psulas D-Norm Peru?<\/b><\/h2>\n<p><img loading=\"lazy\" decoding=\"async\" class=\"aligncenter size-full wp-image-77\" src=\"http:\/\/laolladechile.com\/farmacia\/wp-content\/uploads\/2024\/11\/D-Norm-5.jpg\" alt=\"D-Norm donde comprar\" width=\"500\" height=\"340\" srcset=\"https:\/\/laolladechile.com\/farmacia\/wp-content\/uploads\/2024\/11\/D-Norm-5.jpg 500w, https:\/\/laolladechile.com\/farmacia\/wp-content\/uploads\/2024\/11\/D-Norm-5-300x204.jpg 300w\" sizes=\"(max-width: 500px) 100vw, 500px\" \/><\/p>\n<p><span style=\"font-weight: 400;\">Hoy en d\u00eda, el diagn\u00f3stico de \u00abdiabetes mellitus\u00bb se realiza no solo para los ancianos, sino tambi\u00e9n para los j\u00f3venes. Hay muchas razones para el desarrollo de esta grave enfermedad: estr\u00e9s, trastornos metab\u00f3licos, sobrepeso, herencia, disminuci\u00f3n de la inmunidad, desnutrici\u00f3n, etc. Para normalizar el p\u00e1ncreas y prevenir la aparici\u00f3n de diabetes hoy, el medicamento D-Norm Peru puede hacerlo.<\/span><\/p>\n<p><span style=\"font-weight: 400;\">La herramienta es un complejo natural, producido en forma de c\u00e1psulas, que comienzan a funcionar desde el primer d\u00eda de uso. La droga es completamente natural. No tiene an\u00e1logos.<\/span><\/p>\n<p><span style=\"font-weight: 400;\">D-Norm Peru est\u00e1 indicado para su uso:<\/span><\/p>\n<ul>\n<li style=\"font-weight: 400;\" aria-level=\"1\"><span style=\"font-weight: 400;\">Con diabetes gestacional y predisposici\u00f3n al desarrollo de la enfermedad. El curso de uso profil\u00e1ctico resultados reales aumenta la susceptibilidad de los tejidos a la insulina, lo que interrumpe el mecanismo para el desarrollo de la diabetes;<\/span><\/li>\n<li style=\"font-weight: 400;\" aria-level=\"1\"><span style=\"font-weight: 400;\">Pacientes con diabetes mellitus ya confirmada, incluidos casos avanzados. Bajo la influencia de D-Norm para que sirve, la producci\u00f3n de enzimas y hormonas mejora y facilita la absorci\u00f3n de los alimentos.<\/span><\/li>\n<\/ul>\n<h2><b>El problema de la diabetes<\/b><\/h2>\n<p><b>El mecanismo de desarrollo de la diabetes mellitus tipo 1.<\/b><\/p>\n<p><span style=\"font-weight: 400;\">Se caracteriza por una deficiencia absoluta de insulina, es decir, no es suficiente para realizar su funci\u00f3n. Esta enfermedad se diagnostica en ni\u00f1os y adolescentes, pero no necesariamente desde el nacimiento. Las principales causas de dicha disfunci\u00f3n pancre\u00e1tica son la destrucci\u00f3n de las c\u00e9lulas beta por parte del sistema inmunitario. Ocurre gradualmente: antes de que aparezcan los primeros signos de la enfermedad, pueden pasar de varios meses a varios a\u00f1os. En casos raros, la diabetes tipo 1 se desarrolla a la edad de 30 a\u00f1os. Debido a esto, se puede confundir con el segundo tipo.<\/span><\/p>\n<p><span style=\"font-weight: 400;\">El motivo de la destrucci\u00f3n de las c\u00e9lulas beta radica en la predisposici\u00f3n gen\u00e9tica y la presencia de autoant\u00edgenos en el organismo. En casos raros, el proceso de destrucci\u00f3n es provocado por virus.<\/span><\/p>\n<p><b>Causas de la diabetes tipo 2<\/b><\/p>\n<p><span style=\"font-weight: 400;\">Este tipo de enfermedad es causada por la resistencia a la insulina que se presenta en la edad adulta. El p\u00e1ncreas sigue produciendo la hormona necesaria, pero no funciona. En este caso, se habla de su d\u00e9ficit relativo.<\/span><\/p>\n<p><span style=\"font-weight: 400;\">El cuerpo puede percibir esto como una falta de insulina (aunque en realidad no lo es) y producirla por encima de lo normal. Luego est\u00e1 la hiperinsulinemia y el s\u00edndrome metab\u00f3lico. Las causas de la resistencia a la insulina pueden ser:<\/span><\/p>\n<ul>\n<li style=\"font-weight: 400;\" aria-level=\"1\"><span style=\"font-weight: 400;\">exceso de c\u00e9lulas grasas en la cavidad abdominal;<\/span><\/li>\n<li style=\"font-weight: 400;\" aria-level=\"1\"><span style=\"font-weight: 400;\">enfermedad hipert\u00f3nica;<\/span><\/li>\n<li style=\"font-weight: 400;\" aria-level=\"1\"><span style=\"font-weight: 400;\">s\u00edndrome de ovario poliqu\u00edstico (en mujeres);<\/span><\/li>\n<li style=\"font-weight: 400;\" aria-level=\"1\"><span style=\"font-weight: 400;\">otras patolog\u00edas endocrinas;<\/span><\/li>\n<li style=\"font-weight: 400;\" aria-level=\"1\"><span style=\"font-weight: 400;\">tomando ciertos medicamentos, incluidos los anticonceptivos orales combinados.<\/span><\/li>\n<\/ul>\n<p><span style=\"font-weight: 400;\">La resistencia a la insulina tambi\u00e9n es fisiol\u00f3gica. Esto es com\u00fan en adolescentes, mujeres embarazadas y ancianos. Sus manifestaciones a corto plazo son en la segunda fase del ciclo menstrual y durante el sue\u00f1o.<\/span><\/p>\n<h2><b>Beneficios de las c\u00e1psulas para la diabetes D-Norm<\/b><\/h2>\n<p><img loading=\"lazy\" decoding=\"async\" class=\"aligncenter size-full wp-image-76\" src=\"http:\/\/laolladechile.com\/farmacia\/wp-content\/uploads\/2024\/11\/D-Norm-4.jpg\" alt=\"D-Norm donde lo puedo conseguir\" width=\"500\" height=\"334\" srcset=\"https:\/\/laolladechile.com\/farmacia\/wp-content\/uploads\/2024\/11\/D-Norm-4.jpg 500w, https:\/\/laolladechile.com\/farmacia\/wp-content\/uploads\/2024\/11\/D-Norm-4-300x200.jpg 300w\" sizes=\"(max-width: 500px) 100vw, 500px\" \/><\/p>\n<p><span style=\"font-weight: 400;\">El remedio para la diabetes D-Norm efectos secundarios tiene los siguientes beneficios:<\/span><\/p>\n<ul>\n<li style=\"font-weight: 400;\" aria-level=\"1\"><span style=\"font-weight: 400;\">100% de seguridad debido a su composici\u00f3n natural;<\/span><\/li>\n<li style=\"font-weight: 400;\" aria-level=\"1\"><span style=\"font-weight: 400;\">adecuado tanto para el tratamiento de la diabetes como para la prevenci\u00f3n de problemas con el p\u00e1ncreas;<\/span><\/li>\n<li style=\"font-weight: 400;\" aria-level=\"1\"><span style=\"font-weight: 400;\">sin efectos secundarios;<\/span><\/li>\n<li style=\"font-weight: 400;\" aria-level=\"1\"><span style=\"font-weight: 400;\">el medicamento trata, y no solo elimina los s\u00edntomas de la enfermedad;<\/span><\/li>\n<li style=\"font-weight: 400;\" aria-level=\"1\"><span style=\"font-weight: 400;\">alta eficiencia.<\/span><\/li>\n<\/ul>\n<h2><b>Pros y contras de las c\u00e1psulas para la diabetes D-Norm es bueno o malo<\/b><\/h2>\n<p><span style=\"font-weight: 400;\">D-Norm como se usa el contiene un complejo de sustancias biol\u00f3gicamente activas, bajo cuya influencia:<\/span><\/p>\n<ul>\n<li style=\"font-weight: 400;\" aria-level=\"1\"><span style=\"font-weight: 400;\">Las funciones del p\u00e1ncreas se normalizan, en particular la producci\u00f3n de insulina;<\/span><\/li>\n<li style=\"font-weight: 400;\" aria-level=\"1\"><span style=\"font-weight: 400;\">Mejora de los procesos de digesti\u00f3n;<\/span><\/li>\n<li style=\"font-weight: 400;\" aria-level=\"1\"><span style=\"font-weight: 400;\">La concentraci\u00f3n de glucosa en la sangre disminuye;<\/span><\/li>\n<li style=\"font-weight: 400;\" aria-level=\"1\"><span style=\"font-weight: 400;\">Se regula el metabolismo del agua, como resultado de lo cual tambi\u00e9n desaparece el edema;<\/span><\/li>\n<li style=\"font-weight: 400;\" aria-level=\"1\"><span style=\"font-weight: 400;\">El sistema inmunol\u00f3gico se fortalece.<\/span><\/li>\n<\/ul>\n<p><span style=\"font-weight: 400;\">Tomar D-Norm funciona previene la aparici\u00f3n de complicaciones diab\u00e9ticas. Tiene un efecto positivo en los \u00f3rganos de la visi\u00f3n, fortalece las paredes vasculares y aumenta su elasticidad, y reduce la carga sobre los ri\u00f1ones. Despu\u00e9s del curso de tomar el suplemento, tambi\u00e9n se observa p\u00e9rdida de peso, que tambi\u00e9n es importante en el tratamiento de la diabetes.<\/span><\/p>\n<h2><b>C\u00f3mo funcionan las c\u00e1psulas para la diabetes D-Norm como se aplica<\/b><\/h2>\n<p><img loading=\"lazy\" decoding=\"async\" class=\"aligncenter size-full wp-image-75\" src=\"http:\/\/laolladechile.com\/farmacia\/wp-content\/uploads\/2024\/11\/D-Norm-3.jpg\" alt=\"D-Norm farmacias\" width=\"500\" height=\"314\" srcset=\"https:\/\/laolladechile.com\/farmacia\/wp-content\/uploads\/2024\/11\/D-Norm-3.jpg 500w, https:\/\/laolladechile.com\/farmacia\/wp-content\/uploads\/2024\/11\/D-Norm-3-300x188.jpg 300w\" sizes=\"(max-width: 500px) 100vw, 500px\" \/><\/p>\n<p><span style=\"font-weight: 400;\">Las c\u00e1psulas naturales D-Norm confiable tienen las siguientes propiedades:<\/span><\/p>\n<ul>\n<li style=\"font-weight: 400;\" aria-level=\"1\"><span style=\"font-weight: 400;\">normalizar los niveles de glucosa en sangre;<\/span><\/li>\n<li style=\"font-weight: 400;\" aria-level=\"1\"><span style=\"font-weight: 400;\">regular el trabajo del p\u00e1ncreas;<\/span><\/li>\n<li style=\"font-weight: 400;\" aria-level=\"1\"><span style=\"font-weight: 400;\">aliviar la hinchaz\u00f3n;<\/span><\/li>\n<li style=\"font-weight: 400;\" aria-level=\"1\"><span style=\"font-weight: 400;\">regular el metabolismo, el intercambio de agua;<\/span><\/li>\n<li style=\"font-weight: 400;\" aria-level=\"1\"><span style=\"font-weight: 400;\">mejorar la digesti\u00f3n;<\/span><\/li>\n<li style=\"font-weight: 400;\" aria-level=\"1\"><span style=\"font-weight: 400;\">restaurar el sistema inmunol\u00f3gico.<\/span><\/li>\n<\/ul>\n<h2><b>C\u00f3mo usar las c\u00e1psulas D-Norm precio Peru<\/b><\/h2>\n<p><span style=\"font-weight: 400;\">Tome las c\u00e1psulas de D-Norm precio farmacia similares estrictamente de acuerdo con las instrucciones:<\/span><\/p>\n<ul>\n<li style=\"font-weight: 400;\" aria-level=\"1\"><span style=\"font-weight: 400;\">1 c\u00e1psula 1 a 2 veces al d\u00eda antes de las comidas;<\/span><\/li>\n<li style=\"font-weight: 400;\" aria-level=\"1\"><span style=\"font-weight: 400;\">tomar diariamente, sin lagunas;<\/span><\/li>\n<li style=\"font-weight: 400;\" aria-level=\"1\"><span style=\"font-weight: 400;\">curso de tratamiento &#8211; a partir de 2 semanas.<\/span><\/li>\n<\/ul>\n<p><span style=\"font-weight: 400;\">Para una mejor y m\u00e1s r\u00e1pida acci\u00f3n, es importante cambiar la dieta (nutrici\u00f3n adecuada), hacer ejercicio, abandonar los malos h\u00e1bitos y tambi\u00e9n controlar los niveles de glucosa en sangre.<\/span><\/p>\n<h2><b>Composici\u00f3n y principales componentes de las c\u00e1psulas D-Norm<\/b><\/h2>\n<p><img loading=\"lazy\" decoding=\"async\" class=\"aligncenter size-full wp-image-74\" src=\"http:\/\/laolladechile.com\/farmacia\/wp-content\/uploads\/2024\/11\/D-Norm-2.jpg\" alt=\"D-Norm farmacia del ahorro\" width=\"500\" height=\"277\" srcset=\"https:\/\/laolladechile.com\/farmacia\/wp-content\/uploads\/2024\/11\/D-Norm-2.jpg 500w, https:\/\/laolladechile.com\/farmacia\/wp-content\/uploads\/2024\/11\/D-Norm-2-300x166.jpg 300w\" sizes=\"(max-width: 500px) 100vw, 500px\" \/><\/p>\n<p><span style=\"font-weight: 400;\">D-Norm walmart contiene solo ingredientes naturales y seguros. El fabricante no utiliza sustitutos sint\u00e9ticos, sustancias t\u00f3xicas que pueden alterar el funcionamiento de otros \u00f3rganos y sistemas.<\/span><\/p>\n<h2><b>Opiniones de clientes de c\u00e1psulas D-Norm &#8211; medicamento opiniones<\/b><\/h2>\n<p>&nbsp;<\/p>\n<blockquote><p><b>Opiniones por Diana<\/b><\/p>\n<p><span style=\"font-weight: 400;\">Durante los \u00faltimos seis meses, he ganado mucho peso. El endocrin\u00f3logo en la cita dijo que tengo prediabetes, que se desarroll\u00f3, muy probablemente, en un contexto de desnutrici\u00f3n y estr\u00e9s. Tiene tratamiento designado o nominado por un complejo D-Norm precio farmacia del ahorro. Es f\u00e1cil de tomar, no hubo efectos secundarios durante todo el tratamiento. El peso comenz\u00f3 a bajar bien.<\/span><\/p><\/blockquote>\n<p>&nbsp;<\/p>\n<blockquote><p><b>Opiniones por \u00c1ngeli<\/b><\/p>\n<p><span style=\"font-weight: 400;\">La diabetes mellitus, por supuesto, no se cura, pero me basta. simplemente controle sus niveles de glucosa en sangre. Lo hago con tabletas D-Norm farmacia del ahorro. Aumentan la producci\u00f3n de insulina, ayudan a eliminar los s\u00edntomas de la diabetes, como las ganas frecuentes de orinar, la sensaci\u00f3n constante de sed y la p\u00e9rdida de energ\u00eda.<\/span><\/p><\/blockquote>\n<p>&nbsp;<\/p>\n<blockquote><p><b>Opiniones por Antonio<\/b><\/p>\n<p><span style=\"font-weight: 400;\">Estoy satisfecho con la droga D-Norm farmacias. Despu\u00e9s de 2 meses de tratamiento, las pruebas volvieron a la normalidad. El az\u00facar dej\u00f3 de saltar, la salud mejor\u00f3. Ordeno c\u00e1psulas en l\u00ednea. Entregado directo a la puerta.<\/span><\/p><\/blockquote>\n<p>&nbsp;<\/p>\n<blockquote><p><b>Opiniones por Elian<\/b><\/p>\n<p><span style=\"font-weight: 400;\">No dan efectos secundarios en forma de una fuerte disminuci\u00f3n o, por el contrario, un aumento de peso. No causan ning\u00fan efecto adverso despu\u00e9s de la administraci\u00f3n. Pero lo principal es que las c\u00e1psulas D-Norm donde lo puedo conseguir funcionan, ayudan a eliminar los s\u00edntomas de la diabetes.<\/span><\/p><\/blockquote>\n<p>&nbsp;<\/p>\n<blockquote><p><b>Opiniones por Ana<\/b><\/p>\n<p><span style=\"font-weight: 400;\">Me diagnosticaron diabetes hace unos 10 a\u00f1os. Durante este tiempo, adem\u00e1s de los medicamentos obligatorios, ya ha utilizado cientos de diversos fitoreceptos y preparaciones. D-Norm ayud\u00f3 lo mejor. Despu\u00e9s de una semana de tomarlo, las fluctuaciones en el az\u00facar no se volvieron tan agudas, los mareos desaparecieron, la fatiga casi desapareci\u00f3.<\/span><\/p><\/blockquote>\n<h2><b>\u00bfD\u00f3nde comprar c\u00e1psulas D-Norm donde lo venden?<\/b><\/h2>\n<p><img loading=\"lazy\" decoding=\"async\" class=\"aligncenter size-full wp-image-73\" src=\"http:\/\/laolladechile.com\/farmacia\/wp-content\/uploads\/2024\/11\/D-Norm-1.jpg\" alt=\"D-Norm opiniones\" width=\"500\" height=\"331\" srcset=\"https:\/\/laolladechile.com\/farmacia\/wp-content\/uploads\/2024\/11\/D-Norm-1.jpg 500w, https:\/\/laolladechile.com\/farmacia\/wp-content\/uploads\/2024\/11\/D-Norm-1-300x199.jpg 300w\" sizes=\"(max-width: 500px) 100vw, 500px\" \/><\/p>\n<p><span style=\"font-weight: 400;\">No puede comprar D-Norm donde lo venden del fabricante en farmacias. El medicamento certificado se cre\u00f3 sobre la base de una f\u00f3rmula herbal \u00fanica que no tiene an\u00e1logos, por lo que los desarrolladores desconf\u00edan de la aparici\u00f3n de una gran cantidad de falsificaciones: no distribuyen c\u00e1psulas de dos fases a los puntos de venta. Puede comprar c\u00e1psulas D-Norm precio, averiguar el precio y las instrucciones, leer rese\u00f1as sobre el medicamento en solo un par de minutos en el sitio web oficial del fabricante. Las ventajas de ordenar aqu\u00ed son obvias:<\/span><\/p>\n<ul>\n<li style=\"font-weight: 400;\" aria-level=\"1\"><span style=\"font-weight: 400;\">solo productos seguros certificados;<\/span><\/li>\n<li style=\"font-weight: 400;\" aria-level=\"1\"><span style=\"font-weight: 400;\">sin \u00abdivorcios\u00bb, m\u00e1rgenes intermedios;<\/span><\/li>\n<li style=\"font-weight: 400;\" aria-level=\"1\"><span style=\"font-weight: 400;\">condiciones favorables de compra para clientes mayoristas regulares;<\/span><\/li>\n<li style=\"font-weight: 400;\" aria-level=\"1\"><span style=\"font-weight: 400;\">mucha informaci\u00f3n valiosa sobre D-Norm precio (incluidas revisiones de pacientes reales).<\/span><\/li>\n<\/ul>\n<p><span style=\"font-weight: 400;\">Comprar c\u00e1psulas D-Norm donde comprar es simple: complete una solicitud en l\u00ednea y espere a que el gerente llame para acordar los detalles de la compra, o llame inmediatamente al n\u00famero de contacto (disponible en la p\u00e1gina principal).<\/span><\/p>\n","protected":false},"excerpt":{"rendered":"<div class=\"flex max-w-full flex-col flex-grow\">\n<div class=\"min-h-8 text-message flex w-full flex-col items-end gap-2 whitespace-normal break-words [.text-message+&amp;]:mt-5\" dir=\"auto\" data-message-author-role=\"assistant\" data-message-id=\"ac1fb696-33fb-482b-9df5-6d8b60f0c78c\" data-message-model-slug=\"gpt-4o\">\n<div class=\"flex w-full flex-col gap-1 empty:hidden first:pt-[3px]\">\n<div class=\"markdown prose w-full break-words dark:prose-invert light\">\n<p>D-Norm es un complejo natural en c\u00e1psulas dise\u00f1ado para normalizar el p\u00e1ncreas y prevenir la diabetes desde el primer d\u00eda de uso. Su f\u00f3rmula completamente natural mejora la sensibilidad a la insulina y apoya la producci\u00f3n de enzimas y hormonas esenciales.<\/p>\n<\/div>\n<\/div>\n<\/div>\n<\/div>\n","protected":false},"featured_media":72,"comment_status":"open","ping_status":"closed","template":"","meta":[],"product_cat":[15],"product_tag":[],"yoast_head":"<!-- This site is optimized with the Yoast SEO plugin v23.8 - https:\/\/yoast.com\/wordpress\/plugins\/seo\/ -->\n<title>D-Norm comprar c\u00e1psulas para diabetes en La Olla de Chile<\/title>\n<meta name=\"robots\" content=\"index, follow, max-snippet:-1, max-image-preview:large, max-video-preview:-1\" \/>\n<link rel=\"canonical\" href=\"http:\/\/laolladechile.com\/farmacia\/d-norm\" \/>\n<meta property=\"og:locale\" content=\"es_ES\" \/>\n<meta property=\"og:type\" content=\"article\" \/>\n<meta property=\"og:title\" content=\"D-Norm comprar c\u00e1psulas para diabetes en La Olla de Chile\" \/>\n<meta property=\"og:description\" content=\"D-Norm es un complejo natural en c\u00e1psulas dise\u00f1ado para normalizar el p\u00e1ncreas y prevenir la diabetes desde el primer d\u00eda de uso. Su f\u00f3rmula completamente natural mejora la sensibilidad a la insulina y apoya la producci\u00f3n de enzimas y hormonas esenciales.\" \/>\n<meta property=\"og:url\" content=\"http:\/\/laolladechile.com\/farmacia\/d-norm\" \/>\n<meta property=\"og:site_name\" content=\"La Olla de Chile Farmacia\" \/>\n<meta property=\"og:image\" content=\"http:\/\/laolladechile.com\/farmacia\/wp-content\/uploads\/2024\/11\/D-Norm.jpg\" \/>\n\t<meta property=\"og:image:width\" content=\"225\" \/>\n\t<meta property=\"og:image:height\" content=\"407\" \/>\n\t<meta property=\"og:image:type\" content=\"image\/jpeg\" \/>\n<meta name=\"twitter:card\" content=\"summary_large_image\" \/>\n<meta name=\"twitter:label1\" content=\"Tiempo de lectura\" \/>\n\t<meta name=\"twitter:data1\" content=\"6 minutos\" \/>\n<script type=\"application\/ld+json\" class=\"yoast-schema-graph\">{\"@context\":\"https:\/\/schema.org\",\"@graph\":[{\"@type\":\"WebPage\",\"@id\":\"http:\/\/laolladechile.com\/farmacia\/d-norm\",\"url\":\"http:\/\/laolladechile.com\/farmacia\/d-norm\",\"name\":\"D-Norm comprar c\u00e1psulas para diabetes en La Olla de Chile\",\"isPartOf\":{\"@id\":\"https:\/\/laolladechile.com\/farmacia\/#website\"},\"primaryImageOfPage\":{\"@id\":\"http:\/\/laolladechile.com\/farmacia\/d-norm#primaryimage\"},\"image\":{\"@id\":\"http:\/\/laolladechile.com\/farmacia\/d-norm#primaryimage\"},\"thumbnailUrl\":\"https:\/\/laolladechile.com\/farmacia\/wp-content\/uploads\/2024\/11\/D-Norm.jpg\",\"datePublished\":\"2024-11-13T11:32:28+00:00\",\"dateModified\":\"2024-11-13T11:32:28+00:00\",\"breadcrumb\":{\"@id\":\"http:\/\/laolladechile.com\/farmacia\/d-norm#breadcrumb\"},\"inLanguage\":\"es\",\"potentialAction\":[{\"@type\":\"ReadAction\",\"target\":[\"http:\/\/laolladechile.com\/farmacia\/d-norm\"]}]},{\"@type\":\"ImageObject\",\"inLanguage\":\"es\",\"@id\":\"http:\/\/laolladechile.com\/farmacia\/d-norm#primaryimage\",\"url\":\"https:\/\/laolladechile.com\/farmacia\/wp-content\/uploads\/2024\/11\/D-Norm.jpg\",\"contentUrl\":\"https:\/\/laolladechile.com\/farmacia\/wp-content\/uploads\/2024\/11\/D-Norm.jpg\",\"width\":225,\"height\":407,\"caption\":\"D-Norm\"},{\"@type\":\"BreadcrumbList\",\"@id\":\"http:\/\/laolladechile.com\/farmacia\/d-norm#breadcrumb\",\"itemListElement\":[{\"@type\":\"ListItem\",\"position\":1,\"name\":\"Home\",\"item\":\"https:\/\/laolladechile.com\/farmacia\/\"},{\"@type\":\"ListItem\",\"position\":2,\"name\":\"D-Norm\"}]},{\"@type\":\"WebSite\",\"@id\":\"https:\/\/laolladechile.com\/farmacia\/#website\",\"url\":\"https:\/\/laolladechile.com\/farmacia\/\",\"name\":\"La Olla de Chile Farmacia\",\"description\":\"\",\"publisher\":{\"@id\":\"https:\/\/laolladechile.com\/farmacia\/#organization\"},\"potentialAction\":[{\"@type\":\"SearchAction\",\"target\":{\"@type\":\"EntryPoint\",\"urlTemplate\":\"https:\/\/laolladechile.com\/farmacia\/?s={search_term_string}\"},\"query-input\":{\"@type\":\"PropertyValueSpecification\",\"valueRequired\":true,\"valueName\":\"search_term_string\"}}],\"inLanguage\":\"es\"},{\"@type\":\"Organization\",\"@id\":\"https:\/\/laolladechile.com\/farmacia\/#organization\",\"name\":\"La Olla de Chile Farmacia\",\"url\":\"https:\/\/laolladechile.com\/farmacia\/\",\"logo\":{\"@type\":\"ImageObject\",\"inLanguage\":\"es\",\"@id\":\"https:\/\/laolladechile.com\/farmacia\/#\/schema\/logo\/image\/\",\"url\":\"https:\/\/laolladechile.com\/farmacia\/wp-content\/uploads\/2024\/11\/logo-la-olla.jpg\",\"contentUrl\":\"https:\/\/laolladechile.com\/farmacia\/wp-content\/uploads\/2024\/11\/logo-la-olla.jpg\",\"width\":261,\"height\":62,\"caption\":\"La Olla de Chile Farmacia\"},\"image\":{\"@id\":\"https:\/\/laolladechile.com\/farmacia\/#\/schema\/logo\/image\/\"}}]}<\/script>\n<!-- \/ Yoast SEO plugin. -->","yoast_head_json":{"title":"D-Norm comprar c\u00e1psulas para diabetes en La Olla de Chile","robots":{"index":"index","follow":"follow","max-snippet":"max-snippet:-1","max-image-preview":"max-image-preview:large","max-video-preview":"max-video-preview:-1"},"canonical":"http:\/\/laolladechile.com\/farmacia\/d-norm","og_locale":"es_ES","og_type":"article","og_title":"D-Norm comprar c\u00e1psulas para diabetes en La Olla de Chile","og_description":"D-Norm es un complejo natural en c\u00e1psulas dise\u00f1ado para normalizar el p\u00e1ncreas y prevenir la diabetes desde el primer d\u00eda de uso. Su f\u00f3rmula completamente natural mejora la sensibilidad a la insulina y apoya la producci\u00f3n de enzimas y hormonas esenciales.","og_url":"http:\/\/laolladechile.com\/farmacia\/d-norm","og_site_name":"La Olla de Chile Farmacia","og_image":[{"width":225,"height":407,"url":"http:\/\/laolladechile.com\/farmacia\/wp-content\/uploads\/2024\/11\/D-Norm.jpg","type":"image\/jpeg"}],"twitter_card":"summary_large_image","twitter_misc":{"Tiempo de lectura":"6 minutos"},"schema":{"@context":"https:\/\/schema.org","@graph":[{"@type":"WebPage","@id":"http:\/\/laolladechile.com\/farmacia\/d-norm","url":"http:\/\/laolladechile.com\/farmacia\/d-norm","name":"D-Norm comprar c\u00e1psulas para diabetes en La Olla de Chile","isPartOf":{"@id":"https:\/\/laolladechile.com\/farmacia\/#website"},"primaryImageOfPage":{"@id":"http:\/\/laolladechile.com\/farmacia\/d-norm#primaryimage"},"image":{"@id":"http:\/\/laolladechile.com\/farmacia\/d-norm#primaryimage"},"thumbnailUrl":"https:\/\/laolladechile.com\/farmacia\/wp-content\/uploads\/2024\/11\/D-Norm.jpg","datePublished":"2024-11-13T11:32:28+00:00","dateModified":"2024-11-13T11:32:28+00:00","breadcrumb":{"@id":"http:\/\/laolladechile.com\/farmacia\/d-norm#breadcrumb"},"inLanguage":"es","potentialAction":[{"@type":"ReadAction","target":["http:\/\/laolladechile.com\/farmacia\/d-norm"]}]},{"@type":"ImageObject","inLanguage":"es","@id":"http:\/\/laolladechile.com\/farmacia\/d-norm#primaryimage","url":"https:\/\/laolladechile.com\/farmacia\/wp-content\/uploads\/2024\/11\/D-Norm.jpg","contentUrl":"https:\/\/laolladechile.com\/farmacia\/wp-content\/uploads\/2024\/11\/D-Norm.jpg","width":225,"height":407,"caption":"D-Norm"},{"@type":"BreadcrumbList","@id":"http:\/\/laolladechile.com\/farmacia\/d-norm#breadcrumb","itemListElement":[{"@type":"ListItem","position":1,"name":"Home","item":"https:\/\/laolladechile.com\/farmacia\/"},{"@type":"ListItem","position":2,"name":"D-Norm"}]},{"@type":"WebSite","@id":"https:\/\/laolladechile.com\/farmacia\/#website","url":"https:\/\/laolladechile.com\/farmacia\/","name":"La Olla de Chile Farmacia","description":"","publisher":{"@id":"https:\/\/laolladechile.com\/farmacia\/#organization"},"potentialAction":[{"@type":"SearchAction","target":{"@type":"EntryPoint","urlTemplate":"https:\/\/laolladechile.com\/farmacia\/?s={search_term_string}"},"query-input":{"@type":"PropertyValueSpecification","valueRequired":true,"valueName":"search_term_string"}}],"inLanguage":"es"},{"@type":"Organization","@id":"https:\/\/laolladechile.com\/farmacia\/#organization","name":"La Olla de Chile Farmacia","url":"https:\/\/laolladechile.com\/farmacia\/","logo":{"@type":"ImageObject","inLanguage":"es","@id":"https:\/\/laolladechile.com\/farmacia\/#\/schema\/logo\/image\/","url":"https:\/\/laolladechile.com\/farmacia\/wp-content\/uploads\/2024\/11\/logo-la-olla.jpg","contentUrl":"https:\/\/laolladechile.com\/farmacia\/wp-content\/uploads\/2024\/11\/logo-la-olla.jpg","width":261,"height":62,"caption":"La Olla de Chile Farmacia"},"image":{"@id":"https:\/\/laolladechile.com\/farmacia\/#\/schema\/logo\/image\/"}}]}},"_links":{"self":[{"href":"https:\/\/laolladechile.com\/farmacia\/index.php?rest_route=\/wp\/v2\/product\/71"}],"collection":[{"href":"https:\/\/laolladechile.com\/farmacia\/index.php?rest_route=\/wp\/v2\/product"}],"about":[{"href":"https:\/\/laolladechile.com\/farmacia\/index.php?rest_route=\/wp\/v2\/types\/product"}],"replies":[{"embeddable":true,"href":"https:\/\/laolladechile.com\/farmacia\/index.php?rest_route=%2Fwp%2Fv2%2Fcomments&post=71"}],"wp:featuredmedia":[{"embeddable":true,"href":"https:\/\/laolladechile.com\/farmacia\/index.php?rest_route=\/wp\/v2\/media\/72"}],"wp:attachment":[{"href":"https:\/\/laolladechile.com\/farmacia\/index.php?rest_route=%2Fwp%2Fv2%2Fmedia&parent=71"}],"wp:term":[{"taxonomy":"product_cat","embeddable":true,"href":"https:\/\/laolladechile.com\/farmacia\/index.php?rest_route=%2Fwp%2Fv2%2Fproduct_cat&post=71"},{"taxonomy":"product_tag","embeddable":true,"href":"https:\/\/laolladechile.com\/farmacia\/index.php?rest_route=%2Fwp%2Fv2%2Fproduct_tag&post=71"}],"curies":[{"name":"wp","href":"https:\/\/api.w.org\/{rel}","templated":true}]}}