{"id":92,"date":"2024-11-13T13:14:01","date_gmt":"2024-11-13T12:14:01","guid":{"rendered":"https:\/\/laolladechile.com\/farmacia\/?post_type=product&#038;p=92"},"modified":"2024-11-13T13:14:01","modified_gmt":"2024-11-13T12:14:01","slug":"money-amulet","status":"publish","type":"product","link":"http:\/\/laolladechile.com\/farmacia\/money-amulet","title":{"rendered":"Money Amulet"},"content":{"rendered":"<h2><b>\u00bfPara qu\u00e9 sirve el amuleto Money Amulet M\u00e9xico, Guadalajara?<\/b><\/h2>\n<p><img loading=\"lazy\" decoding=\"async\" class=\"aligncenter size-full wp-image-98\" src=\"http:\/\/laolladechile.com\/farmacia\/wp-content\/uploads\/2024\/11\/Money-Amulet-5.jpg\" alt=\"Money Amulet precio farmacia similares\" width=\"500\" height=\"383\" srcset=\"https:\/\/laolladechile.com\/farmacia\/wp-content\/uploads\/2024\/11\/Money-Amulet-5.jpg 500w, https:\/\/laolladechile.com\/farmacia\/wp-content\/uploads\/2024\/11\/Money-Amulet-5-300x230.jpg 300w\" sizes=\"(max-width: 500px) 100vw, 500px\" \/><\/p>\n<p><span style=\"font-weight: 400;\">La creencia en poderes sobrenaturales ha acompa\u00f1ado al hombre desde la antig\u00fcedad. En esta creencia se basa la magia, que tiene muchas herramientas en su arsenal. La llamada magia r\u00fanica utiliza el alfabeto de los pueblos antiguos del norte de Europa, que viv\u00edan principalmente en Escandinavia. Intrincados y simples, los s\u00edmbolos y patrones sagrados despertaron fuerzas naturales ocultas en una persona, trajeron \u00e9xito y buena suerte. As\u00ed se consider\u00f3 y se considera hasta el d\u00eda de hoy. Money Amulet M\u00e9xico con los s\u00edmbolos del sol, que se pueden comprar hoy en el sitio web del fabricante con descuento, es una confirmaci\u00f3n de esto.<\/span><\/p>\n<p><span style=\"font-weight: 400;\">A diferencia de los que se venden en las tiendas y tiendas modernas, se hacen de una manera especial, utilizando el ritual y la conspiraci\u00f3n necesarios. Al ser una decoraci\u00f3n original, el colgante traer\u00e1 bienestar financiero, confianza, fe, \u00e9xito en cualquier empresa.<\/span><\/p>\n<p><span style=\"font-weight: 400;\">Casi todas las nacionalidades y tribus de la antig\u00fcedad adoraban al sol. Se hicieron amuletos y talismanes con s\u00edmbolos solares para protecci\u00f3n y felicidad, cosecha y victoria en las guerras. Despu\u00e9s de todo, el sol siempre ha sido un s\u00edmbolo de felicidad, gracia y esperanza de un futuro mejor.<\/span><\/p>\n<p><span style=\"font-weight: 400;\">En el amuleto Money Amulet mx presentado hoy, el signo del sol tiene 8 rayos en un c\u00edrculo cerrado y simboliza a Kolovrat. Este es el m\u00e1s popular de los signos. Significa la continuidad de la vida, movimiento en c\u00edrculo:<\/span><\/p>\n<ul>\n<li style=\"font-weight: 400;\" aria-level=\"1\"><span style=\"font-weight: 400;\">lleva solo energ\u00eda positiva;<\/span><\/li>\n<li style=\"font-weight: 400;\" aria-level=\"1\"><span style=\"font-weight: 400;\">protege de las fuerzas del mal;<\/span><\/li>\n<li style=\"font-weight: 400;\" aria-level=\"1\"><span style=\"font-weight: 400;\">promete buena salud;<\/span><\/li>\n<li style=\"font-weight: 400;\" aria-level=\"1\"><span style=\"font-weight: 400;\">proporciona una rica cosecha.<\/span><\/li>\n<\/ul>\n<p><span style=\"font-weight: 400;\">Alrededor de los rayos Money Amulet para que sirve est\u00e1n las llamadas runas de riqueza y buena suerte:<\/span><\/p>\n<ul>\n<li style=\"font-weight: 400;\" aria-level=\"1\"><span style=\"font-weight: 400;\">runa Fehu: el m\u00e1s monetario de estos s\u00edmbolos, estos son nuevos proyectos y emprendimientos, descubrimientos y una carrera profesional, el \u00e9xito no solo es material, sino tambi\u00e9n espiritual;<\/span><\/li>\n<li style=\"font-weight: 400;\" aria-level=\"1\"><span style=\"font-weight: 400;\">runa otala: un signo de propiedad, bienes ra\u00edces, tierras, todo lo que se puede comprar con dinero, aumentar\u00e1 su fortuna, conocer\u00e1 personas influyentes;<\/span><\/li>\n<li style=\"font-weight: 400;\" aria-level=\"1\"><span style=\"font-weight: 400;\">Raido &#8211; viaje, cambio, desarrollo, alivio en la vida;<\/span><\/li>\n<li style=\"font-weight: 400;\" aria-level=\"1\"><span style=\"font-weight: 400;\">ISA &#8211; la personificaci\u00f3n del descanso, reflexi\u00f3n antes de comenzar algo nuevo, comprensi\u00f3n;<\/span><\/li>\n<li style=\"font-weight: 400;\" aria-level=\"1\"><span style=\"font-weight: 400;\">teivaz &#8211; una runa, como s\u00edmbolo del renacimiento, el comienzo de cambios fundamentales y la lucha contra los miedos a lo desconocido;<\/span><\/li>\n<li style=\"font-weight: 400;\" aria-level=\"1\"><span style=\"font-weight: 400;\">runa haimdall: apoyo y ayuda de un mentor, protecci\u00f3n poderosa.<\/span><\/li>\n<\/ul>\n<p><span style=\"font-weight: 400;\">Money Amulet no es solo una gran decoraci\u00f3n y una adici\u00f3n a su colecci\u00f3n. Si no eres indiferente al pasado y crees, te proteger\u00e1n, te ayudar\u00e1n en cualquier negocio y traer\u00e1n felicidad.<\/span><\/p>\n<h2><b>Problemas de dinero<\/b><\/h2>\n<p><span style=\"font-weight: 400;\">Las almas viejas, los mensajeros de las estrellas y otras almas avanzadas a menudo temen a la autoridad. Sus almas quieren jugar a lo seguro evitando el poder para asegurarse de no volver a lastimar a nadie o de ser lastimados al traicionarse a s\u00ed mismos.<\/span><\/p>\n<p><span style=\"font-weight: 400;\">Este miedo al poder es un problema a nivel del alma, a menudo m\u00e1s all\u00e1 de toda conciencia. Sin embargo, es uno de los principales obst\u00e1culos para la abundancia.<\/span><\/p>\n<ol>\n<li style=\"font-weight: 400;\" aria-level=\"1\"><span style=\"font-weight: 400;\">Hasta que se inicie este bloqueo, ninguna cantidad de afirmaci\u00f3n consciente o pensamiento positivo nos tocar\u00e1 lo suficientemente profundo como para tener alg\u00fan efecto.<\/span><\/li>\n<li style=\"font-weight: 400;\" aria-level=\"1\"><span style=\"font-weight: 400;\">En el mundo f\u00edsico, este miedo al poder puede manifestarse de muchas formas, desde vivir en el s\u00f3tano de la casa de los padres hasta la adicci\u00f3n y el crimen.<\/span><\/li>\n<li style=\"font-weight: 400;\" aria-level=\"1\"><span style=\"font-weight: 400;\">Los juramentos y votos de una vida pasada son un buen ejemplo de tales dificultades para lograr la riqueza material.<\/span><\/li>\n<\/ol>\n<h2><b>Beneficios de un amuleto de dinero Money Amulet es bueno o malo<\/b><\/h2>\n<p><img loading=\"lazy\" decoding=\"async\" class=\"aligncenter size-full wp-image-97\" src=\"http:\/\/laolladechile.com\/farmacia\/wp-content\/uploads\/2024\/11\/Money-Amulet-4.jpg\" alt=\"Money Amulet walmart\" width=\"500\" height=\"348\" srcset=\"https:\/\/laolladechile.com\/farmacia\/wp-content\/uploads\/2024\/11\/Money-Amulet-4.jpg 500w, https:\/\/laolladechile.com\/farmacia\/wp-content\/uploads\/2024\/11\/Money-Amulet-4-300x209.jpg 300w\" sizes=\"(max-width: 500px) 100vw, 500px\" \/><\/p>\n<p><span style=\"font-weight: 400;\">Por lo general, solo se usaban materiales naturales para hacer tales amuletos. Y este Money Amulet efectos secundarios no es una excepci\u00f3n. Est\u00e1 hecho de madera, los caracteres est\u00e1n aplicados a mano. Es una combinaci\u00f3n de los 3 s\u00edmbolos m\u00e1gicos m\u00e1s populares para la riqueza. Tal f\u00f3rmula m\u00e1gica tiene un triple poder. Aunque la runa Fehu, aplicada repetidamente al amuleto, en s\u00ed misma tiene una energ\u00eda lo suficientemente poderosa como para traer prosperidad y progreso a tu vida en cualquier \u00e1rea del camino de la vida.<\/span><\/p>\n<p><span style=\"font-weight: 400;\">Otras ventajas Money Amulet resultados reales:<\/span><\/p>\n<ul>\n<li style=\"font-weight: 400;\" aria-level=\"1\"><span style=\"font-weight: 400;\">realizado en cumplimiento de todos los rituales m\u00e1gicos que requieren concentraci\u00f3n, atenci\u00f3n y precisi\u00f3n;<\/span><\/li>\n<li style=\"font-weight: 400;\" aria-level=\"1\"><span style=\"font-weight: 400;\">tiene un orificio para enhebrar y llevar alrededor del cuello, al lado del coraz\u00f3n;<\/span><\/li>\n<li style=\"font-weight: 400;\" aria-level=\"1\"><span style=\"font-weight: 400;\">Money Amulet est\u00e1n tallados con una herramienta especial, pintada con ocre, como lo hicieron los antiguos eslavos.<\/span><\/li>\n<\/ul>\n<p><span style=\"font-weight: 400;\">Todos los rituales son observados para que los s\u00edmbolos trabajen para vuestro bienestar material y espiritual.<\/span><\/p>\n<h2><b>Pros y contras de un amuleto de dinero Money Amulet precio m\u00e9xico<\/b><\/h2>\n<p><img loading=\"lazy\" decoding=\"async\" class=\"aligncenter size-full wp-image-96\" src=\"http:\/\/laolladechile.com\/farmacia\/wp-content\/uploads\/2024\/11\/Money-Amulet-3.jpg\" alt=\"Money Amulet precio farmacia del ahorro\" width=\"500\" height=\"330\" srcset=\"https:\/\/laolladechile.com\/farmacia\/wp-content\/uploads\/2024\/11\/Money-Amulet-3.jpg 500w, https:\/\/laolladechile.com\/farmacia\/wp-content\/uploads\/2024\/11\/Money-Amulet-3-300x198.jpg 300w\" sizes=\"(max-width: 500px) 100vw, 500px\" \/><\/p>\n<p><span style=\"font-weight: 400;\">Money Amulet precio farmacia similares es un accesorio protector \u00fanico hecho a medida por monjes y sacerdotes. \u00c9l:<\/span><\/p>\n<ul>\n<li style=\"font-weight: 400;\" aria-level=\"1\"><span style=\"font-weight: 400;\">ayuda a ganar en loter\u00edas y otros juegos;<\/span><\/li>\n<li style=\"font-weight: 400;\" aria-level=\"1\"><span style=\"font-weight: 400;\">promueve la mejora empresarial y el avance profesional;<\/span><\/li>\n<li style=\"font-weight: 400;\" aria-level=\"1\"><span style=\"font-weight: 400;\">garantiza la rentabilidad de todas las inversiones financieras;<\/span><\/li>\n<li style=\"font-weight: 400;\" aria-level=\"1\"><span style=\"font-weight: 400;\">elimina competidores fuertes y peligrosos;<\/span><\/li>\n<li style=\"font-weight: 400;\" aria-level=\"1\"><span style=\"font-weight: 400;\">protege contra costos y gastos en efectivo innecesarios;<\/span><\/li>\n<li style=\"font-weight: 400;\" aria-level=\"1\"><span style=\"font-weight: 400;\">ayuda a conseguir un trabajo prestigioso y bien remunerado.<\/span><\/li>\n<\/ul>\n<p><span style=\"font-weight: 400;\">Todas las personas que llevan consigo el encantado Money Amulet como se usa el\u00a0 tienen la oportunidad de pagar sus antiguas deudas y no tener nuevos acreedores. Constantemente reponen su presupuesto familiar, compran su propia vivienda y autos de lujo.<\/span><\/p>\n<h2><b>C\u00f3mo funciona el amuleto del dinero Money Amulet como se aplica<\/b><\/h2>\n<p><span style=\"font-weight: 400;\">Es recomendable llevar walmart Money Amulet funciona alrededor del cuello y llevarlo colgado de una cadena o cuerda, como una joya. Puedes esconder el producto en una cartera o bolso, pero lejos de miradas envidiosas. Es mejor quitar las runas mientras te duchas. Para el restotiempo le dar\u00e1n a su due\u00f1o energ\u00eda positiva y \u00e9xito financiero.<\/span><\/p>\n<h2><b>\u00bfC\u00f3mo usar el amuleto Money Amulet?<\/b><\/h2>\n<p><span style=\"font-weight: 400;\">En cada producto hay un orificio limpio para un hilo o encaje a su gusto. Puedes llevarlo como quieras. Lo principal es que Money Amulet confiable siempre debe estar ah\u00ed, hacerte creer, dar confianza.<\/span><\/p>\n<h2><b>La composici\u00f3n y componentes principales del amuleto Money Amulet<\/b><\/h2>\n<p><img loading=\"lazy\" decoding=\"async\" class=\"aligncenter size-full wp-image-95\" src=\"http:\/\/laolladechile.com\/farmacia\/wp-content\/uploads\/2024\/11\/Money-Amulet-2.jpg\" alt=\"Money Amulet donde comprar\" width=\"500\" height=\"333\" srcset=\"https:\/\/laolladechile.com\/farmacia\/wp-content\/uploads\/2024\/11\/Money-Amulet-2.jpg 500w, https:\/\/laolladechile.com\/farmacia\/wp-content\/uploads\/2024\/11\/Money-Amulet-2-300x200.jpg 300w\" sizes=\"(max-width: 500px) 100vw, 500px\" \/><\/p>\n<p><span style=\"font-weight: 400;\">Al realizar un pedido en el sitio web del fabricante, puede estar seguro de la autenticidad del producto. Embalaje original, hermosa decoraci\u00f3n de madera ser\u00e1 un gran regalo para sus seres queridos.<\/span><\/p>\n<p><span style=\"font-weight: 400;\">Cree que los signos m\u00e1gicos tienen un poderoso potencial energ\u00e9tico que nos ha llegado desde la antig\u00fcedad, y definitivamente todo funcionar\u00e1 tanto en tu carrera como en tu vida personal.<\/span><\/p>\n<h2><b>Opiniones de clientes del amuleto Money Amulet &#8211; medicamento opiniones<\/b><\/h2>\n<p>&nbsp;<\/p>\n<blockquote><p><b>Opiniones por Lizeth<\/b><\/p>\n<p><span style=\"font-weight: 400;\">Aprend\u00ed sobre las costumbres de nuestros ancestros lejanos cuando era estudiante. Desde entonces, creo firmemente que ayudan. Feha siempre est\u00e1 representada en mi billetera. Y \u00e9l nunca est\u00e1 sin dinero. No me creas, pru\u00e9balo. Compr\u00e9 el amuleto tan pronto como sali\u00f3 a la venta. Hubo un gran descuento en Internet, por lo que tambi\u00e9n result\u00f3 ser econ\u00f3mico.<\/span><\/p><\/blockquote>\n<p>&nbsp;<\/p>\n<blockquote><p><b>Opiniones por Alek<\/b><\/p>\n<p><span style=\"font-weight: 400;\">Voy con Money Amulet donde lo puedo conseguir en un bolso y joyas alrededor de mi cuello. Trato de aprender los antiguos rituales eslavos. Y mi esposa me ayuda mucho en esto, ella ha estado haciendo esto durante mucho tiempo.<\/span><\/p><\/blockquote>\n<p>&nbsp;<\/p>\n<blockquote><p><b>Opiniones por Jovana<\/b><\/p>\n<p><span style=\"font-weight: 400;\">He sido aficionado a las culturas eslavas durante mucho tiempo, por lo que Money Amulet donde comprar se dibujan en todas partes. Los actualizo todos los a\u00f1os. Y, por supuesto, hay decoraciones. Compr\u00e9 el amuleto, me gusta mucho usarlo en un encaje negro.<\/span><\/p><\/blockquote>\n<p>&nbsp;<\/p>\n<blockquote><p><b>Opiniones por Brenda<\/b><\/p>\n<p><span style=\"font-weight: 400;\">Tan pronto como puso el talism\u00e1n en el bolsillo del pecho, de inmediato le subieron el salario, su hija se cas\u00f3, su esposo lo lleva en sus brazos. Todo es genial y no creo que sea solo una coincidencia. Ordena, prueba y te recomiendo mucho.<\/span><\/p><\/blockquote>\n<p>&nbsp;<\/p>\n<blockquote><p><b>Opiniones por Elliot<\/b><\/p>\n<p><span style=\"font-weight: 400;\">Siempre llevo Money Amulet precio conmigo como amuleto. Protege mi billetera de gastos excesivos, me ayuda a administrar mi negocio. Parecer\u00eda que esto es una completa tonter\u00eda, pero no lo es. Antes de comprar, tuve problemas muy serios en el trabajo. Tan pronto como orden\u00e9 el producto, los problemas desaparecieron y las cosas mejoraron gradualmente, \u00a1los ingresos aumentaron en casi un 100%!<\/span><\/p><\/blockquote>\n<h2><b>\u00bfD\u00f3nde comprar un amuleto Money Amulet donde lo venden?<\/b><\/h2>\n<p><img loading=\"lazy\" decoding=\"async\" class=\"aligncenter size-full wp-image-94\" src=\"http:\/\/laolladechile.com\/farmacia\/wp-content\/uploads\/2024\/11\/Money-Amulet-1.jpg\" alt=\"Money Amulet donde lo puedo conseguir\" width=\"500\" height=\"496\" srcset=\"https:\/\/laolladechile.com\/farmacia\/wp-content\/uploads\/2024\/11\/Money-Amulet-1.jpg 500w, https:\/\/laolladechile.com\/farmacia\/wp-content\/uploads\/2024\/11\/Money-Amulet-1-300x298.jpg 300w, https:\/\/laolladechile.com\/farmacia\/wp-content\/uploads\/2024\/11\/Money-Amulet-1-150x150.jpg 150w, https:\/\/laolladechile.com\/farmacia\/wp-content\/uploads\/2024\/11\/Money-Amulet-1-100x100.jpg 100w\" sizes=\"(max-width: 500px) 100vw, 500px\" \/><\/p>\n<p><span style=\"font-weight: 400;\">Para comodidad del usuario, el fabricante de productos originales ha desarrollado un portal de Internet las 24 horas. Si desea comprar Money Amulet, donde lo venden deje su n\u00famero de tel\u00e9fono m\u00f3vil y su nombre. Despu\u00e9s de un tiempo, un representante de la empresa se pone en contacto con la persona. \u00c9l responder\u00e1 a sus preguntas. Se interesar\u00e1 por las coordenadas postales del comprador. El d\u00eda se\u00f1alado, el paquete con la mercanc\u00eda llegar\u00e1 a la oficina de correos de la ciudad. El cliente vendr\u00e1 a recibir Money Amulet precio y pagar\u00e1 la compra en la oficina de correos.<\/span><\/p>\n<p><span style=\"font-weight: 400;\">Recuerda que solo los estafadores requieren que transfieras un pago por adelantado. El representante oficial env\u00eda las mercanc\u00edas primero. El comprador paga el importe total al recibirlo.<\/span><\/p>\n","protected":false},"excerpt":{"rendered":"<div class=\"flex max-w-full flex-col flex-grow\">\n<div class=\"min-h-8 text-message flex w-full flex-col items-end gap-2 whitespace-normal break-words [.text-message+&amp;]:mt-5\" dir=\"auto\" data-message-author-role=\"assistant\" data-message-id=\"a6df95e0-cbde-4abc-9e2c-8df11baededc\" data-message-model-slug=\"gpt-4o-mini\">\n<div class=\"flex w-full flex-col gap-1 empty:hidden first:pt-[3px]\">\n<div class=\"markdown prose w-full break-words dark:prose-invert light\">\n<p>El Amuleto del Dinero , con s\u00edmbolos solares, est\u00e1 dise\u00f1ado para atraer bienestar financiero, \u00e9xito y confianza. Este colgante, creado con un ritual especial, se considera un poderoso talism\u00e1n para la protecci\u00f3n y la prosperidad, siguiendo antiguas creencias de magia r\u00fanica.<\/p>\n<\/div>\n<\/div>\n<\/div>\n<\/div>\n<div class=\"mb-2 flex gap-3 empty:hidden -ml-2\">\n<div class=\"items-center justify-start rounded-xl p-1 flex\">\n<div class=\"flex items-center\">\n<div class=\"flex items-center pb-0\"><\/div>\n<\/div>\n<\/div>\n<\/div>\n","protected":false},"featured_media":93,"comment_status":"open","ping_status":"closed","template":"","meta":[],"product_cat":[15],"product_tag":[],"yoast_head":"<!-- This site is optimized with the Yoast SEO plugin v23.8 - https:\/\/yoast.com\/wordpress\/plugins\/seo\/ -->\n<title>Money Amulet comprar un amuleto en La Olla de Chile<\/title>\n<meta name=\"robots\" content=\"index, follow, max-snippet:-1, max-image-preview:large, max-video-preview:-1\" \/>\n<link rel=\"canonical\" href=\"http:\/\/laolladechile.com\/farmacia\/money-amulet\" \/>\n<meta property=\"og:locale\" content=\"es_ES\" \/>\n<meta property=\"og:type\" content=\"article\" \/>\n<meta property=\"og:title\" content=\"Money Amulet comprar un amuleto en La Olla de Chile\" \/>\n<meta property=\"og:description\" content=\"El Amuleto del Dinero , con s\u00edmbolos solares, est\u00e1 dise\u00f1ado para atraer bienestar financiero, \u00e9xito y confianza. Este colgante, creado con un ritual especial, se considera un poderoso talism\u00e1n para la protecci\u00f3n y la prosperidad, siguiendo antiguas creencias de magia r\u00fanica.\" \/>\n<meta property=\"og:url\" content=\"http:\/\/laolladechile.com\/farmacia\/money-amulet\" \/>\n<meta property=\"og:site_name\" content=\"La Olla de Chile Farmacia\" \/>\n<meta property=\"og:image\" content=\"http:\/\/laolladechile.com\/farmacia\/wp-content\/uploads\/2024\/11\/Money-Amulet.jpg\" \/>\n\t<meta property=\"og:image:width\" content=\"339\" \/>\n\t<meta property=\"og:image:height\" content=\"330\" \/>\n\t<meta property=\"og:image:type\" content=\"image\/jpeg\" \/>\n<meta name=\"twitter:card\" content=\"summary_large_image\" \/>\n<meta name=\"twitter:label1\" content=\"Tiempo de lectura\" \/>\n\t<meta name=\"twitter:data1\" content=\"7 minutos\" \/>\n<script type=\"application\/ld+json\" class=\"yoast-schema-graph\">{\"@context\":\"https:\/\/schema.org\",\"@graph\":[{\"@type\":\"WebPage\",\"@id\":\"http:\/\/laolladechile.com\/farmacia\/money-amulet\",\"url\":\"http:\/\/laolladechile.com\/farmacia\/money-amulet\",\"name\":\"Money Amulet comprar un amuleto en La Olla de Chile\",\"isPartOf\":{\"@id\":\"https:\/\/laolladechile.com\/farmacia\/#website\"},\"primaryImageOfPage\":{\"@id\":\"http:\/\/laolladechile.com\/farmacia\/money-amulet#primaryimage\"},\"image\":{\"@id\":\"http:\/\/laolladechile.com\/farmacia\/money-amulet#primaryimage\"},\"thumbnailUrl\":\"https:\/\/laolladechile.com\/farmacia\/wp-content\/uploads\/2024\/11\/Money-Amulet.jpg\",\"datePublished\":\"2024-11-13T12:14:01+00:00\",\"dateModified\":\"2024-11-13T12:14:01+00:00\",\"breadcrumb\":{\"@id\":\"http:\/\/laolladechile.com\/farmacia\/money-amulet#breadcrumb\"},\"inLanguage\":\"es\",\"potentialAction\":[{\"@type\":\"ReadAction\",\"target\":[\"http:\/\/laolladechile.com\/farmacia\/money-amulet\"]}]},{\"@type\":\"ImageObject\",\"inLanguage\":\"es\",\"@id\":\"http:\/\/laolladechile.com\/farmacia\/money-amulet#primaryimage\",\"url\":\"https:\/\/laolladechile.com\/farmacia\/wp-content\/uploads\/2024\/11\/Money-Amulet.jpg\",\"contentUrl\":\"https:\/\/laolladechile.com\/farmacia\/wp-content\/uploads\/2024\/11\/Money-Amulet.jpg\",\"width\":339,\"height\":330,\"caption\":\"Money Amulet\"},{\"@type\":\"BreadcrumbList\",\"@id\":\"http:\/\/laolladechile.com\/farmacia\/money-amulet#breadcrumb\",\"itemListElement\":[{\"@type\":\"ListItem\",\"position\":1,\"name\":\"Home\",\"item\":\"https:\/\/laolladechile.com\/farmacia\/\"},{\"@type\":\"ListItem\",\"position\":2,\"name\":\"Money Amulet\"}]},{\"@type\":\"WebSite\",\"@id\":\"https:\/\/laolladechile.com\/farmacia\/#website\",\"url\":\"https:\/\/laolladechile.com\/farmacia\/\",\"name\":\"La Olla de Chile Farmacia\",\"description\":\"\",\"publisher\":{\"@id\":\"https:\/\/laolladechile.com\/farmacia\/#organization\"},\"potentialAction\":[{\"@type\":\"SearchAction\",\"target\":{\"@type\":\"EntryPoint\",\"urlTemplate\":\"https:\/\/laolladechile.com\/farmacia\/?s={search_term_string}\"},\"query-input\":{\"@type\":\"PropertyValueSpecification\",\"valueRequired\":true,\"valueName\":\"search_term_string\"}}],\"inLanguage\":\"es\"},{\"@type\":\"Organization\",\"@id\":\"https:\/\/laolladechile.com\/farmacia\/#organization\",\"name\":\"La Olla de Chile Farmacia\",\"url\":\"https:\/\/laolladechile.com\/farmacia\/\",\"logo\":{\"@type\":\"ImageObject\",\"inLanguage\":\"es\",\"@id\":\"https:\/\/laolladechile.com\/farmacia\/#\/schema\/logo\/image\/\",\"url\":\"https:\/\/laolladechile.com\/farmacia\/wp-content\/uploads\/2024\/11\/logo-la-olla.jpg\",\"contentUrl\":\"https:\/\/laolladechile.com\/farmacia\/wp-content\/uploads\/2024\/11\/logo-la-olla.jpg\",\"width\":261,\"height\":62,\"caption\":\"La Olla de Chile Farmacia\"},\"image\":{\"@id\":\"https:\/\/laolladechile.com\/farmacia\/#\/schema\/logo\/image\/\"}}]}<\/script>\n<!-- \/ Yoast SEO plugin. -->","yoast_head_json":{"title":"Money Amulet comprar un amuleto en La Olla de Chile","robots":{"index":"index","follow":"follow","max-snippet":"max-snippet:-1","max-image-preview":"max-image-preview:large","max-video-preview":"max-video-preview:-1"},"canonical":"http:\/\/laolladechile.com\/farmacia\/money-amulet","og_locale":"es_ES","og_type":"article","og_title":"Money Amulet comprar un amuleto en La Olla de Chile","og_description":"El Amuleto del Dinero , con s\u00edmbolos solares, est\u00e1 dise\u00f1ado para atraer bienestar financiero, \u00e9xito y confianza. Este colgante, creado con un ritual especial, se considera un poderoso talism\u00e1n para la protecci\u00f3n y la prosperidad, siguiendo antiguas creencias de magia r\u00fanica.","og_url":"http:\/\/laolladechile.com\/farmacia\/money-amulet","og_site_name":"La Olla de Chile Farmacia","og_image":[{"width":339,"height":330,"url":"http:\/\/laolladechile.com\/farmacia\/wp-content\/uploads\/2024\/11\/Money-Amulet.jpg","type":"image\/jpeg"}],"twitter_card":"summary_large_image","twitter_misc":{"Tiempo de lectura":"7 minutos"},"schema":{"@context":"https:\/\/schema.org","@graph":[{"@type":"WebPage","@id":"http:\/\/laolladechile.com\/farmacia\/money-amulet","url":"http:\/\/laolladechile.com\/farmacia\/money-amulet","name":"Money Amulet comprar un amuleto en La Olla de Chile","isPartOf":{"@id":"https:\/\/laolladechile.com\/farmacia\/#website"},"primaryImageOfPage":{"@id":"http:\/\/laolladechile.com\/farmacia\/money-amulet#primaryimage"},"image":{"@id":"http:\/\/laolladechile.com\/farmacia\/money-amulet#primaryimage"},"thumbnailUrl":"https:\/\/laolladechile.com\/farmacia\/wp-content\/uploads\/2024\/11\/Money-Amulet.jpg","datePublished":"2024-11-13T12:14:01+00:00","dateModified":"2024-11-13T12:14:01+00:00","breadcrumb":{"@id":"http:\/\/laolladechile.com\/farmacia\/money-amulet#breadcrumb"},"inLanguage":"es","potentialAction":[{"@type":"ReadAction","target":["http:\/\/laolladechile.com\/farmacia\/money-amulet"]}]},{"@type":"ImageObject","inLanguage":"es","@id":"http:\/\/laolladechile.com\/farmacia\/money-amulet#primaryimage","url":"https:\/\/laolladechile.com\/farmacia\/wp-content\/uploads\/2024\/11\/Money-Amulet.jpg","contentUrl":"https:\/\/laolladechile.com\/farmacia\/wp-content\/uploads\/2024\/11\/Money-Amulet.jpg","width":339,"height":330,"caption":"Money Amulet"},{"@type":"BreadcrumbList","@id":"http:\/\/laolladechile.com\/farmacia\/money-amulet#breadcrumb","itemListElement":[{"@type":"ListItem","position":1,"name":"Home","item":"https:\/\/laolladechile.com\/farmacia\/"},{"@type":"ListItem","position":2,"name":"Money Amulet"}]},{"@type":"WebSite","@id":"https:\/\/laolladechile.com\/farmacia\/#website","url":"https:\/\/laolladechile.com\/farmacia\/","name":"La Olla de Chile Farmacia","description":"","publisher":{"@id":"https:\/\/laolladechile.com\/farmacia\/#organization"},"potentialAction":[{"@type":"SearchAction","target":{"@type":"EntryPoint","urlTemplate":"https:\/\/laolladechile.com\/farmacia\/?s={search_term_string}"},"query-input":{"@type":"PropertyValueSpecification","valueRequired":true,"valueName":"search_term_string"}}],"inLanguage":"es"},{"@type":"Organization","@id":"https:\/\/laolladechile.com\/farmacia\/#organization","name":"La Olla de Chile Farmacia","url":"https:\/\/laolladechile.com\/farmacia\/","logo":{"@type":"ImageObject","inLanguage":"es","@id":"https:\/\/laolladechile.com\/farmacia\/#\/schema\/logo\/image\/","url":"https:\/\/laolladechile.com\/farmacia\/wp-content\/uploads\/2024\/11\/logo-la-olla.jpg","contentUrl":"https:\/\/laolladechile.com\/farmacia\/wp-content\/uploads\/2024\/11\/logo-la-olla.jpg","width":261,"height":62,"caption":"La Olla de Chile Farmacia"},"image":{"@id":"https:\/\/laolladechile.com\/farmacia\/#\/schema\/logo\/image\/"}}]}},"_links":{"self":[{"href":"https:\/\/laolladechile.com\/farmacia\/index.php?rest_route=\/wp\/v2\/product\/92"}],"collection":[{"href":"https:\/\/laolladechile.com\/farmacia\/index.php?rest_route=\/wp\/v2\/product"}],"about":[{"href":"https:\/\/laolladechile.com\/farmacia\/index.php?rest_route=\/wp\/v2\/types\/product"}],"replies":[{"embeddable":true,"href":"https:\/\/laolladechile.com\/farmacia\/index.php?rest_route=%2Fwp%2Fv2%2Fcomments&post=92"}],"wp:featuredmedia":[{"embeddable":true,"href":"https:\/\/laolladechile.com\/farmacia\/index.php?rest_route=\/wp\/v2\/media\/93"}],"wp:attachment":[{"href":"https:\/\/laolladechile.com\/farmacia\/index.php?rest_route=%2Fwp%2Fv2%2Fmedia&parent=92"}],"wp:term":[{"taxonomy":"product_cat","embeddable":true,"href":"https:\/\/laolladechile.com\/farmacia\/index.php?rest_route=%2Fwp%2Fv2%2Fproduct_cat&post=92"},{"taxonomy":"product_tag","embeddable":true,"href":"https:\/\/laolladechile.com\/farmacia\/index.php?rest_route=%2Fwp%2Fv2%2Fproduct_tag&post=92"}],"curies":[{"name":"wp","href":"https:\/\/api.w.org\/{rel}","templated":true}]}}