{"id":99,"date":"2024-11-13T13:18:13","date_gmt":"2024-11-13T12:18:13","guid":{"rendered":"https:\/\/laolladechile.com\/farmacia\/?post_type=product&#038;p=99"},"modified":"2024-11-13T13:18:13","modified_gmt":"2024-11-13T12:18:13","slug":"veniselle","status":"publish","type":"product","link":"http:\/\/laolladechile.com\/farmacia\/veniselle","title":{"rendered":"Veniselle"},"content":{"rendered":"<h2><b>\u00bfPara qu\u00e9 sirve la crema Veniselle M\u00e9xico Guadalajara?<\/b><\/h2>\n<p><img loading=\"lazy\" decoding=\"async\" class=\"aligncenter size-full wp-image-105\" src=\"http:\/\/laolladechile.com\/farmacia\/wp-content\/uploads\/2024\/11\/Veniselle-5.jpg\" alt=\"Veniselle farmacia del ahorro\" width=\"500\" height=\"303\" srcset=\"https:\/\/laolladechile.com\/farmacia\/wp-content\/uploads\/2024\/11\/Veniselle-5.jpg 500w, https:\/\/laolladechile.com\/farmacia\/wp-content\/uploads\/2024\/11\/Veniselle-5-300x182.jpg 300w\" sizes=\"(max-width: 500px) 100vw, 500px\" \/><\/p>\n<p>Las venas varicosas son una enfermedad bastante com\u00fan que afecta a aproximadamente la mitad de la poblaci\u00f3n de nuestro planeta. Para su tratamiento en la medicina moderna existen m\u00e9todos conservadores y quir\u00fargicos. Los cient\u00edficos est\u00e1n desarrollando constantemente m\u00e9todos nuevos y m\u00e1s efectivos para tratar las venas varicosas, gracias a los cuales ha aparecido un agente preventivo y terap\u00e9utico \u00fanico: la crema \u00abVeniselle\u00bb M\u00e9xico, que ha superado con \u00e9xito la certificaci\u00f3n.<\/p>\n<p>Veniselle M\u00e9xico mx requerido:<\/p>\n<ul>\n<li aria-level=\"1\">si hay una predisposici\u00f3n hereditaria a las venas varicosas;<\/li>\n<li aria-level=\"1\">personas que, por la naturaleza de sus actividades, pasan mucho tiempo sentadas o de pie todos los d\u00edas, especialmente si tienen sobrepeso;<\/li>\n<li aria-level=\"1\">mujeres en edad f\u00e9rtil, especialmente durante el embarazo;<\/li>\n<li aria-level=\"1\">personas con malos h\u00e1bitos, porque el alcohol, fumar, comer en exceso tienen un efecto muy negativo en el estado de los vasos sangu\u00edneos y aumentan significativamente el riesgo de tromboflebitis.<\/li>\n<\/ul>\n<h2><b>El problema de las varices<\/b><\/h2>\n<p>Estos factores aumentan el riesgo de desarrollar venas varicosas:<\/p>\n<ul>\n<li aria-level=\"1\">A\u00f1os. El riesgo de venas varicosas aumenta con la edad. El envejecimiento provoca el desgaste de las v\u00e1lvulas de las venas que ayudan a regular el flujo sangu\u00edneo. En \u00faltima instancia, el desgaste hace que la sangre fluya de regreso a la vena.<\/li>\n<li aria-level=\"1\">Piso. Las mujeres son m\u00e1s propensas a desarrollar esta enfermedad. Los cambios hormonales durante el embarazo, la premenstruaci\u00f3n o la menopausia pueden ser un factor porque las hormonas femeninas tienden a reducir la elasticidad de las paredes de las venas. Los medicamentos hormonales, como las p\u00edldoras anticonceptivas, pueden aumentar el riesgo de desarrollar venas varicosas.<\/li>\n<li aria-level=\"1\">El embarazo. Durante el embarazo, el volumen de sangre en su cuerpo aumenta. Este cambio favorece el crecimiento del feto, pero tambi\u00e9n puede provocar el efecto secundario indeseable de las venas varicosas en las piernas. Los cambios hormonales durante el embarazo tambi\u00e9n pueden influir.<\/li>\n<li aria-level=\"1\">enfermedad familiar. Si otros miembros de la familia han tenido venas varicosas, es m\u00e1s probable que usted las tenga.<\/li>\n<li aria-level=\"1\">Obesidad. El sobrepeso ejerce una presi\u00f3n adicional sobre las venas.<\/li>\n<li aria-level=\"1\">Estilo de vida de pie o sedentario. Su sangre no fluye tan bien si est\u00e1 en la misma posici\u00f3n durante mucho tiempo.<\/li>\n<\/ul>\n<h2><b>Beneficios de la crema para varices Veniselle<\/b><\/h2>\n<p><img loading=\"lazy\" decoding=\"async\" class=\"aligncenter size-full wp-image-104\" src=\"http:\/\/laolladechile.com\/farmacia\/wp-content\/uploads\/2024\/11\/Veniselle-4.jpg\" alt=\"Veniselle opiniones\" width=\"500\" height=\"499\" srcset=\"https:\/\/laolladechile.com\/farmacia\/wp-content\/uploads\/2024\/11\/Veniselle-4.jpg 500w, https:\/\/laolladechile.com\/farmacia\/wp-content\/uploads\/2024\/11\/Veniselle-4-300x300.jpg 300w, https:\/\/laolladechile.com\/farmacia\/wp-content\/uploads\/2024\/11\/Veniselle-4-150x150.jpg 150w, https:\/\/laolladechile.com\/farmacia\/wp-content\/uploads\/2024\/11\/Veniselle-4-100x100.jpg 100w\" sizes=\"(max-width: 500px) 100vw, 500px\" \/><\/p>\n<p>Gracias al uso de la herramienta \u00abVeniselle\u00bb, resultados reales para que sirve se producen los siguientes cambios:<\/p>\n<ul>\n<li aria-level=\"1\">desaparecen los signos subjetivos de venas varicosas como dolor y pesadez en las piernas, una sensaci\u00f3n de \u00abfr\u00edo\u00bb y \u00abardor\u00bb;<\/li>\n<li aria-level=\"1\">disminuye la hinchaz\u00f3n;<\/li>\n<li aria-level=\"1\">la salida natural de la linfa se normaliza;<\/li>\n<li aria-level=\"1\">se limpian los vasos sangu\u00edneos y las venas;<\/li>\n<li aria-level=\"1\">se restauran las paredes de los vasos sangu\u00edneos, aumenta su tono;<\/li>\n<li aria-level=\"1\">se normaliza el trabajo de las v\u00e1lvulas venosas;<\/li>\n<li aria-level=\"1\">ralentiza la formaci\u00f3n de co\u00e1gulos de sangre;<\/li>\n<li aria-level=\"1\">mejora el proceso de circulaci\u00f3n sangu\u00ednea;<\/li>\n<li aria-level=\"1\">las ara\u00f1as vasculares desaparecen y las \u00falceras sanan.<\/li>\n<\/ul>\n<p>Tal alta eficiencia de la crema para las venas varicosas \u00abVeniselle\u00bb efectos secundarios se debe a su composici\u00f3n \u00fanica.<\/p>\n<h2><b>Pros y contras de la crema para las venas varicosas Veniselle es bueno o malo<\/b><\/h2>\n<p>La crema \u00abVeniselle\u00bb como se usa el tiene valiosas ventajas:<\/p>\n<ul>\n<li aria-level=\"1\">efecto 100% garantizado;<\/li>\n<li aria-level=\"1\">Composici\u00f3n natural;<\/li>\n<li aria-level=\"1\">Precio pagable;<\/li>\n<li aria-level=\"1\">Completamente seguro.<\/li>\n<\/ul>\n<h2><b>Como funciona la crema para las varices Veniselle como se aplica<\/b><\/h2>\n<p><img loading=\"lazy\" decoding=\"async\" class=\"aligncenter size-full wp-image-103\" src=\"http:\/\/laolladechile.com\/farmacia\/wp-content\/uploads\/2024\/11\/Veniselle-3.jpg\" alt=\"Veniselle medicamento opiniones\" width=\"352\" height=\"527\" srcset=\"https:\/\/laolladechile.com\/farmacia\/wp-content\/uploads\/2024\/11\/Veniselle-3.jpg 352w, https:\/\/laolladechile.com\/farmacia\/wp-content\/uploads\/2024\/11\/Veniselle-3-200x300.jpg 200w\" sizes=\"(max-width: 352px) 100vw, 352px\" \/><\/p>\n<p>La crema \u00abVeniselle\u00bb precio farmacia del ahorro es un producto certificado, cuyo efecto se nota despu\u00e9s de una semana. La herramienta es significativamente superior a los an\u00e1logos en los par\u00e1metros principales:<\/p>\n<ul>\n<li aria-level=\"1\">Aumento de la elasticidad y el tono de la piel: en un 50%;<\/li>\n<li aria-level=\"1\">Reducci\u00f3n de la pesadez en las piernas &#8211; en un 50%;<\/li>\n<li aria-level=\"1\">Propiedades descongestionantes &#8211; en un 67%;<\/li>\n<li aria-level=\"1\">Prevenci\u00f3n de venas varicosas &#8211; en un 80%;<\/li>\n<li aria-level=\"1\">Tonificante y refrescante, una sensaci\u00f3n de ligereza en las piernas &#8211; en un 78%.<\/li>\n<\/ul>\n<h2><b>C\u00f3mo aplicar la crema Veniselle precio m\u00e9xico<\/b><\/h2>\n<p>La crema para las venas varicosas walmart \u00abVeniselle\u00bb precio farmacia similares tiene un poderoso efecto terap\u00e9utico y preventivo:<\/p>\n<ul>\n<li aria-level=\"1\">Tiene un efecto antiinflamatorio;<\/li>\n<li aria-level=\"1\">Alivia la pesadez en las piernas;<\/li>\n<li aria-level=\"1\">Aumenta la elasticidad y el tono de la piel;<\/li>\n<li aria-level=\"1\">Tiene efecto antiedematoso.<\/li>\n<\/ul>\n<p>Dependiendo de la gravedad de la condici\u00f3n de las piernas, la crema se usa durante 2-3 semanas, lubricando las venas de abajo hacia arriba 2-3 veces al d\u00eda.<\/p>\n<h2><b>Composici\u00f3n y componentes principales de la crema Veniselle<\/b><\/h2>\n<p><img loading=\"lazy\" decoding=\"async\" class=\"aligncenter size-full wp-image-102\" src=\"http:\/\/laolladechile.com\/farmacia\/wp-content\/uploads\/2024\/11\/Veniselle-2.jpg\" alt=\"Veniselle confiable\" width=\"500\" height=\"367\" srcset=\"https:\/\/laolladechile.com\/farmacia\/wp-content\/uploads\/2024\/11\/Veniselle-2.jpg 500w, https:\/\/laolladechile.com\/farmacia\/wp-content\/uploads\/2024\/11\/Veniselle-2-300x220.jpg 300w\" sizes=\"(max-width: 500px) 100vw, 500px\" \/><\/p>\n<p>Este producto Veniselle tiene una composici\u00f3n completamente natural:<\/p>\n<ul>\n<li aria-level=\"1\"><b>Pantenol:<\/b> hidrata y suaviza la piel, crea un agradable efecto refrescante.<\/li>\n<li aria-level=\"1\"><b>Extracto de casta\u00f1o de indias:<\/b> anestesia y elimina la pesadez en las piernas, detiene la inflamaci\u00f3n y reduce la permeabilidad capilar.<\/li>\n<li aria-level=\"1\"><b>Mentol: <\/b>alivia la inflamaci\u00f3n, crea un efecto refrescante, tonifica.<\/li>\n<li aria-level=\"1\"><b>Hirudin <\/b>es una enzima en la saliva de la sanguijuela medicinal. Reduce la hinchaz\u00f3n y alivia el proceso inflamatorio, previene la coagulaci\u00f3n de la sangre y evita que se formen co\u00e1gulos de sangre.<\/li>\n<\/ul>\n<h2><b>Opiniones de los clientes de la crema Veniselle &#8211; medicamento opiniones<\/b><\/h2>\n<p>&nbsp;<\/p>\n<blockquote><p><b>Mitzi<\/b><\/p>\n<p>Veniselle &#8211; confiable Crema realmente muy efectiva. Llevo us\u00e1ndolo poco m\u00e1s de dos semanas, tiempo durante el cual ha disminuido la red venosa, ha desaparecido la hinchaz\u00f3n, me duelen mucho menos las piernas.<\/p><\/blockquote>\n<p>&nbsp;<\/p>\n<blockquote><p><b>Elliot<\/b><\/p>\n<p>El trabajo es tal que tienes que estar d\u00edas de pie. Por la noche: fatiga incre\u00edble, duelen y duelen las piernas. Al principio, los padres le dieron una especie de ung\u00fcento, el efecto no fue malo, pero el olor era asqueroso. Por lo tanto, decid\u00ed elegir algo adecuado para m\u00ed. \u00abVeniselle\u00bb funciona es una cosa genial! No s\u00e9 c\u00f3mo esta crema ayuda a eliminar las venas varicosas, \u00a1pero la fatiga se elimina en veinte minutos!<\/p><\/blockquote>\n<p>&nbsp;<\/p>\n<blockquote><p><b>Alek<\/b><\/p>\n<p>Tengo venas varicosas no todav\u00eda. Por ahora, porque para las personas que practican deportes de potencia, este es un problema bastante com\u00fan. Crema \u00abVeniselle\u00bb farmacia del ahorro que uso para aliviar la fatiga de los m\u00fasculos tensos despu\u00e9s del entrenamiento. \u00a1Gran producto para este prop\u00f3sito! Se absorbe al instante, la piel no queda pegajosa.<\/p><\/blockquote>\n<p>&nbsp;<\/p>\n<blockquote><p><b>Karen<\/b><\/p>\n<p>Debido al trabajo, tengo que estar de pie durante mucho tiempo, por la noche se hinchan y duelen mucho. Empec\u00e9 a usar la crema \u00abVeniselle\u00bb farmacias, el cansancio y el dolor pasan muy r\u00e1pido, la hinchaz\u00f3n tambi\u00e9n. \u00a1Yo recomiendo!<\/p><\/blockquote>\n<p>&nbsp;<\/p>\n<blockquote><p><b>Karla<\/b><\/p>\n<p>Despu\u00e9s del parto, apareci\u00f3 una vena protuberante en la pierna derecha, que picaba e hinchaba. Mam\u00e1 aconsej\u00f3 la crema \u00abVeniselle\u00bb donde lo puedo conseguir, que ella misma us\u00f3.<\/p>\n<p>Lubrico la vena dos veces al d\u00eda, not\u00e9 los primeros resultados en una semana. Ahora se ha vuelto mucho m\u00e1s f\u00e1cil caminar, la vena ha dejado de hincharse incluso con una carga significativa.<\/p><\/blockquote>\n<h2><b>\u00bfD\u00f3nde comprar crema Veniselle donde lo venden?<\/b><\/h2>\n<p><img loading=\"lazy\" decoding=\"async\" class=\"aligncenter size-full wp-image-101\" src=\"http:\/\/laolladechile.com\/farmacia\/wp-content\/uploads\/2024\/11\/Veniselle-1.jpg\" alt=\"Veniselle funciona\" width=\"500\" height=\"269\" srcset=\"https:\/\/laolladechile.com\/farmacia\/wp-content\/uploads\/2024\/11\/Veniselle-1.jpg 500w, https:\/\/laolladechile.com\/farmacia\/wp-content\/uploads\/2024\/11\/Veniselle-1-300x161.jpg 300w\" sizes=\"(max-width: 500px) 100vw, 500px\" \/><\/p>\n<p>Una crema certificada Veniselle donde lo venden no se puede comprar en una farmacia. Este medicamento se vende a trav\u00e9s de un sistema de venta directa del fabricante al consumidor. El medicamento no aparecer\u00e1 pronto en la red farmac\u00e9utica. No hay necesidad de esperar este momento, todos pueden comprar Veniselle precio de venas varicosas en el sitio web oficial. Las ventajas de este m\u00e9todo de adquisici\u00f3n son innegables. El comprador recibe el Veniselle precio original, no una estafa de dinero, que tiene las caracter\u00edsticas declaradas y trata las venas varicosas de verdad.<\/p>\n<p>Ordenar en l\u00ednea es f\u00e1cil:<\/p>\n<ul>\n<li aria-level=\"1\">siga el enlace al portal;<\/li>\n<li aria-level=\"1\">llenar una solicitud;<\/li>\n<li aria-level=\"1\">contestar la llamada del operador.<\/li>\n<\/ul>\n<p>Las ventajas del contacto directo con el fabricante: un precio favorable para Veniselle donde comprar de venas varicosas, sin pago por adelantado.<\/p>\n","protected":false},"excerpt":{"rendered":"<div class=\"flex max-w-full flex-col flex-grow\">\n<div class=\"min-h-8 text-message flex w-full flex-col items-end gap-2 whitespace-normal break-words [.text-message+&amp;]:mt-5\" dir=\"auto\" data-message-author-role=\"assistant\" data-message-id=\"08db5657-b296-49a2-beb4-0a47b49366c4\" data-message-model-slug=\"gpt-4o-mini\">\n<div class=\"flex w-full flex-col gap-1 empty:hidden first:pt-[3px]\">\n<div class=\"markdown prose w-full break-words dark:prose-invert light\">\n<p>La crema \u00abVeniselle\u00bb es un tratamiento innovador y eficaz para prevenir y tratar las venas varicosas. Ideal para personas con predisposici\u00f3n hereditaria, quienes pasan mucho tiempo de pie o sentadas, mujeres embarazadas y personas con malos h\u00e1bitos, ofrece una soluci\u00f3n terap\u00e9utica certificada para mejorar la salud vascular.<\/p>\n<\/div>\n<\/div>\n<\/div>\n<\/div>\n<div class=\"mb-2 flex gap-3 empty:hidden -ml-2\">\n<div class=\"items-center justify-start rounded-xl p-1 flex\">\n<div class=\"flex items-center\">\n<div class=\"flex items-center pb-0\"><\/div>\n<\/div>\n<\/div>\n<\/div>\n","protected":false},"featured_media":100,"comment_status":"open","ping_status":"closed","template":"","meta":[],"product_cat":[15],"product_tag":[],"yoast_head":"<!-- This site is optimized with the Yoast SEO plugin v23.8 - https:\/\/yoast.com\/wordpress\/plugins\/seo\/ -->\n<title>Veniselle comprar crema para varices en La Olla de Chile<\/title>\n<meta name=\"robots\" content=\"index, follow, max-snippet:-1, max-image-preview:large, max-video-preview:-1\" \/>\n<link rel=\"canonical\" href=\"http:\/\/laolladechile.com\/farmacia\/veniselle\" \/>\n<meta property=\"og:locale\" content=\"es_ES\" \/>\n<meta property=\"og:type\" content=\"article\" \/>\n<meta property=\"og:title\" content=\"Veniselle comprar crema para varices en La Olla de Chile\" \/>\n<meta property=\"og:description\" content=\"La crema &quot;Veniselle&quot; es un tratamiento innovador y eficaz para prevenir y tratar las venas varicosas. Ideal para personas con predisposici\u00f3n hereditaria, quienes pasan mucho tiempo de pie o sentadas, mujeres embarazadas y personas con malos h\u00e1bitos, ofrece una soluci\u00f3n terap\u00e9utica certificada para mejorar la salud vascular.\" \/>\n<meta property=\"og:url\" content=\"http:\/\/laolladechile.com\/farmacia\/veniselle\" \/>\n<meta property=\"og:site_name\" content=\"La Olla de Chile Farmacia\" \/>\n<meta property=\"og:image\" content=\"http:\/\/laolladechile.com\/farmacia\/wp-content\/uploads\/2024\/11\/Veniselle.jpg\" \/>\n\t<meta property=\"og:image:width\" content=\"273\" \/>\n\t<meta property=\"og:image:height\" content=\"340\" \/>\n\t<meta property=\"og:image:type\" content=\"image\/jpeg\" \/>\n<meta name=\"twitter:card\" content=\"summary_large_image\" \/>\n<meta name=\"twitter:label1\" content=\"Tiempo de lectura\" \/>\n\t<meta name=\"twitter:data1\" content=\"6 minutos\" \/>\n<script type=\"application\/ld+json\" class=\"yoast-schema-graph\">{\"@context\":\"https:\/\/schema.org\",\"@graph\":[{\"@type\":\"WebPage\",\"@id\":\"http:\/\/laolladechile.com\/farmacia\/veniselle\",\"url\":\"http:\/\/laolladechile.com\/farmacia\/veniselle\",\"name\":\"Veniselle comprar crema para varices en La Olla de Chile\",\"isPartOf\":{\"@id\":\"https:\/\/laolladechile.com\/farmacia\/#website\"},\"primaryImageOfPage\":{\"@id\":\"http:\/\/laolladechile.com\/farmacia\/veniselle#primaryimage\"},\"image\":{\"@id\":\"http:\/\/laolladechile.com\/farmacia\/veniselle#primaryimage\"},\"thumbnailUrl\":\"https:\/\/laolladechile.com\/farmacia\/wp-content\/uploads\/2024\/11\/Veniselle.jpg\",\"datePublished\":\"2024-11-13T12:18:13+00:00\",\"dateModified\":\"2024-11-13T12:18:13+00:00\",\"breadcrumb\":{\"@id\":\"http:\/\/laolladechile.com\/farmacia\/veniselle#breadcrumb\"},\"inLanguage\":\"es\",\"potentialAction\":[{\"@type\":\"ReadAction\",\"target\":[\"http:\/\/laolladechile.com\/farmacia\/veniselle\"]}]},{\"@type\":\"ImageObject\",\"inLanguage\":\"es\",\"@id\":\"http:\/\/laolladechile.com\/farmacia\/veniselle#primaryimage\",\"url\":\"https:\/\/laolladechile.com\/farmacia\/wp-content\/uploads\/2024\/11\/Veniselle.jpg\",\"contentUrl\":\"https:\/\/laolladechile.com\/farmacia\/wp-content\/uploads\/2024\/11\/Veniselle.jpg\",\"width\":273,\"height\":340,\"caption\":\"Veniselle\"},{\"@type\":\"BreadcrumbList\",\"@id\":\"http:\/\/laolladechile.com\/farmacia\/veniselle#breadcrumb\",\"itemListElement\":[{\"@type\":\"ListItem\",\"position\":1,\"name\":\"Home\",\"item\":\"https:\/\/laolladechile.com\/farmacia\/\"},{\"@type\":\"ListItem\",\"position\":2,\"name\":\"Veniselle\"}]},{\"@type\":\"WebSite\",\"@id\":\"https:\/\/laolladechile.com\/farmacia\/#website\",\"url\":\"https:\/\/laolladechile.com\/farmacia\/\",\"name\":\"La Olla de Chile Farmacia\",\"description\":\"\",\"publisher\":{\"@id\":\"https:\/\/laolladechile.com\/farmacia\/#organization\"},\"potentialAction\":[{\"@type\":\"SearchAction\",\"target\":{\"@type\":\"EntryPoint\",\"urlTemplate\":\"https:\/\/laolladechile.com\/farmacia\/?s={search_term_string}\"},\"query-input\":{\"@type\":\"PropertyValueSpecification\",\"valueRequired\":true,\"valueName\":\"search_term_string\"}}],\"inLanguage\":\"es\"},{\"@type\":\"Organization\",\"@id\":\"https:\/\/laolladechile.com\/farmacia\/#organization\",\"name\":\"La Olla de Chile Farmacia\",\"url\":\"https:\/\/laolladechile.com\/farmacia\/\",\"logo\":{\"@type\":\"ImageObject\",\"inLanguage\":\"es\",\"@id\":\"https:\/\/laolladechile.com\/farmacia\/#\/schema\/logo\/image\/\",\"url\":\"https:\/\/laolladechile.com\/farmacia\/wp-content\/uploads\/2024\/11\/logo-la-olla.jpg\",\"contentUrl\":\"https:\/\/laolladechile.com\/farmacia\/wp-content\/uploads\/2024\/11\/logo-la-olla.jpg\",\"width\":261,\"height\":62,\"caption\":\"La Olla de Chile Farmacia\"},\"image\":{\"@id\":\"https:\/\/laolladechile.com\/farmacia\/#\/schema\/logo\/image\/\"}}]}<\/script>\n<!-- \/ Yoast SEO plugin. -->","yoast_head_json":{"title":"Veniselle comprar crema para varices en La Olla de Chile","robots":{"index":"index","follow":"follow","max-snippet":"max-snippet:-1","max-image-preview":"max-image-preview:large","max-video-preview":"max-video-preview:-1"},"canonical":"http:\/\/laolladechile.com\/farmacia\/veniselle","og_locale":"es_ES","og_type":"article","og_title":"Veniselle comprar crema para varices en La Olla de Chile","og_description":"La crema \"Veniselle\" es un tratamiento innovador y eficaz para prevenir y tratar las venas varicosas. Ideal para personas con predisposici\u00f3n hereditaria, quienes pasan mucho tiempo de pie o sentadas, mujeres embarazadas y personas con malos h\u00e1bitos, ofrece una soluci\u00f3n terap\u00e9utica certificada para mejorar la salud vascular.","og_url":"http:\/\/laolladechile.com\/farmacia\/veniselle","og_site_name":"La Olla de Chile Farmacia","og_image":[{"width":273,"height":340,"url":"http:\/\/laolladechile.com\/farmacia\/wp-content\/uploads\/2024\/11\/Veniselle.jpg","type":"image\/jpeg"}],"twitter_card":"summary_large_image","twitter_misc":{"Tiempo de lectura":"6 minutos"},"schema":{"@context":"https:\/\/schema.org","@graph":[{"@type":"WebPage","@id":"http:\/\/laolladechile.com\/farmacia\/veniselle","url":"http:\/\/laolladechile.com\/farmacia\/veniselle","name":"Veniselle comprar crema para varices en La Olla de Chile","isPartOf":{"@id":"https:\/\/laolladechile.com\/farmacia\/#website"},"primaryImageOfPage":{"@id":"http:\/\/laolladechile.com\/farmacia\/veniselle#primaryimage"},"image":{"@id":"http:\/\/laolladechile.com\/farmacia\/veniselle#primaryimage"},"thumbnailUrl":"https:\/\/laolladechile.com\/farmacia\/wp-content\/uploads\/2024\/11\/Veniselle.jpg","datePublished":"2024-11-13T12:18:13+00:00","dateModified":"2024-11-13T12:18:13+00:00","breadcrumb":{"@id":"http:\/\/laolladechile.com\/farmacia\/veniselle#breadcrumb"},"inLanguage":"es","potentialAction":[{"@type":"ReadAction","target":["http:\/\/laolladechile.com\/farmacia\/veniselle"]}]},{"@type":"ImageObject","inLanguage":"es","@id":"http:\/\/laolladechile.com\/farmacia\/veniselle#primaryimage","url":"https:\/\/laolladechile.com\/farmacia\/wp-content\/uploads\/2024\/11\/Veniselle.jpg","contentUrl":"https:\/\/laolladechile.com\/farmacia\/wp-content\/uploads\/2024\/11\/Veniselle.jpg","width":273,"height":340,"caption":"Veniselle"},{"@type":"BreadcrumbList","@id":"http:\/\/laolladechile.com\/farmacia\/veniselle#breadcrumb","itemListElement":[{"@type":"ListItem","position":1,"name":"Home","item":"https:\/\/laolladechile.com\/farmacia\/"},{"@type":"ListItem","position":2,"name":"Veniselle"}]},{"@type":"WebSite","@id":"https:\/\/laolladechile.com\/farmacia\/#website","url":"https:\/\/laolladechile.com\/farmacia\/","name":"La Olla de Chile Farmacia","description":"","publisher":{"@id":"https:\/\/laolladechile.com\/farmacia\/#organization"},"potentialAction":[{"@type":"SearchAction","target":{"@type":"EntryPoint","urlTemplate":"https:\/\/laolladechile.com\/farmacia\/?s={search_term_string}"},"query-input":{"@type":"PropertyValueSpecification","valueRequired":true,"valueName":"search_term_string"}}],"inLanguage":"es"},{"@type":"Organization","@id":"https:\/\/laolladechile.com\/farmacia\/#organization","name":"La Olla de Chile Farmacia","url":"https:\/\/laolladechile.com\/farmacia\/","logo":{"@type":"ImageObject","inLanguage":"es","@id":"https:\/\/laolladechile.com\/farmacia\/#\/schema\/logo\/image\/","url":"https:\/\/laolladechile.com\/farmacia\/wp-content\/uploads\/2024\/11\/logo-la-olla.jpg","contentUrl":"https:\/\/laolladechile.com\/farmacia\/wp-content\/uploads\/2024\/11\/logo-la-olla.jpg","width":261,"height":62,"caption":"La Olla de Chile Farmacia"},"image":{"@id":"https:\/\/laolladechile.com\/farmacia\/#\/schema\/logo\/image\/"}}]}},"_links":{"self":[{"href":"https:\/\/laolladechile.com\/farmacia\/index.php?rest_route=\/wp\/v2\/product\/99"}],"collection":[{"href":"https:\/\/laolladechile.com\/farmacia\/index.php?rest_route=\/wp\/v2\/product"}],"about":[{"href":"https:\/\/laolladechile.com\/farmacia\/index.php?rest_route=\/wp\/v2\/types\/product"}],"replies":[{"embeddable":true,"href":"https:\/\/laolladechile.com\/farmacia\/index.php?rest_route=%2Fwp%2Fv2%2Fcomments&post=99"}],"wp:featuredmedia":[{"embeddable":true,"href":"https:\/\/laolladechile.com\/farmacia\/index.php?rest_route=\/wp\/v2\/media\/100"}],"wp:attachment":[{"href":"https:\/\/laolladechile.com\/farmacia\/index.php?rest_route=%2Fwp%2Fv2%2Fmedia&parent=99"}],"wp:term":[{"taxonomy":"product_cat","embeddable":true,"href":"https:\/\/laolladechile.com\/farmacia\/index.php?rest_route=%2Fwp%2Fv2%2Fproduct_cat&post=99"},{"taxonomy":"product_tag","embeddable":true,"href":"https:\/\/laolladechile.com\/farmacia\/index.php?rest_route=%2Fwp%2Fv2%2Fproduct_tag&post=99"}],"curies":[{"name":"wp","href":"https:\/\/api.w.org\/{rel}","templated":true}]}}